{"id":470,"date":"2026-01-28T18:27:35","date_gmt":"2026-01-28T17:27:35","guid":{"rendered":"https:\/\/raftingvillegas.com\/?post_type=product&#038;p=470"},"modified":"2026-03-31T17:08:54","modified_gmt":"2026-03-31T15:08:54","slug":"buceo-bautismo-en-bariloche","status":"publish","type":"product","link":"https:\/\/raftingvillegas.com\/pt\/produto\/batismo-de-mergulho-em-bariloche\/","title":{"rendered":"Descubra o mergulho em Bariloche"},"content":{"rendered":"<h2 class=\"ai-optimize-22\">Mergulhe no Lago Moreno e descubra a Patag\u00f4nia de um ponto de vista diferente.<\/h2>\n<p class=\"ai-optimize-24 ai-optimize-introduction\" data-start=\"874\" data-end=\"1202\">O <em data-start=\"877\" data-end=\"906\">Descubra o mergulho em Bariloche<\/em> convida-o a viver uma experi\u00eancia diferente, em pleno contato com a natureza.<br data-start=\"987\" data-end=\"990\" \/>Guiado por instrutores certificados e cercado pelas montanhas e florestas do Lago Moreno, voc\u00ea far\u00e1 seu primeiro mergulho em \u00e1guas cristalinas e calmas, aproveitando cada momento com calma e curiosidade.<\/p>\n<p class=\"ai-optimize-25\" data-start=\"1204\" data-end=\"1431\">Durante duas horas - com 20 a 30 minutos de mergulho real - voc\u00ea sentir\u00e1 a paz da \u00e1gua, os reflexos do sol e a magia do ambiente.<br data-start=\"1338\" data-end=\"1341\" \/>Uma experi\u00eancia simples, diferente e perfeita para quem gosta de aventuras aut\u00eanticas.<\/p>\n<h3 class=\"ai-optimize-26\" data-start=\"1438\" data-end=\"1480\"><strong data-start=\"1445\" data-end=\"1480\">Por que escolher essa experi\u00eancia<\/strong><\/h3>\n<ul data-start=\"1482\" data-end=\"1816\">\n<li class=\"ai-optimize-27\" data-start=\"1482\" data-end=\"1557\">\n<p class=\"ai-optimize-28\" data-start=\"1484\" data-end=\"1557\">Uma atividade ideal para quem quer curtir a \u00e1gua e a natureza.<\/p>\n<\/li>\n<li class=\"ai-optimize-29\" data-start=\"1558\" data-end=\"1622\">\n<p class=\"ai-optimize-30\" data-start=\"1560\" data-end=\"1622\">Acompanhamento de instrutores certificados em todos os momentos.<\/p>\n<\/li>\n<li class=\"ai-optimize-31\" data-start=\"1623\" data-end=\"1660\">\n<p class=\"ai-optimize-32\" data-start=\"1625\" data-end=\"1660\">Equipamento t\u00e9cnico completo inclu\u00eddo.<\/p>\n<\/li>\n<li class=\"ai-optimize-33\" data-start=\"1661\" data-end=\"1752\">\n<p class=\"ai-optimize-34\" data-start=\"1663\" data-end=\"1752\">Cen\u00e1rio natural: Lago Moreno, cercado pela cordilheira e pelas florestas da Patag\u00f4nia.<\/p>\n<\/li>\n<li class=\"ai-optimize-35\" data-start=\"1753\" data-end=\"1816\">\n<p class=\"ai-optimize-36\" data-start=\"1755\" data-end=\"1816\">Perfeito para combinar com rafting ou passeios no Manso.<\/p>\n<\/li>\n<\/ul>\n<h3 class=\"ai-optimize-37\" data-start=\"1823\" data-end=\"1850\"><strong data-start=\"1830\" data-end=\"1850\">Como ser\u00e1 seu dia<\/strong><\/h3>\n<p class=\"ai-optimize-38\" data-start=\"1852\" data-end=\"2101\">A partida come\u00e7a no ponto de encontro combinado, do centro de Bariloche at\u00e9 o km 8 da Avenida Bustillo.<br data-start=\"1966\" data-end=\"1969\" \/>L\u00e1, a equipe de <em data-start=\"1997\" data-end=\"2015\">Rafting em Villegas<\/em> para receb\u00ea-lo, fornecer o equipamento e contar como ser\u00e1 a experi\u00eancia.<\/p>\n<p class=\"ai-optimize-39\" data-start=\"2103\" data-end=\"2408\">Depois de uma breve pr\u00e1tica na superf\u00edcie, chega o momento mais especial: o mergulho no Lago Moreno.<br data-start=\"2208\" data-end=\"2211\" \/>Durante 20 a 30 minutos, voc\u00ea flutuar\u00e1 debaixo d'\u00e1gua, acompanhado por seu instrutor, observando a beleza tranquila do fundo do lago e as cores \u00fanicas que s\u00f3 a Patag\u00f4nia pode oferecer.<\/p>\n<p class=\"ai-optimize-40\" data-start=\"2410\" data-end=\"2517\">A atividade completa dura cerca de duas horas e inclui traslado, equipamento completo e assist\u00eancia pessoal.<\/p>\n<h3 class=\"ai-optimize-41\" data-start=\"2524\" data-end=\"2555\"><strong data-start=\"2531\" data-end=\"2555\">Informa\u00e7\u00f5es pr\u00e1ticas<\/strong><\/h3>\n<ul data-start=\"2557\" data-end=\"3104\">\n<li class=\"ai-optimize-42\" data-start=\"2557\" data-end=\"2633\">\n<p class=\"ai-optimize-43\" data-start=\"2559\" data-end=\"2633\"><strong data-start=\"2559\" data-end=\"2572\">Hor\u00e1rios:<\/strong> 11:00 \u00e0s 15:00 \/ 13:00 \u00e0s 17:00 (segunda, quarta e domingo).<\/p>\n<\/li>\n<li class=\"ai-optimize-44\" data-start=\"2634\" data-end=\"2691\">\n<p class=\"ai-optimize-45\" data-start=\"2636\" data-end=\"2691\"><strong data-start=\"2636\" data-end=\"2649\">Dura\u00e7\u00e3o:<\/strong> Aproximadamente 2 horas (20 a 30 minutos de imers\u00e3o).<\/p>\n<\/li>\n<li class=\"ai-optimize-46\" data-start=\"2692\" data-end=\"2719\">\n<p class=\"ai-optimize-47\" data-start=\"2694\" data-end=\"2719\"><strong data-start=\"2694\" data-end=\"2710\">Idade m\u00ednima:<\/strong> 8 anos.<\/p>\n<\/li>\n<li class=\"ai-optimize-48\" data-start=\"2720\" data-end=\"2807\">\n<p class=\"ai-optimize-49\" data-start=\"2722\" data-end=\"2807\"><strong data-start=\"2722\" data-end=\"2745\">Ponto de encontro:<\/strong> do centro de Bariloche at\u00e9 o km 18 da Av. Bustillo.<\/p>\n<\/li>\n<li class=\"ai-optimize-50\" data-start=\"2808\" data-end=\"2892\">\n<p class=\"ai-optimize-51\" data-start=\"2810\" data-end=\"2892\"><strong data-start=\"2810\" data-end=\"2822\">Ele inclui:<\/strong> instrutores certificados, equipamento t\u00e9cnico completo e transporte.<\/p>\n<\/li>\n<li class=\"ai-optimize-52\" data-start=\"2893\" data-end=\"2931\">\n<p class=\"ai-optimize-53\" data-start=\"2895\" data-end=\"2931\"><strong data-start=\"2895\" data-end=\"2910\">N\u00e3o inclu\u00eddo:<\/strong> alimentos e bebidas.<\/p>\n<\/li>\n<li class=\"ai-optimize-54\" data-start=\"2932\" data-end=\"3019\">\n<p class=\"ai-optimize-55\" data-start=\"2934\" data-end=\"3019\"><strong data-start=\"2934\" data-end=\"2952\">Recomenda\u00e7\u00e3o:<\/strong> realizar a atividade pelo menos 12 horas antes do voo.<\/p>\n<\/li>\n<\/ul>\n<h3 class=\"ai-optimize-58\" data-start=\"3111\" data-end=\"3141\"><strong data-start=\"3117\" data-end=\"3141\">Perguntas frequentes<\/strong><\/h3>\n<p class=\"ai-optimize-59\" data-start=\"3143\" data-end=\"3243\"><strong data-start=\"3143\" data-end=\"3185\">Posso fazer isso sem experi\u00eancia anterior?<\/strong><br data-start=\"3185\" data-end=\"3188\" \/>Sim, ele foi projetado para mergulhadores de primeira viagem.<\/p>\n<p class=\"ai-optimize-60\" data-start=\"3245\" data-end=\"3350\"><strong data-start=\"3245\" data-end=\"3289\">\u00c9 uma experi\u00eancia individual ou em grupo?<\/strong><br data-start=\"3289\" data-end=\"3292\" \/>Ele \u00e9 realizado em pequenos grupos ou individualmente.<\/p>\n<p class=\"ai-optimize-61\" data-start=\"3352\" data-end=\"3448\"><strong data-start=\"3352\" data-end=\"3377\">O que eu preciso levar?<\/strong><br data-start=\"3377\" data-end=\"3380\" \/>Traje de banho, toalha, casaco leve e muita divers\u00e3o.<\/p>\n<p class=\"ai-optimize-62\" data-start=\"3534\" data-end=\"3620\"><strong data-start=\"3534\" data-end=\"3556\">Onde isso ocorre?<\/strong><br data-start=\"3556\" data-end=\"3559\" \/>No Lago Moreno, a poucos minutos do centro de Bariloche.<\/p>","protected":false},"excerpt":{"rendered":"<p class=\"ai-optimize-63\">Uma experi\u00eancia aut\u00eantica para descobrir o Lago Moreno por dentro. Mergulho para iniciantes com equipamento completo, traslado e instrutores inclu\u00eddos.<\/p>","protected":false},"featured_media":471,"comment_status":"open","ping_status":"closed","template":"","meta":[],"product_brand":[],"product_cat":[17,19,21,22,28,32,38],"product_tag":[],"class_list":{"0":"post-470","1":"product","2":"type-product","3":"status-publish","4":"has-post-thumbnail","6":"product_cat-adultos","7":"product_cat-aventura","8":"product_cat-con-traslado","9":"product_cat-familia","10":"product_cat-ninos","11":"product_cat-sin-comida","12":"product_cat-verano","14":"first","15":"instock","16":"virtual","17":"sold-individually","18":"purchasable","19":"product-type-booking"},"booking_location":"","booking_location_type":"","booking_duration":1,"booking_duration_unit":"hour","booking_buffer":0,"booking_cost":0,"booking_resources":[],"exclude_global_add_ons":false,"addons":[{"name":"STD: Passageiros","type":"input_multiplier","position":0,"required":false,"title_format":"label","default":"","description_enable":false,"description":"","placeholder_enable":false,"placeholder":"","display":"select","restrictions_type":"any_text","adjust_price":true,"price":"132000","price_type":"quantity_based","restrictions":false,"min":"0","max":"0","options":[],"id":1773231509}],"yoast_head":"<!-- This site is optimized with the Yoast SEO Premium plugin v25.2 (Yoast SEO v25.2) - https:\/\/yoast.com\/wordpress\/plugins\/seo\/ -->\n<title>Buceo Bautismo en Bariloche - Rafting Villegas<\/title>\n<meta name=\"description\" content=\"Viv\u00ed tu primer buceo en el Lago Moreno con Rafting Villegas. Actividad tranquila, equipo completo e instructores certificados.\" \/>\n<meta name=\"robots\" content=\"index, follow, max-snippet:-1, max-image-preview:large, max-video-preview:-1\" \/>\n<link rel=\"canonical\" href=\"https:\/\/raftingvillegas.com\/pt\/produto\/batismo-de-mergulho-em-bariloche\/\" \/>\n<meta property=\"og:locale\" content=\"pt_BR\" \/>\n<meta property=\"og:type\" content=\"article\" \/>\n<meta property=\"og:title\" content=\"Buceo Bautismo en Bariloche\" \/>\n<meta property=\"og:description\" content=\"Viv\u00ed tu primer buceo en el Lago Moreno con Rafting Villegas. Actividad tranquila, equipo completo e instructores certificados.\" \/>\n<meta property=\"og:url\" content=\"https:\/\/raftingvillegas.com\/pt\/produto\/batismo-de-mergulho-em-bariloche\/\" \/>\n<meta property=\"og:site_name\" content=\"Rafting Villegas\" \/>\n<meta property=\"article:modified_time\" content=\"2026-03-31T15:08:54+00:00\" \/>\n<meta property=\"og:image\" content=\"https:\/\/raftingvillegas.com\/wp-content\/uploads\/sites\/11\/2026\/01\/tikiprincipal.jpeg\" \/>\n\t<meta property=\"og:image:width\" content=\"1120\" \/>\n\t<meta property=\"og:image:height\" content=\"1280\" \/>\n\t<meta property=\"og:image:type\" content=\"image\/jpeg\" \/>\n<meta name=\"twitter:card\" content=\"summary_large_image\" \/>\n<meta name=\"twitter:label1\" content=\"Pre\u00e7o\" \/>\n\t<meta name=\"twitter:data1\" content=\"&#036;132,000.00\" \/>\n\t<meta name=\"twitter:label2\" content=\"Disponibilidade\" \/>\n\t<meta name=\"twitter:data2\" content=\"Em Estoque\" \/>\n<script type=\"application\/ld+json\" class=\"yoast-schema-graph\">{\"@context\":\"https:\/\/schema.org\",\"@graph\":[{\"@type\":[\"WebPage\",\"ItemPage\"],\"@id\":\"https:\/\/raftingvillegas.com\/producto\/buceo-bautismo-en-bariloche\/\",\"url\":\"https:\/\/raftingvillegas.com\/producto\/buceo-bautismo-en-bariloche\/\",\"name\":\"Buceo Bautismo en Bariloche - Rafting Villegas\",\"isPartOf\":{\"@id\":\"https:\/\/raftingvillegas.com\/#website\"},\"primaryImageOfPage\":{\"@id\":\"https:\/\/raftingvillegas.com\/producto\/buceo-bautismo-en-bariloche\/#primaryimage\"},\"image\":{\"@id\":\"https:\/\/raftingvillegas.com\/producto\/buceo-bautismo-en-bariloche\/#primaryimage\"},\"thumbnailUrl\":\"https:\/\/raftingvillegas.com\/wp-content\/uploads\/sites\/11\/2026\/01\/tikiprincipal.jpeg\",\"datePublished\":\"2026-01-28T17:27:35+00:00\",\"dateModified\":\"2026-03-31T15:08:54+00:00\",\"description\":\"Viv\u00ed tu primer buceo en el Lago Moreno con Rafting Villegas. Actividad tranquila, equipo completo e instructores certificados.\",\"breadcrumb\":{\"@id\":\"https:\/\/raftingvillegas.com\/producto\/buceo-bautismo-en-bariloche\/#breadcrumb\"},\"inLanguage\":\"pt-BR\",\"potentialAction\":[{\"@type\":\"ReadAction\",\"target\":[\"https:\/\/raftingvillegas.com\/producto\/buceo-bautismo-en-bariloche\/\"]}]},{\"@type\":\"ImageObject\",\"inLanguage\":\"pt-BR\",\"@id\":\"https:\/\/raftingvillegas.com\/producto\/buceo-bautismo-en-bariloche\/#primaryimage\",\"url\":\"https:\/\/raftingvillegas.com\/wp-content\/uploads\/sites\/11\/2026\/01\/tikiprincipal.jpeg\",\"contentUrl\":\"https:\/\/raftingvillegas.com\/wp-content\/uploads\/sites\/11\/2026\/01\/tikiprincipal.jpeg\",\"width\":1120,\"height\":1280},{\"@type\":\"BreadcrumbList\",\"@id\":\"https:\/\/raftingvillegas.com\/producto\/buceo-bautismo-en-bariloche\/#breadcrumb\",\"itemListElement\":[{\"@type\":\"ListItem\",\"position\":1,\"name\":\"Portada\",\"item\":\"https:\/\/raftingvillegas.com\/\"},{\"@type\":\"ListItem\",\"position\":2,\"name\":\"Tienda\",\"item\":\"https:\/\/raftingvillegas.com\/tienda\/\"},{\"@type\":\"ListItem\",\"position\":3,\"name\":\"Buceo Bautismo en Bariloche\"}]},{\"@type\":\"WebSite\",\"@id\":\"https:\/\/raftingvillegas.com\/#website\",\"url\":\"https:\/\/raftingvillegas.com\/\",\"name\":\"Rafting Villegas\",\"description\":\"R\u00edndete al r\u00edo, conquista los r\u00e1pidos: rafting seguro y emocionante.\",\"potentialAction\":[{\"@type\":\"SearchAction\",\"target\":{\"@type\":\"EntryPoint\",\"urlTemplate\":\"https:\/\/raftingvillegas.com\/?s={search_term_string}\"},\"query-input\":{\"@type\":\"PropertyValueSpecification\",\"valueRequired\":true,\"valueName\":\"search_term_string\"}}],\"inLanguage\":\"pt-BR\"}]}<\/script>\n<meta property=\"product:price:amount\" content=\"132000.00\" \/>\n<meta property=\"product:price:currency\" content=\"ARS\" \/>\n<meta property=\"og:availability\" content=\"instock\" \/>\n<meta property=\"product:availability\" content=\"instock\" \/>\n<meta property=\"product:retailer_item_id\" content=\"ADV2026BABU9T4K\" \/>\n<meta property=\"product:condition\" content=\"new\" \/>\n<!-- \/ Yoast SEO Premium plugin. -->","yoast_head_json":{"title":"Descubra o mergulho em Bariloche - Rafting Villegas","description":"Experimente seu primeiro mergulho no Lago Moreno com a Rafting Villegas. Atividade tranquila, equipamento completo e instrutores certificados.","robots":{"index":"index","follow":"follow","max-snippet":"max-snippet:-1","max-image-preview":"max-image-preview:large","max-video-preview":"max-video-preview:-1"},"canonical":"https:\/\/raftingvillegas.com\/pt\/produto\/batismo-de-mergulho-em-bariloche\/","og_locale":"pt_BR","og_type":"article","og_title":"Buceo Bautismo en Bariloche","og_description":"Viv\u00ed tu primer buceo en el Lago Moreno con Rafting Villegas. Actividad tranquila, equipo completo e instructores certificados.","og_url":"https:\/\/raftingvillegas.com\/pt\/produto\/batismo-de-mergulho-em-bariloche\/","og_site_name":"Rafting Villegas","article_modified_time":"2026-03-31T15:08:54+00:00","og_image":[{"width":1120,"height":1280,"url":"https:\/\/raftingvillegas.com\/wp-content\/uploads\/sites\/11\/2026\/01\/tikiprincipal.jpeg","type":"image\/jpeg"}],"twitter_card":"summary_large_image","twitter_misc":{"Pre\u00e7o":"&#36;132,000.00","Disponibilidade":"Em Estoque"},"schema":{"@context":"https:\/\/schema.org","@graph":[{"@type":["WebPage","ItemPage"],"@id":"https:\/\/raftingvillegas.com\/producto\/buceo-bautismo-en-bariloche\/","url":"https:\/\/raftingvillegas.com\/producto\/buceo-bautismo-en-bariloche\/","name":"Descubra o mergulho em Bariloche - Rafting Villegas","isPartOf":{"@id":"https:\/\/raftingvillegas.com\/#website"},"primaryImageOfPage":{"@id":"https:\/\/raftingvillegas.com\/producto\/buceo-bautismo-en-bariloche\/#primaryimage"},"image":{"@id":"https:\/\/raftingvillegas.com\/producto\/buceo-bautismo-en-bariloche\/#primaryimage"},"thumbnailUrl":"https:\/\/raftingvillegas.com\/wp-content\/uploads\/sites\/11\/2026\/01\/tikiprincipal.jpeg","datePublished":"2026-01-28T17:27:35+00:00","dateModified":"2026-03-31T15:08:54+00:00","description":"Experimente seu primeiro mergulho no Lago Moreno com a Rafting Villegas. Atividade tranquila, equipamento completo e instrutores certificados.","breadcrumb":{"@id":"https:\/\/raftingvillegas.com\/producto\/buceo-bautismo-en-bariloche\/#breadcrumb"},"inLanguage":"pt-BR","potentialAction":[{"@type":"ReadAction","target":["https:\/\/raftingvillegas.com\/producto\/buceo-bautismo-en-bariloche\/"]}]},{"@type":"ImageObject","inLanguage":"pt-BR","@id":"https:\/\/raftingvillegas.com\/producto\/buceo-bautismo-en-bariloche\/#primaryimage","url":"https:\/\/raftingvillegas.com\/wp-content\/uploads\/sites\/11\/2026\/01\/tikiprincipal.jpeg","contentUrl":"https:\/\/raftingvillegas.com\/wp-content\/uploads\/sites\/11\/2026\/01\/tikiprincipal.jpeg","width":1120,"height":1280},{"@type":"BreadcrumbList","@id":"https:\/\/raftingvillegas.com\/producto\/buceo-bautismo-en-bariloche\/#breadcrumb","itemListElement":[{"@type":"ListItem","position":1,"name":"Portada","item":"https:\/\/raftingvillegas.com\/"},{"@type":"ListItem","position":2,"name":"Tienda","item":"https:\/\/raftingvillegas.com\/tienda\/"},{"@type":"ListItem","position":3,"name":"Buceo Bautismo en Bariloche"}]},{"@type":"WebSite","@id":"https:\/\/raftingvillegas.com\/#website","url":"https:\/\/raftingvillegas.com\/","name":"Rafting em Villegas","description":"Entregue-se ao rio, ven\u00e7a as corredeiras: rafting seguro e emocionante.","potentialAction":[{"@type":"SearchAction","target":{"@type":"EntryPoint","urlTemplate":"https:\/\/raftingvillegas.com\/?s={search_term_string}"},"query-input":{"@type":"PropertyValueSpecification","valueRequired":true,"valueName":"search_term_string"}}],"inLanguage":"pt-BR"}]},"product_price_amount":"132000.00","product_price_currency":"ARS","og_availability":"instock","product_availability":"instock","product_retailer_item_id":"ADV2026BABU9T4K","product_condition":"new"},"_links":{"self":[{"href":"https:\/\/raftingvillegas.com\/pt\/wp-json\/wp\/v2\/product\/470","targetHints":{"allow":["GET"]}}],"collection":[{"href":"https:\/\/raftingvillegas.com\/pt\/wp-json\/wp\/v2\/product"}],"about":[{"href":"https:\/\/raftingvillegas.com\/pt\/wp-json\/wp\/v2\/types\/product"}],"replies":[{"embeddable":true,"href":"https:\/\/raftingvillegas.com\/pt\/wp-json\/wp\/v2\/comments?post=470"}],"wp:featuredmedia":[{"embeddable":true,"href":"https:\/\/raftingvillegas.com\/pt\/wp-json\/wp\/v2\/media\/471"}],"wp:attachment":[{"href":"https:\/\/raftingvillegas.com\/pt\/wp-json\/wp\/v2\/media?parent=470"}],"wp:term":[{"taxonomy":"product_brand","embeddable":true,"href":"https:\/\/raftingvillegas.com\/pt\/wp-json\/wp\/v2\/product_brand?post=470"},{"taxonomy":"product_cat","embeddable":true,"href":"https:\/\/raftingvillegas.com\/pt\/wp-json\/wp\/v2\/product_cat?post=470"},{"taxonomy":"product_tag","embeddable":true,"href":"https:\/\/raftingvillegas.com\/pt\/wp-json\/wp\/v2\/product_tag?post=470"}],"curies":[{"name":"wp","href":"https:\/\/api.w.org\/{rel}","templated":true}]}}