{"id":43,"date":"2025-08-18T19:32:17","date_gmt":"2025-08-18T17:32:17","guid":{"rendered":"https:\/\/raftingvillegas.com\/producto\/puerto-blest-y-cascada-los-cantaros-lago-frias-sin-traslado\/"},"modified":"2026-04-04T15:37:36","modified_gmt":"2026-04-04T13:37:36","slug":"puerto-blest-cascada-cantaros-lago-frias-sin-traslado","status":"publish","type":"product","link":"https:\/\/raftingvillegas.com\/pt\/produto\/puerto-blest-cachoeira-cantaros-lago-frias-sem-traslado\/","title":{"rendered":"Puerto Blest e Cachoeira \u201cLos Cantaros\u201d + Lago Frias sem traslado"},"content":{"rendered":"<h2 class=\"ai-optimize-24\">Deixe-se cativar pela calma de Puerto Blest e pela cachoeira Cascada de los C\u00e1ntaros<\/h2>\n<p class=\"ai-optimize-25 ai-optimize-introduction\">Sa\u00ed de <strong>Puerto Pa\u00f1uelo<\/strong>, localizado a apenas 25 km de <strong>San Carlos de Bariloche<\/strong>, e desfrute de uma experi\u00eancia \u00fanica viajando pela <strong>Lago Nahuel Huapi<\/strong>. Admire o <strong>Ilhota Sentinela<\/strong>, onde os restos mortais do grande <strong>Perito Moreno<\/strong>, e caminhe por passarelas incr\u00edveis que o levam diretamente para o deslumbrante <strong>Cachoeira Los C\u00e1ntaros<\/strong>, cercado por enormes paredes de granito puro.<\/p>\n<h3 class=\"ai-optimize-26\">Uma experi\u00eancia que o conecta com o que h\u00e1 de mais puro<\/h3>\n<p class=\"ai-optimize-27\">Durante a travessia, presenteie-se com cart\u00f5es postais inesquec\u00edveis da <strong>Cordilheira dos Andes<\/strong> e as ilhas que decoram essa paisagem de sonho da Patag\u00f4nia. Em <strong>Puerto Blest<\/strong>, Senti a tranquilidade de seu <strong>Ba\u00eda<\/strong> e deixe-se deslumbrar pelos tons verdes do <strong>Lago Frias<\/strong>, tingido pelas geleiras que descem das montanhas <strong>Serra do Tronador<\/strong>.<\/p>\n<h3 class=\"ai-optimize-28\">Experi\u00eancias para aventureiros<\/h3>\n<ul>\n<li class=\"ai-optimize-29\"><strong>Visitas guiadas<\/strong> pela floresta tropical de Vald\u00edvia, um ref\u00fagio para esp\u00e9cies \u00fanicas e um ambiente natural que surpreende a cada passo.<\/li>\n<li class=\"ai-optimize-30\"><strong>Trilhas<\/strong> para diferentes idades e habilidades, projetados para que todos possam aproveitar a aventura \u00e0 sua maneira.<\/li>\n<\/ul>\n<h2 class=\"ai-optimize-31\">Op\u00e7\u00f5es de navega\u00e7\u00e3o e conforto<\/h2>\n<p class=\"ai-optimize-32\">Sua aventura termina com o retorno a <strong>Puerto Pa\u00f1uelo<\/strong> pelo <strong>Bra\u00e7o aben\u00e7oado<\/strong>, enquanto o <strong>Serra do Tronador<\/strong> d\u00ea o presente de um inesquec\u00edvel cart\u00e3o postal do p\u00f4r do sol. Se voc\u00ea escolher a extens\u00e3o para o <strong>Lago Frias<\/strong>, adicione uma curta transfer\u00eancia de \u00f4nibus de 3 km para <strong>Porto Alegre<\/strong>, De l\u00e1, voc\u00ea zarpar\u00e1 em uma moderna lancha para contemplar as \u00e1guas de outro canto t\u00e3o sonhado da regi\u00e3o.<\/p>\n<h3 class=\"ai-optimize-33\">Informa\u00e7\u00f5es pr\u00e1ticas<\/h3>\n<ul>\n<li class=\"ai-optimize-34\"><strong>Hor\u00e1rio:<\/strong> das 9:00 \u00e0s 17:00 hs.<\/li>\n<li class=\"ai-optimize-35\"><strong>Ele inclui:<\/strong> Passeio de barco guiado, caminhada pela floresta e navega\u00e7\u00e3o no Lago Frias.<\/li>\n<li class=\"ai-optimize-36\"><strong>N\u00e3o inclu\u00eddo:<\/strong> Transfer\u00eancia para <strong>Puerto Pa\u00f1uelo<\/strong>, N\u00e3o h\u00e1 refei\u00e7\u00f5es (h\u00e1 paradas para almo\u00e7o) e n\u00e3o h\u00e1 taxas de entrada em Parques Nacionais.<\/li>\n<\/ul>\n<h2 class=\"ai-optimize-37\">Perguntas frequentes<\/h2>\n<ul>\n<li class=\"ai-optimize-38\"><strong>Onde posso pagar o acesso ao parque e a taxa de embarque?<\/strong><br \/>\nEles devem ser pagos na chegada em <strong>Puerto Pa\u00f1uelo<\/strong>, O pre\u00e7o \u00e9 sempre em dinheiro e em pesos argentinos, no mesmo dia da excurs\u00e3o. Residentes de <strong>San Carlos de Bariloche<\/strong>, Os deficientes, pessoas com defici\u00eancia, crian\u00e7as com menos de cinco anos de idade e aposentados t\u00eam direito a um passe gratuito.<\/li>\n<li class=\"ai-optimize-39\"><strong>O benef\u00edcio para aposentados \u00e9 apenas para aqueles que t\u00eam carteira de identidade argentina?<\/strong><br \/>\nExatamente, o desconto \u00e9 exclusivo para aposentados nacionais e o documento de identidade deve ser apresentado antes do embarque.<\/li>\n<li class=\"ai-optimize-40\"><strong>Quanto tempo duram as caminhadas?<\/strong><br \/>\nEm <strong>Puerto Blest<\/strong> As caminhadas t\u00eam diferentes n\u00edveis de dificuldade. A subida para o <strong>Cachoeira Los C\u00e1ntaros<\/strong> S\u00e3o cerca de 700 degraus, com mirantes e lugares imperd\u00edveis para fazer uma pausa.<\/li>\n<\/ul>","protected":false},"excerpt":{"rendered":"<p class=\"ai-optimize-6\">Aventura em Puerto Blest e cachoeiras \u00abLos C\u00e1ntaros\u00bb<\/p>\n<p class=\"ai-optimize-7\">Embarque de <strong>Puerto Pa\u00f1uelo<\/strong> em uma jornada inesquec\u00edvel a caminho do <strong>Cachoeira Los C\u00e1ntaros<\/strong>, navegando nas \u00e1guas calmas do <strong>Lago Nahuel Huapi<\/strong>. Viva a magia do <strong>Lago Frias<\/strong> e percorrer as estradas do <strong>Floresta Valdiviana<\/strong>, emoldurado pela paisagem de tirar o f\u00f4lego da <strong>Cordilheira dos Andes<\/strong>.<\/p>","protected":false},"featured_media":256,"comment_status":"open","ping_status":"closed","template":"","meta":[],"product_brand":[],"product_cat":[17,22,25,26,28,32,33,37],"product_tag":[],"class_list":{"0":"post-43","1":"product","2":"type-product","3":"status-publish","4":"has-post-thumbnail","6":"product_cat-adultos","7":"product_cat-familia","8":"product_cat-jubilados","9":"product_cat-lacustre","10":"product_cat-ninos","11":"product_cat-sin-comida","12":"product_cat-sin-traslado","13":"product_cat-todo-el-ano","15":"first","16":"instock","17":"virtual","18":"sold-individually","19":"purchasable","20":"product-type-booking"},"booking_location":"","booking_location_type":"","booking_duration":60,"booking_duration_unit":"minute","booking_buffer":0,"booking_cost":0,"booking_resources":[],"exclude_global_add_ons":false,"addons":[{"name":"ADU: Adulto","type":"input_multiplier","position":0,"required":false,"title_format":"label","default":"","description_enable":false,"description":"","placeholder_enable":false,"placeholder":"","display":"select","restrictions_type":"any_text","adjust_price":true,"price":"190000","price_type":"quantity_based","restrictions":false,"min":"0","max":"0","options":[],"id":1773233364},{"name":"MEN512 | 5 a 12","type":"input_multiplier","position":1,"required":false,"title_format":"label","default":"","description_enable":false,"description":"","placeholder_enable":false,"placeholder":"","display":"select","restrictions_type":"any_text","adjust_price":true,"price":"97000","price_type":"quantity_based","restrictions":false,"min":"0","max":"0","options":[],"id":1773233365},{"name":"ADUJ : Aposentado","type":"input_multiplier","position":2,"required":false,"title_format":"label","default":"","description_enable":false,"description":"","placeholder_enable":false,"placeholder":"","display":"select","restrictions_type":"any_text","adjust_price":true,"price":"97000","price_type":"quantity_based","restrictions":false,"min":"0","max":"0","options":[],"id":1773233366}],"yoast_head":"<!-- This site is optimized with the Yoast SEO Premium plugin v25.2 (Yoast SEO v25.2) - https:\/\/yoast.com\/wordpress\/plugins\/seo\/ -->\n<title>Puerto Blest y Cascada \u201cLos Cantaros\u201d + Lago Frias sin Traslado - Rafting Villegas<\/title>\n<meta name=\"description\" content=\"Excursi\u00f3n a Puerto Blest y Lago Fr\u00edas con visita a la Cascada Los C\u00e1ntaros. Naturaleza, bosques y paisajes \u00fanicos en Bariloche. \u00a1Reserv\u00e1 tu aventura ahora!\" \/>\n<meta name=\"robots\" content=\"index, follow, max-snippet:-1, max-image-preview:large, max-video-preview:-1\" \/>\n<link rel=\"canonical\" href=\"https:\/\/raftingvillegas.com\/pt\/produto\/puerto-blest-cachoeira-cantaros-lago-frias-sem-traslado\/\" \/>\n<meta property=\"og:locale\" content=\"pt_BR\" \/>\n<meta property=\"og:type\" content=\"article\" \/>\n<meta property=\"og:title\" content=\"Puerto Blest y Cascada \u201cLos Cantaros\u201d + Lago Frias sin Traslado\" \/>\n<meta property=\"og:description\" content=\"Excursi\u00f3n a Puerto Blest y Lago Fr\u00edas con visita a la Cascada Los C\u00e1ntaros. Naturaleza, bosques y paisajes \u00fanicos en Bariloche. \u00a1Reserv\u00e1 tu aventura ahora!\" \/>\n<meta property=\"og:url\" content=\"https:\/\/raftingvillegas.com\/pt\/produto\/puerto-blest-cachoeira-cantaros-lago-frias-sem-traslado\/\" \/>\n<meta property=\"og:site_name\" content=\"Rafting Villegas\" \/>\n<meta property=\"article:modified_time\" content=\"2026-04-04T13:37:36+00:00\" \/>\n<meta property=\"og:image\" content=\"https:\/\/raftingvillegas.com\/wp-content\/uploads\/sites\/11\/2025\/08\/13-B-492074012_1127476429410210_6517478401569008612_n.jpg\" \/>\n\t<meta property=\"og:image:width\" content=\"850\" \/>\n\t<meta property=\"og:image:height\" content=\"1133\" \/>\n\t<meta property=\"og:image:type\" content=\"image\/jpeg\" \/>\n<meta name=\"twitter:card\" content=\"summary_large_image\" \/>\n<meta name=\"twitter:label1\" content=\"Pre\u00e7o\" \/>\n\t<meta name=\"twitter:data1\" content=\"&#036;190,000.00\" \/>\n\t<meta name=\"twitter:label2\" content=\"Disponibilidade\" \/>\n\t<meta name=\"twitter:data2\" content=\"Em Estoque\" \/>\n<script type=\"application\/ld+json\" class=\"yoast-schema-graph\">{\"@context\":\"https:\/\/schema.org\",\"@graph\":[{\"@type\":[\"WebPage\",\"ItemPage\"],\"@id\":\"https:\/\/raftingvillegas.com\/producto\/puerto-blest-cascada-cantaros-lago-frias-sin-traslado\/\",\"url\":\"https:\/\/raftingvillegas.com\/producto\/puerto-blest-cascada-cantaros-lago-frias-sin-traslado\/\",\"name\":\"Puerto Blest y Cascada \u201cLos Cantaros\u201d + Lago Frias sin Traslado - Rafting Villegas\",\"isPartOf\":{\"@id\":\"https:\/\/raftingvillegas.com\/#website\"},\"primaryImageOfPage\":{\"@id\":\"https:\/\/raftingvillegas.com\/producto\/puerto-blest-cascada-cantaros-lago-frias-sin-traslado\/#primaryimage\"},\"image\":{\"@id\":\"https:\/\/raftingvillegas.com\/producto\/puerto-blest-cascada-cantaros-lago-frias-sin-traslado\/#primaryimage\"},\"thumbnailUrl\":\"https:\/\/raftingvillegas.com\/wp-content\/uploads\/sites\/11\/2025\/08\/13-B-492074012_1127476429410210_6517478401569008612_n.jpg\",\"datePublished\":\"2025-08-18T17:32:17+00:00\",\"dateModified\":\"2026-04-04T13:37:36+00:00\",\"description\":\"Excursi\u00f3n a Puerto Blest y Lago Fr\u00edas con visita a la Cascada Los C\u00e1ntaros. Naturaleza, bosques y paisajes \u00fanicos en Bariloche. \u00a1Reserv\u00e1 tu aventura ahora!\",\"breadcrumb\":{\"@id\":\"https:\/\/raftingvillegas.com\/producto\/puerto-blest-cascada-cantaros-lago-frias-sin-traslado\/#breadcrumb\"},\"inLanguage\":\"pt-BR\",\"potentialAction\":[{\"@type\":\"ReadAction\",\"target\":[\"https:\/\/raftingvillegas.com\/producto\/puerto-blest-cascada-cantaros-lago-frias-sin-traslado\/\"]}]},{\"@type\":\"ImageObject\",\"inLanguage\":\"pt-BR\",\"@id\":\"https:\/\/raftingvillegas.com\/producto\/puerto-blest-cascada-cantaros-lago-frias-sin-traslado\/#primaryimage\",\"url\":\"https:\/\/raftingvillegas.com\/wp-content\/uploads\/sites\/11\/2025\/08\/13-B-492074012_1127476429410210_6517478401569008612_n.jpg\",\"contentUrl\":\"https:\/\/raftingvillegas.com\/wp-content\/uploads\/sites\/11\/2025\/08\/13-B-492074012_1127476429410210_6517478401569008612_n.jpg\",\"width\":850,\"height\":1133},{\"@type\":\"BreadcrumbList\",\"@id\":\"https:\/\/raftingvillegas.com\/producto\/puerto-blest-cascada-cantaros-lago-frias-sin-traslado\/#breadcrumb\",\"itemListElement\":[{\"@type\":\"ListItem\",\"position\":1,\"name\":\"Portada\",\"item\":\"https:\/\/raftingvillegas.com\/\"},{\"@type\":\"ListItem\",\"position\":2,\"name\":\"Tienda\",\"item\":\"https:\/\/raftingvillegas.com\/tienda\/\"},{\"@type\":\"ListItem\",\"position\":3,\"name\":\"Puerto Blest y Cascada \u201cLos Cantaros\u201d + Lago Frias sin Traslado\"}]},{\"@type\":\"WebSite\",\"@id\":\"https:\/\/raftingvillegas.com\/#website\",\"url\":\"https:\/\/raftingvillegas.com\/\",\"name\":\"Rafting Villegas\",\"description\":\"R\u00edndete al r\u00edo, conquista los r\u00e1pidos: rafting seguro y emocionante.\",\"potentialAction\":[{\"@type\":\"SearchAction\",\"target\":{\"@type\":\"EntryPoint\",\"urlTemplate\":\"https:\/\/raftingvillegas.com\/?s={search_term_string}\"},\"query-input\":{\"@type\":\"PropertyValueSpecification\",\"valueRequired\":true,\"valueName\":\"search_term_string\"}}],\"inLanguage\":\"pt-BR\"}]}<\/script>\n<meta property=\"product:price:amount\" content=\"190000.00\" \/>\n<meta property=\"product:price:currency\" content=\"ARS\" \/>\n<meta property=\"og:availability\" content=\"instock\" \/>\n<meta property=\"product:availability\" content=\"instock\" \/>\n<meta property=\"product:retailer_item_id\" content=\"ADV2025PUBLYC33V7\" \/>\n<meta property=\"product:condition\" content=\"new\" \/>\n<!-- \/ Yoast SEO Premium plugin. -->","yoast_head_json":{"title":"Puerto Blest e Cachoeira \u201cLos Cantaros\u201d + Lago Frias sem traslado - Rafting Villegas","description":"Excurs\u00e3o a Puerto Blest e Lago Frias com uma visita \u00e0 Cachoeira Los Cantaros. Natureza, florestas e paisagens \u00fanicas em Bariloche - reserve sua aventura agora!","robots":{"index":"index","follow":"follow","max-snippet":"max-snippet:-1","max-image-preview":"max-image-preview:large","max-video-preview":"max-video-preview:-1"},"canonical":"https:\/\/raftingvillegas.com\/pt\/produto\/puerto-blest-cachoeira-cantaros-lago-frias-sem-traslado\/","og_locale":"pt_BR","og_type":"article","og_title":"Puerto Blest y Cascada \u201cLos Cantaros\u201d + Lago Frias sin Traslado","og_description":"Excursi\u00f3n a Puerto Blest y Lago Fr\u00edas con visita a la Cascada Los C\u00e1ntaros. Naturaleza, bosques y paisajes \u00fanicos en Bariloche. \u00a1Reserv\u00e1 tu aventura ahora!","og_url":"https:\/\/raftingvillegas.com\/pt\/produto\/puerto-blest-cachoeira-cantaros-lago-frias-sem-traslado\/","og_site_name":"Rafting Villegas","article_modified_time":"2026-04-04T13:37:36+00:00","og_image":[{"width":850,"height":1133,"url":"https:\/\/raftingvillegas.com\/wp-content\/uploads\/sites\/11\/2025\/08\/13-B-492074012_1127476429410210_6517478401569008612_n.jpg","type":"image\/jpeg"}],"twitter_card":"summary_large_image","twitter_misc":{"Pre\u00e7o":"&#36;190,000.00","Disponibilidade":"Em Estoque"},"schema":{"@context":"https:\/\/schema.org","@graph":[{"@type":["WebPage","ItemPage"],"@id":"https:\/\/raftingvillegas.com\/producto\/puerto-blest-cascada-cantaros-lago-frias-sin-traslado\/","url":"https:\/\/raftingvillegas.com\/producto\/puerto-blest-cascada-cantaros-lago-frias-sin-traslado\/","name":"Puerto Blest e Cachoeira \u201cLos Cantaros\u201d + Lago Frias sem traslado - Rafting Villegas","isPartOf":{"@id":"https:\/\/raftingvillegas.com\/#website"},"primaryImageOfPage":{"@id":"https:\/\/raftingvillegas.com\/producto\/puerto-blest-cascada-cantaros-lago-frias-sin-traslado\/#primaryimage"},"image":{"@id":"https:\/\/raftingvillegas.com\/producto\/puerto-blest-cascada-cantaros-lago-frias-sin-traslado\/#primaryimage"},"thumbnailUrl":"https:\/\/raftingvillegas.com\/wp-content\/uploads\/sites\/11\/2025\/08\/13-B-492074012_1127476429410210_6517478401569008612_n.jpg","datePublished":"2025-08-18T17:32:17+00:00","dateModified":"2026-04-04T13:37:36+00:00","description":"Excurs\u00e3o a Puerto Blest e Lago Frias com uma visita \u00e0 Cachoeira Los Cantaros. Natureza, florestas e paisagens \u00fanicas em Bariloche - reserve sua aventura agora!","breadcrumb":{"@id":"https:\/\/raftingvillegas.com\/producto\/puerto-blest-cascada-cantaros-lago-frias-sin-traslado\/#breadcrumb"},"inLanguage":"pt-BR","potentialAction":[{"@type":"ReadAction","target":["https:\/\/raftingvillegas.com\/producto\/puerto-blest-cascada-cantaros-lago-frias-sin-traslado\/"]}]},{"@type":"ImageObject","inLanguage":"pt-BR","@id":"https:\/\/raftingvillegas.com\/producto\/puerto-blest-cascada-cantaros-lago-frias-sin-traslado\/#primaryimage","url":"https:\/\/raftingvillegas.com\/wp-content\/uploads\/sites\/11\/2025\/08\/13-B-492074012_1127476429410210_6517478401569008612_n.jpg","contentUrl":"https:\/\/raftingvillegas.com\/wp-content\/uploads\/sites\/11\/2025\/08\/13-B-492074012_1127476429410210_6517478401569008612_n.jpg","width":850,"height":1133},{"@type":"BreadcrumbList","@id":"https:\/\/raftingvillegas.com\/producto\/puerto-blest-cascada-cantaros-lago-frias-sin-traslado\/#breadcrumb","itemListElement":[{"@type":"ListItem","position":1,"name":"Portada","item":"https:\/\/raftingvillegas.com\/"},{"@type":"ListItem","position":2,"name":"Tienda","item":"https:\/\/raftingvillegas.com\/tienda\/"},{"@type":"ListItem","position":3,"name":"Puerto Blest y Cascada \u201cLos Cantaros\u201d + Lago Frias sin Traslado"}]},{"@type":"WebSite","@id":"https:\/\/raftingvillegas.com\/#website","url":"https:\/\/raftingvillegas.com\/","name":"Rafting em Villegas","description":"Entregue-se ao rio, ven\u00e7a as corredeiras: rafting seguro e emocionante.","potentialAction":[{"@type":"SearchAction","target":{"@type":"EntryPoint","urlTemplate":"https:\/\/raftingvillegas.com\/?s={search_term_string}"},"query-input":{"@type":"PropertyValueSpecification","valueRequired":true,"valueName":"search_term_string"}}],"inLanguage":"pt-BR"}]},"product_price_amount":"190000.00","product_price_currency":"ARS","og_availability":"instock","product_availability":"instock","product_retailer_item_id":"ADV2025PUBLYC33V7","product_condition":"new"},"_links":{"self":[{"href":"https:\/\/raftingvillegas.com\/pt\/wp-json\/wp\/v2\/product\/43","targetHints":{"allow":["GET"]}}],"collection":[{"href":"https:\/\/raftingvillegas.com\/pt\/wp-json\/wp\/v2\/product"}],"about":[{"href":"https:\/\/raftingvillegas.com\/pt\/wp-json\/wp\/v2\/types\/product"}],"replies":[{"embeddable":true,"href":"https:\/\/raftingvillegas.com\/pt\/wp-json\/wp\/v2\/comments?post=43"}],"wp:featuredmedia":[{"embeddable":true,"href":"https:\/\/raftingvillegas.com\/pt\/wp-json\/wp\/v2\/media\/256"}],"wp:attachment":[{"href":"https:\/\/raftingvillegas.com\/pt\/wp-json\/wp\/v2\/media?parent=43"}],"wp:term":[{"taxonomy":"product_brand","embeddable":true,"href":"https:\/\/raftingvillegas.com\/pt\/wp-json\/wp\/v2\/product_brand?post=43"},{"taxonomy":"product_cat","embeddable":true,"href":"https:\/\/raftingvillegas.com\/pt\/wp-json\/wp\/v2\/product_cat?post=43"},{"taxonomy":"product_tag","embeddable":true,"href":"https:\/\/raftingvillegas.com\/pt\/wp-json\/wp\/v2\/product_tag?post=43"}],"curies":[{"name":"wp","href":"https:\/\/api.w.org\/{rel}","templated":true}]}}