{"id":42,"date":"2025-08-18T19:31:54","date_gmt":"2025-08-18T17:31:54","guid":{"rendered":"https:\/\/raftingvillegas.com\/producto\/puerto-blest-y-cascada-los-cantaros-sin-traslado\/"},"modified":"2026-04-04T15:37:55","modified_gmt":"2026-04-04T13:37:55","slug":"puerto-blest-cantaros-sin-traslado","status":"publish","type":"product","link":"https:\/\/raftingvillegas.com\/pt\/produto\/puerto-blest-cantaros-without-relocation\/","title":{"rendered":"Puerto Blest e Cachoeira \u201cLos Cantaros\u201d Sem traslado"},"content":{"rendered":"<h2 class=\"ai-optimize-22\">Experimente a natureza intocada em Puerto Blest<\/h2>\n<p class=\"ai-optimize-23 ai-optimize-introduction\">Mergulhe em uma jornada memor\u00e1vel descobrindo <strong>Puerto Blest<\/strong> e o impressionante <strong>Cachoeira Los C\u00e1ntaros<\/strong>, Um ref\u00fagio onde a natureza pulsa com for\u00e7a genu\u00edna. Esse passeio, sem traslado inclu\u00eddo, foi criado para aqueles que gostam de organizar sua chegada a <strong>Puerto Pa\u00f1uelo<\/strong>, localizado em <strong>Avenida Bustillo, Quil\u00f4metro 25, San Carlos de Bariloche<\/strong>.<\/p>\n<h3 class=\"ai-optimize-24\">A turn\u00ea<\/h3>\n<ul>\n<li class=\"ai-optimize-25\"><strong>Passeio de catamar\u00e3:<\/strong> Navegue pelas \u00e1guas calmas do <strong>Lago Nahuel Huapi<\/strong> cercado por ilhas \u00fanicas e vistas imponentes, sempre acompanhado pelo majestoso <strong>Cordilheira dos Andes<\/strong>.<\/li>\n<li class=\"ai-optimize-26\"><strong>Explora\u00e7\u00e3o da Cachoeira Los C\u00e1ntaros:<\/strong> Cheguei perto dessa incr\u00edvel cachoeira e senti a for\u00e7a de sua queda, emoldurada por paredes de granito moldadas pelo gelo milenar.<\/li>\n<li class=\"ai-optimize-27\"><strong>Caminhadas acompanhadas:<\/strong> Caminhe pelas trilhas que mostram a incr\u00edvel biodiversidade da regi\u00e3o. <strong>Floresta Valdiviana<\/strong> ao redor <strong>Puerto Blest<\/strong>.<\/li>\n<\/ul>\n<h3 class=\"ai-optimize-28\">Informa\u00e7\u00f5es e hor\u00e1rios<\/h3>\n<p class=\"ai-optimize-29\">A excurs\u00e3o ocorre entre <strong>9:00 a.m. e 5:30 p.m.<\/strong>, permitindo que voc\u00ea aproveite um dia inteiro cercado pela natureza viva.<\/p>\n<ul>\n<li class=\"ai-optimize-30\"><strong>Incluindo:<\/strong> Passeio guiado de catamar\u00e3 e caminhadas educativas pela floresta.<\/li>\n<li class=\"ai-optimize-31\"><strong>N\u00e3o inclu\u00eddo:<\/strong> Traslado para Puerto Pa\u00f1uelo, alimenta\u00e7\u00e3o e acesso aos parques nacionais.<\/li>\n<\/ul>\n<h3 class=\"ai-optimize-32\">Final inesquec\u00edvel<\/h3>\n<p class=\"ai-optimize-33\">A experi\u00eancia termina com uma navega\u00e7\u00e3o majestosa pelo <strong>Bra\u00e7o aben\u00e7oado<\/strong>, com o <strong>Serra do Tronador<\/strong> O p\u00f4r do sol o deixar\u00e1 sem palavras, ideal para quem procura momentos \u00fanicos e irrepet\u00edveis.<\/p>\n<h3 class=\"ai-optimize-34\">Consultas comuns<\/h3>\n<ul>\n<li class=\"ai-optimize-35\"><strong>Como fa\u00e7o para chegar a Puerto Pa\u00f1uelo?<\/strong><br \/>\nVoc\u00ea deve ir diretamente para a Avenida Bustillo, km 25. A melhor maneira de se locomover \u00e9 de carro ou de t\u00e1xi.<\/li>\n<li class=\"ai-optimize-36\"><strong>Que roupas s\u00e3o recomendadas?<\/strong><br \/>\nO ideal \u00e9 vestir-se em camadas, usar sapatos confort\u00e1veis e levar roupas quentes, pois o clima da Patag\u00f4nia pode mudar rapidamente.<\/li>\n<li class=\"ai-optimize-37\"><strong>Posso levar comida?<\/strong><br \/>\nSim, \u00e9 permitido levar um lanche, mas, se preferir, voc\u00ea pode comprar algo saboroso no local.<\/li>\n<\/ul>","protected":false},"excerpt":{"rendered":"<p class=\"ai-optimize-6\">Experimente uma viagem diferente explorando Puerto Blest e a imponente Cachoeira Los C\u00e1ntaros. Relaxe durante um agrad\u00e1vel passeio de catamar\u00e3 e descubra trilhas cercadas pela floresta tropical valdiviana, aproveitando cada momento no ambiente m\u00e1gico da Patag\u00f4nia argentina.<\/p>","protected":false},"featured_media":254,"comment_status":"open","ping_status":"closed","template":"","meta":[],"product_brand":[],"product_cat":[17,22,25,26,28,32,33,37],"product_tag":[],"class_list":{"0":"post-42","1":"product","2":"type-product","3":"status-publish","4":"has-post-thumbnail","6":"product_cat-adultos","7":"product_cat-familia","8":"product_cat-jubilados","9":"product_cat-lacustre","10":"product_cat-ninos","11":"product_cat-sin-comida","12":"product_cat-sin-traslado","13":"product_cat-todo-el-ano","15":"first","16":"instock","17":"virtual","18":"sold-individually","19":"purchasable","20":"product-type-booking"},"booking_location":"","booking_location_type":"","booking_duration":60,"booking_duration_unit":"minute","booking_buffer":0,"booking_cost":0,"booking_resources":[],"exclude_global_add_ons":false,"addons":[{"name":"ADU: Adulto","type":"input_multiplier","position":0,"required":false,"title_format":"label","default":"","description_enable":false,"description":"","placeholder_enable":false,"placeholder":"","display":"select","restrictions_type":"any_text","adjust_price":true,"price":"136000","price_type":"quantity_based","restrictions":false,"min":"0","max":"0","options":[],"id":1773233626},{"name":"MEN512 | 5 a 12","type":"input_multiplier","position":1,"required":false,"title_format":"label","default":"","description_enable":false,"description":"","placeholder_enable":false,"placeholder":"","display":"select","restrictions_type":"any_text","adjust_price":true,"price":"70000","price_type":"quantity_based","restrictions":false,"min":"0","max":"0","options":[],"id":1773233627},{"name":"ADUJ : Aposentado","type":"input_multiplier","position":2,"required":false,"title_format":"label","default":"","description_enable":false,"description":"","placeholder_enable":false,"placeholder":"","display":"select","restrictions_type":"any_text","adjust_price":true,"price":"70000","price_type":"quantity_based","restrictions":false,"min":"0","max":"0","options":[],"id":1773233628}],"yoast_head":"<!-- This site is optimized with the Yoast SEO Premium plugin v25.2 (Yoast SEO v25.2) - https:\/\/yoast.com\/wordpress\/plugins\/seo\/ -->\n<title>uerto Blest y Los C\u00e1ntaros sin traslado | Rafting Villegas<\/title>\n<meta name=\"description\" content=\"Descubr\u00ed Puerto Blest y la Cascada Los C\u00e1ntaros. Versi\u00f3n sin traslado ideal para quienes llegan directo al Puerto Pa\u00f1uelo.\" \/>\n<meta name=\"robots\" content=\"index, follow, max-snippet:-1, max-image-preview:large, max-video-preview:-1\" \/>\n<link rel=\"canonical\" href=\"https:\/\/raftingvillegas.com\/pt\/produto\/puerto-blest-cantaros-without-relocation\/\" \/>\n<meta property=\"og:locale\" content=\"pt_BR\" \/>\n<meta property=\"og:type\" content=\"article\" \/>\n<meta property=\"og:title\" content=\"Puerto Blest y Cascada \u201cLos Cantaros\u201d Sin Traslado\" \/>\n<meta property=\"og:description\" content=\"Descubr\u00ed Puerto Blest y la Cascada Los C\u00e1ntaros. Versi\u00f3n sin traslado ideal para quienes llegan directo al Puerto Pa\u00f1uelo.\" \/>\n<meta property=\"og:url\" content=\"https:\/\/raftingvillegas.com\/pt\/produto\/puerto-blest-cantaros-without-relocation\/\" \/>\n<meta property=\"og:site_name\" content=\"Rafting Villegas\" \/>\n<meta property=\"article:modified_time\" content=\"2026-04-04T13:37:55+00:00\" \/>\n<meta property=\"og:image\" content=\"https:\/\/raftingvillegas.com\/wp-content\/uploads\/sites\/11\/2025\/08\/13-A-4.jpg\" \/>\n\t<meta property=\"og:image:width\" content=\"850\" \/>\n\t<meta property=\"og:image:height\" content=\"1133\" \/>\n\t<meta property=\"og:image:type\" content=\"image\/jpeg\" \/>\n<meta name=\"twitter:card\" content=\"summary_large_image\" \/>\n<meta name=\"twitter:label1\" content=\"Pre\u00e7o\" \/>\n\t<meta name=\"twitter:data1\" content=\"&#036;136,000.00\" \/>\n\t<meta name=\"twitter:label2\" content=\"Disponibilidade\" \/>\n\t<meta name=\"twitter:data2\" content=\"Em Estoque\" \/>\n<script type=\"application\/ld+json\" class=\"yoast-schema-graph\">{\"@context\":\"https:\/\/schema.org\",\"@graph\":[{\"@type\":[\"WebPage\",\"ItemPage\"],\"@id\":\"https:\/\/raftingvillegas.com\/producto\/puerto-blest-cantaros-sin-traslado\/\",\"url\":\"https:\/\/raftingvillegas.com\/producto\/puerto-blest-cantaros-sin-traslado\/\",\"name\":\"uerto Blest y Los C\u00e1ntaros sin traslado | Rafting Villegas\",\"isPartOf\":{\"@id\":\"https:\/\/raftingvillegas.com\/#website\"},\"primaryImageOfPage\":{\"@id\":\"https:\/\/raftingvillegas.com\/producto\/puerto-blest-cantaros-sin-traslado\/#primaryimage\"},\"image\":{\"@id\":\"https:\/\/raftingvillegas.com\/producto\/puerto-blest-cantaros-sin-traslado\/#primaryimage\"},\"thumbnailUrl\":\"https:\/\/raftingvillegas.com\/wp-content\/uploads\/sites\/11\/2025\/08\/13-A-4.jpg\",\"datePublished\":\"2025-08-18T17:31:54+00:00\",\"dateModified\":\"2026-04-04T13:37:55+00:00\",\"description\":\"Descubr\u00ed Puerto Blest y la Cascada Los C\u00e1ntaros. Versi\u00f3n sin traslado ideal para quienes llegan directo al Puerto Pa\u00f1uelo.\",\"breadcrumb\":{\"@id\":\"https:\/\/raftingvillegas.com\/producto\/puerto-blest-cantaros-sin-traslado\/#breadcrumb\"},\"inLanguage\":\"pt-BR\",\"potentialAction\":[{\"@type\":\"ReadAction\",\"target\":[\"https:\/\/raftingvillegas.com\/producto\/puerto-blest-cantaros-sin-traslado\/\"]}]},{\"@type\":\"ImageObject\",\"inLanguage\":\"pt-BR\",\"@id\":\"https:\/\/raftingvillegas.com\/producto\/puerto-blest-cantaros-sin-traslado\/#primaryimage\",\"url\":\"https:\/\/raftingvillegas.com\/wp-content\/uploads\/sites\/11\/2025\/08\/13-A-4.jpg\",\"contentUrl\":\"https:\/\/raftingvillegas.com\/wp-content\/uploads\/sites\/11\/2025\/08\/13-A-4.jpg\",\"width\":850,\"height\":1133},{\"@type\":\"BreadcrumbList\",\"@id\":\"https:\/\/raftingvillegas.com\/producto\/puerto-blest-cantaros-sin-traslado\/#breadcrumb\",\"itemListElement\":[{\"@type\":\"ListItem\",\"position\":1,\"name\":\"Portada\",\"item\":\"https:\/\/raftingvillegas.com\/\"},{\"@type\":\"ListItem\",\"position\":2,\"name\":\"Tienda\",\"item\":\"https:\/\/raftingvillegas.com\/tienda\/\"},{\"@type\":\"ListItem\",\"position\":3,\"name\":\"Puerto Blest y Cascada \u201cLos Cantaros\u201d Sin Traslado\"}]},{\"@type\":\"WebSite\",\"@id\":\"https:\/\/raftingvillegas.com\/#website\",\"url\":\"https:\/\/raftingvillegas.com\/\",\"name\":\"Rafting Villegas\",\"description\":\"R\u00edndete al r\u00edo, conquista los r\u00e1pidos: rafting seguro y emocionante.\",\"potentialAction\":[{\"@type\":\"SearchAction\",\"target\":{\"@type\":\"EntryPoint\",\"urlTemplate\":\"https:\/\/raftingvillegas.com\/?s={search_term_string}\"},\"query-input\":{\"@type\":\"PropertyValueSpecification\",\"valueRequired\":true,\"valueName\":\"search_term_string\"}}],\"inLanguage\":\"pt-BR\"}]}<\/script>\n<meta property=\"product:price:amount\" content=\"136000.00\" \/>\n<meta property=\"product:price:currency\" content=\"ARS\" \/>\n<meta property=\"og:availability\" content=\"instock\" \/>\n<meta property=\"product:availability\" content=\"instock\" \/>\n<meta property=\"product:retailer_item_id\" content=\"ADV2025PUBLYC297O\" \/>\n<meta property=\"product:condition\" content=\"new\" \/>\n<!-- \/ Yoast SEO Premium plugin. -->","yoast_head_json":{"title":"uerto Blest e Los C\u00e1ntaros sem traslado | Rafting Villegas","description":"Descubra Puerto Blest e a cachoeira Los C\u00e1ntaros. Esta vers\u00e3o sem traslado \u00e9 ideal para quem chega diretamente a Puerto Pa\u00f1uelo.","robots":{"index":"index","follow":"follow","max-snippet":"max-snippet:-1","max-image-preview":"max-image-preview:large","max-video-preview":"max-video-preview:-1"},"canonical":"https:\/\/raftingvillegas.com\/pt\/produto\/puerto-blest-cantaros-without-relocation\/","og_locale":"pt_BR","og_type":"article","og_title":"Puerto Blest y Cascada \u201cLos Cantaros\u201d Sin Traslado","og_description":"Descubr\u00ed Puerto Blest y la Cascada Los C\u00e1ntaros. Versi\u00f3n sin traslado ideal para quienes llegan directo al Puerto Pa\u00f1uelo.","og_url":"https:\/\/raftingvillegas.com\/pt\/produto\/puerto-blest-cantaros-without-relocation\/","og_site_name":"Rafting Villegas","article_modified_time":"2026-04-04T13:37:55+00:00","og_image":[{"width":850,"height":1133,"url":"https:\/\/raftingvillegas.com\/wp-content\/uploads\/sites\/11\/2025\/08\/13-A-4.jpg","type":"image\/jpeg"}],"twitter_card":"summary_large_image","twitter_misc":{"Pre\u00e7o":"&#36;136,000.00","Disponibilidade":"Em Estoque"},"schema":{"@context":"https:\/\/schema.org","@graph":[{"@type":["WebPage","ItemPage"],"@id":"https:\/\/raftingvillegas.com\/producto\/puerto-blest-cantaros-sin-traslado\/","url":"https:\/\/raftingvillegas.com\/producto\/puerto-blest-cantaros-sin-traslado\/","name":"uerto Blest e Los C\u00e1ntaros sem traslado | Rafting Villegas","isPartOf":{"@id":"https:\/\/raftingvillegas.com\/#website"},"primaryImageOfPage":{"@id":"https:\/\/raftingvillegas.com\/producto\/puerto-blest-cantaros-sin-traslado\/#primaryimage"},"image":{"@id":"https:\/\/raftingvillegas.com\/producto\/puerto-blest-cantaros-sin-traslado\/#primaryimage"},"thumbnailUrl":"https:\/\/raftingvillegas.com\/wp-content\/uploads\/sites\/11\/2025\/08\/13-A-4.jpg","datePublished":"2025-08-18T17:31:54+00:00","dateModified":"2026-04-04T13:37:55+00:00","description":"Descubra Puerto Blest e a cachoeira Los C\u00e1ntaros. Esta vers\u00e3o sem traslado \u00e9 ideal para quem chega diretamente a Puerto Pa\u00f1uelo.","breadcrumb":{"@id":"https:\/\/raftingvillegas.com\/producto\/puerto-blest-cantaros-sin-traslado\/#breadcrumb"},"inLanguage":"pt-BR","potentialAction":[{"@type":"ReadAction","target":["https:\/\/raftingvillegas.com\/producto\/puerto-blest-cantaros-sin-traslado\/"]}]},{"@type":"ImageObject","inLanguage":"pt-BR","@id":"https:\/\/raftingvillegas.com\/producto\/puerto-blest-cantaros-sin-traslado\/#primaryimage","url":"https:\/\/raftingvillegas.com\/wp-content\/uploads\/sites\/11\/2025\/08\/13-A-4.jpg","contentUrl":"https:\/\/raftingvillegas.com\/wp-content\/uploads\/sites\/11\/2025\/08\/13-A-4.jpg","width":850,"height":1133},{"@type":"BreadcrumbList","@id":"https:\/\/raftingvillegas.com\/producto\/puerto-blest-cantaros-sin-traslado\/#breadcrumb","itemListElement":[{"@type":"ListItem","position":1,"name":"Portada","item":"https:\/\/raftingvillegas.com\/"},{"@type":"ListItem","position":2,"name":"Tienda","item":"https:\/\/raftingvillegas.com\/tienda\/"},{"@type":"ListItem","position":3,"name":"Puerto Blest y Cascada \u201cLos Cantaros\u201d Sin Traslado"}]},{"@type":"WebSite","@id":"https:\/\/raftingvillegas.com\/#website","url":"https:\/\/raftingvillegas.com\/","name":"Rafting em Villegas","description":"Entregue-se ao rio, ven\u00e7a as corredeiras: rafting seguro e emocionante.","potentialAction":[{"@type":"SearchAction","target":{"@type":"EntryPoint","urlTemplate":"https:\/\/raftingvillegas.com\/?s={search_term_string}"},"query-input":{"@type":"PropertyValueSpecification","valueRequired":true,"valueName":"search_term_string"}}],"inLanguage":"pt-BR"}]},"product_price_amount":"136000.00","product_price_currency":"ARS","og_availability":"instock","product_availability":"instock","product_retailer_item_id":"ADV2025PUBLYC297O","product_condition":"new"},"_links":{"self":[{"href":"https:\/\/raftingvillegas.com\/pt\/wp-json\/wp\/v2\/product\/42","targetHints":{"allow":["GET"]}}],"collection":[{"href":"https:\/\/raftingvillegas.com\/pt\/wp-json\/wp\/v2\/product"}],"about":[{"href":"https:\/\/raftingvillegas.com\/pt\/wp-json\/wp\/v2\/types\/product"}],"replies":[{"embeddable":true,"href":"https:\/\/raftingvillegas.com\/pt\/wp-json\/wp\/v2\/comments?post=42"}],"wp:featuredmedia":[{"embeddable":true,"href":"https:\/\/raftingvillegas.com\/pt\/wp-json\/wp\/v2\/media\/254"}],"wp:attachment":[{"href":"https:\/\/raftingvillegas.com\/pt\/wp-json\/wp\/v2\/media?parent=42"}],"wp:term":[{"taxonomy":"product_brand","embeddable":true,"href":"https:\/\/raftingvillegas.com\/pt\/wp-json\/wp\/v2\/product_brand?post=42"},{"taxonomy":"product_cat","embeddable":true,"href":"https:\/\/raftingvillegas.com\/pt\/wp-json\/wp\/v2\/product_cat?post=42"},{"taxonomy":"product_tag","embeddable":true,"href":"https:\/\/raftingvillegas.com\/pt\/wp-json\/wp\/v2\/product_tag?post=42"}],"curies":[{"name":"wp","href":"https:\/\/api.w.org\/{rel}","templated":true}]}}