{"id":41,"date":"2025-08-18T19:31:34","date_gmt":"2025-08-18T17:31:34","guid":{"rendered":"https:\/\/raftingvillegas.com\/producto\/navegacion-por-nahuel-huapi-isla-victoria-y-bosque-de-arrayanes-sin-traslado\/"},"modified":"2026-04-04T15:38:02","modified_gmt":"2026-04-04T13:38:02","slug":"isla-victoria-arrayanes-sin-traslado","status":"publish","type":"product","link":"https:\/\/raftingvillegas.com\/pt\/produto\/victoria-arrayanes-island-sem-realocacao\/","title":{"rendered":"Navega\u00e7\u00e3o Nahuel Huapi: Ilha Victoria e Floresta Arrayanes sem traslado"},"content":{"rendered":"<h3 class=\"ai-optimize-21\" data-start=\"304\" data-end=\"381\">Experimente a ess\u00eancia da Patag\u00f4nia, com o apoio da Bariloche Excursiones<\/h3>\n<p class=\"ai-optimize-22 ai-optimize-introduction\" data-start=\"383\" data-end=\"761\">Navegue pelo Nahuel Huapi e conhe\u00e7a dois lugares inesquec\u00edveis: a espl\u00eandida Ilha Victoria e a encantadora Floresta de Arrayanes. \u00c9 a alternativa perfeita se voc\u00ea j\u00e1 estiver em Bariloche e quiser ir diretamente a Puerto Pa\u00f1uelo, para viajar no seu pr\u00f3prio ritmo, mas com nosso acompanhamento especializado que lhe garantir\u00e1 uma experi\u00eancia memor\u00e1vel.<\/p>\n<h3 class=\"ai-optimize-23\" data-start=\"763\" data-end=\"808\">Circuito e destaques<\/h3>\n<p class=\"ai-optimize-24\" data-start=\"810\" data-end=\"1136\">A viagem come\u00e7a no <strong data-start=\"832\" data-end=\"850\">Puerto Pa\u00f1uelo<\/strong>, no quil\u00f4metro 25 da Avenida Bustillo. De l\u00e1, voc\u00ea embarca em um catamar\u00e3 de vidro e navega cercado por paisagens \u00fanicas do Nahuel Huapi. A primeira parada: <strong data-start=\"1006\" data-end=\"1032\">Pen\u00ednsula de Quetrihu\u00e9<\/strong>, onde voc\u00ea caminhar\u00e1 por trilhas bem cuidadas na \u00fanica floresta de murtas do planeta.<\/p>\n<p class=\"ai-optimize-25\" data-start=\"1138\" data-end=\"1365\">Em seguida, o itiner\u00e1rio continua para <strong data-start=\"1166\" data-end=\"1183\">Ilha Victoria<\/strong>, um para\u00edso patag\u00f4nico atravessado por trilhas que o levam ao <strong data-start=\"1246\" data-end=\"1264\">Praia de El Toro<\/strong>, O local \u00e9 um lugar impressionante de areia vulc\u00e2nica e vest\u00edgios culturais antigos, como pinturas rupestres.<\/p>\n<h3 class=\"ai-optimize-26\" data-start=\"1367\" data-end=\"1387\">Informa\u00e7\u00f5es pr\u00e1ticas<\/h3>\n<ul data-start=\"1389\" data-end=\"1663\">\n<li class=\"ai-optimize-27\" data-start=\"1389\" data-end=\"1435\">\n<p class=\"ai-optimize-28\" data-start=\"1391\" data-end=\"1435\"><strong data-start=\"1391\" data-end=\"1412\">Dura\u00e7\u00e3o aproximada<\/strong>: das 13:00 \u00e0s 18:30 hs.<\/p>\n<\/li>\n<li class=\"ai-optimize-29\" data-start=\"1436\" data-end=\"1521\">\n<p class=\"ai-optimize-30\" data-start=\"1438\" data-end=\"1521\"><strong data-start=\"1438\" data-end=\"1449\">Inclui<\/strong>Passeio de catamar\u00e3 e guia durante todo o percurso.<\/p>\n<\/li>\n<li class=\"ai-optimize-31\" data-start=\"1522\" data-end=\"1663\">\n<p class=\"ai-optimize-32\" data-start=\"1524\" data-end=\"1663\"><strong data-start=\"1524\" data-end=\"1538\">N\u00e3o inclui<\/strong>Traslado para Puerto Pa\u00f1uelo, taxas portu\u00e1rias e ingressos para o Parque Nacional, sem refei\u00e7\u00f5es (h\u00e1 alternativas a bordo e na ilha).<\/p>\n<\/li>\n<\/ul>\n<h3 class=\"ai-optimize-33\" data-start=\"1665\" data-end=\"1694\">Como ir por conta pr\u00f3pria<\/h3>\n<p class=\"ai-optimize-34\" data-start=\"1696\" data-end=\"1943\">Puerto Pa\u00f1uelo fica a apenas meia hora do centro de Bariloche, no km 25 da Avenida Bustillo. Voc\u00ea pode chegar l\u00e1 facilmente de carro, remis ou \u00f4nibus. Quando voc\u00ea confirmar sua reserva, forneceremos todas as informa\u00e7\u00f5es necess\u00e1rias para que voc\u00ea chegue l\u00e1 sem complica\u00e7\u00f5es.<\/p>\n<h3 class=\"ai-optimize-35\" data-start=\"1950\" data-end=\"1974\">Perguntas frequentes<\/h3>\n<p class=\"ai-optimize-36\" data-start=\"1976\" data-end=\"2212\"><strong data-start=\"1976\" data-end=\"2028\">Como s\u00e3o pagas as taxas do parque e de embarque?<\/strong><br data-start=\"2028\" data-end=\"2031\" \/>Voc\u00ea paga em dinheiro no mesmo dia, assim que chegar a Puerto Pa\u00f1uelo. Moradores de Bariloche, pessoas com defici\u00eancia, crian\u00e7as com menos de 6 anos de idade e aposentados nacionais n\u00e3o pagam.<\/p>\n<p class=\"ai-optimize-37\" data-start=\"2214\" data-end=\"2368\"><strong data-start=\"2214\" data-end=\"2260\">Os turistas estrangeiros recebem descontos?<\/strong><br data-start=\"2260\" data-end=\"2263\" \/>N\u00e3o, os benef\u00edcios da taxa s\u00e3o reservados para residentes argentinos com documenta\u00e7\u00e3o v\u00e1lida.<\/p>\n<p class=\"ai-optimize-38\" data-start=\"2370\" data-end=\"2524\"><strong data-start=\"2370\" data-end=\"2402\">Qual navio est\u00e1 realizando a excurs\u00e3o?<\/strong><br data-start=\"2402\" data-end=\"2405\" \/>Em geral, a sa\u00edda \u00e9 feita da forma tradicional <strong data-start=\"2457\" data-end=\"2477\">Modesta Victoria<\/strong>, mas pode variar de acordo com a disponibilidade.<\/p>\n<p class=\"ai-optimize-39\" data-start=\"2526\" data-end=\"2689\"><strong data-start=\"2526\" data-end=\"2587\">Posso levar minha pr\u00f3pria comida ou h\u00e1 alguma proposta gastron\u00f4mica?<\/strong><br data-start=\"2587\" data-end=\"2590\" \/>Se desejar, voc\u00ea pode levar sua pr\u00f3pria comida ou escolher entre as op\u00e7\u00f5es de lanches e bebidas no catamar\u00e3 ou na ilha.<\/p>","protected":false},"excerpt":{"rendered":"<p class=\"ai-optimize-6\">Vivi uma experi\u00eancia inesquec\u00edvel no <strong>Ilha Victoria<\/strong> e o <strong>Floresta Myrtle<\/strong>, localizado no cora\u00e7\u00e3o da Patag\u00f4nia. Descubra a beleza de tirar o f\u00f4lego da <strong>Lago Nahuel Huapi<\/strong> enquanto voc\u00ea caminha por trilhas cercadas por uma flora abundante e encontra vest\u00edgios de culturas antigas. Aproveite essa oportunidade \u00fanica em um ambiente natural incompar\u00e1vel.<\/p>","protected":false},"featured_media":250,"comment_status":"open","ping_status":"closed","template":"","meta":[],"product_brand":[],"product_cat":[17,22,25,26,28,32,33,37],"product_tag":[],"class_list":{"0":"post-41","1":"product","2":"type-product","3":"status-publish","4":"has-post-thumbnail","6":"product_cat-adultos","7":"product_cat-familia","8":"product_cat-jubilados","9":"product_cat-lacustre","10":"product_cat-ninos","11":"product_cat-sin-comida","12":"product_cat-sin-traslado","13":"product_cat-todo-el-ano","15":"first","16":"instock","17":"virtual","18":"sold-individually","19":"purchasable","20":"product-type-booking"},"booking_location":"","booking_location_type":"","booking_duration":60,"booking_duration_unit":"minute","booking_buffer":0,"booking_cost":0,"booking_resources":[],"exclude_global_add_ons":false,"addons":[{"name":"ADU: Adulto","type":"input_multiplier","position":0,"required":false,"title_format":"label","default":"","description_enable":false,"description":"","placeholder_enable":false,"placeholder":"","display":"select","restrictions_type":"any_text","adjust_price":true,"price":"136000","price_type":"quantity_based","restrictions":false,"min":"0","max":"0","options":[],"id":1773233738},{"name":"MEN512 | 5 a 12","type":"input_multiplier","position":1,"required":false,"title_format":"label","default":"","description_enable":false,"description":"","placeholder_enable":false,"placeholder":"","display":"select","restrictions_type":"any_text","adjust_price":true,"price":"70000","price_type":"quantity_based","restrictions":false,"min":"0","max":"0","options":[],"id":1773233739},{"name":"ADUJ : Aposentado","type":"input_multiplier","position":2,"required":false,"title_format":"label","default":"","description_enable":false,"description":"","placeholder_enable":false,"placeholder":"","display":"select","restrictions_type":"any_text","adjust_price":true,"price":"70000","price_type":"quantity_based","restrictions":false,"min":"0","max":"0","options":[],"id":1773233740}],"yoast_head":"<!-- This site is optimized with the Yoast SEO Premium plugin v25.2 (Yoast SEO v25.2) - https:\/\/yoast.com\/wordpress\/plugins\/seo\/ -->\n<title>Isla Victoria y Arrayanes sin traslado | Rafting Villegas<\/title>\n<meta name=\"description\" content=\"Naveg\u00e1 por tu cuenta hasta Isla Victoria y el Bosque de Arrayanes. Una experiencia natural entre aguas cristalinas y senderos.\" \/>\n<meta name=\"robots\" content=\"index, follow, max-snippet:-1, max-image-preview:large, max-video-preview:-1\" \/>\n<link rel=\"canonical\" href=\"https:\/\/raftingvillegas.com\/pt\/produto\/victoria-arrayanes-island-sem-realocacao\/\" \/>\n<meta property=\"og:locale\" content=\"pt_BR\" \/>\n<meta property=\"og:type\" content=\"article\" \/>\n<meta property=\"og:title\" content=\"Navegaci\u00f3n por Nahuel Huapi: Isla Victoria y Bosque de Arrayanes sin traslado\" \/>\n<meta property=\"og:description\" content=\"Naveg\u00e1 por tu cuenta hasta Isla Victoria y el Bosque de Arrayanes. Una experiencia natural entre aguas cristalinas y senderos.\" \/>\n<meta property=\"og:url\" content=\"https:\/\/raftingvillegas.com\/pt\/produto\/victoria-arrayanes-island-sem-realocacao\/\" \/>\n<meta property=\"og:site_name\" content=\"Rafting Villegas\" \/>\n<meta property=\"article:modified_time\" content=\"2026-04-04T13:38:02+00:00\" \/>\n<meta property=\"og:image\" content=\"https:\/\/raftingvillegas.com\/wp-content\/uploads\/sites\/11\/2025\/08\/13-A-487507540_1113613250796528_7685061060503269278_n.jpg\" \/>\n\t<meta property=\"og:image:width\" content=\"850\" \/>\n\t<meta property=\"og:image:height\" content=\"1133\" \/>\n\t<meta property=\"og:image:type\" content=\"image\/jpeg\" \/>\n<meta name=\"twitter:card\" content=\"summary_large_image\" \/>\n<meta name=\"twitter:label1\" content=\"Pre\u00e7o\" \/>\n\t<meta name=\"twitter:data1\" content=\"&#036;163,200.00\" \/>\n\t<meta name=\"twitter:label2\" content=\"Disponibilidade\" \/>\n\t<meta name=\"twitter:data2\" content=\"Em Estoque\" \/>\n<script type=\"application\/ld+json\" class=\"yoast-schema-graph\">{\"@context\":\"https:\/\/schema.org\",\"@graph\":[{\"@type\":[\"WebPage\",\"ItemPage\"],\"@id\":\"https:\/\/raftingvillegas.com\/producto\/isla-victoria-arrayanes-sin-traslado\/\",\"url\":\"https:\/\/raftingvillegas.com\/producto\/isla-victoria-arrayanes-sin-traslado\/\",\"name\":\"Isla Victoria y Arrayanes sin traslado | Rafting Villegas\",\"isPartOf\":{\"@id\":\"https:\/\/raftingvillegas.com\/#website\"},\"primaryImageOfPage\":{\"@id\":\"https:\/\/raftingvillegas.com\/producto\/isla-victoria-arrayanes-sin-traslado\/#primaryimage\"},\"image\":{\"@id\":\"https:\/\/raftingvillegas.com\/producto\/isla-victoria-arrayanes-sin-traslado\/#primaryimage\"},\"thumbnailUrl\":\"https:\/\/raftingvillegas.com\/wp-content\/uploads\/sites\/11\/2025\/08\/13-A-487507540_1113613250796528_7685061060503269278_n.jpg\",\"datePublished\":\"2025-08-18T17:31:34+00:00\",\"dateModified\":\"2026-04-04T13:38:02+00:00\",\"description\":\"Naveg\u00e1 por tu cuenta hasta Isla Victoria y el Bosque de Arrayanes. Una experiencia natural entre aguas cristalinas y senderos.\",\"breadcrumb\":{\"@id\":\"https:\/\/raftingvillegas.com\/producto\/isla-victoria-arrayanes-sin-traslado\/#breadcrumb\"},\"inLanguage\":\"pt-BR\",\"potentialAction\":[{\"@type\":\"ReadAction\",\"target\":[\"https:\/\/raftingvillegas.com\/producto\/isla-victoria-arrayanes-sin-traslado\/\"]}]},{\"@type\":\"ImageObject\",\"inLanguage\":\"pt-BR\",\"@id\":\"https:\/\/raftingvillegas.com\/producto\/isla-victoria-arrayanes-sin-traslado\/#primaryimage\",\"url\":\"https:\/\/raftingvillegas.com\/wp-content\/uploads\/sites\/11\/2025\/08\/13-A-487507540_1113613250796528_7685061060503269278_n.jpg\",\"contentUrl\":\"https:\/\/raftingvillegas.com\/wp-content\/uploads\/sites\/11\/2025\/08\/13-A-487507540_1113613250796528_7685061060503269278_n.jpg\",\"width\":850,\"height\":1133},{\"@type\":\"BreadcrumbList\",\"@id\":\"https:\/\/raftingvillegas.com\/producto\/isla-victoria-arrayanes-sin-traslado\/#breadcrumb\",\"itemListElement\":[{\"@type\":\"ListItem\",\"position\":1,\"name\":\"Portada\",\"item\":\"https:\/\/raftingvillegas.com\/\"},{\"@type\":\"ListItem\",\"position\":2,\"name\":\"Tienda\",\"item\":\"https:\/\/raftingvillegas.com\/tienda\/\"},{\"@type\":\"ListItem\",\"position\":3,\"name\":\"Navegaci\u00f3n por Nahuel Huapi: Isla Victoria y Bosque de Arrayanes sin traslado\"}]},{\"@type\":\"WebSite\",\"@id\":\"https:\/\/raftingvillegas.com\/#website\",\"url\":\"https:\/\/raftingvillegas.com\/\",\"name\":\"Rafting Villegas\",\"description\":\"R\u00edndete al r\u00edo, conquista los r\u00e1pidos: rafting seguro y emocionante.\",\"potentialAction\":[{\"@type\":\"SearchAction\",\"target\":{\"@type\":\"EntryPoint\",\"urlTemplate\":\"https:\/\/raftingvillegas.com\/?s={search_term_string}\"},\"query-input\":{\"@type\":\"PropertyValueSpecification\",\"valueRequired\":true,\"valueName\":\"search_term_string\"}}],\"inLanguage\":\"pt-BR\"}]}<\/script>\n<meta property=\"product:price:amount\" content=\"163200.00\" \/>\n<meta property=\"product:price:currency\" content=\"ARS\" \/>\n<meta property=\"og:availability\" content=\"instock\" \/>\n<meta property=\"product:availability\" content=\"instock\" \/>\n<meta property=\"product:retailer_item_id\" content=\"ADV2025ISVIYB4A10\" \/>\n<meta property=\"product:condition\" content=\"new\" \/>\n<!-- \/ Yoast SEO Premium plugin. -->","yoast_head_json":{"title":"Isla Victoria e Arrayanes sem traslado | Rafting Villegas","description":"Navegue por conta pr\u00f3pria at\u00e9 a Ilha Victoria e a Floresta Arrayanes. Uma experi\u00eancia natural entre \u00e1guas cristalinas e trilhas.","robots":{"index":"index","follow":"follow","max-snippet":"max-snippet:-1","max-image-preview":"max-image-preview:large","max-video-preview":"max-video-preview:-1"},"canonical":"https:\/\/raftingvillegas.com\/pt\/produto\/victoria-arrayanes-island-sem-realocacao\/","og_locale":"pt_BR","og_type":"article","og_title":"Navegaci\u00f3n por Nahuel Huapi: Isla Victoria y Bosque de Arrayanes sin traslado","og_description":"Naveg\u00e1 por tu cuenta hasta Isla Victoria y el Bosque de Arrayanes. Una experiencia natural entre aguas cristalinas y senderos.","og_url":"https:\/\/raftingvillegas.com\/pt\/produto\/victoria-arrayanes-island-sem-realocacao\/","og_site_name":"Rafting Villegas","article_modified_time":"2026-04-04T13:38:02+00:00","og_image":[{"width":850,"height":1133,"url":"https:\/\/raftingvillegas.com\/wp-content\/uploads\/sites\/11\/2025\/08\/13-A-487507540_1113613250796528_7685061060503269278_n.jpg","type":"image\/jpeg"}],"twitter_card":"summary_large_image","twitter_misc":{"Pre\u00e7o":"&#36;163,200.00","Disponibilidade":"Em Estoque"},"schema":{"@context":"https:\/\/schema.org","@graph":[{"@type":["WebPage","ItemPage"],"@id":"https:\/\/raftingvillegas.com\/producto\/isla-victoria-arrayanes-sin-traslado\/","url":"https:\/\/raftingvillegas.com\/producto\/isla-victoria-arrayanes-sin-traslado\/","name":"Isla Victoria e Arrayanes sem traslado | Rafting Villegas","isPartOf":{"@id":"https:\/\/raftingvillegas.com\/#website"},"primaryImageOfPage":{"@id":"https:\/\/raftingvillegas.com\/producto\/isla-victoria-arrayanes-sin-traslado\/#primaryimage"},"image":{"@id":"https:\/\/raftingvillegas.com\/producto\/isla-victoria-arrayanes-sin-traslado\/#primaryimage"},"thumbnailUrl":"https:\/\/raftingvillegas.com\/wp-content\/uploads\/sites\/11\/2025\/08\/13-A-487507540_1113613250796528_7685061060503269278_n.jpg","datePublished":"2025-08-18T17:31:34+00:00","dateModified":"2026-04-04T13:38:02+00:00","description":"Navegue por conta pr\u00f3pria at\u00e9 a Ilha Victoria e a Floresta Arrayanes. Uma experi\u00eancia natural entre \u00e1guas cristalinas e trilhas.","breadcrumb":{"@id":"https:\/\/raftingvillegas.com\/producto\/isla-victoria-arrayanes-sin-traslado\/#breadcrumb"},"inLanguage":"pt-BR","potentialAction":[{"@type":"ReadAction","target":["https:\/\/raftingvillegas.com\/producto\/isla-victoria-arrayanes-sin-traslado\/"]}]},{"@type":"ImageObject","inLanguage":"pt-BR","@id":"https:\/\/raftingvillegas.com\/producto\/isla-victoria-arrayanes-sin-traslado\/#primaryimage","url":"https:\/\/raftingvillegas.com\/wp-content\/uploads\/sites\/11\/2025\/08\/13-A-487507540_1113613250796528_7685061060503269278_n.jpg","contentUrl":"https:\/\/raftingvillegas.com\/wp-content\/uploads\/sites\/11\/2025\/08\/13-A-487507540_1113613250796528_7685061060503269278_n.jpg","width":850,"height":1133},{"@type":"BreadcrumbList","@id":"https:\/\/raftingvillegas.com\/producto\/isla-victoria-arrayanes-sin-traslado\/#breadcrumb","itemListElement":[{"@type":"ListItem","position":1,"name":"Portada","item":"https:\/\/raftingvillegas.com\/"},{"@type":"ListItem","position":2,"name":"Tienda","item":"https:\/\/raftingvillegas.com\/tienda\/"},{"@type":"ListItem","position":3,"name":"Navegaci\u00f3n por Nahuel Huapi: Isla Victoria y Bosque de Arrayanes sin traslado"}]},{"@type":"WebSite","@id":"https:\/\/raftingvillegas.com\/#website","url":"https:\/\/raftingvillegas.com\/","name":"Rafting em Villegas","description":"Entregue-se ao rio, ven\u00e7a as corredeiras: rafting seguro e emocionante.","potentialAction":[{"@type":"SearchAction","target":{"@type":"EntryPoint","urlTemplate":"https:\/\/raftingvillegas.com\/?s={search_term_string}"},"query-input":{"@type":"PropertyValueSpecification","valueRequired":true,"valueName":"search_term_string"}}],"inLanguage":"pt-BR"}]},"product_price_amount":"163200.00","product_price_currency":"ARS","og_availability":"instock","product_availability":"instock","product_retailer_item_id":"ADV2025ISVIYB4A10","product_condition":"new"},"_links":{"self":[{"href":"https:\/\/raftingvillegas.com\/pt\/wp-json\/wp\/v2\/product\/41","targetHints":{"allow":["GET"]}}],"collection":[{"href":"https:\/\/raftingvillegas.com\/pt\/wp-json\/wp\/v2\/product"}],"about":[{"href":"https:\/\/raftingvillegas.com\/pt\/wp-json\/wp\/v2\/types\/product"}],"replies":[{"embeddable":true,"href":"https:\/\/raftingvillegas.com\/pt\/wp-json\/wp\/v2\/comments?post=41"}],"wp:featuredmedia":[{"embeddable":true,"href":"https:\/\/raftingvillegas.com\/pt\/wp-json\/wp\/v2\/media\/250"}],"wp:attachment":[{"href":"https:\/\/raftingvillegas.com\/pt\/wp-json\/wp\/v2\/media?parent=41"}],"wp:term":[{"taxonomy":"product_brand","embeddable":true,"href":"https:\/\/raftingvillegas.com\/pt\/wp-json\/wp\/v2\/product_brand?post=41"},{"taxonomy":"product_cat","embeddable":true,"href":"https:\/\/raftingvillegas.com\/pt\/wp-json\/wp\/v2\/product_cat?post=41"},{"taxonomy":"product_tag","embeddable":true,"href":"https:\/\/raftingvillegas.com\/pt\/wp-json\/wp\/v2\/product_tag?post=41"}],"curies":[{"name":"wp","href":"https:\/\/api.w.org\/{rel}","templated":true}]}}