{"id":40,"date":"2025-08-18T19:31:11","date_gmt":"2025-08-18T17:31:11","guid":{"rendered":"https:\/\/raftingvillegas.com\/producto\/excursion-a-puerto-blest-y-lago-frias-con-traslado\/"},"modified":"2026-04-02T05:06:36","modified_gmt":"2026-04-02T03:06:36","slug":"puerto-blest-lago-frias-con-traslado","status":"publish","type":"product","link":"https:\/\/raftingvillegas.com\/pt\/produto\/puerto-blest-lago-frias-com-traslado\/","title":{"rendered":"Excurs\u00e3o a Puerto Blest e Lago Frias com traslado"},"content":{"rendered":"<h2 class=\"ai-optimize-22\">Conhe\u00e7a a grandeza de Puerto Blest e a cachoeira \u201cLos C\u00e1ntaros\u201d.\u201d<\/h2>\n<p class=\"ai-optimize-23 ai-optimize-introduction\">Comece essa experi\u00eancia \u00fanica a partir do charmoso <strong>Puerto Pa\u00f1uelo<\/strong>, O passeio de barco dura cerca de uma hora, a poucos minutos do centro de San Carlos de Bariloche. Em um passeio de barco de aproximadamente uma hora, voc\u00ea visitar\u00e1 o famoso <strong>Ilhota Sentinela<\/strong>, famoso por ser o local de descanso dos restos mortais do amado Perito Moreno.<\/p>\n<p class=\"ai-optimize-24\">A caminhada continua em dire\u00e7\u00e3o a passarelas panor\u00e2micas, ideais para se maravilhar com a impressionante <strong>Cachoeira Los C\u00e1ntaros<\/strong>. Esse espet\u00e1culo natural, cercado por paredes de granito e guardado por um lari\u00e7o milenar com mais de 1.500 anos de idade, convida voc\u00ea a vivenciar um momento irrepet\u00edvel.<\/p>\n<h3 class=\"ai-optimize-25\">Navega\u00e7\u00e3o inesquec\u00edvel no lago<\/h3>\n<p class=\"ai-optimize-26\">Suba a bordo do moderno catamar\u00e3 e surpreenda-se com <strong>vistas deslumbrantes do Lago Nahuel Huapi<\/strong> juntamente com a grandeza do <strong>Cordilheira dos Andes<\/strong>. Senti a energia de suas ilhas e paisagens, \u00fanicas em todo o sul da Argentina.<\/p>\n<h2 class=\"ai-optimize-27\">Mergulhe no Lago Frias: um tesouro inexplorado<\/h2>\n<p class=\"ai-optimize-28\">Ao chegar a Puerto Blest, um daqueles lugares que fazem com que viajantes de todo o mundo se apaixonem, voc\u00ea ser\u00e1 recebido pela m\u00e1gica <strong>Lago Frias<\/strong>. A incr\u00edvel cor verde de suas \u00e1guas, devido aos sedimentos que descem da geleira do Cerro Tronador, vai deix\u00e1-lo sem palavras.<\/p>\n<p class=\"ai-optimize-29\">Aqueles que quiserem prolongar o prazer podem pegar um \u00f4nibus de 3 km para <strong>Porto Alegre<\/strong> e, de l\u00e1, embarque em uma aventura ainda mais \u00edntima nesse lago de tons espetaculares.<\/p>\n<h3 class=\"ai-optimize-30\">Op\u00e7\u00f5es para o aproveitamento total<\/h3>\n<ul>\n<li class=\"ai-optimize-31\">Passeios guiados a p\u00e9 pela exuberante floresta tropical de Vald\u00edvia, ideal para os amantes da natureza.<\/li>\n<li class=\"ai-optimize-32\">Passeios de barco no calmo Lago Frias, com cart\u00f5es postais que voc\u00ea sempre desejar\u00e1 compartilhar.<\/li>\n<\/ul>\n<h2 class=\"ai-optimize-33\">Principais detalhes da excurs\u00e3o<\/h2>\n<ul>\n<li class=\"ai-optimize-34\"><strong>Dura\u00e7\u00e3o:<\/strong> Aproximadamente das 9:00 \u00e0s 17:30 horas.<\/li>\n<li class=\"ai-optimize-35\"><strong>Ele inclui:<\/strong> Traslados de ida e volta, guia a bordo e caminhada interpretativa.<\/li>\n<li class=\"ai-optimize-36\"><strong>N\u00e3o inclu\u00eddo:<\/strong> Refei\u00e7\u00f5es (dispon\u00edveis nos Paradores) e taxas de entrada nos Parques Nacionais.<\/li>\n<\/ul>\n<h2 class=\"ai-optimize-37\">Consultas comuns<\/h2>\n<ul>\n<li class=\"ai-optimize-38\"><strong>Onde posso pagar as taxas de entrada no Parque Nacional?<\/strong><br \/>\nO pagamento \u00e9 feito no dia da excurs\u00e3o em Puerto Pa\u00f1uelo, em dinheiro e somente em pesos argentinos. Residentes e crian\u00e7as de at\u00e9 cinco anos de idade t\u00eam benef\u00edcios especiais.<\/li>\n<li class=\"ai-optimize-39\"><strong>Os aposentados do exterior t\u00eam desconto?<\/strong><br \/>\nN\u00e3o, os descontos s\u00e3o exclusivos para os aposentados do pa\u00eds, que devem apresentar o cart\u00e3o correspondente no momento do embarque.<\/li>\n<li class=\"ai-optimize-40\"><strong>Posso levar minha pr\u00f3pria comida?<\/strong><br \/>\n\u00c9 claro que voc\u00ea pode levar seu pr\u00f3prio almo\u00e7o ou comprar comida a bordo ou nas v\u00e1rias paradas ao longo do caminho.<\/li>\n<li class=\"ai-optimize-41\"><strong>Qual \u00e9 o navio que faz essas viagens?<\/strong><br \/>\nO hist\u00f3rico Modesta Victoria \u00e9 geralmente usado, embora possam ser feitas altera\u00e7\u00f5es sujeitas \u00e0 disponibilidade sem aviso pr\u00e9vio.<\/li>\n<li class=\"ai-optimize-42\"><strong>Ele pode ser adicionado a outros pontos de venda?<\/strong><br \/>\nSim, se voc\u00ea reservar \u00e0 tarde, \u00e9 uma excelente oportunidade de combin\u00e1-lo com o Circuito Chico e aproveitar um dia inteiro.<\/li>\n<\/ul>","protected":false},"excerpt":{"rendered":"<p class=\"ai-optimize-6\">Desfrute de uma proposta \u00fanica em Puerto Blest e na Cachoeira Los C\u00e1ntaros. Fa\u00e7a uma excurs\u00e3o no lago e maravilhe-se com as paisagens incompar\u00e1veis do Lago Frias. Garanta j\u00e1 seu lugar e conecte-se com um ambiente natural que o surpreender\u00e1.<\/p>","protected":false},"featured_media":258,"comment_status":"open","ping_status":"closed","template":"","meta":[],"product_brand":[],"product_cat":[17,21,22,25,26,28,32,37],"product_tag":[],"class_list":{"0":"post-40","1":"product","2":"type-product","3":"status-publish","4":"has-post-thumbnail","6":"product_cat-adultos","7":"product_cat-con-traslado","8":"product_cat-familia","9":"product_cat-jubilados","10":"product_cat-lacustre","11":"product_cat-ninos","12":"product_cat-sin-comida","13":"product_cat-todo-el-ano","15":"first","16":"instock","17":"virtual","18":"sold-individually","19":"purchasable","20":"product-type-booking"},"booking_location":"","booking_location_type":"","booking_duration":60,"booking_duration_unit":"minute","booking_buffer":0,"booking_cost":0,"booking_resources":[],"exclude_global_add_ons":false,"addons":[{"name":"ADU: Adulto","type":"input_multiplier","position":0,"required":true,"title_format":"label","default":"","description_enable":false,"description":"","placeholder_enable":false,"placeholder":"","display":"select","restrictions_type":"any_text","adjust_price":true,"price":"212000","price_type":"quantity_based","restrictions":false,"min":"0","max":"0","options":[],"id":1773233993},{"name":"MEN512 | 5 a 12","type":"input_multiplier","position":1,"required":false,"title_format":"label","default":"","description_enable":false,"description":"","placeholder_enable":false,"placeholder":"","display":"select","restrictions_type":"any_text","adjust_price":true,"price":"119000","price_type":"quantity_based","restrictions":false,"min":"0","max":"0","options":[],"id":1773233994},{"name":"ADUJ : Aposentado","type":"input_multiplier","position":2,"required":false,"title_format":"label","default":"","description_enable":false,"description":"","placeholder_enable":false,"placeholder":"","display":"select","restrictions_type":"any_text","adjust_price":true,"price":"119000","price_type":"quantity_based","restrictions":false,"min":"0","max":"0","options":[],"id":1773233995}],"yoast_head":"<!-- This site is optimized with the Yoast SEO Premium plugin v25.2 (Yoast SEO v25.2) - https:\/\/yoast.com\/wordpress\/plugins\/seo\/ -->\n<title>Puerto Blest y Lago Fr\u00edas con traslado | Rafting Villegas<\/title>\n<meta name=\"description\" content=\"Explor\u00e1 Puerto Blest y Lago Fr\u00edas con traslado desde Bariloche. Navegaci\u00f3n, cascadas y vistas inolvidables de la Patagonia.\" \/>\n<meta name=\"robots\" content=\"index, follow, max-snippet:-1, max-image-preview:large, max-video-preview:-1\" \/>\n<link rel=\"canonical\" href=\"https:\/\/raftingvillegas.com\/pt\/produto\/puerto-blest-lago-frias-com-traslado\/\" \/>\n<meta property=\"og:locale\" content=\"pt_BR\" \/>\n<meta property=\"og:type\" content=\"article\" \/>\n<meta property=\"og:title\" content=\"Excursi\u00f3n a Puerto Blest y Lago Fr\u00edas con traslado\" \/>\n<meta property=\"og:description\" content=\"Explor\u00e1 Puerto Blest y Lago Fr\u00edas con traslado desde Bariloche. Navegaci\u00f3n, cascadas y vistas inolvidables de la Patagonia.\" \/>\n<meta property=\"og:url\" content=\"https:\/\/raftingvillegas.com\/pt\/produto\/puerto-blest-lago-frias-com-traslado\/\" \/>\n<meta property=\"og:site_name\" content=\"Rafting Villegas\" \/>\n<meta property=\"article:modified_time\" content=\"2026-04-02T03:06:36+00:00\" \/>\n<meta property=\"og:image\" content=\"https:\/\/raftingvillegas.com\/wp-content\/uploads\/sites\/11\/2025\/08\/13-D-492224701_1131528602338326_8942229990772201456_n.jpg\" \/>\n\t<meta property=\"og:image:width\" content=\"850\" \/>\n\t<meta property=\"og:image:height\" content=\"1133\" \/>\n\t<meta property=\"og:image:type\" content=\"image\/jpeg\" \/>\n<meta name=\"twitter:card\" content=\"summary_large_image\" \/>\n<meta name=\"twitter:label1\" content=\"Pre\u00e7o\" \/>\n\t<meta name=\"twitter:data1\" content=\"&#036;212,000.00\" \/>\n\t<meta name=\"twitter:label2\" content=\"Disponibilidade\" \/>\n\t<meta name=\"twitter:data2\" content=\"Em Estoque\" \/>\n<script type=\"application\/ld+json\" class=\"yoast-schema-graph\">{\"@context\":\"https:\/\/schema.org\",\"@graph\":[{\"@type\":[\"WebPage\",\"ItemPage\"],\"@id\":\"https:\/\/raftingvillegas.com\/producto\/puerto-blest-lago-frias-con-traslado\/\",\"url\":\"https:\/\/raftingvillegas.com\/producto\/puerto-blest-lago-frias-con-traslado\/\",\"name\":\"Puerto Blest y Lago Fr\u00edas con traslado | Rafting Villegas\",\"isPartOf\":{\"@id\":\"https:\/\/raftingvillegas.com\/#website\"},\"primaryImageOfPage\":{\"@id\":\"https:\/\/raftingvillegas.com\/producto\/puerto-blest-lago-frias-con-traslado\/#primaryimage\"},\"image\":{\"@id\":\"https:\/\/raftingvillegas.com\/producto\/puerto-blest-lago-frias-con-traslado\/#primaryimage\"},\"thumbnailUrl\":\"https:\/\/raftingvillegas.com\/wp-content\/uploads\/sites\/11\/2025\/08\/13-D-492224701_1131528602338326_8942229990772201456_n.jpg\",\"datePublished\":\"2025-08-18T17:31:11+00:00\",\"dateModified\":\"2026-04-02T03:06:36+00:00\",\"description\":\"Explor\u00e1 Puerto Blest y Lago Fr\u00edas con traslado desde Bariloche. Navegaci\u00f3n, cascadas y vistas inolvidables de la Patagonia.\",\"breadcrumb\":{\"@id\":\"https:\/\/raftingvillegas.com\/producto\/puerto-blest-lago-frias-con-traslado\/#breadcrumb\"},\"inLanguage\":\"pt-BR\",\"potentialAction\":[{\"@type\":\"ReadAction\",\"target\":[\"https:\/\/raftingvillegas.com\/producto\/puerto-blest-lago-frias-con-traslado\/\"]}]},{\"@type\":\"ImageObject\",\"inLanguage\":\"pt-BR\",\"@id\":\"https:\/\/raftingvillegas.com\/producto\/puerto-blest-lago-frias-con-traslado\/#primaryimage\",\"url\":\"https:\/\/raftingvillegas.com\/wp-content\/uploads\/sites\/11\/2025\/08\/13-D-492224701_1131528602338326_8942229990772201456_n.jpg\",\"contentUrl\":\"https:\/\/raftingvillegas.com\/wp-content\/uploads\/sites\/11\/2025\/08\/13-D-492224701_1131528602338326_8942229990772201456_n.jpg\",\"width\":850,\"height\":1133},{\"@type\":\"BreadcrumbList\",\"@id\":\"https:\/\/raftingvillegas.com\/producto\/puerto-blest-lago-frias-con-traslado\/#breadcrumb\",\"itemListElement\":[{\"@type\":\"ListItem\",\"position\":1,\"name\":\"Portada\",\"item\":\"https:\/\/raftingvillegas.com\/\"},{\"@type\":\"ListItem\",\"position\":2,\"name\":\"Tienda\",\"item\":\"https:\/\/raftingvillegas.com\/tienda\/\"},{\"@type\":\"ListItem\",\"position\":3,\"name\":\"Excursi\u00f3n a Puerto Blest y Lago Fr\u00edas con traslado\"}]},{\"@type\":\"WebSite\",\"@id\":\"https:\/\/raftingvillegas.com\/#website\",\"url\":\"https:\/\/raftingvillegas.com\/\",\"name\":\"Rafting Villegas\",\"description\":\"R\u00edndete al r\u00edo, conquista los r\u00e1pidos: rafting seguro y emocionante.\",\"potentialAction\":[{\"@type\":\"SearchAction\",\"target\":{\"@type\":\"EntryPoint\",\"urlTemplate\":\"https:\/\/raftingvillegas.com\/?s={search_term_string}\"},\"query-input\":{\"@type\":\"PropertyValueSpecification\",\"valueRequired\":true,\"valueName\":\"search_term_string\"}}],\"inLanguage\":\"pt-BR\"}]}<\/script>\n<meta property=\"product:price:amount\" content=\"212000.00\" \/>\n<meta property=\"product:price:currency\" content=\"ARS\" \/>\n<meta property=\"og:availability\" content=\"instock\" \/>\n<meta property=\"product:availability\" content=\"instock\" \/>\n<meta property=\"product:retailer_item_id\" content=\"ADV2025PUBLYC9CR1\" \/>\n<meta property=\"product:condition\" content=\"new\" \/>\n<!-- \/ Yoast SEO Premium plugin. -->","yoast_head_json":{"title":"Puerto Blest e Lago Frias com traslado: Rafting Villegas","description":"Explore Puerto Blest e Lago Frias com traslado de Bariloche. Navega\u00e7\u00e3o, cachoeiras e vistas inesquec\u00edveis da Patag\u00f4nia.","robots":{"index":"index","follow":"follow","max-snippet":"max-snippet:-1","max-image-preview":"max-image-preview:large","max-video-preview":"max-video-preview:-1"},"canonical":"https:\/\/raftingvillegas.com\/pt\/produto\/puerto-blest-lago-frias-com-traslado\/","og_locale":"pt_BR","og_type":"article","og_title":"Excursi\u00f3n a Puerto Blest y Lago Fr\u00edas con traslado","og_description":"Explor\u00e1 Puerto Blest y Lago Fr\u00edas con traslado desde Bariloche. Navegaci\u00f3n, cascadas y vistas inolvidables de la Patagonia.","og_url":"https:\/\/raftingvillegas.com\/pt\/produto\/puerto-blest-lago-frias-com-traslado\/","og_site_name":"Rafting Villegas","article_modified_time":"2026-04-02T03:06:36+00:00","og_image":[{"width":850,"height":1133,"url":"https:\/\/raftingvillegas.com\/wp-content\/uploads\/sites\/11\/2025\/08\/13-D-492224701_1131528602338326_8942229990772201456_n.jpg","type":"image\/jpeg"}],"twitter_card":"summary_large_image","twitter_misc":{"Pre\u00e7o":"&#36;212,000.00","Disponibilidade":"Em Estoque"},"schema":{"@context":"https:\/\/schema.org","@graph":[{"@type":["WebPage","ItemPage"],"@id":"https:\/\/raftingvillegas.com\/producto\/puerto-blest-lago-frias-con-traslado\/","url":"https:\/\/raftingvillegas.com\/producto\/puerto-blest-lago-frias-con-traslado\/","name":"Puerto Blest e Lago Frias com traslado: Rafting Villegas","isPartOf":{"@id":"https:\/\/raftingvillegas.com\/#website"},"primaryImageOfPage":{"@id":"https:\/\/raftingvillegas.com\/producto\/puerto-blest-lago-frias-con-traslado\/#primaryimage"},"image":{"@id":"https:\/\/raftingvillegas.com\/producto\/puerto-blest-lago-frias-con-traslado\/#primaryimage"},"thumbnailUrl":"https:\/\/raftingvillegas.com\/wp-content\/uploads\/sites\/11\/2025\/08\/13-D-492224701_1131528602338326_8942229990772201456_n.jpg","datePublished":"2025-08-18T17:31:11+00:00","dateModified":"2026-04-02T03:06:36+00:00","description":"Explore Puerto Blest e Lago Frias com traslado de Bariloche. Navega\u00e7\u00e3o, cachoeiras e vistas inesquec\u00edveis da Patag\u00f4nia.","breadcrumb":{"@id":"https:\/\/raftingvillegas.com\/producto\/puerto-blest-lago-frias-con-traslado\/#breadcrumb"},"inLanguage":"pt-BR","potentialAction":[{"@type":"ReadAction","target":["https:\/\/raftingvillegas.com\/producto\/puerto-blest-lago-frias-con-traslado\/"]}]},{"@type":"ImageObject","inLanguage":"pt-BR","@id":"https:\/\/raftingvillegas.com\/producto\/puerto-blest-lago-frias-con-traslado\/#primaryimage","url":"https:\/\/raftingvillegas.com\/wp-content\/uploads\/sites\/11\/2025\/08\/13-D-492224701_1131528602338326_8942229990772201456_n.jpg","contentUrl":"https:\/\/raftingvillegas.com\/wp-content\/uploads\/sites\/11\/2025\/08\/13-D-492224701_1131528602338326_8942229990772201456_n.jpg","width":850,"height":1133},{"@type":"BreadcrumbList","@id":"https:\/\/raftingvillegas.com\/producto\/puerto-blest-lago-frias-con-traslado\/#breadcrumb","itemListElement":[{"@type":"ListItem","position":1,"name":"Portada","item":"https:\/\/raftingvillegas.com\/"},{"@type":"ListItem","position":2,"name":"Tienda","item":"https:\/\/raftingvillegas.com\/tienda\/"},{"@type":"ListItem","position":3,"name":"Excursi\u00f3n a Puerto Blest y Lago Fr\u00edas con traslado"}]},{"@type":"WebSite","@id":"https:\/\/raftingvillegas.com\/#website","url":"https:\/\/raftingvillegas.com\/","name":"Rafting em Villegas","description":"Entregue-se ao rio, ven\u00e7a as corredeiras: rafting seguro e emocionante.","potentialAction":[{"@type":"SearchAction","target":{"@type":"EntryPoint","urlTemplate":"https:\/\/raftingvillegas.com\/?s={search_term_string}"},"query-input":{"@type":"PropertyValueSpecification","valueRequired":true,"valueName":"search_term_string"}}],"inLanguage":"pt-BR"}]},"product_price_amount":"212000.00","product_price_currency":"ARS","og_availability":"instock","product_availability":"instock","product_retailer_item_id":"ADV2025PUBLYC9CR1","product_condition":"new"},"_links":{"self":[{"href":"https:\/\/raftingvillegas.com\/pt\/wp-json\/wp\/v2\/product\/40","targetHints":{"allow":["GET"]}}],"collection":[{"href":"https:\/\/raftingvillegas.com\/pt\/wp-json\/wp\/v2\/product"}],"about":[{"href":"https:\/\/raftingvillegas.com\/pt\/wp-json\/wp\/v2\/types\/product"}],"replies":[{"embeddable":true,"href":"https:\/\/raftingvillegas.com\/pt\/wp-json\/wp\/v2\/comments?post=40"}],"wp:featuredmedia":[{"embeddable":true,"href":"https:\/\/raftingvillegas.com\/pt\/wp-json\/wp\/v2\/media\/258"}],"wp:attachment":[{"href":"https:\/\/raftingvillegas.com\/pt\/wp-json\/wp\/v2\/media?parent=40"}],"wp:term":[{"taxonomy":"product_brand","embeddable":true,"href":"https:\/\/raftingvillegas.com\/pt\/wp-json\/wp\/v2\/product_brand?post=40"},{"taxonomy":"product_cat","embeddable":true,"href":"https:\/\/raftingvillegas.com\/pt\/wp-json\/wp\/v2\/product_cat?post=40"},{"taxonomy":"product_tag","embeddable":true,"href":"https:\/\/raftingvillegas.com\/pt\/wp-json\/wp\/v2\/product_tag?post=40"}],"curies":[{"name":"wp","href":"https:\/\/api.w.org\/{rel}","templated":true}]}}