{"id":39,"date":"2025-08-18T19:30:49","date_gmt":"2025-08-18T17:30:49","guid":{"rendered":"https:\/\/raftingvillegas.com\/producto\/puerto-blest-y-cascada-los-cantaros-con-traslado\/"},"modified":"2026-04-04T15:38:10","modified_gmt":"2026-04-04T13:38:10","slug":"puerto-blest-cantaros-con-traslado","status":"publish","type":"product","link":"https:\/\/raftingvillegas.com\/pt\/produto\/puerto-blest-cantaros-com-transferencia\/","title":{"rendered":"Puerto Blest e Cachoeira \u00abLos Cantaros\u00bb com traslado"},"content":{"rendered":"<h2 class=\"ai-optimize-22\">Experimente a magia de Puerto Blest e a cachoeira \u00abLos C\u00e1ntaros\u00bb.\u00bb<\/h2>\n<p class=\"ai-optimize-23 ai-optimize-introduction\">Venha redescobrir a Patag\u00f4nia argentina em um passeio exclusivo. Ao escolher este traslado, voc\u00ea partir\u00e1 do cora\u00e7\u00e3o de Bariloche at\u00e9 o emblem\u00e1tico Puerto Pa\u00f1uelo, a apenas 25 km do centro. Durante a viagem, deixe-se surpreender pela energia da paisagem da cordilheira e pela calma dos lagos do sul.<\/p>\n<h3 class=\"ai-optimize-24\">Uma jornada que marca voc\u00ea<\/h3>\n<p class=\"ai-optimize-25\">Embarque em um moderno catamar\u00e3 para uma navega\u00e7\u00e3o de quase uma hora. Durante o trajeto, conhe\u00e7a a ilhota Centinela, um local hist\u00f3rico que guarda os restos do grande Perito Moreno. A viagem termina entre as passarelas que levam ao imponente <strong>Cachoeira Los C\u00e1ntaros<\/strong>, As paredes de granito esculpidas pelas geleiras, puro testemunho da for\u00e7a da natureza, o surpreender\u00e3o.<\/p>\n<h3 class=\"ai-optimize-26\">Segredos escondidos em Puerto Blest<\/h3>\n<ul>\n<li class=\"ai-optimize-27\"><strong>Amazing Bay:<\/strong> Observe as paisagens majestosas da ba\u00eda e as \u00e1guas verdes do Lago Frias, nutridas pelo gelo eterno do Cerro Tronador.<\/li>\n<li class=\"ai-optimize-28\"><strong>Trilhas na floresta tropical de Vald\u00edvia:<\/strong> Ao caminhar entre os circuitos, voc\u00ea sentir\u00e1 a conex\u00e3o com uma biodiversidade que n\u00e3o \u00e9 encontrada em nenhum outro lugar.<\/li>\n<\/ul>\n<h3 class=\"ai-optimize-29\">A mem\u00f3ria que voc\u00ea vai querer contar<\/h3>\n<p class=\"ai-optimize-30\">O passeio termina com o retorno ao longo do Brazo Blest, enquanto o Cerro Tronador se despede com as cores do p\u00f4r do sol, dando a voc\u00ea o melhor cart\u00e3o postal para guardar de recorda\u00e7\u00e3o dessa viagem.<\/p>\n<h3 class=\"ai-optimize-31\">Informa\u00e7\u00f5es importantes<\/h3>\n<ul>\n<li class=\"ai-optimize-32\"><strong>Hor\u00e1rio:<\/strong> Das 9:00 \u00e0s 18:00 horas, aproximadamente.<\/li>\n<li class=\"ai-optimize-33\"><strong>Ele inclui:<\/strong> Traslado de ida e volta, passeio de catamar\u00e3 guiado e caminhadas acompanhadas por especialistas em natureza.<\/li>\n<li class=\"ai-optimize-34\"><strong>N\u00e3o inclu\u00eddo:<\/strong> Refei\u00e7\u00f5es (h\u00e1 alternativas gastron\u00f4micas na rota), taxas de entrada no Parque Nacional e taxas de embarque.<\/li>\n<\/ul>\n<h3 class=\"ai-optimize-35\">Perguntas frequentes<\/h3>\n<h4 class=\"ai-optimize-36\">Pessoas de qualquer idade podem participar?<\/h4>\n<p class=\"ai-optimize-37\">Em suma, a proposta foi projetada para ser desfrutada por jovens e idosos sem restri\u00e7\u00f5es.<\/p>\n<h4 class=\"ai-optimize-38\">Que roupas devo usar?<\/h4>\n<p class=\"ai-optimize-39\">\u00c9 aconselh\u00e1vel vestir roupas confort\u00e1veis e sapatos ou botas adequados para caminhadas, al\u00e9m de um casaco para o caso de o tempo mudar.<\/p>\n<h4 class=\"ai-optimize-40\">A cachoeira \u00abLos C\u00e1ntaros\u00bb fica aberta o ano todo?<\/h4>\n<p class=\"ai-optimize-41\">De modo geral, o passeio funciona durante todo o ano, embora na temporada de inverno sugerimos que voc\u00ea verifique a disponibilidade.<\/p>","protected":false},"excerpt":{"rendered":"<p class=\"ai-optimize-6\">Desfrute de uma experi\u00eancia \u00fanica a caminho de Puerto Blest e da imponente cachoeira \u00abLos C\u00e1ntaros\u00bb. Atravesse o Lago Nahuel Huapi de catamar\u00e3 e descubra a exuberante floresta valdiviana. Essa viagem oferece vistas inigual\u00e1veis e momentos de pleno contato com o ambiente natural. Garanta seu lugar e sinta a Patag\u00f4nia de uma forma \u00fanica.<\/p>","protected":false},"featured_media":251,"comment_status":"open","ping_status":"closed","template":"","meta":[],"product_brand":[],"product_cat":[17,21,22,25,26,28,32,37],"product_tag":[],"class_list":{"0":"post-39","1":"product","2":"type-product","3":"status-publish","4":"has-post-thumbnail","6":"product_cat-adultos","7":"product_cat-con-traslado","8":"product_cat-familia","9":"product_cat-jubilados","10":"product_cat-lacustre","11":"product_cat-ninos","12":"product_cat-sin-comida","13":"product_cat-todo-el-ano","15":"first","16":"instock","17":"virtual","18":"sold-individually","19":"purchasable","20":"product-type-booking"},"booking_location":"","booking_location_type":"","booking_duration":60,"booking_duration_unit":"minute","booking_buffer":0,"booking_cost":0,"booking_resources":[],"exclude_global_add_ons":false,"addons":[{"name":"ADU: Adulto","type":"input_multiplier","position":0,"required":false,"title_format":"label","default":"","description_enable":false,"description":"","placeholder_enable":false,"placeholder":"","display":"select","restrictions_type":"any_text","adjust_price":true,"price":"158000","price_type":"quantity_based","restrictions":false,"min":"0","max":"0","options":[],"id":1773234438},{"name":"MEN512 | 5 a 12","type":"input_multiplier","position":1,"required":false,"title_format":"label","default":"","description_enable":false,"description":"","placeholder_enable":false,"placeholder":"","display":"select","restrictions_type":"any_text","adjust_price":true,"price":"92000","price_type":"quantity_based","restrictions":false,"min":"0","max":"0","options":[],"id":1773234439},{"name":"ADUJ : Aposentado","type":"input_multiplier","position":2,"required":false,"title_format":"label","default":"","description_enable":false,"description":"","placeholder_enable":false,"placeholder":"","display":"select","restrictions_type":"any_text","adjust_price":true,"price":"92000","price_type":"quantity_based","restrictions":false,"min":"0","max":"0","options":[],"id":1773234440}],"yoast_head":"<!-- This site is optimized with the Yoast SEO Premium plugin v25.2 (Yoast SEO v25.2) - https:\/\/yoast.com\/wordpress\/plugins\/seo\/ -->\n<title>Puerto Blest y Los C\u00e1ntaros con traslado | Rafting Villegas<\/title>\n<meta name=\"description\" content=\"Naveg\u00e1 el Nahuel Huapi hasta Puerto Blest y Cascada Los C\u00e1ntaros. Traslado incluido y paisajes \u00fanicos de la selva valdiviana.\" \/>\n<meta name=\"robots\" content=\"index, follow, max-snippet:-1, max-image-preview:large, max-video-preview:-1\" \/>\n<link rel=\"canonical\" href=\"https:\/\/raftingvillegas.com\/pt\/produto\/puerto-blest-cantaros-com-transferencia\/\" \/>\n<meta property=\"og:locale\" content=\"pt_BR\" \/>\n<meta property=\"og:type\" content=\"article\" \/>\n<meta property=\"og:title\" content=\"Puerto Blest y Cascada &quot;Los Cantaros&quot; con traslado\" \/>\n<meta property=\"og:description\" content=\"Naveg\u00e1 el Nahuel Huapi hasta Puerto Blest y Cascada Los C\u00e1ntaros. Traslado incluido y paisajes \u00fanicos de la selva valdiviana.\" \/>\n<meta property=\"og:url\" content=\"https:\/\/raftingvillegas.com\/pt\/produto\/puerto-blest-cantaros-com-transferencia\/\" \/>\n<meta property=\"og:site_name\" content=\"Rafting Villegas\" \/>\n<meta property=\"article:modified_time\" content=\"2026-04-04T13:38:10+00:00\" \/>\n<meta property=\"og:image\" content=\"https:\/\/raftingvillegas.com\/wp-content\/uploads\/sites\/11\/2025\/08\/13-B-cascada-los-cantaros-2.jpg-copia.jpg\" \/>\n\t<meta property=\"og:image:width\" content=\"850\" \/>\n\t<meta property=\"og:image:height\" content=\"1133\" \/>\n\t<meta property=\"og:image:type\" content=\"image\/jpeg\" \/>\n<meta name=\"twitter:card\" content=\"summary_large_image\" \/>\n<meta name=\"twitter:label1\" content=\"Pre\u00e7o\" \/>\n\t<meta name=\"twitter:data1\" content=\"&#036;158,000.00\" \/>\n\t<meta name=\"twitter:label2\" content=\"Disponibilidade\" \/>\n\t<meta name=\"twitter:data2\" content=\"Em Estoque\" \/>\n<script type=\"application\/ld+json\" class=\"yoast-schema-graph\">{\"@context\":\"https:\/\/schema.org\",\"@graph\":[{\"@type\":[\"WebPage\",\"ItemPage\"],\"@id\":\"https:\/\/raftingvillegas.com\/producto\/puerto-blest-cantaros-con-traslado\/\",\"url\":\"https:\/\/raftingvillegas.com\/producto\/puerto-blest-cantaros-con-traslado\/\",\"name\":\"Puerto Blest y Los C\u00e1ntaros con traslado | Rafting Villegas\",\"isPartOf\":{\"@id\":\"https:\/\/raftingvillegas.com\/#website\"},\"primaryImageOfPage\":{\"@id\":\"https:\/\/raftingvillegas.com\/producto\/puerto-blest-cantaros-con-traslado\/#primaryimage\"},\"image\":{\"@id\":\"https:\/\/raftingvillegas.com\/producto\/puerto-blest-cantaros-con-traslado\/#primaryimage\"},\"thumbnailUrl\":\"https:\/\/raftingvillegas.com\/wp-content\/uploads\/sites\/11\/2025\/08\/13-B-cascada-los-cantaros-2.jpg-copia.jpg\",\"datePublished\":\"2025-08-18T17:30:49+00:00\",\"dateModified\":\"2026-04-04T13:38:10+00:00\",\"description\":\"Naveg\u00e1 el Nahuel Huapi hasta Puerto Blest y Cascada Los C\u00e1ntaros. Traslado incluido y paisajes \u00fanicos de la selva valdiviana.\",\"breadcrumb\":{\"@id\":\"https:\/\/raftingvillegas.com\/producto\/puerto-blest-cantaros-con-traslado\/#breadcrumb\"},\"inLanguage\":\"pt-BR\",\"potentialAction\":[{\"@type\":\"ReadAction\",\"target\":[\"https:\/\/raftingvillegas.com\/producto\/puerto-blest-cantaros-con-traslado\/\"]}]},{\"@type\":\"ImageObject\",\"inLanguage\":\"pt-BR\",\"@id\":\"https:\/\/raftingvillegas.com\/producto\/puerto-blest-cantaros-con-traslado\/#primaryimage\",\"url\":\"https:\/\/raftingvillegas.com\/wp-content\/uploads\/sites\/11\/2025\/08\/13-B-cascada-los-cantaros-2.jpg-copia.jpg\",\"contentUrl\":\"https:\/\/raftingvillegas.com\/wp-content\/uploads\/sites\/11\/2025\/08\/13-B-cascada-los-cantaros-2.jpg-copia.jpg\",\"width\":850,\"height\":1133},{\"@type\":\"BreadcrumbList\",\"@id\":\"https:\/\/raftingvillegas.com\/producto\/puerto-blest-cantaros-con-traslado\/#breadcrumb\",\"itemListElement\":[{\"@type\":\"ListItem\",\"position\":1,\"name\":\"Portada\",\"item\":\"https:\/\/raftingvillegas.com\/\"},{\"@type\":\"ListItem\",\"position\":2,\"name\":\"Tienda\",\"item\":\"https:\/\/raftingvillegas.com\/tienda\/\"},{\"@type\":\"ListItem\",\"position\":3,\"name\":\"Puerto Blest y Cascada \u00abLos Cantaros\u00bb con traslado\"}]},{\"@type\":\"WebSite\",\"@id\":\"https:\/\/raftingvillegas.com\/#website\",\"url\":\"https:\/\/raftingvillegas.com\/\",\"name\":\"Rafting Villegas\",\"description\":\"R\u00edndete al r\u00edo, conquista los r\u00e1pidos: rafting seguro y emocionante.\",\"potentialAction\":[{\"@type\":\"SearchAction\",\"target\":{\"@type\":\"EntryPoint\",\"urlTemplate\":\"https:\/\/raftingvillegas.com\/?s={search_term_string}\"},\"query-input\":{\"@type\":\"PropertyValueSpecification\",\"valueRequired\":true,\"valueName\":\"search_term_string\"}}],\"inLanguage\":\"pt-BR\"}]}<\/script>\n<meta property=\"product:price:amount\" content=\"158000.00\" \/>\n<meta property=\"product:price:currency\" content=\"ARS\" \/>\n<meta property=\"og:availability\" content=\"instock\" \/>\n<meta property=\"product:availability\" content=\"instock\" \/>\n<meta property=\"product:retailer_item_id\" content=\"ADV2025PUBLYCO2Q8\" \/>\n<meta property=\"product:condition\" content=\"new\" \/>\n<!-- \/ Yoast SEO Premium plugin. -->","yoast_head_json":{"title":"Puerto Blest e Los C\u00e1ntaros com traslado | Rafting Villegas","description":"Navegue pelo Nahuel Huapi at\u00e9 Puerto Blest e a cachoeira Los C\u00e1ntaros. Traslado inclu\u00eddo e paisagens \u00fanicas da floresta tropical valdiviana.","robots":{"index":"index","follow":"follow","max-snippet":"max-snippet:-1","max-image-preview":"max-image-preview:large","max-video-preview":"max-video-preview:-1"},"canonical":"https:\/\/raftingvillegas.com\/pt\/produto\/puerto-blest-cantaros-com-transferencia\/","og_locale":"pt_BR","og_type":"article","og_title":"Puerto Blest y Cascada \"Los Cantaros\" con traslado","og_description":"Naveg\u00e1 el Nahuel Huapi hasta Puerto Blest y Cascada Los C\u00e1ntaros. Traslado incluido y paisajes \u00fanicos de la selva valdiviana.","og_url":"https:\/\/raftingvillegas.com\/pt\/produto\/puerto-blest-cantaros-com-transferencia\/","og_site_name":"Rafting Villegas","article_modified_time":"2026-04-04T13:38:10+00:00","og_image":[{"width":850,"height":1133,"url":"https:\/\/raftingvillegas.com\/wp-content\/uploads\/sites\/11\/2025\/08\/13-B-cascada-los-cantaros-2.jpg-copia.jpg","type":"image\/jpeg"}],"twitter_card":"summary_large_image","twitter_misc":{"Pre\u00e7o":"&#36;158,000.00","Disponibilidade":"Em Estoque"},"schema":{"@context":"https:\/\/schema.org","@graph":[{"@type":["WebPage","ItemPage"],"@id":"https:\/\/raftingvillegas.com\/producto\/puerto-blest-cantaros-con-traslado\/","url":"https:\/\/raftingvillegas.com\/producto\/puerto-blest-cantaros-con-traslado\/","name":"Puerto Blest e Los C\u00e1ntaros com traslado | Rafting Villegas","isPartOf":{"@id":"https:\/\/raftingvillegas.com\/#website"},"primaryImageOfPage":{"@id":"https:\/\/raftingvillegas.com\/producto\/puerto-blest-cantaros-con-traslado\/#primaryimage"},"image":{"@id":"https:\/\/raftingvillegas.com\/producto\/puerto-blest-cantaros-con-traslado\/#primaryimage"},"thumbnailUrl":"https:\/\/raftingvillegas.com\/wp-content\/uploads\/sites\/11\/2025\/08\/13-B-cascada-los-cantaros-2.jpg-copia.jpg","datePublished":"2025-08-18T17:30:49+00:00","dateModified":"2026-04-04T13:38:10+00:00","description":"Navegue pelo Nahuel Huapi at\u00e9 Puerto Blest e a cachoeira Los C\u00e1ntaros. Traslado inclu\u00eddo e paisagens \u00fanicas da floresta tropical valdiviana.","breadcrumb":{"@id":"https:\/\/raftingvillegas.com\/producto\/puerto-blest-cantaros-con-traslado\/#breadcrumb"},"inLanguage":"pt-BR","potentialAction":[{"@type":"ReadAction","target":["https:\/\/raftingvillegas.com\/producto\/puerto-blest-cantaros-con-traslado\/"]}]},{"@type":"ImageObject","inLanguage":"pt-BR","@id":"https:\/\/raftingvillegas.com\/producto\/puerto-blest-cantaros-con-traslado\/#primaryimage","url":"https:\/\/raftingvillegas.com\/wp-content\/uploads\/sites\/11\/2025\/08\/13-B-cascada-los-cantaros-2.jpg-copia.jpg","contentUrl":"https:\/\/raftingvillegas.com\/wp-content\/uploads\/sites\/11\/2025\/08\/13-B-cascada-los-cantaros-2.jpg-copia.jpg","width":850,"height":1133},{"@type":"BreadcrumbList","@id":"https:\/\/raftingvillegas.com\/producto\/puerto-blest-cantaros-con-traslado\/#breadcrumb","itemListElement":[{"@type":"ListItem","position":1,"name":"Portada","item":"https:\/\/raftingvillegas.com\/"},{"@type":"ListItem","position":2,"name":"Tienda","item":"https:\/\/raftingvillegas.com\/tienda\/"},{"@type":"ListItem","position":3,"name":"Puerto Blest y Cascada \u00abLos Cantaros\u00bb con traslado"}]},{"@type":"WebSite","@id":"https:\/\/raftingvillegas.com\/#website","url":"https:\/\/raftingvillegas.com\/","name":"Rafting em Villegas","description":"Entregue-se ao rio, ven\u00e7a as corredeiras: rafting seguro e emocionante.","potentialAction":[{"@type":"SearchAction","target":{"@type":"EntryPoint","urlTemplate":"https:\/\/raftingvillegas.com\/?s={search_term_string}"},"query-input":{"@type":"PropertyValueSpecification","valueRequired":true,"valueName":"search_term_string"}}],"inLanguage":"pt-BR"}]},"product_price_amount":"158000.00","product_price_currency":"ARS","og_availability":"instock","product_availability":"instock","product_retailer_item_id":"ADV2025PUBLYCO2Q8","product_condition":"new"},"_links":{"self":[{"href":"https:\/\/raftingvillegas.com\/pt\/wp-json\/wp\/v2\/product\/39","targetHints":{"allow":["GET"]}}],"collection":[{"href":"https:\/\/raftingvillegas.com\/pt\/wp-json\/wp\/v2\/product"}],"about":[{"href":"https:\/\/raftingvillegas.com\/pt\/wp-json\/wp\/v2\/types\/product"}],"replies":[{"embeddable":true,"href":"https:\/\/raftingvillegas.com\/pt\/wp-json\/wp\/v2\/comments?post=39"}],"wp:featuredmedia":[{"embeddable":true,"href":"https:\/\/raftingvillegas.com\/pt\/wp-json\/wp\/v2\/media\/251"}],"wp:attachment":[{"href":"https:\/\/raftingvillegas.com\/pt\/wp-json\/wp\/v2\/media?parent=39"}],"wp:term":[{"taxonomy":"product_brand","embeddable":true,"href":"https:\/\/raftingvillegas.com\/pt\/wp-json\/wp\/v2\/product_brand?post=39"},{"taxonomy":"product_cat","embeddable":true,"href":"https:\/\/raftingvillegas.com\/pt\/wp-json\/wp\/v2\/product_cat?post=39"},{"taxonomy":"product_tag","embeddable":true,"href":"https:\/\/raftingvillegas.com\/pt\/wp-json\/wp\/v2\/product_tag?post=39"}],"curies":[{"name":"wp","href":"https:\/\/api.w.org\/{rel}","templated":true}]}}