{"id":37,"date":"2025-08-18T19:30:01","date_gmt":"2025-08-18T17:30:01","guid":{"rendered":"https:\/\/raftingvillegas.com\/producto\/paquete-promocional-de-3-dias-de-excursion\/"},"modified":"2026-04-02T05:06:36","modified_gmt":"2026-04-02T03:06:36","slug":"paquete-promocional-de-3-dias-de-excursion","status":"publish","type":"product","link":"https:\/\/raftingvillegas.com\/pt\/produto\/pacote-turistico-promocional-de-3-dias\/","title":{"rendered":"Pacote promocional de excurs\u00e3o de 3 dias"},"content":{"rendered":"<h2>Conhe\u00e7a a aut\u00eantica Patag\u00f4nia em tr\u00eas dias inesquec\u00edveis<\/h2>\n<p>Deixe-se levar por uma <strong>experi\u00eancia \u00fanica<\/strong> com nossos <strong>pacote de excurs\u00e3o de tr\u00eas dias<\/strong> exclusivo. Meticulosamente planejado, esse passeio o convida a admirar as mais belas paisagens da regi\u00e3o. <strong>da Patag\u00f4nia argentina<\/strong>, O hotel \u00e9 uma fus\u00e3o de emo\u00e7\u00e3o, natureza e o m\u00e1ximo de conforto.<\/p>\n<h3>O que esse pacote inclui?<\/h3>\n<ul>\n<li><strong>Itiner\u00e1rio personalizado:<\/strong><\/li>\n<li>Um tour por <strong>San Mart\u00edn de los Andes<\/strong> e o m\u00edtico <strong>Rota dos 7 lagos<\/strong>, com partida \u00e0s 08:00 hs.<\/li>\n<li>Excurs\u00e3o ao imponente <strong>Serra do Tronador<\/strong> e o fascinante <strong>Glaciar Ventisquero Negro<\/strong> com partida \u00e0s 09:00 hs.<\/li>\n<li>Tour do <strong>Circuito pequeno<\/strong> com paisagens de cart\u00e3o postal, com sa\u00edda \u00e0s 08:30 hs.<\/li>\n<\/ul>\n<p>Ajustando sua programa\u00e7\u00e3o conforme desejar, esse passeio lhe d\u00e1 a oportunidade de <strong>autonomia<\/strong> para aproveitar cada momento do seu jeito.<\/p>\n<h3>Detalhes sobre a rota<\/h3>\n<ul>\n<li><strong>Destinos:<\/strong> San Martin de los Andes, Circuito Chico e Cerro Tronador est\u00e3o inclu\u00eddos.<\/li>\n<li><strong>Sa\u00eddas:<\/strong> Consulte os hor\u00e1rios dispon\u00edveis para cada dia.<\/li>\n<\/ul>\n<h3>Servi\u00e7os inclu\u00eddos<\/h3>\n<ul>\n<li><strong>Traslado em ve\u00edculo:<\/strong> Viaje em unidades modernas, confort\u00e1veis e seguras.<\/li>\n<li><strong>Companheiro especialista:<\/strong> Guia que fala ingl\u00eas, op\u00e7\u00e3o bil\u00edngue com custo adicional.<\/li>\n<\/ul>\n<p><strong>Observe:<\/strong> As refei\u00e7\u00f5es n\u00e3o fazem parte do pacote. No entanto, voc\u00ea encontrar\u00e1 <strong>sabores regionais<\/strong> em v\u00e1rias paradas ao longo do caminho.<\/p>\n<h3>Esta \u00e9 a sua chance de aventura!<\/h3>\n<p>Acesse este <strong>programa especial<\/strong> dispon\u00edvel apenas durante a temporada de ver\u00e3o, n\u00e3o perca a oportunidade de conhecer a Patag\u00f4nia como voc\u00ea sempre sonhou!<\/p>\n<h3>Perguntas frequentes<\/h3>\n<ul>\n<li><strong>Posso alterar as excurs\u00f5es selecionadas?<\/strong><br \/>\nSim, a ordem das excurs\u00f5es pode ser adaptada de acordo com seus gostos e necessidades.<\/li>\n<li><strong>Voc\u00eas t\u00eam alternativas para vegetarianos ou veganos?<\/strong><br \/>\nOs estabelecimentos onde paramos geralmente t\u00eam card\u00e1pios criados para v\u00e1rias prefer\u00eancias alimentares.<\/li>\n<li><strong>\u00c9 necess\u00e1rio usar roupas especiais para as caminhadas?<\/strong><br \/>\nSugerimos o uso de roupas confort\u00e1veis, adequadas para caminhadas e atividades ao ar livre, al\u00e9m de prote\u00e7\u00e3o solar.<\/li>\n<\/ul>","protected":false},"excerpt":{"rendered":"<p class=\"ai-optimize-6\">Viva uma experi\u00eancia \u00fanica na Patag\u00f4nia com este pacote de excurs\u00e3o de 3 dias. Admire a beleza de San Mart\u00edn de los Andes, percorra a emblem\u00e1tica Rota dos 7 Lagos, conhe\u00e7a a imensid\u00e3o do Monte Tronador e descubra o famoso Circuito Chico. Aproveite as vantagens de um itiner\u00e1rio personalizado em um ambiente verdadeiramente exclusivo.<\/p>","protected":false},"featured_media":243,"comment_status":"open","ping_status":"closed","template":"","meta":[],"product_brand":[],"product_cat":[17,21,22,28,31,32,35,37],"product_tag":[],"class_list":{"0":"post-37","1":"product","2":"type-product","3":"status-publish","4":"has-post-thumbnail","6":"product_cat-adultos","7":"product_cat-con-traslado","8":"product_cat-familia","9":"product_cat-ninos","10":"product_cat-promos","11":"product_cat-sin-comida","12":"product_cat-terrestre","13":"product_cat-todo-el-ano","15":"first","16":"instock","17":"virtual","18":"sold-individually","19":"purchasable","20":"product-type-booking"},"booking_location":"","booking_location_type":"","booking_duration":1,"booking_duration_unit":"hour","booking_buffer":0,"booking_cost":0,"booking_resources":[],"exclude_global_add_ons":false,"addons":[{"name":"STD: Passageiros","type":"input_multiplier","position":0,"required":false,"title_format":"label","default":"","description_enable":false,"description":"","placeholder_enable":false,"placeholder":"","display":"select","restrictions_type":"any_text","adjust_price":true,"price":"156000","price_type":"quantity_based","restrictions":false,"min":"0","max":"0","options":[],"id":1773234688}],"yoast_head":"<!-- This site is optimized with the Yoast SEO Premium plugin v25.2 (Yoast SEO v25.2) - https:\/\/yoast.com\/wordpress\/plugins\/seo\/ -->\n<title>Paquete promocional de 3 d\u00edas de excursi\u00f3n - Rafting Villegas<\/title>\n<meta name=\"robots\" content=\"index, follow, max-snippet:-1, max-image-preview:large, max-video-preview:-1\" \/>\n<link rel=\"canonical\" href=\"https:\/\/raftingvillegas.com\/pt\/produto\/pacote-turistico-promocional-de-3-dias\/\" \/>\n<meta property=\"og:locale\" content=\"pt_BR\" \/>\n<meta property=\"og:type\" content=\"article\" \/>\n<meta property=\"og:title\" content=\"Paquete promocional de 3 d\u00edas de excursi\u00f3n\" \/>\n<meta property=\"og:description\" content=\"Viv\u00ed una experiencia \u00fanica en la Patagonia con este paquete de excursiones de 3 d\u00edas. Admir\u00e1 la belleza de San Mart\u00edn de los Andes, recorr\u00e9 la emblem\u00e1tica Ruta de los 7 Lagos, conoc\u00e9 la inmensidad del Cerro Tronador y descubr\u00ed el famoso Circuito Chico. Aprovech\u00e1 un itinerario personalizado en un ambiente de verdadera exclusividad.\" \/>\n<meta property=\"og:url\" content=\"https:\/\/raftingvillegas.com\/pt\/produto\/pacote-turistico-promocional-de-3-dias\/\" \/>\n<meta property=\"og:site_name\" content=\"Rafting Villegas\" \/>\n<meta property=\"article:modified_time\" content=\"2026-04-02T03:06:36+00:00\" \/>\n<meta property=\"og:image\" content=\"https:\/\/raftingvillegas.com\/wp-content\/uploads\/sites\/11\/2025\/08\/13-A-DSC_0808.jpg\" \/>\n\t<meta property=\"og:image:width\" content=\"850\" \/>\n\t<meta property=\"og:image:height\" content=\"1133\" \/>\n\t<meta property=\"og:image:type\" content=\"image\/jpeg\" \/>\n<meta name=\"twitter:card\" content=\"summary_large_image\" \/>\n<meta name=\"twitter:label1\" content=\"Pre\u00e7o\" \/>\n\t<meta name=\"twitter:data1\" content=\"&#036;156,000.00\" \/>\n\t<meta name=\"twitter:label2\" content=\"Disponibilidade\" \/>\n\t<meta name=\"twitter:data2\" content=\"Em Estoque\" \/>\n<script type=\"application\/ld+json\" class=\"yoast-schema-graph\">{\"@context\":\"https:\/\/schema.org\",\"@graph\":[{\"@type\":[\"WebPage\",\"ItemPage\"],\"@id\":\"https:\/\/raftingvillegas.com\/producto\/paquete-promocional-de-3-dias-de-excursion\/\",\"url\":\"https:\/\/raftingvillegas.com\/producto\/paquete-promocional-de-3-dias-de-excursion\/\",\"name\":\"Paquete promocional de 3 d\u00edas de excursi\u00f3n - Rafting Villegas\",\"isPartOf\":{\"@id\":\"https:\/\/raftingvillegas.com\/#website\"},\"primaryImageOfPage\":{\"@id\":\"https:\/\/raftingvillegas.com\/producto\/paquete-promocional-de-3-dias-de-excursion\/#primaryimage\"},\"image\":{\"@id\":\"https:\/\/raftingvillegas.com\/producto\/paquete-promocional-de-3-dias-de-excursion\/#primaryimage\"},\"thumbnailUrl\":\"https:\/\/raftingvillegas.com\/wp-content\/uploads\/sites\/11\/2025\/08\/13-A-DSC_0808.jpg\",\"datePublished\":\"2025-08-18T17:30:01+00:00\",\"dateModified\":\"2026-04-02T03:06:36+00:00\",\"breadcrumb\":{\"@id\":\"https:\/\/raftingvillegas.com\/producto\/paquete-promocional-de-3-dias-de-excursion\/#breadcrumb\"},\"inLanguage\":\"pt-BR\",\"potentialAction\":[{\"@type\":\"ReadAction\",\"target\":[\"https:\/\/raftingvillegas.com\/producto\/paquete-promocional-de-3-dias-de-excursion\/\"]}]},{\"@type\":\"ImageObject\",\"inLanguage\":\"pt-BR\",\"@id\":\"https:\/\/raftingvillegas.com\/producto\/paquete-promocional-de-3-dias-de-excursion\/#primaryimage\",\"url\":\"https:\/\/raftingvillegas.com\/wp-content\/uploads\/sites\/11\/2025\/08\/13-A-DSC_0808.jpg\",\"contentUrl\":\"https:\/\/raftingvillegas.com\/wp-content\/uploads\/sites\/11\/2025\/08\/13-A-DSC_0808.jpg\",\"width\":850,\"height\":1133},{\"@type\":\"BreadcrumbList\",\"@id\":\"https:\/\/raftingvillegas.com\/producto\/paquete-promocional-de-3-dias-de-excursion\/#breadcrumb\",\"itemListElement\":[{\"@type\":\"ListItem\",\"position\":1,\"name\":\"Portada\",\"item\":\"https:\/\/raftingvillegas.com\/\"},{\"@type\":\"ListItem\",\"position\":2,\"name\":\"Tienda\",\"item\":\"https:\/\/raftingvillegas.com\/tienda\/\"},{\"@type\":\"ListItem\",\"position\":3,\"name\":\"Paquete promocional de 3 d\u00edas de excursi\u00f3n\"}]},{\"@type\":\"WebSite\",\"@id\":\"https:\/\/raftingvillegas.com\/#website\",\"url\":\"https:\/\/raftingvillegas.com\/\",\"name\":\"Rafting Villegas\",\"description\":\"R\u00edndete al r\u00edo, conquista los r\u00e1pidos: rafting seguro y emocionante.\",\"potentialAction\":[{\"@type\":\"SearchAction\",\"target\":{\"@type\":\"EntryPoint\",\"urlTemplate\":\"https:\/\/raftingvillegas.com\/?s={search_term_string}\"},\"query-input\":{\"@type\":\"PropertyValueSpecification\",\"valueRequired\":true,\"valueName\":\"search_term_string\"}}],\"inLanguage\":\"pt-BR\"}]}<\/script>\n<meta property=\"product:price:amount\" content=\"156000.00\" \/>\n<meta property=\"product:price:currency\" content=\"ARS\" \/>\n<meta property=\"og:availability\" content=\"instock\" \/>\n<meta property=\"product:availability\" content=\"instock\" \/>\n<meta property=\"product:retailer_item_id\" content=\"ADV2025PAPRDE20W5\" \/>\n<meta property=\"product:condition\" content=\"new\" \/>\n<!-- \/ Yoast SEO Premium plugin. -->","yoast_head_json":{"title":"Pacote promocional de 3 dias de excurs\u00e3o - Rafting Villegas","robots":{"index":"index","follow":"follow","max-snippet":"max-snippet:-1","max-image-preview":"max-image-preview:large","max-video-preview":"max-video-preview:-1"},"canonical":"https:\/\/raftingvillegas.com\/pt\/produto\/pacote-turistico-promocional-de-3-dias\/","og_locale":"pt_BR","og_type":"article","og_title":"Paquete promocional de 3 d\u00edas de excursi\u00f3n","og_description":"Viv\u00ed una experiencia \u00fanica en la Patagonia con este paquete de excursiones de 3 d\u00edas. Admir\u00e1 la belleza de San Mart\u00edn de los Andes, recorr\u00e9 la emblem\u00e1tica Ruta de los 7 Lagos, conoc\u00e9 la inmensidad del Cerro Tronador y descubr\u00ed el famoso Circuito Chico. Aprovech\u00e1 un itinerario personalizado en un ambiente de verdadera exclusividad.","og_url":"https:\/\/raftingvillegas.com\/pt\/produto\/pacote-turistico-promocional-de-3-dias\/","og_site_name":"Rafting Villegas","article_modified_time":"2026-04-02T03:06:36+00:00","og_image":[{"width":850,"height":1133,"url":"https:\/\/raftingvillegas.com\/wp-content\/uploads\/sites\/11\/2025\/08\/13-A-DSC_0808.jpg","type":"image\/jpeg"}],"twitter_card":"summary_large_image","twitter_misc":{"Pre\u00e7o":"&#36;156,000.00","Disponibilidade":"Em Estoque"},"schema":{"@context":"https:\/\/schema.org","@graph":[{"@type":["WebPage","ItemPage"],"@id":"https:\/\/raftingvillegas.com\/producto\/paquete-promocional-de-3-dias-de-excursion\/","url":"https:\/\/raftingvillegas.com\/producto\/paquete-promocional-de-3-dias-de-excursion\/","name":"Pacote promocional de 3 dias de excurs\u00e3o - Rafting Villegas","isPartOf":{"@id":"https:\/\/raftingvillegas.com\/#website"},"primaryImageOfPage":{"@id":"https:\/\/raftingvillegas.com\/producto\/paquete-promocional-de-3-dias-de-excursion\/#primaryimage"},"image":{"@id":"https:\/\/raftingvillegas.com\/producto\/paquete-promocional-de-3-dias-de-excursion\/#primaryimage"},"thumbnailUrl":"https:\/\/raftingvillegas.com\/wp-content\/uploads\/sites\/11\/2025\/08\/13-A-DSC_0808.jpg","datePublished":"2025-08-18T17:30:01+00:00","dateModified":"2026-04-02T03:06:36+00:00","breadcrumb":{"@id":"https:\/\/raftingvillegas.com\/producto\/paquete-promocional-de-3-dias-de-excursion\/#breadcrumb"},"inLanguage":"pt-BR","potentialAction":[{"@type":"ReadAction","target":["https:\/\/raftingvillegas.com\/producto\/paquete-promocional-de-3-dias-de-excursion\/"]}]},{"@type":"ImageObject","inLanguage":"pt-BR","@id":"https:\/\/raftingvillegas.com\/producto\/paquete-promocional-de-3-dias-de-excursion\/#primaryimage","url":"https:\/\/raftingvillegas.com\/wp-content\/uploads\/sites\/11\/2025\/08\/13-A-DSC_0808.jpg","contentUrl":"https:\/\/raftingvillegas.com\/wp-content\/uploads\/sites\/11\/2025\/08\/13-A-DSC_0808.jpg","width":850,"height":1133},{"@type":"BreadcrumbList","@id":"https:\/\/raftingvillegas.com\/producto\/paquete-promocional-de-3-dias-de-excursion\/#breadcrumb","itemListElement":[{"@type":"ListItem","position":1,"name":"Portada","item":"https:\/\/raftingvillegas.com\/"},{"@type":"ListItem","position":2,"name":"Tienda","item":"https:\/\/raftingvillegas.com\/tienda\/"},{"@type":"ListItem","position":3,"name":"Paquete promocional de 3 d\u00edas de excursi\u00f3n"}]},{"@type":"WebSite","@id":"https:\/\/raftingvillegas.com\/#website","url":"https:\/\/raftingvillegas.com\/","name":"Rafting em Villegas","description":"Entregue-se ao rio, ven\u00e7a as corredeiras: rafting seguro e emocionante.","potentialAction":[{"@type":"SearchAction","target":{"@type":"EntryPoint","urlTemplate":"https:\/\/raftingvillegas.com\/?s={search_term_string}"},"query-input":{"@type":"PropertyValueSpecification","valueRequired":true,"valueName":"search_term_string"}}],"inLanguage":"pt-BR"}]},"product_price_amount":"156000.00","product_price_currency":"ARS","og_availability":"instock","product_availability":"instock","product_retailer_item_id":"ADV2025PAPRDE20W5","product_condition":"new"},"_links":{"self":[{"href":"https:\/\/raftingvillegas.com\/pt\/wp-json\/wp\/v2\/product\/37","targetHints":{"allow":["GET"]}}],"collection":[{"href":"https:\/\/raftingvillegas.com\/pt\/wp-json\/wp\/v2\/product"}],"about":[{"href":"https:\/\/raftingvillegas.com\/pt\/wp-json\/wp\/v2\/types\/product"}],"replies":[{"embeddable":true,"href":"https:\/\/raftingvillegas.com\/pt\/wp-json\/wp\/v2\/comments?post=37"}],"wp:featuredmedia":[{"embeddable":true,"href":"https:\/\/raftingvillegas.com\/pt\/wp-json\/wp\/v2\/media\/243"}],"wp:attachment":[{"href":"https:\/\/raftingvillegas.com\/pt\/wp-json\/wp\/v2\/media?parent=37"}],"wp:term":[{"taxonomy":"product_brand","embeddable":true,"href":"https:\/\/raftingvillegas.com\/pt\/wp-json\/wp\/v2\/product_brand?post=37"},{"taxonomy":"product_cat","embeddable":true,"href":"https:\/\/raftingvillegas.com\/pt\/wp-json\/wp\/v2\/product_cat?post=37"},{"taxonomy":"product_tag","embeddable":true,"href":"https:\/\/raftingvillegas.com\/pt\/wp-json\/wp\/v2\/product_tag?post=37"}],"curies":[{"name":"wp","href":"https:\/\/api.w.org\/{rel}","templated":true}]}}