{"id":36,"date":"2025-08-18T19:29:35","date_gmt":"2025-08-18T17:29:35","guid":{"rendered":"https:\/\/raftingvillegas.com\/producto\/cabalgata-por-coihues-paseo-a-caballo-en-medio-de-la-naturaleza-patagonica\/"},"modified":"2026-04-02T05:06:36","modified_gmt":"2026-04-02T03:06:36","slug":"cabalgata-cerro-lopez-bariloche","status":"publish","type":"product","link":"https:\/\/raftingvillegas.com\/pt\/produto\/cavalgadas-cerro-lopez-bariloche\/","title":{"rendered":"Passeio a cavalo com vista para o Cerro Lopez - Aventura entre florestas e mirantes do Circuito Chico"},"content":{"rendered":"<h2 class=\"ai-optimize-6\">Explore os arredores de Bariloche em um passeio a cavalo que combina natureza, calma e vistas espetaculares.<\/h2>\n<p class=\"ai-optimize-23 ai-optimize-introduction\" data-start=\"6331\" data-end=\"6620\">O percurso ocorre entre trilhas de montanha e prados abertos, com <strong data-start=\"6546\" data-end=\"6597\">mirantes naturais emoldurando o Cerro L\u00f3pez<\/strong> e os lagos do sul.<\/p>\n<p class=\"ai-optimize-24\" data-start=\"6622\" data-end=\"6868\">Os guias locais o acompanham com muita aten\u00e7\u00e3o, compartilhando curiosidades do ambiente e criando uma atmosfera aut\u00eantica.<br data-start=\"6739\" data-end=\"6742\" \/>O dia termina no parador rural com o aroma de lenha e bolos fritos, um costume patag\u00f4nico que d\u00e1 o toque final.<\/p>\n<p class=\"ai-optimize-25\" data-start=\"6870\" data-end=\"6973\">Uma proposta para quem gosta de paisagens naturais, longe do barulho e perto do essencial.<\/p>\n<p class=\"ai-optimize-26\" data-start=\"6975\" data-end=\"7133\"><strong data-start=\"6975\" data-end=\"6987\">Ele inclui:<\/strong> Passeios a cavalo guiados, equipamentos e traslados do centro de Bariloche.<br data-start=\"7060\" data-end=\"7063\" \/><strong data-start=\"7063\" data-end=\"7078\">N\u00e3o inclu\u00eddo:<\/strong> Refei\u00e7\u00f5es e bebidas (opcional no Parador Rural).<\/p>\n<p class=\"ai-optimize-27\" data-start=\"7135\" data-end=\"7266\"><strong data-start=\"7135\" data-end=\"7159\">Perguntas frequentes<\/strong><br data-start=\"7159\" data-end=\"7162\" \/><strong>Preciso de experi\u00eancia anterior?<\/strong><br data-start=\"7191\" data-end=\"7194\" \/>N\u00e3o, os cavalos s\u00e3o mansos e o curso \u00e9 adequado para iniciantes.<\/p>\n<p class=\"ai-optimize-28\" data-start=\"7268\" data-end=\"7369\"><strong>O que devo levar?<\/strong><br data-start=\"7285\" data-end=\"7288\" \/>Roupas confort\u00e1veis, cal\u00e7as compridas, sapatos fechados, casaco leve e protetor solar.<\/p>\n<p class=\"ai-optimize-29\" data-start=\"7371\" data-end=\"7441\"><strong>As crian\u00e7as podem ir?<\/strong><br data-start=\"7388\" data-end=\"7391\" \/>Sim, a partir de 5 anos de idade, acompanhado por um adulto.<\/p>","protected":false},"excerpt":{"rendered":"<p class=\"ai-optimize-29\">Passeio a cavalo com vista para o Cerro Lopez. Um passeio descontra\u00eddo com paisagens inesquec\u00edveis.<\/p>","protected":false},"featured_media":241,"comment_status":"open","ping_status":"closed","template":"","meta":[],"product_brand":[],"product_cat":[17,19,21,22,28,32,37],"product_tag":[],"class_list":{"0":"post-36","1":"product","2":"type-product","3":"status-publish","4":"has-post-thumbnail","6":"product_cat-adultos","7":"product_cat-aventura","8":"product_cat-con-traslado","9":"product_cat-familia","10":"product_cat-ninos","11":"product_cat-sin-comida","12":"product_cat-todo-el-ano","14":"first","15":"instock","16":"virtual","17":"sold-individually","18":"purchasable","19":"product-type-booking"},"booking_location":"","booking_location_type":"","booking_duration":1,"booking_duration_unit":"hour","booking_buffer":0,"booking_cost":0,"booking_resources":[],"exclude_global_add_ons":false,"addons":[{"name":"STD: Passageiros","type":"input_multiplier","position":0,"required":false,"title_format":"label","default":"","description_enable":false,"description":"","placeholder_enable":false,"placeholder":"","display":"select","restrictions_type":"any_text","adjust_price":true,"price":"119400","price_type":"quantity_based","restrictions":false,"min":"0","max":"0","options":[],"id":1773235029},{"name":"EXTRA: acompanhante","type":"input_multiplier","position":1,"required":false,"title_format":"label","default":"","description_enable":false,"description":"","placeholder_enable":false,"placeholder":"","display":"select","restrictions_type":"any_text","adjust_price":true,"price":"65700","price_type":"quantity_based","restrictions":false,"min":"0","max":"0","options":[],"id":1773235030}],"yoast_head":"<!-- This site is optimized with the Yoast SEO Premium plugin v25.2 (Yoast SEO v25.2) - https:\/\/yoast.com\/wordpress\/plugins\/seo\/ -->\n<title>Cabalgata Cerro L\u00f3pez | Plan tranquilo en Bariloche - Rafting Villegas<\/title>\n<meta name=\"description\" content=\"Cabalgata guiada con vistas al Cerro L\u00f3pez. Viv\u00ed la tranquilidad y los paisajes naturales m\u00e1s bellos de Bariloche.\" \/>\n<meta name=\"robots\" content=\"index, follow, max-snippet:-1, max-image-preview:large, max-video-preview:-1\" \/>\n<link rel=\"canonical\" href=\"https:\/\/raftingvillegas.com\/pt\/produto\/cavalgadas-cerro-lopez-bariloche\/\" \/>\n<meta property=\"og:locale\" content=\"pt_BR\" \/>\n<meta property=\"og:type\" content=\"article\" \/>\n<meta property=\"og:title\" content=\"Cabalgata con vista al Cerro L\u00f3pez - Aventura entre bosques y miradores del Circuito Chico\" \/>\n<meta property=\"og:description\" content=\"Cabalgata guiada con vistas al Cerro L\u00f3pez. Viv\u00ed la tranquilidad y los paisajes naturales m\u00e1s bellos de Bariloche.\" \/>\n<meta property=\"og:url\" content=\"https:\/\/raftingvillegas.com\/pt\/produto\/cavalgadas-cerro-lopez-bariloche\/\" \/>\n<meta property=\"og:site_name\" content=\"Rafting Villegas\" \/>\n<meta property=\"article:modified_time\" content=\"2026-04-02T03:06:36+00:00\" \/>\n<meta property=\"og:image\" content=\"https:\/\/raftingvillegas.com\/wp-content\/uploads\/sites\/11\/2025\/08\/13-C-cabalgatas2.jpg\" \/>\n\t<meta property=\"og:image:width\" content=\"850\" \/>\n\t<meta property=\"og:image:height\" content=\"1133\" \/>\n\t<meta property=\"og:image:type\" content=\"image\/jpeg\" \/>\n<meta name=\"twitter:card\" content=\"summary_large_image\" \/>\n<meta name=\"twitter:label1\" content=\"Pre\u00e7o\" \/>\n\t<meta name=\"twitter:data1\" content=\"&#036;119,400.00\" \/>\n\t<meta name=\"twitter:label2\" content=\"Disponibilidade\" \/>\n\t<meta name=\"twitter:data2\" content=\"Em Estoque\" \/>\n<script type=\"application\/ld+json\" class=\"yoast-schema-graph\">{\"@context\":\"https:\/\/schema.org\",\"@graph\":[{\"@type\":[\"WebPage\",\"ItemPage\"],\"@id\":\"https:\/\/raftingvillegas.com\/producto\/cabalgata-cerro-lopez-bariloche\/\",\"url\":\"https:\/\/raftingvillegas.com\/producto\/cabalgata-cerro-lopez-bariloche\/\",\"name\":\"Cabalgata Cerro L\u00f3pez | Plan tranquilo en Bariloche - Rafting Villegas\",\"isPartOf\":{\"@id\":\"https:\/\/raftingvillegas.com\/#website\"},\"primaryImageOfPage\":{\"@id\":\"https:\/\/raftingvillegas.com\/producto\/cabalgata-cerro-lopez-bariloche\/#primaryimage\"},\"image\":{\"@id\":\"https:\/\/raftingvillegas.com\/producto\/cabalgata-cerro-lopez-bariloche\/#primaryimage\"},\"thumbnailUrl\":\"https:\/\/raftingvillegas.com\/wp-content\/uploads\/sites\/11\/2025\/08\/13-C-cabalgatas2.jpg\",\"datePublished\":\"2025-08-18T17:29:35+00:00\",\"dateModified\":\"2026-04-02T03:06:36+00:00\",\"description\":\"Cabalgata guiada con vistas al Cerro L\u00f3pez. Viv\u00ed la tranquilidad y los paisajes naturales m\u00e1s bellos de Bariloche.\",\"breadcrumb\":{\"@id\":\"https:\/\/raftingvillegas.com\/producto\/cabalgata-cerro-lopez-bariloche\/#breadcrumb\"},\"inLanguage\":\"pt-BR\",\"potentialAction\":[{\"@type\":\"ReadAction\",\"target\":[\"https:\/\/raftingvillegas.com\/producto\/cabalgata-cerro-lopez-bariloche\/\"]}]},{\"@type\":\"ImageObject\",\"inLanguage\":\"pt-BR\",\"@id\":\"https:\/\/raftingvillegas.com\/producto\/cabalgata-cerro-lopez-bariloche\/#primaryimage\",\"url\":\"https:\/\/raftingvillegas.com\/wp-content\/uploads\/sites\/11\/2025\/08\/13-C-cabalgatas2.jpg\",\"contentUrl\":\"https:\/\/raftingvillegas.com\/wp-content\/uploads\/sites\/11\/2025\/08\/13-C-cabalgatas2.jpg\",\"width\":850,\"height\":1133},{\"@type\":\"BreadcrumbList\",\"@id\":\"https:\/\/raftingvillegas.com\/producto\/cabalgata-cerro-lopez-bariloche\/#breadcrumb\",\"itemListElement\":[{\"@type\":\"ListItem\",\"position\":1,\"name\":\"Portada\",\"item\":\"https:\/\/raftingvillegas.com\/\"},{\"@type\":\"ListItem\",\"position\":2,\"name\":\"Tienda\",\"item\":\"https:\/\/raftingvillegas.com\/tienda\/\"},{\"@type\":\"ListItem\",\"position\":3,\"name\":\"Cabalgata con vista al Cerro L\u00f3pez &#8211; Aventura entre bosques y miradores del Circuito Chico\"}]},{\"@type\":\"WebSite\",\"@id\":\"https:\/\/raftingvillegas.com\/#website\",\"url\":\"https:\/\/raftingvillegas.com\/\",\"name\":\"Rafting Villegas\",\"description\":\"R\u00edndete al r\u00edo, conquista los r\u00e1pidos: rafting seguro y emocionante.\",\"potentialAction\":[{\"@type\":\"SearchAction\",\"target\":{\"@type\":\"EntryPoint\",\"urlTemplate\":\"https:\/\/raftingvillegas.com\/?s={search_term_string}\"},\"query-input\":{\"@type\":\"PropertyValueSpecification\",\"valueRequired\":true,\"valueName\":\"search_term_string\"}}],\"inLanguage\":\"pt-BR\"}]}<\/script>\n<meta property=\"product:price:amount\" content=\"119400.00\" \/>\n<meta property=\"product:price:currency\" content=\"ARS\" \/>\n<meta property=\"og:availability\" content=\"instock\" \/>\n<meta property=\"product:availability\" content=\"instock\" \/>\n<meta property=\"product:retailer_item_id\" content=\"ADV2025CAPOELTVE7\" \/>\n<meta property=\"product:condition\" content=\"new\" \/>\n<!-- \/ Yoast SEO Premium plugin. -->","yoast_head_json":{"title":"Cavalgadas no Cerro L\u00f3pez | Plano de tranquilidade em Bariloche - Rafting Villegas","description":"Passeio a cavalo guiado com vista para o Cerro L\u00f3pez. Experimente a tranquilidade e as mais belas paisagens naturais de Bariloche.","robots":{"index":"index","follow":"follow","max-snippet":"max-snippet:-1","max-image-preview":"max-image-preview:large","max-video-preview":"max-video-preview:-1"},"canonical":"https:\/\/raftingvillegas.com\/pt\/produto\/cavalgadas-cerro-lopez-bariloche\/","og_locale":"pt_BR","og_type":"article","og_title":"Cabalgata con vista al Cerro L\u00f3pez - Aventura entre bosques y miradores del Circuito Chico","og_description":"Cabalgata guiada con vistas al Cerro L\u00f3pez. Viv\u00ed la tranquilidad y los paisajes naturales m\u00e1s bellos de Bariloche.","og_url":"https:\/\/raftingvillegas.com\/pt\/produto\/cavalgadas-cerro-lopez-bariloche\/","og_site_name":"Rafting Villegas","article_modified_time":"2026-04-02T03:06:36+00:00","og_image":[{"width":850,"height":1133,"url":"https:\/\/raftingvillegas.com\/wp-content\/uploads\/sites\/11\/2025\/08\/13-C-cabalgatas2.jpg","type":"image\/jpeg"}],"twitter_card":"summary_large_image","twitter_misc":{"Pre\u00e7o":"&#36;119,400.00","Disponibilidade":"Em Estoque"},"schema":{"@context":"https:\/\/schema.org","@graph":[{"@type":["WebPage","ItemPage"],"@id":"https:\/\/raftingvillegas.com\/producto\/cabalgata-cerro-lopez-bariloche\/","url":"https:\/\/raftingvillegas.com\/producto\/cabalgata-cerro-lopez-bariloche\/","name":"Cavalgadas no Cerro L\u00f3pez | Plano de tranquilidade em Bariloche - Rafting Villegas","isPartOf":{"@id":"https:\/\/raftingvillegas.com\/#website"},"primaryImageOfPage":{"@id":"https:\/\/raftingvillegas.com\/producto\/cabalgata-cerro-lopez-bariloche\/#primaryimage"},"image":{"@id":"https:\/\/raftingvillegas.com\/producto\/cabalgata-cerro-lopez-bariloche\/#primaryimage"},"thumbnailUrl":"https:\/\/raftingvillegas.com\/wp-content\/uploads\/sites\/11\/2025\/08\/13-C-cabalgatas2.jpg","datePublished":"2025-08-18T17:29:35+00:00","dateModified":"2026-04-02T03:06:36+00:00","description":"Passeio a cavalo guiado com vista para o Cerro L\u00f3pez. Experimente a tranquilidade e as mais belas paisagens naturais de Bariloche.","breadcrumb":{"@id":"https:\/\/raftingvillegas.com\/producto\/cabalgata-cerro-lopez-bariloche\/#breadcrumb"},"inLanguage":"pt-BR","potentialAction":[{"@type":"ReadAction","target":["https:\/\/raftingvillegas.com\/producto\/cabalgata-cerro-lopez-bariloche\/"]}]},{"@type":"ImageObject","inLanguage":"pt-BR","@id":"https:\/\/raftingvillegas.com\/producto\/cabalgata-cerro-lopez-bariloche\/#primaryimage","url":"https:\/\/raftingvillegas.com\/wp-content\/uploads\/sites\/11\/2025\/08\/13-C-cabalgatas2.jpg","contentUrl":"https:\/\/raftingvillegas.com\/wp-content\/uploads\/sites\/11\/2025\/08\/13-C-cabalgatas2.jpg","width":850,"height":1133},{"@type":"BreadcrumbList","@id":"https:\/\/raftingvillegas.com\/producto\/cabalgata-cerro-lopez-bariloche\/#breadcrumb","itemListElement":[{"@type":"ListItem","position":1,"name":"Portada","item":"https:\/\/raftingvillegas.com\/"},{"@type":"ListItem","position":2,"name":"Tienda","item":"https:\/\/raftingvillegas.com\/tienda\/"},{"@type":"ListItem","position":3,"name":"Cabalgata con vista al Cerro L\u00f3pez &#8211; Aventura entre bosques y miradores del Circuito Chico"}]},{"@type":"WebSite","@id":"https:\/\/raftingvillegas.com\/#website","url":"https:\/\/raftingvillegas.com\/","name":"Rafting em Villegas","description":"Entregue-se ao rio, ven\u00e7a as corredeiras: rafting seguro e emocionante.","potentialAction":[{"@type":"SearchAction","target":{"@type":"EntryPoint","urlTemplate":"https:\/\/raftingvillegas.com\/?s={search_term_string}"},"query-input":{"@type":"PropertyValueSpecification","valueRequired":true,"valueName":"search_term_string"}}],"inLanguage":"pt-BR"}]},"product_price_amount":"119400.00","product_price_currency":"ARS","og_availability":"instock","product_availability":"instock","product_retailer_item_id":"ADV2025CAPOELTVE7","product_condition":"new"},"_links":{"self":[{"href":"https:\/\/raftingvillegas.com\/pt\/wp-json\/wp\/v2\/product\/36","targetHints":{"allow":["GET"]}}],"collection":[{"href":"https:\/\/raftingvillegas.com\/pt\/wp-json\/wp\/v2\/product"}],"about":[{"href":"https:\/\/raftingvillegas.com\/pt\/wp-json\/wp\/v2\/types\/product"}],"replies":[{"embeddable":true,"href":"https:\/\/raftingvillegas.com\/pt\/wp-json\/wp\/v2\/comments?post=36"}],"wp:featuredmedia":[{"embeddable":true,"href":"https:\/\/raftingvillegas.com\/pt\/wp-json\/wp\/v2\/media\/241"}],"wp:attachment":[{"href":"https:\/\/raftingvillegas.com\/pt\/wp-json\/wp\/v2\/media?parent=36"}],"wp:term":[{"taxonomy":"product_brand","embeddable":true,"href":"https:\/\/raftingvillegas.com\/pt\/wp-json\/wp\/v2\/product_brand?post=36"},{"taxonomy":"product_cat","embeddable":true,"href":"https:\/\/raftingvillegas.com\/pt\/wp-json\/wp\/v2\/product_cat?post=36"},{"taxonomy":"product_tag","embeddable":true,"href":"https:\/\/raftingvillegas.com\/pt\/wp-json\/wp\/v2\/product_tag?post=36"}],"curies":[{"name":"wp","href":"https:\/\/api.w.org\/{rel}","templated":true}]}}