{"id":33,"date":"2025-08-18T19:28:17","date_gmt":"2025-08-18T17:28:17","guid":{"rendered":"https:\/\/raftingvillegas.com\/producto\/excursion-en-kayak-por-el-lago-gutierrez-desde-bariloche-con-traslado-incluido\/"},"modified":"2026-04-02T05:06:36","modified_gmt":"2026-04-02T03:06:36","slug":"experiencia-kayak-bariloche","status":"publish","type":"product","link":"https:\/\/raftingvillegas.com\/pt\/produto\/experiencia-de-caiaque-em-bariloche\/","title":{"rendered":"Caiaque no Lago Moreno"},"content":{"rendered":"<h2 class=\"ai-optimize-24\" data-start=\"441\" data-end=\"494\"><strong data-start=\"441\" data-end=\"492\">Reme, explore e conhe\u00e7a a Patag\u00f4nia a partir da \u00e1gua<\/strong><\/h2>\n<p class=\"ai-optimize-25 ai-optimize-introduction\" data-start=\"496\" data-end=\"708\">Se voc\u00ea est\u00e1 procurando um tipo diferente de aventura, este passeio de caiaque no Lago Moreno \u00e9 a op\u00e7\u00e3o perfeita.<br data-start=\"593\" data-end=\"596\" \/>Uma experi\u00eancia para desfrutar ao ar livre, cercado por montanhas, natureza e a energia \u00fanica de Bariloche.<\/p>\n<p class=\"ai-optimize-26\" data-start=\"710\" data-end=\"980\">Com <strong data-start=\"714\" data-end=\"734\">Rafting em Villegas<\/strong>, Nessa viagem, voc\u00ea viver\u00e1 um dia de pura conex\u00e3o com o ambiente patag\u00f4nico: remadas suaves, paisagens espetaculares e um ambiente descontra\u00eddo, ideal para quem gosta de experi\u00eancias simples, sem deixar de lado a adrenalina do turismo de aventura.<\/p>\n<p class=\"ai-optimize-27\" data-start=\"982\" data-end=\"1103\">Nossos guias o acompanhar\u00e3o durante todo o percurso para garantir seguran\u00e7a, divers\u00e3o e o melhor esp\u00edrito ao ar livre.<\/p>\n<h3 class=\"ai-optimize-28\" data-start=\"1110\" data-end=\"1127\"><strong data-start=\"1114\" data-end=\"1127\">Passeio<\/strong><\/h3>\n<p class=\"ai-optimize-29\" data-start=\"1129\" data-end=\"1457\"><strong data-start=\"1129\" data-end=\"1142\">Hor\u00e1rios:<\/strong> 11:00 \u00e0s 15:00 aprox. \/ 13:00 \u00e0s 17:00 aprox.<br data-start=\"1186\" data-end=\"1189\" \/>A atividade parte do centro de Bariloche em dire\u00e7\u00e3o ao Circuito Chico, onde a viagem come\u00e7a no Lago Moreno.<br data-start=\"1307\" data-end=\"1310\" \/>O passeio combina remadas tranquilas com pausas em praias escondidas, tempo para tirar fotos e apreciar as vistas de Cerro Lopez e Goye.<\/p>\n<h3 class=\"ai-optimize-30\" data-start=\"1464\" data-end=\"1490\"><strong data-start=\"1468\" data-end=\"1490\">Local da reuni\u00e3o<\/strong><\/h3>\n<p class=\"ai-optimize-31\" data-start=\"1492\" data-end=\"1661\">Hot\u00e9is e pontos de encontro localizados desde o centro de Bariloche at\u00e9 o km 18 da Av. Bustillo ou Av. Pioneros.<br data-start=\"1606\" data-end=\"1609\" \/>Outros locais, favor consultar no momento da reserva.<\/p>\n<h3 class=\"ai-optimize-32\" data-start=\"1668\" data-end=\"1683\"><strong data-start=\"1672\" data-end=\"1683\">Inclui<\/strong><\/h3>\n<ul data-start=\"1685\" data-end=\"1892\">\n<li class=\"ai-optimize-33\" data-start=\"1685\" data-end=\"1733\">\n<p class=\"ai-optimize-34\" data-start=\"1687\" data-end=\"1733\">Caiaque Sit On Top (superest\u00e1vel e confort\u00e1vel).<\/p>\n<\/li>\n<li class=\"ai-optimize-35\" data-start=\"1734\" data-end=\"1805\">\n<p class=\"ai-optimize-36\" data-start=\"1736\" data-end=\"1805\">Equipamento de seguran\u00e7a completo (colete, p\u00e1, jaqueta imperme\u00e1vel).<\/p>\n<\/li>\n<li class=\"ai-optimize-37\" data-start=\"1806\" data-end=\"1841\">\n<p class=\"ai-optimize-38\" data-start=\"1808\" data-end=\"1841\">Guias bil\u00edngues especializados.<\/p>\n<\/li>\n<li class=\"ai-optimize-39\" data-start=\"1842\" data-end=\"1892\">\n<p class=\"ai-optimize-40\" data-start=\"1844\" data-end=\"1892\">Traslados de e para o ponto de encontro.<\/p>\n<\/li>\n<\/ul>\n<h3 class=\"ai-optimize-41\" data-start=\"1899\" data-end=\"1917\"><strong data-start=\"1903\" data-end=\"1917\">N\u00e3o inclui<\/strong><\/h3>\n<ul data-start=\"1919\" data-end=\"2002\">\n<li class=\"ai-optimize-42\" data-start=\"1919\" data-end=\"1942\">\n<p class=\"ai-optimize-43\" data-start=\"1921\" data-end=\"1942\">Sem alimentos ou bebidas.<\/p>\n<\/li>\n<li class=\"ai-optimize-44\" data-start=\"1943\" data-end=\"2002\">\n<p class=\"ai-optimize-45\" data-start=\"1945\" data-end=\"2002\">Roupas pessoais (recomenda-se levar um casaco e uma muda de roupa seca).<\/p>\n<\/li>\n<\/ul>\n<h3 class=\"ai-optimize-51\" data-start=\"2146\" data-end=\"2169\"><strong data-start=\"2150\" data-end=\"2169\">Recomenda\u00e7\u00f5es<\/strong><\/h3>\n<ul data-start=\"2171\" data-end=\"2398\">\n<li class=\"ai-optimize-52\" data-start=\"2171\" data-end=\"2206\">\n<p class=\"ai-optimize-53\" data-start=\"2173\" data-end=\"2206\">Use roupas esportivas ou confort\u00e1veis.<\/p>\n<\/li>\n<li class=\"ai-optimize-54\" data-start=\"2207\" data-end=\"2250\">\n<p class=\"ai-optimize-55\" data-start=\"2209\" data-end=\"2250\">Sapatos fechados ou sand\u00e1lias ajust\u00e1veis.<\/p>\n<\/li>\n<li class=\"ai-optimize-56\" data-start=\"2251\" data-end=\"2311\">\n<p class=\"ai-optimize-57\" data-start=\"2253\" data-end=\"2311\">Troca de roupas secas e agasalhos para depois da atividade.<\/p>\n<\/li>\n<li class=\"ai-optimize-58\" data-start=\"2312\" data-end=\"2370\">\n<p class=\"ai-optimize-59\" data-start=\"2314\" data-end=\"2370\">Protetor solar, bon\u00e9 e \u00f3culos de sol com fecho.<\/p>\n<\/li>\n<li class=\"ai-optimize-60\" data-start=\"2371\" data-end=\"2398\">\n<p class=\"ai-optimize-61\" data-start=\"2373\" data-end=\"2398\">Carteira de identidade.<\/p>\n<\/li>\n<\/ul>\n<p class=\"ai-optimize-62\" data-start=\"2400\" data-end=\"2495\">N\u00e3o \u00e9 necess\u00e1rio ter experi\u00eancia anterior. Atividade adequada para todos os n\u00edveis e idades a partir de 4 anos.<\/p>\n<h3 class=\"ai-optimize-63\" data-start=\"2502\" data-end=\"2530\"><strong data-start=\"2506\" data-end=\"2530\">Perguntas frequentes<\/strong><\/h3>\n<p class=\"ai-optimize-64\" data-start=\"2532\" data-end=\"2669\"><strong data-start=\"2532\" data-end=\"2574\">Os caiaques s\u00e3o simples ou duplos?<\/strong><br data-start=\"2574\" data-end=\"2577\" \/>Geralmente s\u00e3o duplas, o que proporciona mais estabilidade e permite uma experi\u00eancia compartilhada.<\/p>\n<p class=\"ai-optimize-65\" data-start=\"2671\" data-end=\"2776\"><strong data-start=\"2671\" data-end=\"2707\">\u00c9 necess\u00e1rio ter experi\u00eancia anterior?<\/strong><br data-start=\"2707\" data-end=\"2710\" \/>N\u00e3o, os guias ensinam as t\u00e9cnicas b\u00e1sicas antes de voc\u00ea come\u00e7ar.<\/p>\n<p class=\"ai-optimize-66\" data-start=\"2778\" data-end=\"2915\"><strong data-start=\"2778\" data-end=\"2809\">O que acontece se o tempo estiver ruim?<\/strong><br data-start=\"2809\" data-end=\"2812\" \/>A atividade ocorre mesmo com chuva fraca; ela s\u00f3 \u00e9 suspensa em caso de tempestades ou ventos fortes.<\/p>\n<p class=\"ai-optimize-67\" data-start=\"2917\" data-end=\"3036\"><strong data-start=\"2917\" data-end=\"2948\">\u00c9 uma atividade exigente?<\/strong><br data-start=\"2948\" data-end=\"2951\" \/>N\u00e3o, \u00e9 uma experi\u00eancia tranquila e de baixo esfor\u00e7o f\u00edsico, ideal para todos.<\/p>","protected":false},"excerpt":{"rendered":"<p class=\"ai-optimize-6\">Viva uma experi\u00eancia \u00fanica de caiaque no Lago Moreno com a Rafting Villegas.<br data-start=\"3953\" data-end=\"3956\" \/>Aventura, natureza e paisagens incr\u00edveis para desfrutar Bariloche a partir da \u00e1gua.<\/p>","protected":false},"featured_media":235,"comment_status":"open","ping_status":"closed","template":"","meta":[],"product_brand":[],"product_cat":[17,19,21,22,26,28,32,37],"product_tag":[],"class_list":{"0":"post-33","1":"product","2":"type-product","3":"status-publish","4":"has-post-thumbnail","6":"product_cat-adultos","7":"product_cat-aventura","8":"product_cat-con-traslado","9":"product_cat-familia","10":"product_cat-lacustre","11":"product_cat-ninos","12":"product_cat-sin-comida","13":"product_cat-todo-el-ano","15":"first","16":"instock","17":"virtual","18":"sold-individually","19":"purchasable","20":"product-type-booking"},"booking_location":"","booking_location_type":"","booking_duration":1,"booking_duration_unit":"hour","booking_buffer":0,"booking_cost":0,"booking_resources":[],"exclude_global_add_ons":false,"addons":[{"name":"ADU: Adulto","type":"input_multiplier","position":0,"required":false,"title_format":"label","default":"","description_enable":false,"description":"","placeholder_enable":false,"placeholder":"","display":"select","restrictions_type":"any_text","adjust_price":true,"price":"107400","price_type":"quantity_based","restrictions":false,"min":"0","max":"0","options":[],"id":1773074737},{"name":"MEN512 | 5 a 12","type":"input_multiplier","position":1,"required":false,"title_format":"label","default":"","description_enable":false,"description":"","placeholder_enable":false,"placeholder":"","display":"select","restrictions_type":"any_text","adjust_price":true,"price":"107400","price_type":"quantity_based","restrictions":false,"min":"0","max":"0","options":[],"id":1773075048}],"yoast_head":"<!-- This site is optimized with the Yoast SEO Premium plugin v25.2 (Yoast SEO v25.2) - https:\/\/yoast.com\/wordpress\/plugins\/seo\/ -->\n<title>Kayak por el Lago Moreno en Bariloche | Rafting Villegas<\/title>\n<meta name=\"description\" content=\"Viv\u00ed una experiencia de kayak en Bariloche con Rafting Villegas. Aventura, paisajes y naturaleza patag\u00f3nica en una traves\u00eda guiada y segura.\" \/>\n<meta name=\"robots\" content=\"index, follow, max-snippet:-1, max-image-preview:large, max-video-preview:-1\" \/>\n<link rel=\"canonical\" href=\"https:\/\/raftingvillegas.com\/pt\/produto\/experiencia-de-caiaque-em-bariloche\/\" \/>\n<meta property=\"og:locale\" content=\"pt_BR\" \/>\n<meta property=\"og:type\" content=\"article\" \/>\n<meta property=\"og:title\" content=\"Kayak por el Lago Moreno\" \/>\n<meta property=\"og:description\" content=\"Viv\u00ed una experiencia de kayak en Bariloche con Rafting Villegas. Aventura, paisajes y naturaleza patag\u00f3nica en una traves\u00eda guiada y segura.\" \/>\n<meta property=\"og:url\" content=\"https:\/\/raftingvillegas.com\/pt\/produto\/experiencia-de-caiaque-em-bariloche\/\" \/>\n<meta property=\"og:site_name\" content=\"Rafting Villegas\" \/>\n<meta property=\"article:modified_time\" content=\"2026-04-02T03:06:36+00:00\" \/>\n<meta property=\"og:image\" content=\"https:\/\/raftingvillegas.com\/wp-content\/uploads\/sites\/11\/2025\/08\/13-A-3.jpg\" \/>\n\t<meta property=\"og:image:width\" content=\"850\" \/>\n\t<meta property=\"og:image:height\" content=\"1133\" \/>\n\t<meta property=\"og:image:type\" content=\"image\/jpeg\" \/>\n<meta name=\"twitter:card\" content=\"summary_large_image\" \/>\n<meta name=\"twitter:label1\" content=\"Pre\u00e7o\" \/>\n\t<meta name=\"twitter:data1\" content=\"&#036;107,400.00\" \/>\n\t<meta name=\"twitter:label2\" content=\"Disponibilidade\" \/>\n\t<meta name=\"twitter:data2\" content=\"Em Estoque\" \/>\n<script type=\"application\/ld+json\" class=\"yoast-schema-graph\">{\"@context\":\"https:\/\/schema.org\",\"@graph\":[{\"@type\":[\"WebPage\",\"ItemPage\"],\"@id\":\"https:\/\/raftingvillegas.com\/producto\/experiencia-kayak-bariloche\/\",\"url\":\"https:\/\/raftingvillegas.com\/producto\/experiencia-kayak-bariloche\/\",\"name\":\"Kayak por el Lago Moreno en Bariloche | Rafting Villegas\",\"isPartOf\":{\"@id\":\"https:\/\/raftingvillegas.com\/#website\"},\"primaryImageOfPage\":{\"@id\":\"https:\/\/raftingvillegas.com\/producto\/experiencia-kayak-bariloche\/#primaryimage\"},\"image\":{\"@id\":\"https:\/\/raftingvillegas.com\/producto\/experiencia-kayak-bariloche\/#primaryimage\"},\"thumbnailUrl\":\"https:\/\/raftingvillegas.com\/wp-content\/uploads\/sites\/11\/2025\/08\/13-A-3.jpg\",\"datePublished\":\"2025-08-18T17:28:17+00:00\",\"dateModified\":\"2026-04-02T03:06:36+00:00\",\"description\":\"Viv\u00ed una experiencia de kayak en Bariloche con Rafting Villegas. Aventura, paisajes y naturaleza patag\u00f3nica en una traves\u00eda guiada y segura.\",\"breadcrumb\":{\"@id\":\"https:\/\/raftingvillegas.com\/producto\/experiencia-kayak-bariloche\/#breadcrumb\"},\"inLanguage\":\"pt-BR\",\"potentialAction\":[{\"@type\":\"ReadAction\",\"target\":[\"https:\/\/raftingvillegas.com\/producto\/experiencia-kayak-bariloche\/\"]}]},{\"@type\":\"ImageObject\",\"inLanguage\":\"pt-BR\",\"@id\":\"https:\/\/raftingvillegas.com\/producto\/experiencia-kayak-bariloche\/#primaryimage\",\"url\":\"https:\/\/raftingvillegas.com\/wp-content\/uploads\/sites\/11\/2025\/08\/13-A-3.jpg\",\"contentUrl\":\"https:\/\/raftingvillegas.com\/wp-content\/uploads\/sites\/11\/2025\/08\/13-A-3.jpg\",\"width\":850,\"height\":1133,\"caption\":\"DCIM100GOPROGOPR1134.JPG\"},{\"@type\":\"BreadcrumbList\",\"@id\":\"https:\/\/raftingvillegas.com\/producto\/experiencia-kayak-bariloche\/#breadcrumb\",\"itemListElement\":[{\"@type\":\"ListItem\",\"position\":1,\"name\":\"Portada\",\"item\":\"https:\/\/raftingvillegas.com\/\"},{\"@type\":\"ListItem\",\"position\":2,\"name\":\"Tienda\",\"item\":\"https:\/\/raftingvillegas.com\/tienda\/\"},{\"@type\":\"ListItem\",\"position\":3,\"name\":\"Kayak por el Lago Moreno\"}]},{\"@type\":\"WebSite\",\"@id\":\"https:\/\/raftingvillegas.com\/#website\",\"url\":\"https:\/\/raftingvillegas.com\/\",\"name\":\"Rafting Villegas\",\"description\":\"R\u00edndete al r\u00edo, conquista los r\u00e1pidos: rafting seguro y emocionante.\",\"potentialAction\":[{\"@type\":\"SearchAction\",\"target\":{\"@type\":\"EntryPoint\",\"urlTemplate\":\"https:\/\/raftingvillegas.com\/?s={search_term_string}\"},\"query-input\":{\"@type\":\"PropertyValueSpecification\",\"valueRequired\":true,\"valueName\":\"search_term_string\"}}],\"inLanguage\":\"pt-BR\"}]}<\/script>\n<meta property=\"product:price:amount\" content=\"107400.00\" \/>\n<meta property=\"product:price:currency\" content=\"ARS\" \/>\n<meta property=\"og:availability\" content=\"instock\" \/>\n<meta property=\"product:availability\" content=\"instock\" \/>\n<meta property=\"product:retailer_item_id\" content=\"ADV2025TRENKAH9J5\" \/>\n<meta property=\"product:condition\" content=\"new\" \/>\n<!-- \/ Yoast SEO Premium plugin. -->","yoast_head_json":{"title":"Caiaque no Lago Moreno em Bariloche | Rafting Villegas","description":"Viva uma experi\u00eancia de caiaque em Bariloche com a Rafting Villegas. Aventura, paisagens e natureza patag\u00f4nica em uma viagem guiada e segura.","robots":{"index":"index","follow":"follow","max-snippet":"max-snippet:-1","max-image-preview":"max-image-preview:large","max-video-preview":"max-video-preview:-1"},"canonical":"https:\/\/raftingvillegas.com\/pt\/produto\/experiencia-de-caiaque-em-bariloche\/","og_locale":"pt_BR","og_type":"article","og_title":"Kayak por el Lago Moreno","og_description":"Viv\u00ed una experiencia de kayak en Bariloche con Rafting Villegas. Aventura, paisajes y naturaleza patag\u00f3nica en una traves\u00eda guiada y segura.","og_url":"https:\/\/raftingvillegas.com\/pt\/produto\/experiencia-de-caiaque-em-bariloche\/","og_site_name":"Rafting Villegas","article_modified_time":"2026-04-02T03:06:36+00:00","og_image":[{"width":850,"height":1133,"url":"https:\/\/raftingvillegas.com\/wp-content\/uploads\/sites\/11\/2025\/08\/13-A-3.jpg","type":"image\/jpeg"}],"twitter_card":"summary_large_image","twitter_misc":{"Pre\u00e7o":"&#36;107,400.00","Disponibilidade":"Em Estoque"},"schema":{"@context":"https:\/\/schema.org","@graph":[{"@type":["WebPage","ItemPage"],"@id":"https:\/\/raftingvillegas.com\/producto\/experiencia-kayak-bariloche\/","url":"https:\/\/raftingvillegas.com\/producto\/experiencia-kayak-bariloche\/","name":"Caiaque no Lago Moreno em Bariloche | Rafting Villegas","isPartOf":{"@id":"https:\/\/raftingvillegas.com\/#website"},"primaryImageOfPage":{"@id":"https:\/\/raftingvillegas.com\/producto\/experiencia-kayak-bariloche\/#primaryimage"},"image":{"@id":"https:\/\/raftingvillegas.com\/producto\/experiencia-kayak-bariloche\/#primaryimage"},"thumbnailUrl":"https:\/\/raftingvillegas.com\/wp-content\/uploads\/sites\/11\/2025\/08\/13-A-3.jpg","datePublished":"2025-08-18T17:28:17+00:00","dateModified":"2026-04-02T03:06:36+00:00","description":"Viva uma experi\u00eancia de caiaque em Bariloche com a Rafting Villegas. Aventura, paisagens e natureza patag\u00f4nica em uma viagem guiada e segura.","breadcrumb":{"@id":"https:\/\/raftingvillegas.com\/producto\/experiencia-kayak-bariloche\/#breadcrumb"},"inLanguage":"pt-BR","potentialAction":[{"@type":"ReadAction","target":["https:\/\/raftingvillegas.com\/producto\/experiencia-kayak-bariloche\/"]}]},{"@type":"ImageObject","inLanguage":"pt-BR","@id":"https:\/\/raftingvillegas.com\/producto\/experiencia-kayak-bariloche\/#primaryimage","url":"https:\/\/raftingvillegas.com\/wp-content\/uploads\/sites\/11\/2025\/08\/13-A-3.jpg","contentUrl":"https:\/\/raftingvillegas.com\/wp-content\/uploads\/sites\/11\/2025\/08\/13-A-3.jpg","width":850,"height":1133,"caption":"DCIM100GOPROGOPR1134.JPG"},{"@type":"BreadcrumbList","@id":"https:\/\/raftingvillegas.com\/producto\/experiencia-kayak-bariloche\/#breadcrumb","itemListElement":[{"@type":"ListItem","position":1,"name":"Portada","item":"https:\/\/raftingvillegas.com\/"},{"@type":"ListItem","position":2,"name":"Tienda","item":"https:\/\/raftingvillegas.com\/tienda\/"},{"@type":"ListItem","position":3,"name":"Kayak por el Lago Moreno"}]},{"@type":"WebSite","@id":"https:\/\/raftingvillegas.com\/#website","url":"https:\/\/raftingvillegas.com\/","name":"Rafting em Villegas","description":"Entregue-se ao rio, ven\u00e7a as corredeiras: rafting seguro e emocionante.","potentialAction":[{"@type":"SearchAction","target":{"@type":"EntryPoint","urlTemplate":"https:\/\/raftingvillegas.com\/?s={search_term_string}"},"query-input":{"@type":"PropertyValueSpecification","valueRequired":true,"valueName":"search_term_string"}}],"inLanguage":"pt-BR"}]},"product_price_amount":"107400.00","product_price_currency":"ARS","og_availability":"instock","product_availability":"instock","product_retailer_item_id":"ADV2025TRENKAH9J5","product_condition":"new"},"_links":{"self":[{"href":"https:\/\/raftingvillegas.com\/pt\/wp-json\/wp\/v2\/product\/33","targetHints":{"allow":["GET"]}}],"collection":[{"href":"https:\/\/raftingvillegas.com\/pt\/wp-json\/wp\/v2\/product"}],"about":[{"href":"https:\/\/raftingvillegas.com\/pt\/wp-json\/wp\/v2\/types\/product"}],"replies":[{"embeddable":true,"href":"https:\/\/raftingvillegas.com\/pt\/wp-json\/wp\/v2\/comments?post=33"}],"wp:featuredmedia":[{"embeddable":true,"href":"https:\/\/raftingvillegas.com\/pt\/wp-json\/wp\/v2\/media\/235"}],"wp:attachment":[{"href":"https:\/\/raftingvillegas.com\/pt\/wp-json\/wp\/v2\/media?parent=33"}],"wp:term":[{"taxonomy":"product_brand","embeddable":true,"href":"https:\/\/raftingvillegas.com\/pt\/wp-json\/wp\/v2\/product_brand?post=33"},{"taxonomy":"product_cat","embeddable":true,"href":"https:\/\/raftingvillegas.com\/pt\/wp-json\/wp\/v2\/product_cat?post=33"},{"taxonomy":"product_tag","embeddable":true,"href":"https:\/\/raftingvillegas.com\/pt\/wp-json\/wp\/v2\/product_tag?post=33"}],"curies":[{"name":"wp","href":"https:\/\/api.w.org\/{rel}","templated":true}]}}