{"id":32,"date":"2025-08-18T19:27:59","date_gmt":"2025-08-18T17:27:59","guid":{"rendered":"https:\/\/raftingvillegas.com\/producto\/rafting-al-limite-con-chile-sin-traslado\/"},"modified":"2026-04-02T05:06:36","modified_gmt":"2026-04-02T03:06:36","slug":"rafting-al-limite-con-chile-sin-traslado","status":"publish","type":"product","link":"https:\/\/raftingvillegas.com\/pt\/produto\/rafting-ate-a-fronteira-do-chile-sem-traslado\/","title":{"rendered":"Rafting at\u00e9 a fronteira com o Chile Sem traslado"},"content":{"rendered":"<h2 class=\"ai-optimize-6\">Aventura fluvial na fronteira com o Chile<\/h2>\n<p class=\"ai-optimize-7 ai-optimize-introduction\">Deixe-se surpreender por um <strong>experi\u00eancia inesquec\u00edvel de rafting<\/strong> que o aproxima da ess\u00eancia da Patag\u00f4nia. Voc\u00ea percorrer\u00e1 a beleza imponente do Rio Manso, onde as corredeiras de classe <strong>3 y 4<\/strong> s\u00e3o os protagonistas e o desafio vai at\u00e9 a fronteira internacional com o Chile.<\/p>\n<h3 class=\"ai-optimize-8\">In\u00edcio da proposta<\/h3>\n<p class=\"ai-optimize-9\">O dia come\u00e7a em nosso ponto de recep\u00e7\u00e3o. Antes de partir para a aventura, nossos guias especializados lhe fornecer\u00e3o todo o equipamento necess\u00e1rio: roupas de mergulho, capacetes e coletes salva-vidas. A seguran\u00e7a est\u00e1 sempre em primeiro lugar.<\/p>\n<h3 class=\"ai-optimize-10\">Remando no rio Manso<\/h3>\n<ul>\n<li class=\"ai-optimize-11\"><strong>Rota:<\/strong> Uma jornada de <strong>10 km<\/strong> navegando pelo rio Manso por alguns <strong>2 horas<\/strong> cheio de emo\u00e7\u00f5es.<\/li>\n<li class=\"ai-optimize-12\"><strong>Dificuldade:<\/strong> Reme e sinta a adrenalina da categoria de corredeiras <strong>III\/IV<\/strong>.<\/li>\n<li class=\"ai-optimize-13\">Na chegada \u00e0 fronteira com o Chile, estaremos esperando por voc\u00ea com o traslado de volta ao ref\u00fagio inicial.<\/li>\n<\/ul>\n<h3 class=\"ai-optimize-14\">Del\u00edcias no caminho de volta<\/h3>\n<p class=\"ai-optimize-15\">Ap\u00f3s o passeio de remo, h\u00e1 a possibilidade de almo\u00e7ar no Parador. O servi\u00e7o n\u00e3o faz parte do pacote, mas voc\u00ea pode solicit\u00e1-lo. <strong>churrasco<\/strong>, <strong>massa<\/strong> ou uma salada, op\u00e7\u00f5es dispon\u00edveis por um custo \u00e0 parte.<\/p>\n<h3 class=\"ai-optimize-16\">Recomenda\u00e7\u00f5es \u00fateis<\/h3>\n<ul>\n<li class=\"ai-optimize-17\">Proposta destinada a <strong>adolescentes e adultos<\/strong> do <strong>14 anos<\/strong>.<\/li>\n<li class=\"ai-optimize-18\">Ir para <strong>toalha<\/strong> e uma muda de roupa confort\u00e1vel para usar mais tarde.<\/li>\n<\/ul>\n<h3 class=\"ai-optimize-19\">Dados para a op\u00e7\u00e3o Sem transfer\u00eancias<\/h3>\n<p class=\"ai-optimize-20\">Se voc\u00ea optar por vir por conta pr\u00f3pria, o ponto de encontro \u00e9 o nosso ref\u00fagio, localizado na <strong data-start=\"372\" data-end=\"389\">Base Villegas<\/strong>, no <strong data-start=\"400\" data-end=\"417\">Ruta 83, Km 1, San Carlos de Bariloche, R\u00edo Negro.<\/strong>.<br data-start=\"418\" data-end=\"421\" \/>Veja a localiza\u00e7\u00e3o aqui: <a class=\"\" href=\"https:\/\/maps.app.goo.gl\/NqbsUN6VB5Fnt7hVA\" target=\"_new\" rel=\"noopener\" data-start=\"449\" data-end=\"535\">https:\/\/maps.app.goo.gl\/NqbsUN6VB5Fnt7hVA<\/a><\/p>\n<h3 class=\"ai-optimize-21\">Fatos importantes para sua experi\u00eancia<\/h3>\n<ul>\n<li class=\"ai-optimize-22\"><strong>Dura\u00e7\u00e3o:<\/strong> De <strong>9:00 a.m. \u00e0s 6:00 p.m.<\/strong>, aproximadamente.<\/li>\n<li class=\"ai-optimize-23\"><strong>Ele inclui:<\/strong> Atividade de rafting e todos os equipamentos: roupa de mergulho, colete, jaqueta imperme\u00e1vel, botas de neoprene, remo e capacete.<\/li>\n<li class=\"ai-optimize-24\"><strong>N\u00e3o inclu\u00eddo:<\/strong> Traslados, recep\u00e7\u00e3o em sua acomoda\u00e7\u00e3o, caf\u00e9 da manh\u00e3 e almo\u00e7o.<\/li>\n<\/ul>\n<h2 class=\"ai-optimize-25\">Perguntas frequentes<\/h2>\n<ul>\n<li class=\"ai-optimize-26\"><strong>Qual \u00e9 a idade m\u00ednima exigida?<\/strong><br \/>\nA proposta foi elaborada para pessoas com mais de 14 anos de idade.<\/li>\n<li class=\"ai-optimize-27\"><strong>Quais equipamentos t\u00e9cnicos voc\u00eas fornecem?<\/strong><br \/>\nFornecemos roupa de mergulho, colete salva-vidas, capacete, botas e remo.<\/li>\n<li class=\"ai-optimize-28\"><strong>O almo\u00e7o est\u00e1 inclu\u00eddo?<\/strong><br \/>\nO almo\u00e7o n\u00e3o est\u00e1 inclu\u00eddo; voc\u00ea pode adicion\u00e1-lo e escolher sua combina\u00e7\u00e3o favorita, pagando um valor extra.<\/li>\n<li class=\"ai-optimize-29\"><strong>Onde devo me inscrever se n\u00e3o optar pela transfer\u00eancia?<\/strong><br \/>\nPara a modalidade sem transfer\u00eancia, estamos esperando por voc\u00ea no <strong data-start=\"372\" data-end=\"389\">Base Villegas<\/strong>, no <strong data-start=\"400\" data-end=\"417\">Ruta 83, Km 1, San Carlos de Bariloche, R\u00edo Negro.<br \/>\nVeja a localiza\u00e7\u00e3o no Google Maps: <a class=\"\" href=\"https:\/\/maps.app.goo.gl\/NqbsUN6VB5Fnt7hVA\" target=\"_new\" rel=\"noopener\" data-start=\"449\" data-end=\"535\">https:\/\/maps.app.goo.gl\/NqbsUN6VB5Fnt7hVA<\/a><br \/>\n<\/strong><\/li>\n<\/ul>","protected":false},"excerpt":{"rendered":"<p class=\"ai-optimize-6\">Aproveite a experi\u00eancia de correr o rio Manso sem se preocupar com traslados. Mergulhe em corredeiras de classe III\/IV e comece o dia com um farto caf\u00e9 da manh\u00e3. Perfeito para maiores de 14 anos, esse passeio garante divers\u00e3o, emo\u00e7\u00e3o e vistas de tirar o f\u00f4lego.<\/p>","protected":false},"featured_media":231,"comment_status":"open","ping_status":"closed","template":"","meta":[],"product_brand":[],"product_cat":[17,19,22,29,30,32,33,38],"product_tag":[],"class_list":{"0":"post-32","1":"product","2":"type-product","3":"status-publish","4":"has-post-thumbnail","6":"product_cat-adultos","7":"product_cat-aventura","8":"product_cat-familia","9":"product_cat-otono","10":"product_cat-primavera","11":"product_cat-sin-comida","12":"product_cat-sin-traslado","13":"product_cat-verano","15":"first","16":"instock","17":"virtual","18":"sold-individually","19":"purchasable","20":"product-type-booking"},"booking_location":"","booking_location_type":"","booking_duration":1,"booking_duration_unit":"hour","booking_buffer":0,"booking_cost":0,"booking_resources":[],"exclude_global_add_ons":false,"addons":[{"name":"ADU: Adulto","type":"input_multiplier","position":0,"required":false,"title_format":"label","default":"","description_enable":false,"description":"","placeholder_enable":false,"placeholder":"","display":"select","restrictions_type":"any_text","adjust_price":true,"price":"140400","price_type":"quantity_based","restrictions":false,"min":"0","max":"0","options":[],"id":1773236380},{"name":"EXTRA: acompanhante","type":"input_multiplier","position":1,"required":false,"title_format":"label","default":"","description_enable":false,"description":"","placeholder_enable":false,"placeholder":"","display":"select","restrictions_type":"any_text","adjust_price":true,"price":"70200","price_type":"quantity_based","restrictions":false,"min":"0","max":"0","options":[],"id":1773236381},{"name":"MEN1418 | de 14 a 18","type":"input_multiplier","position":2,"required":false,"title_format":"label","default":"","description_enable":false,"description":"","placeholder_enable":false,"placeholder":"","display":"select","restrictions_type":"any_text","adjust_price":true,"price":"140400","price_type":"quantity_based","restrictions":false,"min":"0","max":"0","options":[],"id":1773236382}],"yoast_head":"<!-- This site is optimized with the Yoast SEO Premium plugin v25.2 (Yoast SEO v25.2) - https:\/\/yoast.com\/wordpress\/plugins\/seo\/ -->\n<title>Rafting en Bariloche | Aventura hasta la frontera con Chile - Rafting Villegas<\/title>\n<meta name=\"description\" content=\"Viv\u00ed la experiencia de rafting en Bariloche hasta la frontera con Chile. R\u00e1pidos grado III y IV, gu\u00edas expertos y pura adrenalina en la Patagonia.\" \/>\n<meta name=\"robots\" content=\"index, follow, max-snippet:-1, max-image-preview:large, max-video-preview:-1\" \/>\n<link rel=\"canonical\" href=\"https:\/\/raftingvillegas.com\/pt\/produto\/rafting-ate-a-fronteira-do-chile-sem-traslado\/\" \/>\n<meta property=\"og:locale\" content=\"pt_BR\" \/>\n<meta property=\"og:type\" content=\"article\" \/>\n<meta property=\"og:title\" content=\"Rafting al l\u00edmite con Chile Sin traslado\" \/>\n<meta property=\"og:description\" content=\"Viv\u00ed la experiencia de rafting en Bariloche hasta la frontera con Chile. R\u00e1pidos grado III y IV, gu\u00edas expertos y pura adrenalina en la Patagonia.\" \/>\n<meta property=\"og:url\" content=\"https:\/\/raftingvillegas.com\/pt\/produto\/rafting-ate-a-fronteira-do-chile-sem-traslado\/\" \/>\n<meta property=\"og:site_name\" content=\"Rafting Villegas\" \/>\n<meta property=\"article:modified_time\" content=\"2026-04-02T03:06:36+00:00\" \/>\n<meta property=\"og:image\" content=\"https:\/\/raftingvillegas.com\/wp-content\/uploads\/sites\/11\/2025\/08\/13-A-el-rafting-es-una-actividad.jpg\" \/>\n\t<meta property=\"og:image:width\" content=\"850\" \/>\n\t<meta property=\"og:image:height\" content=\"1133\" \/>\n\t<meta property=\"og:image:type\" content=\"image\/jpeg\" \/>\n<meta name=\"twitter:card\" content=\"summary_large_image\" \/>\n<meta name=\"twitter:label1\" content=\"Pre\u00e7o\" \/>\n\t<meta name=\"twitter:data1\" content=\"&#036;140,400.00\" \/>\n\t<meta name=\"twitter:label2\" content=\"Disponibilidade\" \/>\n\t<meta name=\"twitter:data2\" content=\"Em Estoque\" \/>\n<script type=\"application\/ld+json\" class=\"yoast-schema-graph\">{\"@context\":\"https:\/\/schema.org\",\"@graph\":[{\"@type\":[\"WebPage\",\"ItemPage\"],\"@id\":\"https:\/\/raftingvillegas.com\/producto\/rafting-al-limite-con-chile-sin-traslado\/\",\"url\":\"https:\/\/raftingvillegas.com\/producto\/rafting-al-limite-con-chile-sin-traslado\/\",\"name\":\"Rafting en Bariloche | Aventura hasta la frontera con Chile - Rafting Villegas\",\"isPartOf\":{\"@id\":\"https:\/\/raftingvillegas.com\/#website\"},\"primaryImageOfPage\":{\"@id\":\"https:\/\/raftingvillegas.com\/producto\/rafting-al-limite-con-chile-sin-traslado\/#primaryimage\"},\"image\":{\"@id\":\"https:\/\/raftingvillegas.com\/producto\/rafting-al-limite-con-chile-sin-traslado\/#primaryimage\"},\"thumbnailUrl\":\"https:\/\/raftingvillegas.com\/wp-content\/uploads\/sites\/11\/2025\/08\/13-A-el-rafting-es-una-actividad.jpg\",\"datePublished\":\"2025-08-18T17:27:59+00:00\",\"dateModified\":\"2026-04-02T03:06:36+00:00\",\"description\":\"Viv\u00ed la experiencia de rafting en Bariloche hasta la frontera con Chile. R\u00e1pidos grado III y IV, gu\u00edas expertos y pura adrenalina en la Patagonia.\",\"breadcrumb\":{\"@id\":\"https:\/\/raftingvillegas.com\/producto\/rafting-al-limite-con-chile-sin-traslado\/#breadcrumb\"},\"inLanguage\":\"pt-BR\",\"potentialAction\":[{\"@type\":\"ReadAction\",\"target\":[\"https:\/\/raftingvillegas.com\/producto\/rafting-al-limite-con-chile-sin-traslado\/\"]}]},{\"@type\":\"ImageObject\",\"inLanguage\":\"pt-BR\",\"@id\":\"https:\/\/raftingvillegas.com\/producto\/rafting-al-limite-con-chile-sin-traslado\/#primaryimage\",\"url\":\"https:\/\/raftingvillegas.com\/wp-content\/uploads\/sites\/11\/2025\/08\/13-A-el-rafting-es-una-actividad.jpg\",\"contentUrl\":\"https:\/\/raftingvillegas.com\/wp-content\/uploads\/sites\/11\/2025\/08\/13-A-el-rafting-es-una-actividad.jpg\",\"width\":850,\"height\":1133},{\"@type\":\"BreadcrumbList\",\"@id\":\"https:\/\/raftingvillegas.com\/producto\/rafting-al-limite-con-chile-sin-traslado\/#breadcrumb\",\"itemListElement\":[{\"@type\":\"ListItem\",\"position\":1,\"name\":\"Portada\",\"item\":\"https:\/\/raftingvillegas.com\/\"},{\"@type\":\"ListItem\",\"position\":2,\"name\":\"Tienda\",\"item\":\"https:\/\/raftingvillegas.com\/tienda\/\"},{\"@type\":\"ListItem\",\"position\":3,\"name\":\"Rafting al l\u00edmite con Chile Sin traslado\"}]},{\"@type\":\"WebSite\",\"@id\":\"https:\/\/raftingvillegas.com\/#website\",\"url\":\"https:\/\/raftingvillegas.com\/\",\"name\":\"Rafting Villegas\",\"description\":\"R\u00edndete al r\u00edo, conquista los r\u00e1pidos: rafting seguro y emocionante.\",\"potentialAction\":[{\"@type\":\"SearchAction\",\"target\":{\"@type\":\"EntryPoint\",\"urlTemplate\":\"https:\/\/raftingvillegas.com\/?s={search_term_string}\"},\"query-input\":{\"@type\":\"PropertyValueSpecification\",\"valueRequired\":true,\"valueName\":\"search_term_string\"}}],\"inLanguage\":\"pt-BR\"}]}<\/script>\n<meta property=\"product:price:amount\" content=\"140400.00\" \/>\n<meta property=\"product:price:currency\" content=\"ARS\" \/>\n<meta property=\"og:availability\" content=\"instock\" \/>\n<meta property=\"product:availability\" content=\"instock\" \/>\n<meta property=\"product:retailer_item_id\" content=\"ADV2025RAALL\u00cd530P\" \/>\n<meta property=\"product:condition\" content=\"new\" \/>\n<!-- \/ Yoast SEO Premium plugin. -->","yoast_head_json":{"title":"Rafting em Bariloche | Aventura at\u00e9 a fronteira com o Chile - Rafting Villegas","description":"Experimente o rafting em Bariloche at\u00e9 a fronteira com o Chile. Corredeiras de grau III e IV, guias especializados e pura adrenalina na Patag\u00f4nia.","robots":{"index":"index","follow":"follow","max-snippet":"max-snippet:-1","max-image-preview":"max-image-preview:large","max-video-preview":"max-video-preview:-1"},"canonical":"https:\/\/raftingvillegas.com\/pt\/produto\/rafting-ate-a-fronteira-do-chile-sem-traslado\/","og_locale":"pt_BR","og_type":"article","og_title":"Rafting al l\u00edmite con Chile Sin traslado","og_description":"Viv\u00ed la experiencia de rafting en Bariloche hasta la frontera con Chile. R\u00e1pidos grado III y IV, gu\u00edas expertos y pura adrenalina en la Patagonia.","og_url":"https:\/\/raftingvillegas.com\/pt\/produto\/rafting-ate-a-fronteira-do-chile-sem-traslado\/","og_site_name":"Rafting Villegas","article_modified_time":"2026-04-02T03:06:36+00:00","og_image":[{"width":850,"height":1133,"url":"https:\/\/raftingvillegas.com\/wp-content\/uploads\/sites\/11\/2025\/08\/13-A-el-rafting-es-una-actividad.jpg","type":"image\/jpeg"}],"twitter_card":"summary_large_image","twitter_misc":{"Pre\u00e7o":"&#36;140,400.00","Disponibilidade":"Em Estoque"},"schema":{"@context":"https:\/\/schema.org","@graph":[{"@type":["WebPage","ItemPage"],"@id":"https:\/\/raftingvillegas.com\/producto\/rafting-al-limite-con-chile-sin-traslado\/","url":"https:\/\/raftingvillegas.com\/producto\/rafting-al-limite-con-chile-sin-traslado\/","name":"Rafting em Bariloche | Aventura at\u00e9 a fronteira com o Chile - Rafting Villegas","isPartOf":{"@id":"https:\/\/raftingvillegas.com\/#website"},"primaryImageOfPage":{"@id":"https:\/\/raftingvillegas.com\/producto\/rafting-al-limite-con-chile-sin-traslado\/#primaryimage"},"image":{"@id":"https:\/\/raftingvillegas.com\/producto\/rafting-al-limite-con-chile-sin-traslado\/#primaryimage"},"thumbnailUrl":"https:\/\/raftingvillegas.com\/wp-content\/uploads\/sites\/11\/2025\/08\/13-A-el-rafting-es-una-actividad.jpg","datePublished":"2025-08-18T17:27:59+00:00","dateModified":"2026-04-02T03:06:36+00:00","description":"Experimente o rafting em Bariloche at\u00e9 a fronteira com o Chile. Corredeiras de grau III e IV, guias especializados e pura adrenalina na Patag\u00f4nia.","breadcrumb":{"@id":"https:\/\/raftingvillegas.com\/producto\/rafting-al-limite-con-chile-sin-traslado\/#breadcrumb"},"inLanguage":"pt-BR","potentialAction":[{"@type":"ReadAction","target":["https:\/\/raftingvillegas.com\/producto\/rafting-al-limite-con-chile-sin-traslado\/"]}]},{"@type":"ImageObject","inLanguage":"pt-BR","@id":"https:\/\/raftingvillegas.com\/producto\/rafting-al-limite-con-chile-sin-traslado\/#primaryimage","url":"https:\/\/raftingvillegas.com\/wp-content\/uploads\/sites\/11\/2025\/08\/13-A-el-rafting-es-una-actividad.jpg","contentUrl":"https:\/\/raftingvillegas.com\/wp-content\/uploads\/sites\/11\/2025\/08\/13-A-el-rafting-es-una-actividad.jpg","width":850,"height":1133},{"@type":"BreadcrumbList","@id":"https:\/\/raftingvillegas.com\/producto\/rafting-al-limite-con-chile-sin-traslado\/#breadcrumb","itemListElement":[{"@type":"ListItem","position":1,"name":"Portada","item":"https:\/\/raftingvillegas.com\/"},{"@type":"ListItem","position":2,"name":"Tienda","item":"https:\/\/raftingvillegas.com\/tienda\/"},{"@type":"ListItem","position":3,"name":"Rafting al l\u00edmite con Chile Sin traslado"}]},{"@type":"WebSite","@id":"https:\/\/raftingvillegas.com\/#website","url":"https:\/\/raftingvillegas.com\/","name":"Rafting em Villegas","description":"Entregue-se ao rio, ven\u00e7a as corredeiras: rafting seguro e emocionante.","potentialAction":[{"@type":"SearchAction","target":{"@type":"EntryPoint","urlTemplate":"https:\/\/raftingvillegas.com\/?s={search_term_string}"},"query-input":{"@type":"PropertyValueSpecification","valueRequired":true,"valueName":"search_term_string"}}],"inLanguage":"pt-BR"}]},"product_price_amount":"140400.00","product_price_currency":"ARS","og_availability":"instock","product_availability":"instock","product_retailer_item_id":"ADV2025RAALL\u00cd530P","product_condition":"new"},"_links":{"self":[{"href":"https:\/\/raftingvillegas.com\/pt\/wp-json\/wp\/v2\/product\/32","targetHints":{"allow":["GET"]}}],"collection":[{"href":"https:\/\/raftingvillegas.com\/pt\/wp-json\/wp\/v2\/product"}],"about":[{"href":"https:\/\/raftingvillegas.com\/pt\/wp-json\/wp\/v2\/types\/product"}],"replies":[{"embeddable":true,"href":"https:\/\/raftingvillegas.com\/pt\/wp-json\/wp\/v2\/comments?post=32"}],"wp:featuredmedia":[{"embeddable":true,"href":"https:\/\/raftingvillegas.com\/pt\/wp-json\/wp\/v2\/media\/231"}],"wp:attachment":[{"href":"https:\/\/raftingvillegas.com\/pt\/wp-json\/wp\/v2\/media?parent=32"}],"wp:term":[{"taxonomy":"product_brand","embeddable":true,"href":"https:\/\/raftingvillegas.com\/pt\/wp-json\/wp\/v2\/product_brand?post=32"},{"taxonomy":"product_cat","embeddable":true,"href":"https:\/\/raftingvillegas.com\/pt\/wp-json\/wp\/v2\/product_cat?post=32"},{"taxonomy":"product_tag","embeddable":true,"href":"https:\/\/raftingvillegas.com\/pt\/wp-json\/wp\/v2\/product_tag?post=32"}],"curies":[{"name":"wp","href":"https:\/\/api.w.org\/{rel}","templated":true}]}}