{"id":30,"date":"2025-08-18T19:27:08","date_gmt":"2025-08-18T17:27:08","guid":{"rendered":"https:\/\/raftingvillegas.com\/producto\/rafting-light-en-el-rio-manso-sin-traslado\/"},"modified":"2026-04-02T05:08:21","modified_gmt":"2026-04-02T03:08:21","slug":"rafting-light-en-el-rio-manso-sin-traslado","status":"publish","type":"product","link":"https:\/\/raftingvillegas.com\/pt\/produto\/rafting-leve-no-rio-manso-sem-traslado\/","title":{"rendered":"Rafting Light no Rio Manso sem traslado"},"content":{"rendered":"<h2 class=\"ai-optimize-6\">Passeio em fam\u00edlia no rio Manso<\/h2>\n<p class=\"ai-optimize-7 ai-optimize-introduction\">Venha e compartilhe um momento memor\u00e1vel com nossa op\u00e7\u00e3o de <strong>Rafting tranquilo no rio Manso<\/strong>, projetado para ser desfrutado com a fam\u00edlia. Essa experi\u00eancia aqu\u00e1tica foi criada para que adultos e crian\u00e7as - a partir de 5 anos de idade - possam se divertir com seguran\u00e7a. As corredeiras suaves de grau 1 e 2 proporcionam adrenalina na medida certa, em um ambiente protegido, perfeito para quem est\u00e1 fazendo isso pela primeira vez ou para quem quer relaxar e descontrair em meio \u00e0s paisagens patag\u00f4nicas.<\/p>\n<h3 class=\"ai-optimize-8\">Principais dados da experi\u00eancia<\/h3>\n<ul>\n<li class=\"ai-optimize-9\"><strong>Dura\u00e7\u00e3o:<\/strong> 90 minutos de divers\u00e3o e descoberta.<\/li>\n<li class=\"ai-optimize-10\"><strong>Caminhar:<\/strong> Voc\u00ea percorrer\u00e1 40 km de paisagens naturais, com corredeiras calmas que garantem lembran\u00e7as inesquec\u00edveis.<\/li>\n<li class=\"ai-optimize-11\"><strong>Equipamento inclu\u00eddo:<\/strong> Todo o pacote de seguran\u00e7a: roupa de mergulho, capacete e colete salva-vidas prontos para voc\u00ea.<\/li>\n<\/ul>\n<h3 class=\"ai-optimize-12\">In\u00edcio da caminhada<\/h3>\n<p class=\"ai-optimize-13\">Quando voc\u00ea chegar ao ponto de encontro, nossa equipe de profissionais o receber\u00e1 com boas vibra\u00e7\u00f5es, dando-lhe uma explica\u00e7\u00e3o simples e direta sobre o manuseio da balsa. Queremos que voc\u00ea se divirta sem nervosismo ou preocupa\u00e7\u00f5es com a experi\u00eancia anterior: aqui voc\u00ea vem para se divertir.<\/p>\n<h3 class=\"ai-optimize-14\">Recomenda\u00e7\u00f5es<\/h3>\n<p class=\"ai-optimize-15\">N\u00e3o se esque\u00e7a de trazer:<\/p>\n<ul>\n<li class=\"ai-optimize-16\">Toalha pr\u00f3pria.<\/li>\n<li class=\"ai-optimize-17\">Uma muda de roupa para depois da \u00e1gua.<\/li>\n<li class=\"ai-optimize-18\">Cal\u00e7ados confort\u00e1veis que n\u00e3o se importem em molhar.<\/li>\n<\/ul>\n<h3 class=\"ai-optimize-19\">Renda de trabalho aut\u00f4nomo<\/h3>\n<p class=\"ai-optimize-20\">Para aqueles que preferem chegar sem transporte alugado, o ponto de partida \u00e9 o <strong>Base Villegas<\/strong> no<strong> Rota 83 Km 1.<\/strong> <a class=\"theme markdown__link\" href=\"https:\/\/maps.app.goo.gl\/NqbsUN6VB5Fnt7hVA\" target=\"_blank\" rel=\"noopener noreferrer\">https:\/\/maps.app.goo.gl\/NqbsUN6VB5Fnt7hVA<\/a> este \u00e9 o link para a localiza\u00e7\u00e3o do parador.<\/p>\n<h3 class=\"ai-optimize-21\">O que est\u00e1 inclu\u00eddo e o que n\u00e3o est\u00e1<\/h3>\n<ul>\n<li class=\"ai-optimize-22\"><strong>Ele inclui:<\/strong> O passeio de rafting inclui todo o equipamento necess\u00e1rio: roupa de mergulho, colete salva-vidas, colete salva-vidas, reefer, botas de neoprene, remos e capacete de prote\u00e7\u00e3o.<\/li>\n<li class=\"ai-optimize-23\"><strong>N\u00e3o inclu\u00eddo:<\/strong> Traslados e refei\u00e7\u00f5es (almo\u00e7o, caf\u00e9 da manh\u00e3 ou lanche).<\/li>\n<\/ul>\n<h3 class=\"ai-optimize-24\">Hor\u00e1rios<\/h3>\n<p class=\"ai-optimize-25\">A experi\u00eancia de rafting vai de <strong>13:40 \u00e0s 19:00 hs<\/strong>.<\/p>\n<h2 class=\"ai-optimize-26\">Perguntas frequentes<\/h2>\n<h3 class=\"ai-optimize-27\">O que devo fazer se optar por n\u00e3o fazer uma transfer\u00eancia?<\/h3>\n<p class=\"ai-optimize-28\" data-pm-slice=\"1 1 []\">Se voc\u00ea optar pela alternativa sem transporte, ter\u00e1 que vir diretamente ao nosso ponto de partida do rafting: <strong>Base de Villegas Ruta 83 Km 1.<\/strong><\/p>\n<h3 class=\"ai-optimize-29\">Algu\u00e9m que n\u00e3o pratique rafting pode ir?<\/h3>\n<p class=\"ai-optimize-30\">\u00c9 claro! \u00c9 poss\u00edvel participar com um acompanhante, pagando o <strong>50% do valor<\/strong> da turn\u00ea.<\/p>","protected":false},"excerpt":{"rendered":"<h2 class=\"ai-optimize-6\">Viva a aventura do rafting no Rio Manso<\/h2>\n<p class=\"ai-optimize-7\">Passe um dia diferente com nossa proposta de rafting suave no Rio Manso, especialmente projetado para grupos familiares e crian\u00e7as a partir de 5 anos de idade. Sinta a calma e a paisagem enquanto passa por corredeiras de classe 1 e 2. Se voc\u00ea preferir vir por conta pr\u00f3pria, n\u00f3s o receberemos na esta\u00e7\u00e3o YPF-ACA. Venha e aproveite essa experi\u00eancia!<\/p>","protected":false},"featured_media":228,"comment_status":"open","ping_status":"closed","template":"","meta":[],"product_brand":[],"product_cat":[17,19,22,28,30,32,33,38],"product_tag":[],"class_list":{"0":"post-30","1":"product","2":"type-product","3":"status-publish","4":"has-post-thumbnail","6":"product_cat-adultos","7":"product_cat-aventura","8":"product_cat-familia","9":"product_cat-ninos","10":"product_cat-primavera","11":"product_cat-sin-comida","12":"product_cat-sin-traslado","13":"product_cat-verano","15":"first","16":"instock","17":"virtual","18":"sold-individually","19":"purchasable","20":"product-type-booking"},"booking_location":"","booking_location_type":"","booking_duration":1,"booking_duration_unit":"hour","booking_buffer":0,"booking_cost":0,"booking_resources":[],"exclude_global_add_ons":false,"addons":[{"name":"ADU: Adulto","type":"input_multiplier","position":0,"required":false,"title_format":"label","default":"","description_enable":false,"description":"","placeholder_enable":false,"placeholder":"","display":"select","restrictions_type":"any_text","adjust_price":true,"price":"75000","price_type":"quantity_based","restrictions":false,"min":"0","max":"0","options":[],"id":1773079069},{"name":"EXTRA: acompanhante","type":"input_multiplier","position":1,"required":false,"title_format":"label","default":"","description_enable":false,"description":"","placeholder_enable":false,"placeholder":"","display":"select","restrictions_type":"any_text","adjust_price":true,"price":"37500","price_type":"quantity_based","restrictions":false,"min":"0","max":"0","options":[],"id":1773079070},{"name":"MEN512 | 5 a 12","type":"input_multiplier","position":2,"required":false,"title_format":"label","default":"","description_enable":false,"description":"","placeholder_enable":false,"placeholder":"","display":"select","restrictions_type":"any_text","adjust_price":true,"price":"75000","price_type":"quantity_based","restrictions":false,"min":"0","max":"0","options":[],"id":1773079071}],"yoast_head":"<!-- This site is optimized with the Yoast SEO Premium plugin v25.2 (Yoast SEO v25.2) - https:\/\/yoast.com\/wordpress\/plugins\/seo\/ -->\n<title>Rafting Light en el R\u00edo Manso sin Traslado - Rafting Villegas<\/title>\n<meta name=\"description\" content=\"Viv\u00ed la experiencia de rafting en el R\u00edo Manso sin traslado desde Bariloche. Una aventura tranquila entre paisajes naturales \u00fanicos, ideal para familias.\" \/>\n<meta name=\"robots\" content=\"index, follow, max-snippet:-1, max-image-preview:large, max-video-preview:-1\" \/>\n<link rel=\"canonical\" href=\"https:\/\/raftingvillegas.com\/pt\/produto\/rafting-leve-no-rio-manso-sem-traslado\/\" \/>\n<meta property=\"og:locale\" content=\"pt_BR\" \/>\n<meta property=\"og:type\" content=\"article\" \/>\n<meta property=\"og:title\" content=\"Rafting Light en el R\u00edo Manso sin Traslado\" \/>\n<meta property=\"og:description\" content=\"Viv\u00ed la experiencia de rafting en el R\u00edo Manso sin traslado desde Bariloche. Una aventura tranquila entre paisajes naturales \u00fanicos, ideal para familias.\" \/>\n<meta property=\"og:url\" content=\"https:\/\/raftingvillegas.com\/pt\/produto\/rafting-leve-no-rio-manso-sem-traslado\/\" \/>\n<meta property=\"og:site_name\" content=\"Rafting Villegas\" \/>\n<meta property=\"article:modified_time\" content=\"2026-04-02T03:08:21+00:00\" \/>\n<meta property=\"og:image\" content=\"https:\/\/raftingvillegas.com\/wp-content\/uploads\/sites\/11\/2025\/08\/13-B-Rafting-light-rio-Manso-12.jpg\" \/>\n\t<meta property=\"og:image:width\" content=\"850\" \/>\n\t<meta property=\"og:image:height\" content=\"1133\" \/>\n\t<meta property=\"og:image:type\" content=\"image\/jpeg\" \/>\n<meta name=\"twitter:card\" content=\"summary_large_image\" \/>\n<meta name=\"twitter:label1\" content=\"Pre\u00e7o\" \/>\n\t<meta name=\"twitter:data1\" content=\"&#036;75,000.00\" \/>\n\t<meta name=\"twitter:label2\" content=\"Disponibilidade\" \/>\n\t<meta name=\"twitter:data2\" content=\"Em Estoque\" \/>\n<script type=\"application\/ld+json\" class=\"yoast-schema-graph\">{\"@context\":\"https:\/\/schema.org\",\"@graph\":[{\"@type\":[\"WebPage\",\"ItemPage\"],\"@id\":\"https:\/\/raftingvillegas.com\/producto\/rafting-light-en-el-rio-manso-sin-traslado\/\",\"url\":\"https:\/\/raftingvillegas.com\/producto\/rafting-light-en-el-rio-manso-sin-traslado\/\",\"name\":\"Rafting Light en el R\u00edo Manso sin Traslado - Rafting Villegas\",\"isPartOf\":{\"@id\":\"https:\/\/raftingvillegas.com\/#website\"},\"primaryImageOfPage\":{\"@id\":\"https:\/\/raftingvillegas.com\/producto\/rafting-light-en-el-rio-manso-sin-traslado\/#primaryimage\"},\"image\":{\"@id\":\"https:\/\/raftingvillegas.com\/producto\/rafting-light-en-el-rio-manso-sin-traslado\/#primaryimage\"},\"thumbnailUrl\":\"https:\/\/raftingvillegas.com\/wp-content\/uploads\/sites\/11\/2025\/08\/13-B-Rafting-light-rio-Manso-12.jpg\",\"datePublished\":\"2025-08-18T17:27:08+00:00\",\"dateModified\":\"2026-04-02T03:08:21+00:00\",\"description\":\"Viv\u00ed la experiencia de rafting en el R\u00edo Manso sin traslado desde Bariloche. Una aventura tranquila entre paisajes naturales \u00fanicos, ideal para familias.\",\"breadcrumb\":{\"@id\":\"https:\/\/raftingvillegas.com\/producto\/rafting-light-en-el-rio-manso-sin-traslado\/#breadcrumb\"},\"inLanguage\":\"pt-BR\",\"potentialAction\":[{\"@type\":\"ReadAction\",\"target\":[\"https:\/\/raftingvillegas.com\/producto\/rafting-light-en-el-rio-manso-sin-traslado\/\"]}]},{\"@type\":\"ImageObject\",\"inLanguage\":\"pt-BR\",\"@id\":\"https:\/\/raftingvillegas.com\/producto\/rafting-light-en-el-rio-manso-sin-traslado\/#primaryimage\",\"url\":\"https:\/\/raftingvillegas.com\/wp-content\/uploads\/sites\/11\/2025\/08\/13-B-Rafting-light-rio-Manso-12.jpg\",\"contentUrl\":\"https:\/\/raftingvillegas.com\/wp-content\/uploads\/sites\/11\/2025\/08\/13-B-Rafting-light-rio-Manso-12.jpg\",\"width\":850,\"height\":1133},{\"@type\":\"BreadcrumbList\",\"@id\":\"https:\/\/raftingvillegas.com\/producto\/rafting-light-en-el-rio-manso-sin-traslado\/#breadcrumb\",\"itemListElement\":[{\"@type\":\"ListItem\",\"position\":1,\"name\":\"Portada\",\"item\":\"https:\/\/raftingvillegas.com\/\"},{\"@type\":\"ListItem\",\"position\":2,\"name\":\"Tienda\",\"item\":\"https:\/\/raftingvillegas.com\/tienda\/\"},{\"@type\":\"ListItem\",\"position\":3,\"name\":\"Rafting Light en el R\u00edo Manso sin Traslado\"}]},{\"@type\":\"WebSite\",\"@id\":\"https:\/\/raftingvillegas.com\/#website\",\"url\":\"https:\/\/raftingvillegas.com\/\",\"name\":\"Rafting Villegas\",\"description\":\"R\u00edndete al r\u00edo, conquista los r\u00e1pidos: rafting seguro y emocionante.\",\"potentialAction\":[{\"@type\":\"SearchAction\",\"target\":{\"@type\":\"EntryPoint\",\"urlTemplate\":\"https:\/\/raftingvillegas.com\/?s={search_term_string}\"},\"query-input\":{\"@type\":\"PropertyValueSpecification\",\"valueRequired\":true,\"valueName\":\"search_term_string\"}}],\"inLanguage\":\"pt-BR\"}]}<\/script>\n<meta property=\"product:price:amount\" content=\"75000.00\" \/>\n<meta property=\"product:price:currency\" content=\"ARS\" \/>\n<meta property=\"og:availability\" content=\"instock\" \/>\n<meta property=\"product:availability\" content=\"instock\" \/>\n<meta property=\"product:retailer_item_id\" content=\"ADV2025RALIENTUFA\" \/>\n<meta property=\"product:condition\" content=\"new\" \/>\n<!-- \/ Yoast SEO Premium plugin. -->","yoast_head_json":{"title":"Rafting Light no Rio Manso sem traslado - Rafting Villegas","description":"Experimente o rafting no Rio Manso sem traslado de Bariloche. Uma aventura tranquila em meio a paisagens naturais \u00fanicas, ideal para fam\u00edlias.","robots":{"index":"index","follow":"follow","max-snippet":"max-snippet:-1","max-image-preview":"max-image-preview:large","max-video-preview":"max-video-preview:-1"},"canonical":"https:\/\/raftingvillegas.com\/pt\/produto\/rafting-leve-no-rio-manso-sem-traslado\/","og_locale":"pt_BR","og_type":"article","og_title":"Rafting Light en el R\u00edo Manso sin Traslado","og_description":"Viv\u00ed la experiencia de rafting en el R\u00edo Manso sin traslado desde Bariloche. Una aventura tranquila entre paisajes naturales \u00fanicos, ideal para familias.","og_url":"https:\/\/raftingvillegas.com\/pt\/produto\/rafting-leve-no-rio-manso-sem-traslado\/","og_site_name":"Rafting Villegas","article_modified_time":"2026-04-02T03:08:21+00:00","og_image":[{"width":850,"height":1133,"url":"https:\/\/raftingvillegas.com\/wp-content\/uploads\/sites\/11\/2025\/08\/13-B-Rafting-light-rio-Manso-12.jpg","type":"image\/jpeg"}],"twitter_card":"summary_large_image","twitter_misc":{"Pre\u00e7o":"&#36;75,000.00","Disponibilidade":"Em Estoque"},"schema":{"@context":"https:\/\/schema.org","@graph":[{"@type":["WebPage","ItemPage"],"@id":"https:\/\/raftingvillegas.com\/producto\/rafting-light-en-el-rio-manso-sin-traslado\/","url":"https:\/\/raftingvillegas.com\/producto\/rafting-light-en-el-rio-manso-sin-traslado\/","name":"Rafting Light no Rio Manso sem traslado - Rafting Villegas","isPartOf":{"@id":"https:\/\/raftingvillegas.com\/#website"},"primaryImageOfPage":{"@id":"https:\/\/raftingvillegas.com\/producto\/rafting-light-en-el-rio-manso-sin-traslado\/#primaryimage"},"image":{"@id":"https:\/\/raftingvillegas.com\/producto\/rafting-light-en-el-rio-manso-sin-traslado\/#primaryimage"},"thumbnailUrl":"https:\/\/raftingvillegas.com\/wp-content\/uploads\/sites\/11\/2025\/08\/13-B-Rafting-light-rio-Manso-12.jpg","datePublished":"2025-08-18T17:27:08+00:00","dateModified":"2026-04-02T03:08:21+00:00","description":"Experimente o rafting no Rio Manso sem traslado de Bariloche. Uma aventura tranquila em meio a paisagens naturais \u00fanicas, ideal para fam\u00edlias.","breadcrumb":{"@id":"https:\/\/raftingvillegas.com\/producto\/rafting-light-en-el-rio-manso-sin-traslado\/#breadcrumb"},"inLanguage":"pt-BR","potentialAction":[{"@type":"ReadAction","target":["https:\/\/raftingvillegas.com\/producto\/rafting-light-en-el-rio-manso-sin-traslado\/"]}]},{"@type":"ImageObject","inLanguage":"pt-BR","@id":"https:\/\/raftingvillegas.com\/producto\/rafting-light-en-el-rio-manso-sin-traslado\/#primaryimage","url":"https:\/\/raftingvillegas.com\/wp-content\/uploads\/sites\/11\/2025\/08\/13-B-Rafting-light-rio-Manso-12.jpg","contentUrl":"https:\/\/raftingvillegas.com\/wp-content\/uploads\/sites\/11\/2025\/08\/13-B-Rafting-light-rio-Manso-12.jpg","width":850,"height":1133},{"@type":"BreadcrumbList","@id":"https:\/\/raftingvillegas.com\/producto\/rafting-light-en-el-rio-manso-sin-traslado\/#breadcrumb","itemListElement":[{"@type":"ListItem","position":1,"name":"Portada","item":"https:\/\/raftingvillegas.com\/"},{"@type":"ListItem","position":2,"name":"Tienda","item":"https:\/\/raftingvillegas.com\/tienda\/"},{"@type":"ListItem","position":3,"name":"Rafting Light en el R\u00edo Manso sin Traslado"}]},{"@type":"WebSite","@id":"https:\/\/raftingvillegas.com\/#website","url":"https:\/\/raftingvillegas.com\/","name":"Rafting em Villegas","description":"Entregue-se ao rio, ven\u00e7a as corredeiras: rafting seguro e emocionante.","potentialAction":[{"@type":"SearchAction","target":{"@type":"EntryPoint","urlTemplate":"https:\/\/raftingvillegas.com\/?s={search_term_string}"},"query-input":{"@type":"PropertyValueSpecification","valueRequired":true,"valueName":"search_term_string"}}],"inLanguage":"pt-BR"}]},"product_price_amount":"75000.00","product_price_currency":"ARS","og_availability":"instock","product_availability":"instock","product_retailer_item_id":"ADV2025RALIENTUFA","product_condition":"new"},"_links":{"self":[{"href":"https:\/\/raftingvillegas.com\/pt\/wp-json\/wp\/v2\/product\/30","targetHints":{"allow":["GET"]}}],"collection":[{"href":"https:\/\/raftingvillegas.com\/pt\/wp-json\/wp\/v2\/product"}],"about":[{"href":"https:\/\/raftingvillegas.com\/pt\/wp-json\/wp\/v2\/types\/product"}],"replies":[{"embeddable":true,"href":"https:\/\/raftingvillegas.com\/pt\/wp-json\/wp\/v2\/comments?post=30"}],"wp:featuredmedia":[{"embeddable":true,"href":"https:\/\/raftingvillegas.com\/pt\/wp-json\/wp\/v2\/media\/228"}],"wp:attachment":[{"href":"https:\/\/raftingvillegas.com\/pt\/wp-json\/wp\/v2\/media?parent=30"}],"wp:term":[{"taxonomy":"product_brand","embeddable":true,"href":"https:\/\/raftingvillegas.com\/pt\/wp-json\/wp\/v2\/product_brand?post=30"},{"taxonomy":"product_cat","embeddable":true,"href":"https:\/\/raftingvillegas.com\/pt\/wp-json\/wp\/v2\/product_cat?post=30"},{"taxonomy":"product_tag","embeddable":true,"href":"https:\/\/raftingvillegas.com\/pt\/wp-json\/wp\/v2\/product_tag?post=30"}],"curies":[{"name":"wp","href":"https:\/\/api.w.org\/{rel}","templated":true}]}}