{"id":29,"date":"2025-08-18T19:26:43","date_gmt":"2025-08-18T17:26:43","guid":{"rendered":"https:\/\/raftingvillegas.com\/producto\/rafting-light-en-el-rio-manso-con-traslado\/"},"modified":"2026-04-02T05:06:36","modified_gmt":"2026-04-02T03:06:36","slug":"rafting-light-en-el-rio-manso-con-traslado","status":"publish","type":"product","link":"https:\/\/raftingvillegas.com\/pt\/produto\/rafting-leve-no-rio-manso-com-traslado\/","title":{"rendered":"Rafting leve no rio Manso com traslado"},"content":{"rendered":"<h2 class=\"ai-optimize-6\">Venha e aproveite o poder do Manso em total tranquilidade<\/h2>\n<p class=\"ai-optimize-7 ai-optimize-introduction\">Eu vivi o <strong>rafting mais divertido<\/strong> no hipnotizante <strong>Rio Manso<\/strong>, A aventura e a natureza se fundem em um cen\u00e1rio patag\u00f4nico como nenhum outro. Esse <strong>passeio suave<\/strong> \u00e9 projetado para fam\u00edlias e crian\u00e7as a partir de 5 anos de idade, sendo uma atividade segura e f\u00e1cil de se conectar com a beleza natural. N\u00f3s navegamos <strong>6 quil\u00f4metros<\/strong> na \u00e1gua <strong>classes 1 e 2<\/strong>, Uma \u00f3tima op\u00e7\u00e3o para iniciantes ou para quem procura um passeio descontra\u00eddo e memor\u00e1vel.<\/p>\n<h3 class=\"ai-optimize-8\">Voc\u00ea vai experimentar algo diferente<\/h3>\n<p class=\"ai-optimize-9\">No ponto de partida, nosso <strong>guias locais especializados<\/strong> prontos para acompanh\u00e1-lo e cuidar de cada momento dessa experi\u00eancia \u00fanica.<\/p>\n<ul>\n<li class=\"ai-optimize-10\"><strong>Todos os equipamentos est\u00e3o inclu\u00eddos:<\/strong> roupa de mergulho, capacete, colete e outros elementos essenciais para sua seguran\u00e7a.<\/li>\n<li class=\"ai-optimize-11\"><strong>Palestra sobre seguran\u00e7a:<\/strong> Antes de subir no bote, damos dicas pr\u00e1ticas para voc\u00ea aproveitar ao m\u00e1ximo o rafting sem preocupa\u00e7\u00f5es.<\/li>\n<\/ul>\n<p class=\"ai-optimize-12\">Na descida, voc\u00ea descobrir\u00e1 belas paisagens e se deixar\u00e1 levar pela energia da \u00e1gua. A dura\u00e7\u00e3o do passeio \u00e9 de aproximadamente <strong>uma hora e meia<\/strong>, O lugar ideal para mergulhar na natureza da Patag\u00f4nia e se desconectar da rotina.<\/p>\n<h3 class=\"ai-optimize-13\">Sair<\/h3>\n<p class=\"ai-optimize-14\" data-pm-slice=\"1 1 []\">Se voc\u00ea precisar de um traslado, partiremos do centro de Bariloche ou coordenaremos o ponto de encontro de acordo com sua conveni\u00eancia, dependendo de onde voc\u00ea estiver hospedado. Se voc\u00ea decidir ir com seu pr\u00f3prio ve\u00edculo, dever\u00e1 comparecer \u00e0 nossa parada onde a excurs\u00e3o de rafting \u00e9 realizada na Base Villegas, Rota 83 Km 1. <a class=\"theme markdown__link\" href=\"https:\/\/maps.app.goo.gl\/NqbsUN6VB5Fnt7hVA\" target=\"_blank\" rel=\"noopener noreferrer\">https:\/\/maps.app.goo.gl\/NqbsUN6VB5Fnt7hVA<\/a> este \u00e9 o link para a localiza\u00e7\u00e3o do parador.<\/p>\n<h3 class=\"ai-optimize-15\">Relaxamento e amizade<\/h3>\n<p class=\"ai-optimize-16\">No final, voc\u00ea retorna ao parador para descansar, conversar com outros participantes e levar lembran\u00e7as inesquec\u00edveis.<\/p>\n<h3 class=\"ai-optimize-17\">Dicas para sua experi\u00eancia<\/h3>\n<ul>\n<li class=\"ai-optimize-18\"><strong>Sempre carregue:<\/strong> toalha, roupas sobressalentes e cal\u00e7ados \u00e0 prova d'\u00e1gua.<\/li>\n<li class=\"ai-optimize-19\"><strong>Atenti:<\/strong> Um ou dois respingos certamente o acompanhar\u00e3o em sua jornada!<\/li>\n<\/ul>\n<p class=\"ai-optimize-20\">N\u00e3o perca a chance de se conectar com as paisagens argentinas de uma nova maneira, reserve seu lugar agora, estamos esperando por voc\u00ea!<\/p>","protected":false},"excerpt":{"rendered":"<p class=\"ai-optimize-6\">Experimente uma aventura \u00fanica de rafting suave no Rio Manso. Especialmente projetada para iniciantes e fam\u00edlias, essa proposta garante uma travessia segura e cheia de adrenalina ao longo de 6 quil\u00f4metros cercados por paisagens impressionantes.<\/p>","protected":false},"featured_media":227,"comment_status":"open","ping_status":"closed","template":"","meta":[],"product_brand":[],"product_cat":[17,19,21,22,28,30,32,38],"product_tag":[],"class_list":{"0":"post-29","1":"product","2":"type-product","3":"status-publish","4":"has-post-thumbnail","6":"product_cat-adultos","7":"product_cat-aventura","8":"product_cat-con-traslado","9":"product_cat-familia","10":"product_cat-ninos","11":"product_cat-primavera","12":"product_cat-sin-comida","13":"product_cat-verano","15":"first","16":"instock","17":"virtual","18":"sold-individually","19":"purchasable","20":"product-type-booking"},"booking_location":"","booking_location_type":"","booking_duration":1,"booking_duration_unit":"hour","booking_buffer":0,"booking_cost":0,"booking_resources":[],"exclude_global_add_ons":false,"addons":[{"name":"ADU: Adulto","type":"input_multiplier","position":0,"required":false,"title_format":"label","default":"","description_enable":false,"description":"","placeholder_enable":false,"placeholder":"","display":"select","restrictions_type":"any_text","adjust_price":true,"price":"90000","price_type":"quantity_based","restrictions":false,"min":"0","max":"0","options":[],"id":1773236862},{"name":"EXTRA: acompanhante","type":"input_multiplier","position":1,"required":false,"title_format":"label","default":"","description_enable":false,"description":"","placeholder_enable":false,"placeholder":"","display":"select","restrictions_type":"any_text","adjust_price":true,"price":"45000","price_type":"quantity_based","restrictions":false,"min":"0","max":"0","options":[],"id":1773236863},{"name":"MEN512 | 5 a 12","type":"input_multiplier","position":2,"required":false,"title_format":"label","default":"","description_enable":false,"description":"","placeholder_enable":false,"placeholder":"","display":"select","restrictions_type":"any_text","adjust_price":true,"price":"90000","price_type":"quantity_based","restrictions":false,"min":"0","max":"0","options":[],"id":1773236864}],"yoast_head":"<!-- This site is optimized with the Yoast SEO Premium plugin v25.2 (Yoast SEO v25.2) - https:\/\/yoast.com\/wordpress\/plugins\/seo\/ -->\n<title>Rafting light en el r\u00edo Manso con traslado - Rafting Villegas<\/title>\n<meta name=\"description\" content=\"Viv\u00ed la experiencia de rafting en el R\u00edo Manso sin traslado desde Bariloche. Una aventura tranquila entre paisajes naturales \u00fanicos, ideal para familias.\" \/>\n<meta name=\"robots\" content=\"index, follow, max-snippet:-1, max-image-preview:large, max-video-preview:-1\" \/>\n<link rel=\"canonical\" href=\"https:\/\/raftingvillegas.com\/pt\/produto\/rafting-leve-no-rio-manso-com-traslado\/\" \/>\n<meta property=\"og:locale\" content=\"pt_BR\" \/>\n<meta property=\"og:type\" content=\"article\" \/>\n<meta property=\"og:title\" content=\"Rafting light en el r\u00edo Manso con traslado\" \/>\n<meta property=\"og:description\" content=\"Viv\u00ed la experiencia de rafting en el R\u00edo Manso sin traslado desde Bariloche. Una aventura tranquila entre paisajes naturales \u00fanicos, ideal para familias.\" \/>\n<meta property=\"og:url\" content=\"https:\/\/raftingvillegas.com\/pt\/produto\/rafting-leve-no-rio-manso-com-traslado\/\" \/>\n<meta property=\"og:site_name\" content=\"Rafting Villegas\" \/>\n<meta property=\"article:modified_time\" content=\"2026-04-02T03:06:36+00:00\" \/>\n<meta property=\"og:image\" content=\"https:\/\/raftingvillegas.com\/wp-content\/uploads\/sites\/11\/2025\/08\/13-A-rafting-adverenture.jpg\" \/>\n\t<meta property=\"og:image:width\" content=\"850\" \/>\n\t<meta property=\"og:image:height\" content=\"1133\" \/>\n\t<meta property=\"og:image:type\" content=\"image\/jpeg\" \/>\n<meta name=\"twitter:card\" content=\"summary_large_image\" \/>\n<meta name=\"twitter:label1\" content=\"Pre\u00e7o\" \/>\n\t<meta name=\"twitter:data1\" content=\"&#036;90,000.00\" \/>\n\t<meta name=\"twitter:label2\" content=\"Disponibilidade\" \/>\n\t<meta name=\"twitter:data2\" content=\"Em Estoque\" \/>\n<script type=\"application\/ld+json\" class=\"yoast-schema-graph\">{\"@context\":\"https:\/\/schema.org\",\"@graph\":[{\"@type\":[\"WebPage\",\"ItemPage\"],\"@id\":\"https:\/\/raftingvillegas.com\/producto\/rafting-light-en-el-rio-manso-con-traslado\/\",\"url\":\"https:\/\/raftingvillegas.com\/producto\/rafting-light-en-el-rio-manso-con-traslado\/\",\"name\":\"Rafting light en el r\u00edo Manso con traslado - Rafting Villegas\",\"isPartOf\":{\"@id\":\"https:\/\/raftingvillegas.com\/#website\"},\"primaryImageOfPage\":{\"@id\":\"https:\/\/raftingvillegas.com\/producto\/rafting-light-en-el-rio-manso-con-traslado\/#primaryimage\"},\"image\":{\"@id\":\"https:\/\/raftingvillegas.com\/producto\/rafting-light-en-el-rio-manso-con-traslado\/#primaryimage\"},\"thumbnailUrl\":\"https:\/\/raftingvillegas.com\/wp-content\/uploads\/sites\/11\/2025\/08\/13-A-rafting-adverenture.jpg\",\"datePublished\":\"2025-08-18T17:26:43+00:00\",\"dateModified\":\"2026-04-02T03:06:36+00:00\",\"description\":\"Viv\u00ed la experiencia de rafting en el R\u00edo Manso sin traslado desde Bariloche. Una aventura tranquila entre paisajes naturales \u00fanicos, ideal para familias.\",\"breadcrumb\":{\"@id\":\"https:\/\/raftingvillegas.com\/producto\/rafting-light-en-el-rio-manso-con-traslado\/#breadcrumb\"},\"inLanguage\":\"pt-BR\",\"potentialAction\":[{\"@type\":\"ReadAction\",\"target\":[\"https:\/\/raftingvillegas.com\/producto\/rafting-light-en-el-rio-manso-con-traslado\/\"]}]},{\"@type\":\"ImageObject\",\"inLanguage\":\"pt-BR\",\"@id\":\"https:\/\/raftingvillegas.com\/producto\/rafting-light-en-el-rio-manso-con-traslado\/#primaryimage\",\"url\":\"https:\/\/raftingvillegas.com\/wp-content\/uploads\/sites\/11\/2025\/08\/13-A-rafting-adverenture.jpg\",\"contentUrl\":\"https:\/\/raftingvillegas.com\/wp-content\/uploads\/sites\/11\/2025\/08\/13-A-rafting-adverenture.jpg\",\"width\":850,\"height\":1133},{\"@type\":\"BreadcrumbList\",\"@id\":\"https:\/\/raftingvillegas.com\/producto\/rafting-light-en-el-rio-manso-con-traslado\/#breadcrumb\",\"itemListElement\":[{\"@type\":\"ListItem\",\"position\":1,\"name\":\"Portada\",\"item\":\"https:\/\/raftingvillegas.com\/\"},{\"@type\":\"ListItem\",\"position\":2,\"name\":\"Tienda\",\"item\":\"https:\/\/raftingvillegas.com\/tienda\/\"},{\"@type\":\"ListItem\",\"position\":3,\"name\":\"Rafting light en el r\u00edo Manso con traslado\"}]},{\"@type\":\"WebSite\",\"@id\":\"https:\/\/raftingvillegas.com\/#website\",\"url\":\"https:\/\/raftingvillegas.com\/\",\"name\":\"Rafting Villegas\",\"description\":\"R\u00edndete al r\u00edo, conquista los r\u00e1pidos: rafting seguro y emocionante.\",\"potentialAction\":[{\"@type\":\"SearchAction\",\"target\":{\"@type\":\"EntryPoint\",\"urlTemplate\":\"https:\/\/raftingvillegas.com\/?s={search_term_string}\"},\"query-input\":{\"@type\":\"PropertyValueSpecification\",\"valueRequired\":true,\"valueName\":\"search_term_string\"}}],\"inLanguage\":\"pt-BR\"}]}<\/script>\n<meta property=\"product:price:amount\" content=\"90000.00\" \/>\n<meta property=\"product:price:currency\" content=\"ARS\" \/>\n<meta property=\"og:availability\" content=\"instock\" \/>\n<meta property=\"product:availability\" content=\"instock\" \/>\n<meta property=\"product:retailer_item_id\" content=\"ADV2025RALIENP3DA\" \/>\n<meta property=\"product:condition\" content=\"new\" \/>\n<!-- \/ Yoast SEO Premium plugin. -->","yoast_head_json":{"title":"Rafting leve no rio Manso com traslado - Rafting Villegas","description":"Experimente o rafting no Rio Manso sem traslado de Bariloche. Uma aventura tranquila em meio a paisagens naturais \u00fanicas, ideal para fam\u00edlias.","robots":{"index":"index","follow":"follow","max-snippet":"max-snippet:-1","max-image-preview":"max-image-preview:large","max-video-preview":"max-video-preview:-1"},"canonical":"https:\/\/raftingvillegas.com\/pt\/produto\/rafting-leve-no-rio-manso-com-traslado\/","og_locale":"pt_BR","og_type":"article","og_title":"Rafting light en el r\u00edo Manso con traslado","og_description":"Viv\u00ed la experiencia de rafting en el R\u00edo Manso sin traslado desde Bariloche. Una aventura tranquila entre paisajes naturales \u00fanicos, ideal para familias.","og_url":"https:\/\/raftingvillegas.com\/pt\/produto\/rafting-leve-no-rio-manso-com-traslado\/","og_site_name":"Rafting Villegas","article_modified_time":"2026-04-02T03:06:36+00:00","og_image":[{"width":850,"height":1133,"url":"https:\/\/raftingvillegas.com\/wp-content\/uploads\/sites\/11\/2025\/08\/13-A-rafting-adverenture.jpg","type":"image\/jpeg"}],"twitter_card":"summary_large_image","twitter_misc":{"Pre\u00e7o":"&#36;90,000.00","Disponibilidade":"Em Estoque"},"schema":{"@context":"https:\/\/schema.org","@graph":[{"@type":["WebPage","ItemPage"],"@id":"https:\/\/raftingvillegas.com\/producto\/rafting-light-en-el-rio-manso-con-traslado\/","url":"https:\/\/raftingvillegas.com\/producto\/rafting-light-en-el-rio-manso-con-traslado\/","name":"Rafting leve no rio Manso com traslado - Rafting Villegas","isPartOf":{"@id":"https:\/\/raftingvillegas.com\/#website"},"primaryImageOfPage":{"@id":"https:\/\/raftingvillegas.com\/producto\/rafting-light-en-el-rio-manso-con-traslado\/#primaryimage"},"image":{"@id":"https:\/\/raftingvillegas.com\/producto\/rafting-light-en-el-rio-manso-con-traslado\/#primaryimage"},"thumbnailUrl":"https:\/\/raftingvillegas.com\/wp-content\/uploads\/sites\/11\/2025\/08\/13-A-rafting-adverenture.jpg","datePublished":"2025-08-18T17:26:43+00:00","dateModified":"2026-04-02T03:06:36+00:00","description":"Experimente o rafting no Rio Manso sem traslado de Bariloche. Uma aventura tranquila em meio a paisagens naturais \u00fanicas, ideal para fam\u00edlias.","breadcrumb":{"@id":"https:\/\/raftingvillegas.com\/producto\/rafting-light-en-el-rio-manso-con-traslado\/#breadcrumb"},"inLanguage":"pt-BR","potentialAction":[{"@type":"ReadAction","target":["https:\/\/raftingvillegas.com\/producto\/rafting-light-en-el-rio-manso-con-traslado\/"]}]},{"@type":"ImageObject","inLanguage":"pt-BR","@id":"https:\/\/raftingvillegas.com\/producto\/rafting-light-en-el-rio-manso-con-traslado\/#primaryimage","url":"https:\/\/raftingvillegas.com\/wp-content\/uploads\/sites\/11\/2025\/08\/13-A-rafting-adverenture.jpg","contentUrl":"https:\/\/raftingvillegas.com\/wp-content\/uploads\/sites\/11\/2025\/08\/13-A-rafting-adverenture.jpg","width":850,"height":1133},{"@type":"BreadcrumbList","@id":"https:\/\/raftingvillegas.com\/producto\/rafting-light-en-el-rio-manso-con-traslado\/#breadcrumb","itemListElement":[{"@type":"ListItem","position":1,"name":"Portada","item":"https:\/\/raftingvillegas.com\/"},{"@type":"ListItem","position":2,"name":"Tienda","item":"https:\/\/raftingvillegas.com\/tienda\/"},{"@type":"ListItem","position":3,"name":"Rafting light en el r\u00edo Manso con traslado"}]},{"@type":"WebSite","@id":"https:\/\/raftingvillegas.com\/#website","url":"https:\/\/raftingvillegas.com\/","name":"Rafting em Villegas","description":"Entregue-se ao rio, ven\u00e7a as corredeiras: rafting seguro e emocionante.","potentialAction":[{"@type":"SearchAction","target":{"@type":"EntryPoint","urlTemplate":"https:\/\/raftingvillegas.com\/?s={search_term_string}"},"query-input":{"@type":"PropertyValueSpecification","valueRequired":true,"valueName":"search_term_string"}}],"inLanguage":"pt-BR"}]},"product_price_amount":"90000.00","product_price_currency":"ARS","og_availability":"instock","product_availability":"instock","product_retailer_item_id":"ADV2025RALIENP3DA","product_condition":"new"},"_links":{"self":[{"href":"https:\/\/raftingvillegas.com\/pt\/wp-json\/wp\/v2\/product\/29","targetHints":{"allow":["GET"]}}],"collection":[{"href":"https:\/\/raftingvillegas.com\/pt\/wp-json\/wp\/v2\/product"}],"about":[{"href":"https:\/\/raftingvillegas.com\/pt\/wp-json\/wp\/v2\/types\/product"}],"replies":[{"embeddable":true,"href":"https:\/\/raftingvillegas.com\/pt\/wp-json\/wp\/v2\/comments?post=29"}],"wp:featuredmedia":[{"embeddable":true,"href":"https:\/\/raftingvillegas.com\/pt\/wp-json\/wp\/v2\/media\/227"}],"wp:attachment":[{"href":"https:\/\/raftingvillegas.com\/pt\/wp-json\/wp\/v2\/media?parent=29"}],"wp:term":[{"taxonomy":"product_brand","embeddable":true,"href":"https:\/\/raftingvillegas.com\/pt\/wp-json\/wp\/v2\/product_brand?post=29"},{"taxonomy":"product_cat","embeddable":true,"href":"https:\/\/raftingvillegas.com\/pt\/wp-json\/wp\/v2\/product_cat?post=29"},{"taxonomy":"product_tag","embeddable":true,"href":"https:\/\/raftingvillegas.com\/pt\/wp-json\/wp\/v2\/product_tag?post=29"}],"curies":[{"name":"wp","href":"https:\/\/api.w.org\/{rel}","templated":true}]}}