{"id":28,"date":"2025-08-18T19:26:25","date_gmt":"2025-08-18T17:26:25","guid":{"rendered":"https:\/\/raftingvillegas.com\/producto\/circuito-chico-y-cerro-campanario-explora-bariloche-como-nunca-antes\/"},"modified":"2026-04-02T05:06:36","modified_gmt":"2026-04-02T03:06:36","slug":"circuito-chico-cerro-campanario","status":"publish","type":"product","link":"https:\/\/raftingvillegas.com\/pt\/produto\/cerro-campanario-small-circuit\/","title":{"rendered":"Circuito Chico e Cerro Campanario: explore Bariloche como nunca antes"},"content":{"rendered":"<h3 class=\"ai-optimize-22\" data-start=\"417\" data-end=\"500\"><strong data-start=\"421\" data-end=\"500\">Paisagens de sonho, caminhos emblem\u00e1ticos e cart\u00f5es postais que v\u00e3o mexer com voc\u00ea.<\/strong><\/h3>\n<p class=\"ai-optimize-23\" data-start=\"502\" data-end=\"756\">Venha conhecer em apenas meio dia os principais pontos de Bariloche com esta proposta ideal para quem procura uma mistura de natureza, hist\u00f3ria viva e vistas panor\u00e2micas que ficar\u00e3o gravadas em sua mem\u00f3ria. A <strong data-start=\"677\" data-end=\"695\">Circuito pequeno<\/strong> \u00e9 a excurs\u00e3o perfeita para come\u00e7ar sua experi\u00eancia na Patag\u00f4nia.<\/p>\n<p class=\"ai-optimize-24\" data-start=\"758\" data-end=\"1088\">A viagem come\u00e7a nos pontos de encontro entre o centro e o km 8 da Av. Bustillo ou Av. Pioneros. Durante a viagem, voc\u00ea percorrer\u00e1 a <strong data-start=\"910\" data-end=\"931\">Lago Nahuel Huapi<\/strong>, apreciar a eleg\u00e2ncia do <strong data-start=\"957\" data-end=\"976\">Hotel Llao Llao<\/strong>, o pitoresco <strong data-start=\"993\" data-end=\"1016\">Capela de S\u00e3o Eduardo<\/strong> e o <strong data-start=\"1022\" data-end=\"1040\">Puerto Pa\u00f1uelo<\/strong>, O ponto de partida cl\u00e1ssico para navegar pelos lagos.<\/p>\n<p class=\"ai-optimize-25\" data-start=\"1090\" data-end=\"1241\">As paradas tamb\u00e9m o aguardam em locais como <strong data-start=\"1125\" data-end=\"1140\">Vila Tacul<\/strong>, o <strong data-start=\"1145\" data-end=\"1163\">Lago escondido<\/strong> e o <strong data-start=\"1169\" data-end=\"1184\">Cerro L\u00f3pez<\/strong>, com momentos projetados para fotos e para vivenciar a natureza de perto e pessoalmente.<\/p>\n<p class=\"ai-optimize-26\" data-start=\"1243\" data-end=\"1484\">A caminhada termina no <strong data-start=\"1272\" data-end=\"1292\">Cerro Campanario<\/strong>, Voc\u00ea pode optar por pegar um telef\u00e9rico at\u00e9 um dos pontos de vista mais imponentes do planeta. Do topo, a vista das montanhas, lagos e vales oferece sensa\u00e7\u00f5es inesquec\u00edveis.<\/p>\n<p class=\"ai-optimize-27\" data-start=\"1486\" data-end=\"1665\">A sa\u00edda \u00e9 das 8h30min \u00e0s 12h30min ou das 15h \u00e0s 19h. Inclui traslado e guia profissional em espanhol (h\u00e1 uma op\u00e7\u00e3o bil\u00edngue). N\u00e3o inclui o custo do telef\u00e9rico ou refei\u00e7\u00f5es.<\/p>\n<h3 class=\"ai-optimize-28\" data-start=\"1672\" data-end=\"1700\"><strong data-start=\"1676\" data-end=\"1700\">Perguntas frequentes<\/strong><\/h3>\n<p class=\"ai-optimize-29\" data-start=\"1702\" data-end=\"1844\"><strong data-start=\"1702\" data-end=\"1746\">Posso combinar esse passeio com outro?<\/strong><br data-start=\"1746\" data-end=\"1749\" \/>\u00c9 claro que ele \u00e9 perfeito para acrescentar uma visita ao <strong data-start=\"1787\" data-end=\"1805\">Cerro Catedral<\/strong> ou cruzar para o <strong data-start=\"1813\" data-end=\"1830\">Ilha Victoria<\/strong> \u00e0 tarde.<\/p>\n<p class=\"ai-optimize-30\" data-start=\"1846\" data-end=\"1951\"><strong data-start=\"1846\" data-end=\"1878\">O telef\u00e9rico est\u00e1 inclu\u00eddo?<\/strong><br data-start=\"1878\" data-end=\"1881\" \/>A subida ao Cerro Campanario \u00e9 opcional e paga localmente.<\/p>\n<p class=\"ai-optimize-31\" data-start=\"1953\" data-end=\"2056\"><strong data-start=\"1953\" data-end=\"1986\">Posso entrar no Llao Llao Llao Hotel?<\/strong><br data-start=\"1986\" data-end=\"1989\" \/>N\u00e3o. A parada contempla a vista externa e o ambiente natural.<\/p>\n<p class=\"ai-optimize-32\" data-start=\"2058\" data-end=\"2192\"><strong data-start=\"2058\" data-end=\"2082\">\u00c9 uma caminhada f\u00edsica?<\/strong><br data-start=\"2082\" data-end=\"2085\" \/>N\u00e3o \u00e9 necess\u00e1rio nenhum esfor\u00e7o f\u00edsico. \u00c9 acess\u00edvel para todas as idades e altamente recomendado se for sua primeira vez em Bariloche.<\/p>","protected":false},"excerpt":{"rendered":"<p class=\"ai-optimize-6\">Explore Bariloche fazendo o Circuito Chico e escalando o Cerro Campanario. Passeie pela pitoresca Avenida Bustillo, veja o majestoso Hotel Llao Llao Llao e suba o Cerro Campanario para ter uma vista panor\u00e2mica \u00fanica. Uma experi\u00eancia que combina paisagens, conforto e aventura, ideal para quem procura o melhor da regi\u00e3o.<\/p>","protected":false},"featured_media":224,"comment_status":"open","ping_status":"closed","template":"","meta":[],"product_brand":[],"product_cat":[17,21,22,28,32,35,37],"product_tag":[],"class_list":{"0":"post-28","1":"product","2":"type-product","3":"status-publish","4":"has-post-thumbnail","6":"product_cat-adultos","7":"product_cat-con-traslado","8":"product_cat-familia","9":"product_cat-ninos","10":"product_cat-sin-comida","11":"product_cat-terrestre","12":"product_cat-todo-el-ano","14":"first","15":"instock","16":"virtual","17":"sold-individually","18":"purchasable","19":"product-type-booking"},"booking_location":"","booking_location_type":"","booking_duration":1,"booking_duration_unit":"hour","booking_buffer":0,"booking_cost":0,"booking_resources":[],"exclude_global_add_ons":false,"addons":[{"name":"STD: Passageiros","type":"input_multiplier","position":0,"required":false,"title_format":"label","default":"","description_enable":false,"description":"","placeholder_enable":false,"placeholder":"","display":"select","restrictions_type":"any_text","adjust_price":true,"price":"23400","price_type":"flat_fee","restrictions":false,"min":"0","max":"0","options":[],"id":1773236982}],"yoast_head":"<!-- This site is optimized with the Yoast SEO Premium plugin v25.2 (Yoast SEO v25.2) - https:\/\/yoast.com\/wordpress\/plugins\/seo\/ -->\n<title>Circuito Chico y cerro Campanario - Rafting Villegas<\/title>\n<meta name=\"description\" content=\"Excursi\u00f3n Circuito Chico y Cerro Campanario en Bariloche. Paisajes, lagos y miradores en un paseo ideal para toda la familia.\" \/>\n<meta name=\"robots\" content=\"index, follow, max-snippet:-1, max-image-preview:large, max-video-preview:-1\" \/>\n<link rel=\"canonical\" href=\"https:\/\/raftingvillegas.com\/pt\/produto\/cerro-campanario-small-circuit\/\" \/>\n<meta property=\"og:locale\" content=\"pt_BR\" \/>\n<meta property=\"og:type\" content=\"article\" \/>\n<meta property=\"og:title\" content=\"Circuito Chico y Cerro Campanario: explor\u00e1 Bariloche como nunca antes\" \/>\n<meta property=\"og:description\" content=\"Excursi\u00f3n Circuito Chico y Cerro Campanario en Bariloche. Paisajes, lagos y miradores en un paseo ideal para toda la familia.\" \/>\n<meta property=\"og:url\" content=\"https:\/\/raftingvillegas.com\/pt\/produto\/cerro-campanario-small-circuit\/\" \/>\n<meta property=\"og:site_name\" content=\"Rafting Villegas\" \/>\n<meta property=\"article:modified_time\" content=\"2026-04-02T03:06:36+00:00\" \/>\n<meta property=\"og:image\" content=\"https:\/\/raftingvillegas.com\/wp-content\/uploads\/sites\/11\/2025\/08\/13-B-IMG_4453.jpg\" \/>\n\t<meta property=\"og:image:width\" content=\"850\" \/>\n\t<meta property=\"og:image:height\" content=\"1133\" \/>\n\t<meta property=\"og:image:type\" content=\"image\/jpeg\" \/>\n<meta name=\"twitter:card\" content=\"summary_large_image\" \/>\n<meta name=\"twitter:label1\" content=\"Pre\u00e7o\" \/>\n\t<meta name=\"twitter:data1\" content=\"&#036;23,400.00\" \/>\n\t<meta name=\"twitter:label2\" content=\"Disponibilidade\" \/>\n\t<meta name=\"twitter:data2\" content=\"Em Estoque\" \/>\n<script type=\"application\/ld+json\" class=\"yoast-schema-graph\">{\"@context\":\"https:\/\/schema.org\",\"@graph\":[{\"@type\":[\"WebPage\",\"ItemPage\"],\"@id\":\"https:\/\/raftingvillegas.com\/producto\/circuito-chico-cerro-campanario\/\",\"url\":\"https:\/\/raftingvillegas.com\/producto\/circuito-chico-cerro-campanario\/\",\"name\":\"Circuito Chico y cerro Campanario - Rafting Villegas\",\"isPartOf\":{\"@id\":\"https:\/\/raftingvillegas.com\/#website\"},\"primaryImageOfPage\":{\"@id\":\"https:\/\/raftingvillegas.com\/producto\/circuito-chico-cerro-campanario\/#primaryimage\"},\"image\":{\"@id\":\"https:\/\/raftingvillegas.com\/producto\/circuito-chico-cerro-campanario\/#primaryimage\"},\"thumbnailUrl\":\"https:\/\/raftingvillegas.com\/wp-content\/uploads\/sites\/11\/2025\/08\/13-B-IMG_4453.jpg\",\"datePublished\":\"2025-08-18T17:26:25+00:00\",\"dateModified\":\"2026-04-02T03:06:36+00:00\",\"description\":\"Excursi\u00f3n Circuito Chico y Cerro Campanario en Bariloche. Paisajes, lagos y miradores en un paseo ideal para toda la familia.\",\"breadcrumb\":{\"@id\":\"https:\/\/raftingvillegas.com\/producto\/circuito-chico-cerro-campanario\/#breadcrumb\"},\"inLanguage\":\"pt-BR\",\"potentialAction\":[{\"@type\":\"ReadAction\",\"target\":[\"https:\/\/raftingvillegas.com\/producto\/circuito-chico-cerro-campanario\/\"]}]},{\"@type\":\"ImageObject\",\"inLanguage\":\"pt-BR\",\"@id\":\"https:\/\/raftingvillegas.com\/producto\/circuito-chico-cerro-campanario\/#primaryimage\",\"url\":\"https:\/\/raftingvillegas.com\/wp-content\/uploads\/sites\/11\/2025\/08\/13-B-IMG_4453.jpg\",\"contentUrl\":\"https:\/\/raftingvillegas.com\/wp-content\/uploads\/sites\/11\/2025\/08\/13-B-IMG_4453.jpg\",\"width\":850,\"height\":1133},{\"@type\":\"BreadcrumbList\",\"@id\":\"https:\/\/raftingvillegas.com\/producto\/circuito-chico-cerro-campanario\/#breadcrumb\",\"itemListElement\":[{\"@type\":\"ListItem\",\"position\":1,\"name\":\"Portada\",\"item\":\"https:\/\/raftingvillegas.com\/\"},{\"@type\":\"ListItem\",\"position\":2,\"name\":\"Tienda\",\"item\":\"https:\/\/raftingvillegas.com\/tienda\/\"},{\"@type\":\"ListItem\",\"position\":3,\"name\":\"Circuito Chico y Cerro Campanario: explor\u00e1 Bariloche como nunca antes\"}]},{\"@type\":\"WebSite\",\"@id\":\"https:\/\/raftingvillegas.com\/#website\",\"url\":\"https:\/\/raftingvillegas.com\/\",\"name\":\"Rafting Villegas\",\"description\":\"R\u00edndete al r\u00edo, conquista los r\u00e1pidos: rafting seguro y emocionante.\",\"potentialAction\":[{\"@type\":\"SearchAction\",\"target\":{\"@type\":\"EntryPoint\",\"urlTemplate\":\"https:\/\/raftingvillegas.com\/?s={search_term_string}\"},\"query-input\":{\"@type\":\"PropertyValueSpecification\",\"valueRequired\":true,\"valueName\":\"search_term_string\"}}],\"inLanguage\":\"pt-BR\"}]}<\/script>\n<meta property=\"product:price:amount\" content=\"23400.00\" \/>\n<meta property=\"product:price:currency\" content=\"ARS\" \/>\n<meta property=\"og:availability\" content=\"instock\" \/>\n<meta property=\"product:availability\" content=\"instock\" \/>\n<meta property=\"product:retailer_item_id\" content=\"ADV2025CICHYC1KOR\" \/>\n<meta property=\"product:condition\" content=\"new\" \/>\n<!-- \/ Yoast SEO Premium plugin. -->","yoast_head_json":{"title":"Circuito Chico e Morro do Campan\u00e1rio - Rafting Villegas","description":"Excurs\u00e3o ao Circuito Chico e ao Cerro Campanario em Bariloche. Paisagens, lagos e mirantes em um passeio ideal para toda a fam\u00edlia.","robots":{"index":"index","follow":"follow","max-snippet":"max-snippet:-1","max-image-preview":"max-image-preview:large","max-video-preview":"max-video-preview:-1"},"canonical":"https:\/\/raftingvillegas.com\/pt\/produto\/cerro-campanario-small-circuit\/","og_locale":"pt_BR","og_type":"article","og_title":"Circuito Chico y Cerro Campanario: explor\u00e1 Bariloche como nunca antes","og_description":"Excursi\u00f3n Circuito Chico y Cerro Campanario en Bariloche. Paisajes, lagos y miradores en un paseo ideal para toda la familia.","og_url":"https:\/\/raftingvillegas.com\/pt\/produto\/cerro-campanario-small-circuit\/","og_site_name":"Rafting Villegas","article_modified_time":"2026-04-02T03:06:36+00:00","og_image":[{"width":850,"height":1133,"url":"https:\/\/raftingvillegas.com\/wp-content\/uploads\/sites\/11\/2025\/08\/13-B-IMG_4453.jpg","type":"image\/jpeg"}],"twitter_card":"summary_large_image","twitter_misc":{"Pre\u00e7o":"&#36;23,400.00","Disponibilidade":"Em Estoque"},"schema":{"@context":"https:\/\/schema.org","@graph":[{"@type":["WebPage","ItemPage"],"@id":"https:\/\/raftingvillegas.com\/producto\/circuito-chico-cerro-campanario\/","url":"https:\/\/raftingvillegas.com\/producto\/circuito-chico-cerro-campanario\/","name":"Circuito Chico e Morro do Campan\u00e1rio - Rafting Villegas","isPartOf":{"@id":"https:\/\/raftingvillegas.com\/#website"},"primaryImageOfPage":{"@id":"https:\/\/raftingvillegas.com\/producto\/circuito-chico-cerro-campanario\/#primaryimage"},"image":{"@id":"https:\/\/raftingvillegas.com\/producto\/circuito-chico-cerro-campanario\/#primaryimage"},"thumbnailUrl":"https:\/\/raftingvillegas.com\/wp-content\/uploads\/sites\/11\/2025\/08\/13-B-IMG_4453.jpg","datePublished":"2025-08-18T17:26:25+00:00","dateModified":"2026-04-02T03:06:36+00:00","description":"Excurs\u00e3o ao Circuito Chico e ao Cerro Campanario em Bariloche. Paisagens, lagos e mirantes em um passeio ideal para toda a fam\u00edlia.","breadcrumb":{"@id":"https:\/\/raftingvillegas.com\/producto\/circuito-chico-cerro-campanario\/#breadcrumb"},"inLanguage":"pt-BR","potentialAction":[{"@type":"ReadAction","target":["https:\/\/raftingvillegas.com\/producto\/circuito-chico-cerro-campanario\/"]}]},{"@type":"ImageObject","inLanguage":"pt-BR","@id":"https:\/\/raftingvillegas.com\/producto\/circuito-chico-cerro-campanario\/#primaryimage","url":"https:\/\/raftingvillegas.com\/wp-content\/uploads\/sites\/11\/2025\/08\/13-B-IMG_4453.jpg","contentUrl":"https:\/\/raftingvillegas.com\/wp-content\/uploads\/sites\/11\/2025\/08\/13-B-IMG_4453.jpg","width":850,"height":1133},{"@type":"BreadcrumbList","@id":"https:\/\/raftingvillegas.com\/producto\/circuito-chico-cerro-campanario\/#breadcrumb","itemListElement":[{"@type":"ListItem","position":1,"name":"Portada","item":"https:\/\/raftingvillegas.com\/"},{"@type":"ListItem","position":2,"name":"Tienda","item":"https:\/\/raftingvillegas.com\/tienda\/"},{"@type":"ListItem","position":3,"name":"Circuito Chico y Cerro Campanario: explor\u00e1 Bariloche como nunca antes"}]},{"@type":"WebSite","@id":"https:\/\/raftingvillegas.com\/#website","url":"https:\/\/raftingvillegas.com\/","name":"Rafting em Villegas","description":"Entregue-se ao rio, ven\u00e7a as corredeiras: rafting seguro e emocionante.","potentialAction":[{"@type":"SearchAction","target":{"@type":"EntryPoint","urlTemplate":"https:\/\/raftingvillegas.com\/?s={search_term_string}"},"query-input":{"@type":"PropertyValueSpecification","valueRequired":true,"valueName":"search_term_string"}}],"inLanguage":"pt-BR"}]},"product_price_amount":"23400.00","product_price_currency":"ARS","og_availability":"instock","product_availability":"instock","product_retailer_item_id":"ADV2025CICHYC1KOR","product_condition":"new"},"_links":{"self":[{"href":"https:\/\/raftingvillegas.com\/pt\/wp-json\/wp\/v2\/product\/28","targetHints":{"allow":["GET"]}}],"collection":[{"href":"https:\/\/raftingvillegas.com\/pt\/wp-json\/wp\/v2\/product"}],"about":[{"href":"https:\/\/raftingvillegas.com\/pt\/wp-json\/wp\/v2\/types\/product"}],"replies":[{"embeddable":true,"href":"https:\/\/raftingvillegas.com\/pt\/wp-json\/wp\/v2\/comments?post=28"}],"wp:featuredmedia":[{"embeddable":true,"href":"https:\/\/raftingvillegas.com\/pt\/wp-json\/wp\/v2\/media\/224"}],"wp:attachment":[{"href":"https:\/\/raftingvillegas.com\/pt\/wp-json\/wp\/v2\/media?parent=28"}],"wp:term":[{"taxonomy":"product_brand","embeddable":true,"href":"https:\/\/raftingvillegas.com\/pt\/wp-json\/wp\/v2\/product_brand?post=28"},{"taxonomy":"product_cat","embeddable":true,"href":"https:\/\/raftingvillegas.com\/pt\/wp-json\/wp\/v2\/product_cat?post=28"},{"taxonomy":"product_tag","embeddable":true,"href":"https:\/\/raftingvillegas.com\/pt\/wp-json\/wp\/v2\/product_tag?post=28"}],"curies":[{"name":"wp","href":"https:\/\/api.w.org\/{rel}","templated":true}]}}