{"id":27,"date":"2025-08-18T19:26:07","date_gmt":"2025-08-18T17:26:07","guid":{"rendered":"https:\/\/raftingvillegas.com\/producto\/san-martin-de-los-andes-por-los-7-lagos-naturaleza-miradores-y-postales-unicas-de-la-patagonia\/"},"modified":"2026-03-31T17:08:55","modified_gmt":"2026-03-31T15:08:55","slug":"san-martin-de-los-andes-por-7-lagos","status":"publish","type":"product","link":"https:\/\/raftingvillegas.com\/pt\/produto\/san-martin-de-los-andes-por-7-lagos\/","title":{"rendered":"San Mart\u00edn de los Andes pelos 7 lagos: natureza, pontos de vista e cart\u00f5es postais \u00fanicos da Patag\u00f4nia"},"content":{"rendered":"<h2 class=\"ai-optimize-22\">Conhe\u00e7a a fascinante viagem de Bariloche a San Martin de los Andes.<\/h2>\n<p class=\"ai-optimize-23 ai-optimize-introduction\">Experimente uma aventura inesquec\u00edvel que come\u00e7a em Bariloche e o leva \u00e0 encantadora San Mart\u00edn de los Andes. Viajando pela <strong>Rota Nacional 40<\/strong>, voc\u00ea encontrar\u00e1 um cen\u00e1rio de sonho: desde a tranquilidade e a paz <strong>Dina Huapi<\/strong>, cruzando o poderoso rio <strong>Limay<\/strong>, e na majestade do <strong>Parque Nacional Nahuel Huapi<\/strong>.<\/p>\n<h3 class=\"ai-optimize-24\">Um espet\u00e1culo natural irrepet\u00edvel<\/h3>\n<p class=\"ai-optimize-25\">Ao longo do caminho, paisagens m\u00e1gicas esperam por voc\u00ea desde o <strong>lagos Espejo, Correntoso, Escondido, Villarino, Falkner, Mach\u00f4nico<\/strong> e o extraordin\u00e1rio <strong>Lago L\u00e1car<\/strong>, a joia central do <strong>Parque Nacional Lan\u00edn<\/strong>. Cada parada representa uma dose de natureza pura e momentos que ficar\u00e3o gravados em sua mem\u00f3ria.<\/p>\n<h3 class=\"ai-optimize-26\">San Mart\u00edn de los Andes, a ess\u00eancia da Patag\u00f4nia<\/h3>\n<p class=\"ai-optimize-27\">Ao chegar a San Martin de los Andes, voc\u00ea descobrir\u00e1 um lugar especial, cercado por imponentes montanhas e lagos cristalinos. Caminhe por suas ruas charmosas, passeie pelas lojas de artesanato ou tome um caf\u00e9 com o <strong>uma vista de tirar o f\u00f4lego<\/strong> at\u00e9 o Lago L\u00e1car.<\/p>\n<h3 class=\"ai-optimize-28\">Informa\u00e7\u00f5es sobre a rota<\/h3>\n<ul>\n<li class=\"ai-optimize-29\"><strong>Caminhar:<\/strong> Excurs\u00e3o guiada de micro\u00f4nibus por Villa La Angostura e pela Rota dos 7 lagos.<\/li>\n<li class=\"ai-optimize-30\"><strong>Dura\u00e7\u00e3o:<\/strong> Das 8:00 \u00e0s 18:30, aproximadamente.<\/li>\n<li class=\"ai-optimize-31\"><strong>Ele inclui:<\/strong> Traslado e guia em espanhol (op\u00e7\u00e3o bil\u00edngue dispon\u00edvel por um custo adicional).<\/li>\n<li class=\"ai-optimize-32\"><strong>N\u00e3o inclu\u00eddo:<\/strong> Refei\u00e7\u00f5es (h\u00e1 pousadas dispon\u00edveis ao longo da rota).<\/li>\n<\/ul>\n<p class=\"ai-optimize-33\">N\u00e3o perca esta oportunidade \u00fanica de descobrir a Patag\u00f4nia em sua melhor forma.<\/p>\n<h2 class=\"ai-optimize-34\">Perguntas frequentes<\/h2>\n<ul>\n<li class=\"ai-optimize-35\"><strong>E se chover ou nevar durante a atividade?<\/strong><br \/>\nA experi\u00eancia continua a mesma mesmo se houver chuva ou neve, pois esses s\u00e3o fen\u00f4menos normais na regi\u00e3o da Patag\u00f4nia.<\/li>\n<li class=\"ai-optimize-36\"><strong>Inclui um passeio de barco?<\/strong><br \/>\nN\u00e3o, o passeio \u00e9 totalmente por terra a bordo de um micro\u00f4nibus, com paradas para tirar fotos e visitar San Martin de los Andes e Villa La Angostura.<\/li>\n<li class=\"ai-optimize-37\"><strong>Haver\u00e1 paradas ao longo do caminho?<\/strong><br \/>\n\u00c9 claro que h\u00e1 paradas ao longo do caminho e uma parada principal em San Martin de los Andes para almo\u00e7ar e explorar.<\/li>\n<li class=\"ai-optimize-38\"><strong>Posso terminar o tour em outro local?<\/strong><br \/>\nVoc\u00ea pode optar por terminar o passeio em Villa La Angostura ou San Martin de los Andes, levando sua bagagem com voc\u00ea.<\/li>\n<li class=\"ai-optimize-39\"><strong>Posso voltar no dia seguinte?<\/strong><br \/>\nA sa\u00edda \u00e9 apenas para o dia. Se voc\u00ea planeja ficar mais tempo, precisar\u00e1 providenciar e pagar a viagem de volta separadamente.<\/li>\n<\/ul>","protected":false},"excerpt":{"rendered":"<h2 class=\"ai-optimize-6\">Uma aventura memor\u00e1vel o aguarda<\/h2>\n<p class=\"ai-optimize-7\">Deixe-se deslumbrar pelo ambiente natural ao percorrer o <strong>Rota dos 7 lagos<\/strong> rumo a San Mart\u00edn de los Andes. Descubra paisagens incr\u00edveis e explore uma cidade cativante cercada por natureza pura. Reserve agora e aproveite essa experi\u00eancia \u00fanica!<\/p>","protected":false},"featured_media":219,"comment_status":"open","ping_status":"closed","template":"","meta":[],"product_brand":[],"product_cat":[17,21,22,28,32,35,37],"product_tag":[],"class_list":{"0":"post-27","1":"product","2":"type-product","3":"status-publish","4":"has-post-thumbnail","6":"product_cat-adultos","7":"product_cat-con-traslado","8":"product_cat-familia","9":"product_cat-ninos","10":"product_cat-sin-comida","11":"product_cat-terrestre","12":"product_cat-todo-el-ano","14":"first","15":"instock","16":"virtual","17":"sold-individually","18":"purchasable","19":"product-type-booking"},"booking_location":"","booking_location_type":"","booking_duration":1,"booking_duration_unit":"hour","booking_buffer":0,"booking_cost":0,"booking_resources":[],"exclude_global_add_ons":false,"addons":[{"name":"STD: Passageiros","type":"input_multiplier","position":0,"required":false,"title_format":"label","default":"","description_enable":false,"description":"","placeholder_enable":false,"placeholder":"","display":"select","restrictions_type":"any_text","adjust_price":true,"price":"71400","price_type":"flat_fee","restrictions":false,"min":"0","max":"0","options":[],"id":1773237111}],"yoast_head":"<!-- This site is optimized with the Yoast SEO Premium plugin v25.2 (Yoast SEO v25.2) - https:\/\/yoast.com\/wordpress\/plugins\/seo\/ -->\n<title>San Mart\u00edn por el camino de los 7 Lagos - Rafting Villegas<\/title>\n<meta name=\"description\" content=\"Excursi\u00f3n a San Mart\u00edn de los Andes por la Ruta de los 7 Lagos. Lagos, monta\u00f1as y Villa La Angostura en un d\u00eda completo.\" \/>\n<meta name=\"robots\" content=\"index, follow, max-snippet:-1, max-image-preview:large, max-video-preview:-1\" \/>\n<link rel=\"canonical\" href=\"https:\/\/raftingvillegas.com\/pt\/produto\/san-martin-de-los-andes-por-7-lagos\/\" \/>\n<meta property=\"og:locale\" content=\"pt_BR\" \/>\n<meta property=\"og:type\" content=\"article\" \/>\n<meta property=\"og:title\" content=\"San Mart\u00edn de los Andes por los 7 Lagos: Naturaleza, Miradores y Postales \u00danicas de la Patagonia\" \/>\n<meta property=\"og:description\" content=\"Excursi\u00f3n a San Mart\u00edn de los Andes por la Ruta de los 7 Lagos. Lagos, monta\u00f1as y Villa La Angostura en un d\u00eda completo.\" \/>\n<meta property=\"og:url\" content=\"https:\/\/raftingvillegas.com\/pt\/produto\/san-martin-de-los-andes-por-7-lagos\/\" \/>\n<meta property=\"og:site_name\" content=\"Rafting Villegas\" \/>\n<meta property=\"article:modified_time\" content=\"2026-03-31T15:08:55+00:00\" \/>\n<meta property=\"og:image\" content=\"https:\/\/raftingvillegas.com\/wp-content\/uploads\/sites\/11\/2025\/08\/13-A-IMG_087.jpg\" \/>\n\t<meta property=\"og:image:width\" content=\"850\" \/>\n\t<meta property=\"og:image:height\" content=\"1133\" \/>\n\t<meta property=\"og:image:type\" content=\"image\/jpeg\" \/>\n<meta name=\"twitter:card\" content=\"summary_large_image\" \/>\n<meta name=\"twitter:label1\" content=\"Pre\u00e7o\" \/>\n\t<meta name=\"twitter:data1\" content=\"&#036;71,400.00\" \/>\n\t<meta name=\"twitter:label2\" content=\"Disponibilidade\" \/>\n\t<meta name=\"twitter:data2\" content=\"Em Estoque\" \/>\n<script type=\"application\/ld+json\" class=\"yoast-schema-graph\">{\"@context\":\"https:\/\/schema.org\",\"@graph\":[{\"@type\":[\"WebPage\",\"ItemPage\"],\"@id\":\"https:\/\/raftingvillegas.com\/producto\/san-martin-de-los-andes-por-7-lagos\/\",\"url\":\"https:\/\/raftingvillegas.com\/producto\/san-martin-de-los-andes-por-7-lagos\/\",\"name\":\"San Mart\u00edn por el camino de los 7 Lagos - Rafting Villegas\",\"isPartOf\":{\"@id\":\"https:\/\/raftingvillegas.com\/#website\"},\"primaryImageOfPage\":{\"@id\":\"https:\/\/raftingvillegas.com\/producto\/san-martin-de-los-andes-por-7-lagos\/#primaryimage\"},\"image\":{\"@id\":\"https:\/\/raftingvillegas.com\/producto\/san-martin-de-los-andes-por-7-lagos\/#primaryimage\"},\"thumbnailUrl\":\"https:\/\/raftingvillegas.com\/wp-content\/uploads\/sites\/11\/2025\/08\/13-A-IMG_087.jpg\",\"datePublished\":\"2025-08-18T17:26:07+00:00\",\"dateModified\":\"2026-03-31T15:08:55+00:00\",\"description\":\"Excursi\u00f3n a San Mart\u00edn de los Andes por la Ruta de los 7 Lagos. Lagos, monta\u00f1as y Villa La Angostura en un d\u00eda completo.\",\"breadcrumb\":{\"@id\":\"https:\/\/raftingvillegas.com\/producto\/san-martin-de-los-andes-por-7-lagos\/#breadcrumb\"},\"inLanguage\":\"pt-BR\",\"potentialAction\":[{\"@type\":\"ReadAction\",\"target\":[\"https:\/\/raftingvillegas.com\/producto\/san-martin-de-los-andes-por-7-lagos\/\"]}]},{\"@type\":\"ImageObject\",\"inLanguage\":\"pt-BR\",\"@id\":\"https:\/\/raftingvillegas.com\/producto\/san-martin-de-los-andes-por-7-lagos\/#primaryimage\",\"url\":\"https:\/\/raftingvillegas.com\/wp-content\/uploads\/sites\/11\/2025\/08\/13-A-IMG_087.jpg\",\"contentUrl\":\"https:\/\/raftingvillegas.com\/wp-content\/uploads\/sites\/11\/2025\/08\/13-A-IMG_087.jpg\",\"width\":850,\"height\":1133},{\"@type\":\"BreadcrumbList\",\"@id\":\"https:\/\/raftingvillegas.com\/producto\/san-martin-de-los-andes-por-7-lagos\/#breadcrumb\",\"itemListElement\":[{\"@type\":\"ListItem\",\"position\":1,\"name\":\"Portada\",\"item\":\"https:\/\/raftingvillegas.com\/\"},{\"@type\":\"ListItem\",\"position\":2,\"name\":\"Tienda\",\"item\":\"https:\/\/raftingvillegas.com\/tienda\/\"},{\"@type\":\"ListItem\",\"position\":3,\"name\":\"San Mart\u00edn de los Andes por los 7 Lagos: Naturaleza, Miradores y Postales \u00danicas de la Patagonia\"}]},{\"@type\":\"WebSite\",\"@id\":\"https:\/\/raftingvillegas.com\/#website\",\"url\":\"https:\/\/raftingvillegas.com\/\",\"name\":\"Rafting Villegas\",\"description\":\"R\u00edndete al r\u00edo, conquista los r\u00e1pidos: rafting seguro y emocionante.\",\"potentialAction\":[{\"@type\":\"SearchAction\",\"target\":{\"@type\":\"EntryPoint\",\"urlTemplate\":\"https:\/\/raftingvillegas.com\/?s={search_term_string}\"},\"query-input\":{\"@type\":\"PropertyValueSpecification\",\"valueRequired\":true,\"valueName\":\"search_term_string\"}}],\"inLanguage\":\"pt-BR\"}]}<\/script>\n<meta property=\"product:price:amount\" content=\"71400.00\" \/>\n<meta property=\"product:price:currency\" content=\"ARS\" \/>\n<meta property=\"og:availability\" content=\"instock\" \/>\n<meta property=\"product:availability\" content=\"instock\" \/>\n<meta property=\"product:retailer_item_id\" content=\"ADV2025SAMADEQ219\" \/>\n<meta property=\"product:condition\" content=\"new\" \/>\n<!-- \/ Yoast SEO Premium plugin. -->","yoast_head_json":{"title":"San Mart\u00edn ao longo da trilha dos 7 lagos - Rafting Villegas","description":"Excurs\u00e3o a San Martin de los Andes pela Rota dos 7 Lagos. Lagos, montanhas e Villa La Angostura em um dia inteiro.","robots":{"index":"index","follow":"follow","max-snippet":"max-snippet:-1","max-image-preview":"max-image-preview:large","max-video-preview":"max-video-preview:-1"},"canonical":"https:\/\/raftingvillegas.com\/pt\/produto\/san-martin-de-los-andes-por-7-lagos\/","og_locale":"pt_BR","og_type":"article","og_title":"San Mart\u00edn de los Andes por los 7 Lagos: Naturaleza, Miradores y Postales \u00danicas de la Patagonia","og_description":"Excursi\u00f3n a San Mart\u00edn de los Andes por la Ruta de los 7 Lagos. Lagos, monta\u00f1as y Villa La Angostura en un d\u00eda completo.","og_url":"https:\/\/raftingvillegas.com\/pt\/produto\/san-martin-de-los-andes-por-7-lagos\/","og_site_name":"Rafting Villegas","article_modified_time":"2026-03-31T15:08:55+00:00","og_image":[{"width":850,"height":1133,"url":"https:\/\/raftingvillegas.com\/wp-content\/uploads\/sites\/11\/2025\/08\/13-A-IMG_087.jpg","type":"image\/jpeg"}],"twitter_card":"summary_large_image","twitter_misc":{"Pre\u00e7o":"&#36;71,400.00","Disponibilidade":"Em Estoque"},"schema":{"@context":"https:\/\/schema.org","@graph":[{"@type":["WebPage","ItemPage"],"@id":"https:\/\/raftingvillegas.com\/producto\/san-martin-de-los-andes-por-7-lagos\/","url":"https:\/\/raftingvillegas.com\/producto\/san-martin-de-los-andes-por-7-lagos\/","name":"San Mart\u00edn ao longo da trilha dos 7 lagos - Rafting Villegas","isPartOf":{"@id":"https:\/\/raftingvillegas.com\/#website"},"primaryImageOfPage":{"@id":"https:\/\/raftingvillegas.com\/producto\/san-martin-de-los-andes-por-7-lagos\/#primaryimage"},"image":{"@id":"https:\/\/raftingvillegas.com\/producto\/san-martin-de-los-andes-por-7-lagos\/#primaryimage"},"thumbnailUrl":"https:\/\/raftingvillegas.com\/wp-content\/uploads\/sites\/11\/2025\/08\/13-A-IMG_087.jpg","datePublished":"2025-08-18T17:26:07+00:00","dateModified":"2026-03-31T15:08:55+00:00","description":"Excurs\u00e3o a San Martin de los Andes pela Rota dos 7 Lagos. Lagos, montanhas e Villa La Angostura em um dia inteiro.","breadcrumb":{"@id":"https:\/\/raftingvillegas.com\/producto\/san-martin-de-los-andes-por-7-lagos\/#breadcrumb"},"inLanguage":"pt-BR","potentialAction":[{"@type":"ReadAction","target":["https:\/\/raftingvillegas.com\/producto\/san-martin-de-los-andes-por-7-lagos\/"]}]},{"@type":"ImageObject","inLanguage":"pt-BR","@id":"https:\/\/raftingvillegas.com\/producto\/san-martin-de-los-andes-por-7-lagos\/#primaryimage","url":"https:\/\/raftingvillegas.com\/wp-content\/uploads\/sites\/11\/2025\/08\/13-A-IMG_087.jpg","contentUrl":"https:\/\/raftingvillegas.com\/wp-content\/uploads\/sites\/11\/2025\/08\/13-A-IMG_087.jpg","width":850,"height":1133},{"@type":"BreadcrumbList","@id":"https:\/\/raftingvillegas.com\/producto\/san-martin-de-los-andes-por-7-lagos\/#breadcrumb","itemListElement":[{"@type":"ListItem","position":1,"name":"Portada","item":"https:\/\/raftingvillegas.com\/"},{"@type":"ListItem","position":2,"name":"Tienda","item":"https:\/\/raftingvillegas.com\/tienda\/"},{"@type":"ListItem","position":3,"name":"San Mart\u00edn de los Andes por los 7 Lagos: Naturaleza, Miradores y Postales \u00danicas de la Patagonia"}]},{"@type":"WebSite","@id":"https:\/\/raftingvillegas.com\/#website","url":"https:\/\/raftingvillegas.com\/","name":"Rafting em Villegas","description":"Entregue-se ao rio, ven\u00e7a as corredeiras: rafting seguro e emocionante.","potentialAction":[{"@type":"SearchAction","target":{"@type":"EntryPoint","urlTemplate":"https:\/\/raftingvillegas.com\/?s={search_term_string}"},"query-input":{"@type":"PropertyValueSpecification","valueRequired":true,"valueName":"search_term_string"}}],"inLanguage":"pt-BR"}]},"product_price_amount":"71400.00","product_price_currency":"ARS","og_availability":"instock","product_availability":"instock","product_retailer_item_id":"ADV2025SAMADEQ219","product_condition":"new"},"_links":{"self":[{"href":"https:\/\/raftingvillegas.com\/pt\/wp-json\/wp\/v2\/product\/27","targetHints":{"allow":["GET"]}}],"collection":[{"href":"https:\/\/raftingvillegas.com\/pt\/wp-json\/wp\/v2\/product"}],"about":[{"href":"https:\/\/raftingvillegas.com\/pt\/wp-json\/wp\/v2\/types\/product"}],"replies":[{"embeddable":true,"href":"https:\/\/raftingvillegas.com\/pt\/wp-json\/wp\/v2\/comments?post=27"}],"wp:featuredmedia":[{"embeddable":true,"href":"https:\/\/raftingvillegas.com\/pt\/wp-json\/wp\/v2\/media\/219"}],"wp:attachment":[{"href":"https:\/\/raftingvillegas.com\/pt\/wp-json\/wp\/v2\/media?parent=27"}],"wp:term":[{"taxonomy":"product_brand","embeddable":true,"href":"https:\/\/raftingvillegas.com\/pt\/wp-json\/wp\/v2\/product_brand?post=27"},{"taxonomy":"product_cat","embeddable":true,"href":"https:\/\/raftingvillegas.com\/pt\/wp-json\/wp\/v2\/product_cat?post=27"},{"taxonomy":"product_tag","embeddable":true,"href":"https:\/\/raftingvillegas.com\/pt\/wp-json\/wp\/v2\/product_tag?post=27"}],"curies":[{"name":"wp","href":"https:\/\/api.w.org\/{rel}","templated":true}]}}