{"id":26,"date":"2025-08-18T19:25:42","date_gmt":"2025-08-18T17:25:42","guid":{"rendered":"https:\/\/raftingvillegas.com\/producto\/cerro-tronador-y-ventisquero-negro-exploracion-total-en-el-corazon-de-la-patagonia\/"},"modified":"2026-04-02T05:08:21","modified_gmt":"2026-04-02T03:08:21","slug":"cerro-tronador-y-ventisquero-negro","status":"publish","type":"product","link":"https:\/\/raftingvillegas.com\/pt\/produto\/cerro-tronador-e-ventisquero-negro\/","title":{"rendered":"Cerro Tronador e Ventisquero Negro: explora\u00e7\u00e3o completa no cora\u00e7\u00e3o da Patag\u00f4nia"},"content":{"rendered":"<h3 class=\"ai-optimize-22\" data-start=\"470\" data-end=\"552\"><strong data-start=\"474\" data-end=\"552\">Uma aventura que desperta todos os seus sentidos entre as paisagens mais incr\u00edveis dos Andes Patag\u00f4nicos.<\/strong><\/h3>\n<p class=\"ai-optimize-23 ai-optimize-introduction\" data-start=\"554\" data-end=\"888\">Essa excurs\u00e3o prop\u00f5e explorar uma das paisagens mais impressionantes do Parque Nacional Nahuel Huapi. O <strong data-start=\"666\" data-end=\"684\">Serra do Tronador<\/strong>, famosa por sua neve perp\u00e9tua e geleiras ativas, \u00e9 um emblema da Patag\u00f4nia e um \u00edm\u00e3 irresist\u00edvel para aqueles que buscam experi\u00eancias intensas e a natureza em sua forma mais pura.<\/p>\n<p class=\"ai-optimize-24\" data-start=\"890\" data-end=\"1248\">O itiner\u00e1rio come\u00e7a em pontos dentro de Bariloche (centro da cidade e km 8 da Av. Bustillo ou Av. Pioneros), seguindo a rota que serpenteia ao longo dos lagos Gutierrez e Mascardi. Durante o trajeto, voc\u00ea tirar\u00e1 fotos em lugares \u00fanicos, como <strong data-start=\"1147\" data-end=\"1162\">Praia Negra<\/strong> e o pino de seguran\u00e7a <strong data-start=\"1168\" data-end=\"1198\">Mirante da Ilha do Cora\u00e7\u00e3o<\/strong>, e uma parada no acampamento Los R\u00e1pidos.<\/p>\n<p class=\"ai-optimize-25\" data-start=\"1250\" data-end=\"1591\">Em seguida, a empolga\u00e7\u00e3o aumenta em dire\u00e7\u00e3o ao <strong data-start=\"1287\" data-end=\"1308\">Neve Negra<\/strong>, Uma geleira em movimento que desce imponente do Cerro Tronador. L\u00e1 voc\u00ea contemplar\u00e1 o impressionante contraste visual entre o gelo escuro e os picos cobertos de neve. Em <strong data-start=\"1490\" data-end=\"1505\">Pampa Linda<\/strong>, Voc\u00ea ter\u00e1 tempo livre para comer nos bares locais e aproveitar os arredores.<\/p>\n<p class=\"ai-optimize-26\" data-start=\"1593\" data-end=\"1835\">A experi\u00eancia \u00e9 desfrutada das 9h00 \u00e0s 18h30 (aproximadamente), incluindo traslados, guia que fala espanhol e paradas selecionadas para vivenciar plenamente esse espet\u00e1culo natural. As refei\u00e7\u00f5es e a entrada no Parque Nacional n\u00e3o est\u00e3o inclu\u00eddas e devem ser pagas no momento.<\/p>\n<h3 class=\"ai-optimize-27\" data-start=\"1842\" data-end=\"1870\"><strong data-start=\"1846\" data-end=\"1870\">Perguntas frequentes<\/strong><\/h3>\n<p class=\"ai-optimize-28\" data-start=\"1872\" data-end=\"2010\"><strong data-start=\"1872\" data-end=\"1908\">Voc\u00ea precisa estar em forma?<\/strong><br data-start=\"1908\" data-end=\"1911\" \/>N\u00e3o, \u00e9 um passeio de ve\u00edculo com paradas curtas para caminhar nos pontos de vista. \u00c9 ideal para todas as idades.<\/p>\n<p class=\"ai-optimize-29\" data-start=\"2012\" data-end=\"2124\"><strong data-start=\"2012\" data-end=\"2038\">Onde almo\u00e7ar?<\/strong><br data-start=\"2038\" data-end=\"2041\" \/>Em Pampa Linda, voc\u00ea encontrar\u00e1 pousadas onde poder\u00e1 escolher pratos regionais e bebidas frescas.<\/p>\n<p class=\"ai-optimize-30\" data-start=\"2126\" data-end=\"2290\"><strong data-start=\"2126\" data-end=\"2160\">O que levar?<\/strong><br data-start=\"2160\" data-end=\"2163\" \/>Roupas confort\u00e1veis e quentes, cal\u00e7ados apropriados para caminhada, protetor solar, hidrata\u00e7\u00e3o e dinheiro para entrada e alimenta\u00e7\u00e3o.<\/p>\n<p class=\"ai-optimize-31\" data-start=\"2292\" data-end=\"2476\"><strong data-start=\"2292\" data-end=\"2322\">O que est\u00e1 inclu\u00eddo?<\/strong><br data-start=\"2322\" data-end=\"2325\" \/>Traslados completos dos pontos de encontro, guia durante todo o dia e passeio planejado. Almo\u00e7o e acesso ao Parque Nacional Nahuel Huapi n\u00e3o inclu\u00eddos.<\/p>","protected":false},"excerpt":{"rendered":"<p class=\"ai-optimize-6\">Viva uma experi\u00eancia \u00fanica explorando o Parque Nacional Nahuel Huapi, onde voc\u00ea se surpreender\u00e1 com a presen\u00e7a imponente do Cerro Tronador e a impressionante Geleira Ventisquero Negro. Uma combina\u00e7\u00e3o ideal de paisagens naturais, aventura e conforto.<\/p>","protected":false},"featured_media":218,"comment_status":"open","ping_status":"closed","template":"","meta":[],"product_brand":[],"product_cat":[17,21,22,28,32,35,37],"product_tag":[],"class_list":{"0":"post-26","1":"product","2":"type-product","3":"status-publish","4":"has-post-thumbnail","6":"product_cat-adultos","7":"product_cat-con-traslado","8":"product_cat-familia","9":"product_cat-ninos","10":"product_cat-sin-comida","11":"product_cat-terrestre","12":"product_cat-todo-el-ano","14":"first","15":"instock","16":"virtual","17":"sold-individually","18":"purchasable","19":"product-type-booking"},"booking_location":"","booking_location_type":"","booking_duration":1,"booking_duration_unit":"hour","booking_buffer":0,"booking_cost":0,"booking_resources":[],"exclude_global_add_ons":false,"addons":[{"name":"STD: Passageiros","type":"input_multiplier","position":0,"required":false,"title_format":"label","default":"","description_enable":false,"description":"","placeholder_enable":false,"placeholder":"","display":"select","restrictions_type":"any_text","adjust_price":true,"price":"59400","price_type":"quantity_based","restrictions":false,"min":"0","max":"0","options":[],"id":1773237140}],"yoast_head":"<!-- This site is optimized with the Yoast SEO Premium plugin v25.2 (Yoast SEO v25.2) - https:\/\/yoast.com\/wordpress\/plugins\/seo\/ -->\n<title>Cerro Tronador y Ventisquero Negro - Rafting Villegas<\/title>\n<meta name=\"description\" content=\"Excursi\u00f3n al Cerro Tronador y Ventisquero Negro desde Bariloche. Naturaleza, glaciares y paisajes \u00fanicos en un paseo imperdible.\" \/>\n<meta name=\"robots\" content=\"index, follow, max-snippet:-1, max-image-preview:large, max-video-preview:-1\" \/>\n<link rel=\"canonical\" href=\"https:\/\/raftingvillegas.com\/pt\/produto\/cerro-tronador-e-ventisquero-negro\/\" \/>\n<meta property=\"og:locale\" content=\"pt_BR\" \/>\n<meta property=\"og:type\" content=\"article\" \/>\n<meta property=\"og:title\" content=\"Cerro Tronador y Ventisquero Negro: exploraci\u00f3n total en el coraz\u00f3n de la Patagonia\" \/>\n<meta property=\"og:description\" content=\"Excursi\u00f3n al Cerro Tronador y Ventisquero Negro desde Bariloche. Naturaleza, glaciares y paisajes \u00fanicos en un paseo imperdible.\" \/>\n<meta property=\"og:url\" content=\"https:\/\/raftingvillegas.com\/pt\/produto\/cerro-tronador-e-ventisquero-negro\/\" \/>\n<meta property=\"og:site_name\" content=\"Rafting Villegas\" \/>\n<meta property=\"article:modified_time\" content=\"2026-04-02T03:08:21+00:00\" \/>\n<meta property=\"og:image\" content=\"https:\/\/raftingvillegas.com\/wp-content\/uploads\/sites\/11\/2025\/08\/13-D-IMG_9150.jpg\" \/>\n\t<meta property=\"og:image:width\" content=\"850\" \/>\n\t<meta property=\"og:image:height\" content=\"1133\" \/>\n\t<meta property=\"og:image:type\" content=\"image\/jpeg\" \/>\n<meta name=\"twitter:card\" content=\"summary_large_image\" \/>\n<meta name=\"twitter:label1\" content=\"Pre\u00e7o\" \/>\n\t<meta name=\"twitter:data1\" content=\"&#036;59,400.00\" \/>\n\t<meta name=\"twitter:label2\" content=\"Disponibilidade\" \/>\n\t<meta name=\"twitter:data2\" content=\"Em Estoque\" \/>\n<script type=\"application\/ld+json\" class=\"yoast-schema-graph\">{\"@context\":\"https:\/\/schema.org\",\"@graph\":[{\"@type\":[\"WebPage\",\"ItemPage\"],\"@id\":\"https:\/\/raftingvillegas.com\/producto\/cerro-tronador-y-ventisquero-negro\/\",\"url\":\"https:\/\/raftingvillegas.com\/producto\/cerro-tronador-y-ventisquero-negro\/\",\"name\":\"Cerro Tronador y Ventisquero Negro - Rafting Villegas\",\"isPartOf\":{\"@id\":\"https:\/\/raftingvillegas.com\/#website\"},\"primaryImageOfPage\":{\"@id\":\"https:\/\/raftingvillegas.com\/producto\/cerro-tronador-y-ventisquero-negro\/#primaryimage\"},\"image\":{\"@id\":\"https:\/\/raftingvillegas.com\/producto\/cerro-tronador-y-ventisquero-negro\/#primaryimage\"},\"thumbnailUrl\":\"https:\/\/raftingvillegas.com\/wp-content\/uploads\/sites\/11\/2025\/08\/13-D-IMG_9150.jpg\",\"datePublished\":\"2025-08-18T17:25:42+00:00\",\"dateModified\":\"2026-04-02T03:08:21+00:00\",\"description\":\"Excursi\u00f3n al Cerro Tronador y Ventisquero Negro desde Bariloche. Naturaleza, glaciares y paisajes \u00fanicos en un paseo imperdible.\",\"breadcrumb\":{\"@id\":\"https:\/\/raftingvillegas.com\/producto\/cerro-tronador-y-ventisquero-negro\/#breadcrumb\"},\"inLanguage\":\"pt-BR\",\"potentialAction\":[{\"@type\":\"ReadAction\",\"target\":[\"https:\/\/raftingvillegas.com\/producto\/cerro-tronador-y-ventisquero-negro\/\"]}]},{\"@type\":\"ImageObject\",\"inLanguage\":\"pt-BR\",\"@id\":\"https:\/\/raftingvillegas.com\/producto\/cerro-tronador-y-ventisquero-negro\/#primaryimage\",\"url\":\"https:\/\/raftingvillegas.com\/wp-content\/uploads\/sites\/11\/2025\/08\/13-D-IMG_9150.jpg\",\"contentUrl\":\"https:\/\/raftingvillegas.com\/wp-content\/uploads\/sites\/11\/2025\/08\/13-D-IMG_9150.jpg\",\"width\":850,\"height\":1133},{\"@type\":\"BreadcrumbList\",\"@id\":\"https:\/\/raftingvillegas.com\/producto\/cerro-tronador-y-ventisquero-negro\/#breadcrumb\",\"itemListElement\":[{\"@type\":\"ListItem\",\"position\":1,\"name\":\"Portada\",\"item\":\"https:\/\/raftingvillegas.com\/\"},{\"@type\":\"ListItem\",\"position\":2,\"name\":\"Tienda\",\"item\":\"https:\/\/raftingvillegas.com\/tienda\/\"},{\"@type\":\"ListItem\",\"position\":3,\"name\":\"Cerro Tronador y Ventisquero Negro: exploraci\u00f3n total en el coraz\u00f3n de la Patagonia\"}]},{\"@type\":\"WebSite\",\"@id\":\"https:\/\/raftingvillegas.com\/#website\",\"url\":\"https:\/\/raftingvillegas.com\/\",\"name\":\"Rafting Villegas\",\"description\":\"R\u00edndete al r\u00edo, conquista los r\u00e1pidos: rafting seguro y emocionante.\",\"potentialAction\":[{\"@type\":\"SearchAction\",\"target\":{\"@type\":\"EntryPoint\",\"urlTemplate\":\"https:\/\/raftingvillegas.com\/?s={search_term_string}\"},\"query-input\":{\"@type\":\"PropertyValueSpecification\",\"valueRequired\":true,\"valueName\":\"search_term_string\"}}],\"inLanguage\":\"pt-BR\"}]}<\/script>\n<meta property=\"product:price:amount\" content=\"59400.00\" \/>\n<meta property=\"product:price:currency\" content=\"ARS\" \/>\n<meta property=\"og:availability\" content=\"instock\" \/>\n<meta property=\"product:availability\" content=\"instock\" \/>\n<meta property=\"product:retailer_item_id\" content=\"ADV2025CETRYVHMNO\" \/>\n<meta property=\"product:condition\" content=\"new\" \/>\n<!-- \/ Yoast SEO Premium plugin. -->","yoast_head_json":{"title":"Cerro Tronador e Ventisquero Negro - Rafting Villegas","description":"Excurs\u00e3o ao Cerro Tronador e Ventisquero Negro saindo de Bariloche. Natureza, geleiras e paisagens \u00fanicas em uma viagem inesquec\u00edvel.","robots":{"index":"index","follow":"follow","max-snippet":"max-snippet:-1","max-image-preview":"max-image-preview:large","max-video-preview":"max-video-preview:-1"},"canonical":"https:\/\/raftingvillegas.com\/pt\/produto\/cerro-tronador-e-ventisquero-negro\/","og_locale":"pt_BR","og_type":"article","og_title":"Cerro Tronador y Ventisquero Negro: exploraci\u00f3n total en el coraz\u00f3n de la Patagonia","og_description":"Excursi\u00f3n al Cerro Tronador y Ventisquero Negro desde Bariloche. Naturaleza, glaciares y paisajes \u00fanicos en un paseo imperdible.","og_url":"https:\/\/raftingvillegas.com\/pt\/produto\/cerro-tronador-e-ventisquero-negro\/","og_site_name":"Rafting Villegas","article_modified_time":"2026-04-02T03:08:21+00:00","og_image":[{"width":850,"height":1133,"url":"https:\/\/raftingvillegas.com\/wp-content\/uploads\/sites\/11\/2025\/08\/13-D-IMG_9150.jpg","type":"image\/jpeg"}],"twitter_card":"summary_large_image","twitter_misc":{"Pre\u00e7o":"&#36;59,400.00","Disponibilidade":"Em Estoque"},"schema":{"@context":"https:\/\/schema.org","@graph":[{"@type":["WebPage","ItemPage"],"@id":"https:\/\/raftingvillegas.com\/producto\/cerro-tronador-y-ventisquero-negro\/","url":"https:\/\/raftingvillegas.com\/producto\/cerro-tronador-y-ventisquero-negro\/","name":"Cerro Tronador e Ventisquero Negro - Rafting Villegas","isPartOf":{"@id":"https:\/\/raftingvillegas.com\/#website"},"primaryImageOfPage":{"@id":"https:\/\/raftingvillegas.com\/producto\/cerro-tronador-y-ventisquero-negro\/#primaryimage"},"image":{"@id":"https:\/\/raftingvillegas.com\/producto\/cerro-tronador-y-ventisquero-negro\/#primaryimage"},"thumbnailUrl":"https:\/\/raftingvillegas.com\/wp-content\/uploads\/sites\/11\/2025\/08\/13-D-IMG_9150.jpg","datePublished":"2025-08-18T17:25:42+00:00","dateModified":"2026-04-02T03:08:21+00:00","description":"Excurs\u00e3o ao Cerro Tronador e Ventisquero Negro saindo de Bariloche. Natureza, geleiras e paisagens \u00fanicas em uma viagem inesquec\u00edvel.","breadcrumb":{"@id":"https:\/\/raftingvillegas.com\/producto\/cerro-tronador-y-ventisquero-negro\/#breadcrumb"},"inLanguage":"pt-BR","potentialAction":[{"@type":"ReadAction","target":["https:\/\/raftingvillegas.com\/producto\/cerro-tronador-y-ventisquero-negro\/"]}]},{"@type":"ImageObject","inLanguage":"pt-BR","@id":"https:\/\/raftingvillegas.com\/producto\/cerro-tronador-y-ventisquero-negro\/#primaryimage","url":"https:\/\/raftingvillegas.com\/wp-content\/uploads\/sites\/11\/2025\/08\/13-D-IMG_9150.jpg","contentUrl":"https:\/\/raftingvillegas.com\/wp-content\/uploads\/sites\/11\/2025\/08\/13-D-IMG_9150.jpg","width":850,"height":1133},{"@type":"BreadcrumbList","@id":"https:\/\/raftingvillegas.com\/producto\/cerro-tronador-y-ventisquero-negro\/#breadcrumb","itemListElement":[{"@type":"ListItem","position":1,"name":"Portada","item":"https:\/\/raftingvillegas.com\/"},{"@type":"ListItem","position":2,"name":"Tienda","item":"https:\/\/raftingvillegas.com\/tienda\/"},{"@type":"ListItem","position":3,"name":"Cerro Tronador y Ventisquero Negro: exploraci\u00f3n total en el coraz\u00f3n de la Patagonia"}]},{"@type":"WebSite","@id":"https:\/\/raftingvillegas.com\/#website","url":"https:\/\/raftingvillegas.com\/","name":"Rafting em Villegas","description":"Entregue-se ao rio, ven\u00e7a as corredeiras: rafting seguro e emocionante.","potentialAction":[{"@type":"SearchAction","target":{"@type":"EntryPoint","urlTemplate":"https:\/\/raftingvillegas.com\/?s={search_term_string}"},"query-input":{"@type":"PropertyValueSpecification","valueRequired":true,"valueName":"search_term_string"}}],"inLanguage":"pt-BR"}]},"product_price_amount":"59400.00","product_price_currency":"ARS","og_availability":"instock","product_availability":"instock","product_retailer_item_id":"ADV2025CETRYVHMNO","product_condition":"new"},"_links":{"self":[{"href":"https:\/\/raftingvillegas.com\/pt\/wp-json\/wp\/v2\/product\/26","targetHints":{"allow":["GET"]}}],"collection":[{"href":"https:\/\/raftingvillegas.com\/pt\/wp-json\/wp\/v2\/product"}],"about":[{"href":"https:\/\/raftingvillegas.com\/pt\/wp-json\/wp\/v2\/types\/product"}],"replies":[{"embeddable":true,"href":"https:\/\/raftingvillegas.com\/pt\/wp-json\/wp\/v2\/comments?post=26"}],"wp:featuredmedia":[{"embeddable":true,"href":"https:\/\/raftingvillegas.com\/pt\/wp-json\/wp\/v2\/media\/218"}],"wp:attachment":[{"href":"https:\/\/raftingvillegas.com\/pt\/wp-json\/wp\/v2\/media?parent=26"}],"wp:term":[{"taxonomy":"product_brand","embeddable":true,"href":"https:\/\/raftingvillegas.com\/pt\/wp-json\/wp\/v2\/product_brand?post=26"},{"taxonomy":"product_cat","embeddable":true,"href":"https:\/\/raftingvillegas.com\/pt\/wp-json\/wp\/v2\/product_cat?post=26"},{"taxonomy":"product_tag","embeddable":true,"href":"https:\/\/raftingvillegas.com\/pt\/wp-json\/wp\/v2\/product_tag?post=26"}],"curies":[{"name":"wp","href":"https:\/\/api.w.org\/{rel}","templated":true}]}}