{"id":19,"date":"2025-08-18T19:23:39","date_gmt":"2025-08-18T17:23:39","guid":{"rendered":"https:\/\/raftingvillegas.com\/producto\/seguro-de-reprogramacion-cambia-la-fecha-de-tu-excursion-sin-penalidades\/"},"modified":"2026-02-03T18:08:25","modified_gmt":"2026-02-03T17:08:25","slug":"seguro-de-reprogramacion-cambia-la-fecha-de-tu-excursion-sin-penalidades","status":"publish","type":"product","link":"https:\/\/raftingvillegas.com\/pt\/produto\/o-seguro-de-reagendamento-altera-a-data-de-sua-excursao-sem-penalidades\/","title":{"rendered":"Seguro de reagendamento - Altere a data de sua excurs\u00e3o sem penalidade"},"content":{"rendered":"<h3 class=\"ai-optimize-24\" data-start=\"245\" data-end=\"300\">Aproveite sua viagem com liberdade e sem estresse<\/h3>\n<p class=\"ai-optimize-25 ai-optimize-introduction\" data-start=\"302\" data-end=\"521\">O Seguro de Reagendamento permite que voc\u00ea adie a data de sua excurs\u00e3o sem custos extras ou penalidades at\u00e9 o dia anterior. Escolha a tranquilidade de ter uma alternativa flex\u00edvel que se adapta ao seu ritmo durante sua visita a Bariloche.<\/p>\n<h3 class=\"ai-optimize-26\" data-start=\"528\" data-end=\"555\">O que o seguro cobre?<\/h3>\n<ul data-start=\"557\" data-end=\"846\">\n<li class=\"ai-optimize-27\" data-start=\"557\" data-end=\"628\">\n<p class=\"ai-optimize-28\" data-start=\"559\" data-end=\"628\">Mudan\u00e7a gratuita de data at\u00e9 24 horas antes da excurs\u00e3o.<\/p>\n<\/li>\n<li class=\"ai-optimize-29\" data-start=\"629\" data-end=\"678\">\n<p class=\"ai-optimize-30\" data-start=\"631\" data-end=\"678\">Processo de reprograma\u00e7\u00e3o simples, sujeito a disponibilidade.<\/p>\n<\/li>\n<li class=\"ai-optimize-31\" data-start=\"679\" data-end=\"738\">\n<p class=\"ai-optimize-32\" data-start=\"681\" data-end=\"738\">Processamento r\u00e1pido, sem exig\u00eancias de motivos ou formalidades complicadas.<\/p>\n<\/li>\n<li class=\"ai-optimize-33\" data-start=\"739\" data-end=\"786\">\n<p class=\"ai-optimize-34\" data-start=\"741\" data-end=\"786\">Compra individual: por pessoa e por excurs\u00e3o.<\/p>\n<\/li>\n<li class=\"ai-optimize-35\" data-start=\"787\" data-end=\"846\">\n<p class=\"ai-optimize-36\" data-start=\"789\" data-end=\"846\">Voc\u00ea pode adicion\u00e1-lo at\u00e9 meia hora depois de receber seu voucher.<\/p>\n<\/li>\n<\/ul>\n<h3 class=\"ai-optimize-37\" data-start=\"853\" data-end=\"880\">O que voc\u00ea precisa saber<\/h3>\n<ul data-start=\"882\" data-end=\"1214\">\n<li class=\"ai-optimize-38\" data-start=\"882\" data-end=\"957\">\n<p class=\"ai-optimize-39\" data-start=\"884\" data-end=\"957\">O seguro \u00e9 pessoal: ele se aplica a cada passageiro e a cada passeio separadamente.<\/p>\n<\/li>\n<li class=\"ai-optimize-40\" data-start=\"958\" data-end=\"1050\">\n<p class=\"ai-optimize-41\" data-start=\"960\" data-end=\"1050\">As altera\u00e7\u00f5es de data est\u00e3o sujeitas \u00e0 disponibilidade no momento da solicita\u00e7\u00e3o da altera\u00e7\u00e3o.<\/p>\n<\/li>\n<li class=\"ai-optimize-42\" data-start=\"1051\" data-end=\"1119\">\n<p class=\"ai-optimize-43\" data-start=\"1053\" data-end=\"1119\">Nenhuma altera\u00e7\u00e3o pode ser feita no dia da excurs\u00e3o.<\/p>\n<\/li>\n<li class=\"ai-optimize-44\" data-start=\"1120\" data-end=\"1214\">\n<p class=\"ai-optimize-45\" data-start=\"1122\" data-end=\"1214\">Ele s\u00f3 pode ser reservado junto com a reserva ou at\u00e9 30 minutos ap\u00f3s o envio do voucher.<\/p>\n<\/li>\n<\/ul>\n<h3 class=\"ai-optimize-46\" data-start=\"1221\" data-end=\"1245\">Consultas comuns<\/h3>\n<p class=\"ai-optimize-47\" data-start=\"1247\" data-end=\"1380\"><strong data-start=\"1247\" data-end=\"1303\">Quando posso adicionar o Seguro de Reprograma\u00e7\u00e3o?<\/strong><br data-start=\"1303\" data-end=\"1306\" \/>No momento da reserva do passeio ou at\u00e9 meia hora ap\u00f3s o recebimento do voucher.<\/p>\n<p class=\"ai-optimize-48\" data-start=\"1382\" data-end=\"1501\"><strong data-start=\"1382\" data-end=\"1441\">\u00c9 necess\u00e1rio explicar o motivo do adiamento?<\/strong><br data-start=\"1441\" data-end=\"1444\" \/>Isso n\u00e3o \u00e9 necess\u00e1rio. Voc\u00ea pode alterar a data sempre que precisar, sem justificativa.<\/p>\n<p class=\"ai-optimize-49\" data-start=\"1503\" data-end=\"1654\"><strong data-start=\"1503\" data-end=\"1563\">Sempre h\u00e1 espa\u00e7o na nova data que eu escolher?<\/strong><br data-start=\"1563\" data-end=\"1566\" \/>A disponibilidade depende de quando voc\u00ea solicita a mudan\u00e7a de data.<\/p>\n<p class=\"ai-optimize-50\" data-start=\"1656\" data-end=\"1766\"><strong data-start=\"1656\" data-end=\"1701\">Posso solicitar a altera\u00e7\u00e3o no dia da excurs\u00e3o?<\/strong><br data-start=\"1701\" data-end=\"1704\" \/>N\u00e3o. O benef\u00edcio s\u00f3 est\u00e1 dispon\u00edvel at\u00e9 o dia anterior \u00e0 excurs\u00e3o.<\/p>","protected":false},"excerpt":{"rendered":"<p class=\"ai-optimize-6\">Seguro de mudan\u00e7a de data em Bariloche. Ajuste o dia de sua partida sem custo adicional com at\u00e9 24 horas de anteced\u00eancia. Adicione-o \u00e0 sua compra no momento da reserva.<\/p>","protected":false},"featured_media":489,"comment_status":"open","ping_status":"closed","template":"","meta":[],"product_brand":[],"product_cat":[15],"product_tag":[],"class_list":{"0":"post-19","1":"product","2":"type-product","3":"status-publish","4":"has-post-thumbnail","6":"product_cat-otros","8":"first","9":"instock","10":"virtual","11":"purchasable","12":"product-type-simple"},"booking_location":null,"booking_location_type":null,"booking_duration":null,"booking_duration_unit":null,"booking_buffer":null,"booking_cost":null,"booking_resources":null,"exclude_global_add_ons":[],"addons":[],"yoast_head":"<!-- This site is optimized with the Yoast SEO Premium plugin v25.2 (Yoast SEO v25.2) - https:\/\/yoast.com\/wordpress\/plugins\/seo\/ -->\n<title>Seguro de Reprogramaci\u00f3n \u2013 Cambi\u00e1 la fecha de tu excursi\u00f3n sin penalidades - Rafting Villegas<\/title>\n<meta name=\"robots\" content=\"index, follow, max-snippet:-1, max-image-preview:large, max-video-preview:-1\" \/>\n<link rel=\"canonical\" href=\"https:\/\/raftingvillegas.com\/pt\/produto\/o-seguro-de-reagendamento-altera-a-data-de-sua-excursao-sem-penalidades\/\" \/>\n<meta property=\"og:locale\" content=\"pt_BR\" \/>\n<meta property=\"og:type\" content=\"article\" \/>\n<meta property=\"og:title\" content=\"Seguro de Reprogramaci\u00f3n \u2013 Cambi\u00e1 la fecha de tu excursi\u00f3n sin penalidades\" \/>\n<meta property=\"og:description\" content=\"Seguro de Modificaci\u00f3n de Fecha en Bariloche. Ajust\u00e1 el d\u00eda de tu salida sin cargos extra hasta 24 horas antes. Sumalo a tu compra al momento de reservar.\" \/>\n<meta property=\"og:url\" content=\"https:\/\/raftingvillegas.com\/pt\/produto\/o-seguro-de-reagendamento-altera-a-data-de-sua-excursao-sem-penalidades\/\" \/>\n<meta property=\"og:site_name\" content=\"Rafting Villegas\" \/>\n<meta property=\"article:modified_time\" content=\"2026-02-03T17:08:25+00:00\" \/>\n<meta property=\"og:image\" content=\"https:\/\/raftingvillegas.com\/wp-content\/uploads\/sites\/11\/2025\/08\/13-A-2.jpg\" \/>\n\t<meta property=\"og:image:width\" content=\"850\" \/>\n\t<meta property=\"og:image:height\" content=\"1133\" \/>\n\t<meta property=\"og:image:type\" content=\"image\/jpeg\" \/>\n<meta name=\"twitter:card\" content=\"summary_large_image\" \/>\n<meta name=\"twitter:label1\" content=\"Pre\u00e7o\" \/>\n\t<meta name=\"twitter:data1\" content=\"&#036;15,000.00\" \/>\n\t<meta name=\"twitter:label2\" content=\"Disponibilidade\" \/>\n\t<meta name=\"twitter:data2\" content=\"Em Estoque\" \/>\n<script type=\"application\/ld+json\" class=\"yoast-schema-graph\">{\"@context\":\"https:\/\/schema.org\",\"@graph\":[{\"@type\":[\"WebPage\",\"ItemPage\"],\"@id\":\"https:\/\/raftingvillegas.com\/producto\/seguro-de-reprogramacion-cambia-la-fecha-de-tu-excursion-sin-penalidades\/\",\"url\":\"https:\/\/raftingvillegas.com\/producto\/seguro-de-reprogramacion-cambia-la-fecha-de-tu-excursion-sin-penalidades\/\",\"name\":\"Seguro de Reprogramaci\u00f3n \u2013 Cambi\u00e1 la fecha de tu excursi\u00f3n sin penalidades - Rafting Villegas\",\"isPartOf\":{\"@id\":\"https:\/\/raftingvillegas.com\/#website\"},\"primaryImageOfPage\":{\"@id\":\"https:\/\/raftingvillegas.com\/producto\/seguro-de-reprogramacion-cambia-la-fecha-de-tu-excursion-sin-penalidades\/#primaryimage\"},\"image\":{\"@id\":\"https:\/\/raftingvillegas.com\/producto\/seguro-de-reprogramacion-cambia-la-fecha-de-tu-excursion-sin-penalidades\/#primaryimage\"},\"thumbnailUrl\":\"https:\/\/raftingvillegas.com\/wp-content\/uploads\/sites\/11\/2025\/08\/Sin-titulo-1435-scaled.jpg\",\"datePublished\":\"2025-08-18T17:23:39+00:00\",\"dateModified\":\"2026-02-03T17:08:25+00:00\",\"breadcrumb\":{\"@id\":\"https:\/\/raftingvillegas.com\/producto\/seguro-de-reprogramacion-cambia-la-fecha-de-tu-excursion-sin-penalidades\/#breadcrumb\"},\"inLanguage\":\"pt-BR\",\"potentialAction\":[{\"@type\":\"ReadAction\",\"target\":[\"https:\/\/raftingvillegas.com\/producto\/seguro-de-reprogramacion-cambia-la-fecha-de-tu-excursion-sin-penalidades\/\"]}]},{\"@type\":\"ImageObject\",\"inLanguage\":\"pt-BR\",\"@id\":\"https:\/\/raftingvillegas.com\/producto\/seguro-de-reprogramacion-cambia-la-fecha-de-tu-excursion-sin-penalidades\/#primaryimage\",\"url\":\"https:\/\/raftingvillegas.com\/wp-content\/uploads\/sites\/11\/2025\/08\/Sin-titulo-1435-scaled.jpg\",\"contentUrl\":\"https:\/\/raftingvillegas.com\/wp-content\/uploads\/sites\/11\/2025\/08\/Sin-titulo-1435-scaled.jpg\",\"width\":2560,\"height\":1707},{\"@type\":\"BreadcrumbList\",\"@id\":\"https:\/\/raftingvillegas.com\/producto\/seguro-de-reprogramacion-cambia-la-fecha-de-tu-excursion-sin-penalidades\/#breadcrumb\",\"itemListElement\":[{\"@type\":\"ListItem\",\"position\":1,\"name\":\"Portada\",\"item\":\"https:\/\/raftingvillegas.com\/\"},{\"@type\":\"ListItem\",\"position\":2,\"name\":\"Tienda\",\"item\":\"https:\/\/raftingvillegas.com\/tienda\/\"},{\"@type\":\"ListItem\",\"position\":3,\"name\":\"Seguro de Reprogramaci\u00f3n \u2013 Cambi\u00e1 la fecha de tu excursi\u00f3n sin penalidades\"}]},{\"@type\":\"WebSite\",\"@id\":\"https:\/\/raftingvillegas.com\/#website\",\"url\":\"https:\/\/raftingvillegas.com\/\",\"name\":\"Rafting Villegas\",\"description\":\"R\u00edndete al r\u00edo, conquista los r\u00e1pidos: rafting seguro y emocionante.\",\"potentialAction\":[{\"@type\":\"SearchAction\",\"target\":{\"@type\":\"EntryPoint\",\"urlTemplate\":\"https:\/\/raftingvillegas.com\/?s={search_term_string}\"},\"query-input\":{\"@type\":\"PropertyValueSpecification\",\"valueRequired\":true,\"valueName\":\"search_term_string\"}}],\"inLanguage\":\"pt-BR\"}]}<\/script>\n<meta property=\"product:price:amount\" content=\"15000.00\" \/>\n<meta property=\"product:price:currency\" content=\"ARS\" \/>\n<meta property=\"og:availability\" content=\"instock\" \/>\n<meta property=\"product:availability\" content=\"instock\" \/>\n<meta property=\"product:condition\" content=\"new\" \/>\n<!-- \/ Yoast SEO Premium plugin. -->","yoast_head_json":{"title":"Seguro de reprograma\u00e7\u00e3o - Altere a data de sua viagem sem penalidade - Rafting Villegas","robots":{"index":"index","follow":"follow","max-snippet":"max-snippet:-1","max-image-preview":"max-image-preview:large","max-video-preview":"max-video-preview:-1"},"canonical":"https:\/\/raftingvillegas.com\/pt\/produto\/o-seguro-de-reagendamento-altera-a-data-de-sua-excursao-sem-penalidades\/","og_locale":"pt_BR","og_type":"article","og_title":"Seguro de Reprogramaci\u00f3n \u2013 Cambi\u00e1 la fecha de tu excursi\u00f3n sin penalidades","og_description":"Seguro de Modificaci\u00f3n de Fecha en Bariloche. Ajust\u00e1 el d\u00eda de tu salida sin cargos extra hasta 24 horas antes. Sumalo a tu compra al momento de reservar.","og_url":"https:\/\/raftingvillegas.com\/pt\/produto\/o-seguro-de-reagendamento-altera-a-data-de-sua-excursao-sem-penalidades\/","og_site_name":"Rafting Villegas","article_modified_time":"2026-02-03T17:08:25+00:00","og_image":[{"width":850,"height":1133,"url":"https:\/\/raftingvillegas.com\/wp-content\/uploads\/sites\/11\/2025\/08\/13-A-2.jpg","type":"image\/jpeg"}],"twitter_card":"summary_large_image","twitter_misc":{"Pre\u00e7o":"&#36;15,000.00","Disponibilidade":"Em Estoque"},"schema":{"@context":"https:\/\/schema.org","@graph":[{"@type":["WebPage","ItemPage"],"@id":"https:\/\/raftingvillegas.com\/producto\/seguro-de-reprogramacion-cambia-la-fecha-de-tu-excursion-sin-penalidades\/","url":"https:\/\/raftingvillegas.com\/producto\/seguro-de-reprogramacion-cambia-la-fecha-de-tu-excursion-sin-penalidades\/","name":"Seguro de reprograma\u00e7\u00e3o - Altere a data de sua viagem sem penalidade - Rafting Villegas","isPartOf":{"@id":"https:\/\/raftingvillegas.com\/#website"},"primaryImageOfPage":{"@id":"https:\/\/raftingvillegas.com\/producto\/seguro-de-reprogramacion-cambia-la-fecha-de-tu-excursion-sin-penalidades\/#primaryimage"},"image":{"@id":"https:\/\/raftingvillegas.com\/producto\/seguro-de-reprogramacion-cambia-la-fecha-de-tu-excursion-sin-penalidades\/#primaryimage"},"thumbnailUrl":"https:\/\/raftingvillegas.com\/wp-content\/uploads\/sites\/11\/2025\/08\/Sin-titulo-1435-scaled.jpg","datePublished":"2025-08-18T17:23:39+00:00","dateModified":"2026-02-03T17:08:25+00:00","breadcrumb":{"@id":"https:\/\/raftingvillegas.com\/producto\/seguro-de-reprogramacion-cambia-la-fecha-de-tu-excursion-sin-penalidades\/#breadcrumb"},"inLanguage":"pt-BR","potentialAction":[{"@type":"ReadAction","target":["https:\/\/raftingvillegas.com\/producto\/seguro-de-reprogramacion-cambia-la-fecha-de-tu-excursion-sin-penalidades\/"]}]},{"@type":"ImageObject","inLanguage":"pt-BR","@id":"https:\/\/raftingvillegas.com\/producto\/seguro-de-reprogramacion-cambia-la-fecha-de-tu-excursion-sin-penalidades\/#primaryimage","url":"https:\/\/raftingvillegas.com\/wp-content\/uploads\/sites\/11\/2025\/08\/Sin-titulo-1435-scaled.jpg","contentUrl":"https:\/\/raftingvillegas.com\/wp-content\/uploads\/sites\/11\/2025\/08\/Sin-titulo-1435-scaled.jpg","width":2560,"height":1707},{"@type":"BreadcrumbList","@id":"https:\/\/raftingvillegas.com\/producto\/seguro-de-reprogramacion-cambia-la-fecha-de-tu-excursion-sin-penalidades\/#breadcrumb","itemListElement":[{"@type":"ListItem","position":1,"name":"Portada","item":"https:\/\/raftingvillegas.com\/"},{"@type":"ListItem","position":2,"name":"Tienda","item":"https:\/\/raftingvillegas.com\/tienda\/"},{"@type":"ListItem","position":3,"name":"Seguro de Reprogramaci\u00f3n \u2013 Cambi\u00e1 la fecha de tu excursi\u00f3n sin penalidades"}]},{"@type":"WebSite","@id":"https:\/\/raftingvillegas.com\/#website","url":"https:\/\/raftingvillegas.com\/","name":"Rafting em Villegas","description":"Entregue-se ao rio, ven\u00e7a as corredeiras: rafting seguro e emocionante.","potentialAction":[{"@type":"SearchAction","target":{"@type":"EntryPoint","urlTemplate":"https:\/\/raftingvillegas.com\/?s={search_term_string}"},"query-input":{"@type":"PropertyValueSpecification","valueRequired":true,"valueName":"search_term_string"}}],"inLanguage":"pt-BR"}]},"product_price_amount":"15000.00","product_price_currency":"ARS","og_availability":"instock","product_availability":"instock","product_condition":"new"},"_links":{"self":[{"href":"https:\/\/raftingvillegas.com\/pt\/wp-json\/wp\/v2\/product\/19","targetHints":{"allow":["GET"]}}],"collection":[{"href":"https:\/\/raftingvillegas.com\/pt\/wp-json\/wp\/v2\/product"}],"about":[{"href":"https:\/\/raftingvillegas.com\/pt\/wp-json\/wp\/v2\/types\/product"}],"replies":[{"embeddable":true,"href":"https:\/\/raftingvillegas.com\/pt\/wp-json\/wp\/v2\/comments?post=19"}],"wp:featuredmedia":[{"embeddable":true,"href":"https:\/\/raftingvillegas.com\/pt\/wp-json\/wp\/v2\/media\/489"}],"wp:attachment":[{"href":"https:\/\/raftingvillegas.com\/pt\/wp-json\/wp\/v2\/media?parent=19"}],"wp:term":[{"taxonomy":"product_brand","embeddable":true,"href":"https:\/\/raftingvillegas.com\/pt\/wp-json\/wp\/v2\/product_brand?post=19"},{"taxonomy":"product_cat","embeddable":true,"href":"https:\/\/raftingvillegas.com\/pt\/wp-json\/wp\/v2\/product_cat?post=19"},{"taxonomy":"product_tag","embeddable":true,"href":"https:\/\/raftingvillegas.com\/pt\/wp-json\/wp\/v2\/product_tag?post=19"}],"curies":[{"name":"wp","href":"https:\/\/api.w.org\/{rel}","templated":true}]}}