{"id":17,"date":"2025-08-18T19:23:22","date_gmt":"2025-08-18T17:23:22","guid":{"rendered":"https:\/\/raftingvillegas.com\/producto\/seguro-de-cancelacion-cancela-tu-excursion-sin-perder-todo-el-valor\/"},"modified":"2025-08-26T17:25:26","modified_gmt":"2025-08-26T15:25:26","slug":"seguro-de-cancelacion-cancela-tu-excursion-sin-perder-todo-el-valor","status":"publish","type":"product","link":"https:\/\/raftingvillegas.com\/pt\/produto\/seguro-de-cancelamento-cancelar-sua-excursao-sem-perder-todo-o-valor\/","title":{"rendered":"Seguro de cancelamento - Cancele sua excurs\u00e3o sem perder o valor total de sua viagem"},"content":{"rendered":"<h3 data-start=\"200\" data-end=\"242\">Seguran\u00e7a para seus planos<\/h3>\n<p data-start=\"244\" data-end=\"516\">No caso de qualquer contratempo, o Seguro de Cancelamento permite que voc\u00ea recupere 80% do valor pago, desde que avise com anteced\u00eancia at\u00e9 as 19h do dia anterior. \u00c9 uma alternativa \u00e1gil, acess\u00edvel e descomplicada para proteger sua reserva sem estresse.<\/p>\n<h3 data-start=\"523\" data-end=\"548\">O que est\u00e1 inclu\u00eddo no seguro?<\/h3>\n<ul data-start=\"550\" data-end=\"858\">\n<li data-start=\"550\" data-end=\"613\">\n<p data-start=\"552\" data-end=\"613\">Desembarque permitido at\u00e9 as 19 horas do dia anterior.<\/p>\n<\/li>\n<li data-start=\"614\" data-end=\"652\">\n<p data-start=\"616\" data-end=\"652\">80% reembolso do valor pago.<\/p>\n<\/li>\n<li data-start=\"653\" data-end=\"727\">\n<p data-start=\"655\" data-end=\"727\">Atendimento r\u00e1pido, sem necessidade de explica\u00e7\u00f5es ou documentos.<\/p>\n<\/li>\n<li data-start=\"728\" data-end=\"785\">\n<p data-start=\"730\" data-end=\"785\">Ele \u00e9 adquirido por pessoa e por passeio adquirido.<\/p>\n<\/li>\n<li data-start=\"786\" data-end=\"858\">\n<p data-start=\"788\" data-end=\"858\">Dispon\u00edvel at\u00e9 meia hora ap\u00f3s a emiss\u00e3o do voucher.<\/p>\n<\/li>\n<\/ul>\n<h3 data-start=\"865\" data-end=\"892\">Pontos-chave a serem considerados<\/h3>\n<ul data-start=\"894\" data-end=\"1157\">\n<li data-start=\"894\" data-end=\"981\">\n<p data-start=\"896\" data-end=\"981\">O seguro \u00e9 individual: aplica-se a cada viajante e excurs\u00e3o contratada.<\/p>\n<\/li>\n<li data-start=\"982\" data-end=\"1080\">\n<p data-start=\"984\" data-end=\"1080\">Ele n\u00e3o pode ser adicionado depois de decorridos 30 minutos desde que voc\u00ea pegou o voucher.<\/p>\n<\/li>\n<li data-start=\"1081\" data-end=\"1157\">\n<p data-start=\"1083\" data-end=\"1157\">Sem esse suporte extra, os cancelamentos n\u00e3o s\u00e3o reembols\u00e1veis.<\/p>\n<\/li>\n<\/ul>\n<h3 data-start=\"1164\" data-end=\"1188\">Consultas comuns<\/h3>\n<p data-start=\"1190\" data-end=\"1326\"><strong data-start=\"1190\" data-end=\"1243\">Quando o Seguro de Cancelamento est\u00e1 dispon\u00edvel?<\/strong><br data-start=\"1243\" data-end=\"1246\" \/>Voc\u00ea pode adicionar at\u00e9 meia hora depois de receber o voucher do tour.<\/p>\n<p data-start=\"1328\" data-end=\"1451\"><strong data-start=\"1328\" data-end=\"1388\">\u00c9 necess\u00e1rio um comprovante de cancelamento?<\/strong><br data-start=\"1388\" data-end=\"1391\" \/>N\u00e3o. \u00c9 um procedimento simples e voc\u00ea n\u00e3o precisa apresentar justificativas.<\/p>\n<p data-start=\"1453\" data-end=\"1575\"><strong data-start=\"1453\" data-end=\"1492\">Posso obter um reembolso total?<\/strong><br data-start=\"1492\" data-end=\"1495\" \/>No. 80% \u00e9 reembolsado sobre o valor pago, dependendo das condi\u00e7\u00f5es.<\/p>\n<p data-start=\"1577\" data-end=\"1711\"><strong data-start=\"1577\" data-end=\"1617\">\u00c9 necess\u00e1rio fazer um seguro?<\/strong><br data-start=\"1617\" data-end=\"1620\" \/>N\u00e3o \u00e9 obrigat\u00f3rio, mas sem esse suporte n\u00e3o h\u00e1 reembolso em caso de cancelamento.<\/p>","protected":false},"excerpt":{"rendered":"<p class=\"ai-optimize-6\">Cobertura de cancelamento para viagens tur\u00edsticas em Bariloche. Obtenha o reembolso do 80% se voc\u00ea cancelar at\u00e9 as 19h do dia anterior. S\u00f3 pode ser adquirido junto com a excurs\u00e3o.<\/p>","protected":false},"featured_media":202,"comment_status":"open","ping_status":"closed","template":"","meta":[],"product_brand":[],"product_cat":[15],"product_tag":[],"class_list":{"0":"post-17","1":"product","2":"type-product","3":"status-publish","4":"has-post-thumbnail","6":"product_cat-otros","8":"first","9":"instock","10":"virtual","11":"purchasable","12":"product-type-simple"},"booking_location":null,"booking_location_type":null,"booking_duration":null,"booking_duration_unit":null,"booking_buffer":null,"booking_cost":null,"booking_resources":null,"exclude_global_add_ons":[],"addons":[],"yoast_head":"<!-- This site is optimized with the Yoast SEO Premium plugin v25.2 (Yoast SEO v25.2) - https:\/\/yoast.com\/wordpress\/plugins\/seo\/ -->\n<title>Seguro de Cancelaci\u00f3n \u2013 Cancel\u00e1 tu excursi\u00f3n sin perder todo el valor - Rafting Villegas<\/title>\n<meta name=\"robots\" content=\"index, follow, max-snippet:-1, max-image-preview:large, max-video-preview:-1\" \/>\n<link rel=\"canonical\" href=\"https:\/\/raftingvillegas.com\/pt\/produto\/seguro-de-cancelamento-cancelar-sua-excursao-sem-perder-todo-o-valor\/\" \/>\n<meta property=\"og:locale\" content=\"pt_BR\" \/>\n<meta property=\"og:type\" content=\"article\" \/>\n<meta property=\"og:title\" content=\"Seguro de Cancelaci\u00f3n \u2013 Cancel\u00e1 tu excursi\u00f3n sin perder todo el valor\" \/>\n<meta property=\"og:description\" content=\"Cobertura de Cancelaci\u00f3n para salidas tur\u00edsticas en Bariloche. Obten\u00e9 el reintegro del 80% si anul\u00e1s hasta las 19 horas del d\u00eda previo. Se adquiere \u00fanicamente junto con la contrataci\u00f3n de la excursi\u00f3n.\" \/>\n<meta property=\"og:url\" content=\"https:\/\/raftingvillegas.com\/pt\/produto\/seguro-de-cancelamento-cancelar-sua-excursao-sem-perder-todo-o-valor\/\" \/>\n<meta property=\"og:site_name\" content=\"Rafting Villegas\" \/>\n<meta property=\"article:modified_time\" content=\"2025-08-26T15:25:26+00:00\" \/>\n<meta property=\"og:image\" content=\"https:\/\/raftingvillegas.com\/wp-content\/uploads\/sites\/11\/2025\/08\/13-A-1.jpg\" \/>\n\t<meta property=\"og:image:width\" content=\"850\" \/>\n\t<meta property=\"og:image:height\" content=\"1133\" \/>\n\t<meta property=\"og:image:type\" content=\"image\/jpeg\" \/>\n<meta name=\"twitter:card\" content=\"summary_large_image\" \/>\n<meta name=\"twitter:label1\" content=\"Pre\u00e7o\" \/>\n\t<meta name=\"twitter:data1\" content=\"&#036;15,000.00\" \/>\n\t<meta name=\"twitter:label2\" content=\"Disponibilidade\" \/>\n\t<meta name=\"twitter:data2\" content=\"Em Estoque\" \/>\n<script type=\"application\/ld+json\" class=\"yoast-schema-graph\">{\"@context\":\"https:\/\/schema.org\",\"@graph\":[{\"@type\":[\"WebPage\",\"ItemPage\"],\"@id\":\"https:\/\/raftingvillegas.com\/producto\/seguro-de-cancelacion-cancela-tu-excursion-sin-perder-todo-el-valor\/\",\"url\":\"https:\/\/raftingvillegas.com\/producto\/seguro-de-cancelacion-cancela-tu-excursion-sin-perder-todo-el-valor\/\",\"name\":\"Seguro de Cancelaci\u00f3n \u2013 Cancel\u00e1 tu excursi\u00f3n sin perder todo el valor - Rafting Villegas\",\"isPartOf\":{\"@id\":\"https:\/\/raftingvillegas.com\/#website\"},\"primaryImageOfPage\":{\"@id\":\"https:\/\/raftingvillegas.com\/producto\/seguro-de-cancelacion-cancela-tu-excursion-sin-perder-todo-el-valor\/#primaryimage\"},\"image\":{\"@id\":\"https:\/\/raftingvillegas.com\/producto\/seguro-de-cancelacion-cancela-tu-excursion-sin-perder-todo-el-valor\/#primaryimage\"},\"thumbnailUrl\":\"https:\/\/raftingvillegas.com\/wp-content\/uploads\/sites\/11\/2025\/08\/13-A-1.jpg\",\"datePublished\":\"2025-08-18T17:23:22+00:00\",\"dateModified\":\"2025-08-26T15:25:26+00:00\",\"breadcrumb\":{\"@id\":\"https:\/\/raftingvillegas.com\/producto\/seguro-de-cancelacion-cancela-tu-excursion-sin-perder-todo-el-valor\/#breadcrumb\"},\"inLanguage\":\"pt-BR\",\"potentialAction\":[{\"@type\":\"ReadAction\",\"target\":[\"https:\/\/raftingvillegas.com\/producto\/seguro-de-cancelacion-cancela-tu-excursion-sin-perder-todo-el-valor\/\"]}]},{\"@type\":\"ImageObject\",\"inLanguage\":\"pt-BR\",\"@id\":\"https:\/\/raftingvillegas.com\/producto\/seguro-de-cancelacion-cancela-tu-excursion-sin-perder-todo-el-valor\/#primaryimage\",\"url\":\"https:\/\/raftingvillegas.com\/wp-content\/uploads\/sites\/11\/2025\/08\/13-A-1.jpg\",\"contentUrl\":\"https:\/\/raftingvillegas.com\/wp-content\/uploads\/sites\/11\/2025\/08\/13-A-1.jpg\",\"width\":850,\"height\":1133},{\"@type\":\"BreadcrumbList\",\"@id\":\"https:\/\/raftingvillegas.com\/producto\/seguro-de-cancelacion-cancela-tu-excursion-sin-perder-todo-el-valor\/#breadcrumb\",\"itemListElement\":[{\"@type\":\"ListItem\",\"position\":1,\"name\":\"Portada\",\"item\":\"https:\/\/raftingvillegas.com\/\"},{\"@type\":\"ListItem\",\"position\":2,\"name\":\"Tienda\",\"item\":\"https:\/\/raftingvillegas.com\/tienda\/\"},{\"@type\":\"ListItem\",\"position\":3,\"name\":\"Seguro de Cancelaci\u00f3n \u2013 Cancel\u00e1 tu excursi\u00f3n sin perder todo el valor\"}]},{\"@type\":\"WebSite\",\"@id\":\"https:\/\/raftingvillegas.com\/#website\",\"url\":\"https:\/\/raftingvillegas.com\/\",\"name\":\"Rafting Villegas\",\"description\":\"R\u00edndete al r\u00edo, conquista los r\u00e1pidos: rafting seguro y emocionante.\",\"potentialAction\":[{\"@type\":\"SearchAction\",\"target\":{\"@type\":\"EntryPoint\",\"urlTemplate\":\"https:\/\/raftingvillegas.com\/?s={search_term_string}\"},\"query-input\":{\"@type\":\"PropertyValueSpecification\",\"valueRequired\":true,\"valueName\":\"search_term_string\"}}],\"inLanguage\":\"pt-BR\"}]}<\/script>\n<meta property=\"product:price:amount\" content=\"15000.00\" \/>\n<meta property=\"product:price:currency\" content=\"ARS\" \/>\n<meta property=\"og:availability\" content=\"instock\" \/>\n<meta property=\"product:availability\" content=\"instock\" \/>\n<meta property=\"product:condition\" content=\"new\" \/>\n<!-- \/ Yoast SEO Premium plugin. -->","yoast_head_json":{"title":"Seguro de Cancelamento - Cancele sua viagem sem perder todo o valor - Rafting Villegas","robots":{"index":"index","follow":"follow","max-snippet":"max-snippet:-1","max-image-preview":"max-image-preview:large","max-video-preview":"max-video-preview:-1"},"canonical":"https:\/\/raftingvillegas.com\/pt\/produto\/seguro-de-cancelamento-cancelar-sua-excursao-sem-perder-todo-o-valor\/","og_locale":"pt_BR","og_type":"article","og_title":"Seguro de Cancelaci\u00f3n \u2013 Cancel\u00e1 tu excursi\u00f3n sin perder todo el valor","og_description":"Cobertura de Cancelaci\u00f3n para salidas tur\u00edsticas en Bariloche. Obten\u00e9 el reintegro del 80% si anul\u00e1s hasta las 19 horas del d\u00eda previo. Se adquiere \u00fanicamente junto con la contrataci\u00f3n de la excursi\u00f3n.","og_url":"https:\/\/raftingvillegas.com\/pt\/produto\/seguro-de-cancelamento-cancelar-sua-excursao-sem-perder-todo-o-valor\/","og_site_name":"Rafting Villegas","article_modified_time":"2025-08-26T15:25:26+00:00","og_image":[{"width":850,"height":1133,"url":"https:\/\/raftingvillegas.com\/wp-content\/uploads\/sites\/11\/2025\/08\/13-A-1.jpg","type":"image\/jpeg"}],"twitter_card":"summary_large_image","twitter_misc":{"Pre\u00e7o":"&#36;15,000.00","Disponibilidade":"Em Estoque"},"schema":{"@context":"https:\/\/schema.org","@graph":[{"@type":["WebPage","ItemPage"],"@id":"https:\/\/raftingvillegas.com\/producto\/seguro-de-cancelacion-cancela-tu-excursion-sin-perder-todo-el-valor\/","url":"https:\/\/raftingvillegas.com\/producto\/seguro-de-cancelacion-cancela-tu-excursion-sin-perder-todo-el-valor\/","name":"Seguro de Cancelamento - Cancele sua viagem sem perder todo o valor - Rafting Villegas","isPartOf":{"@id":"https:\/\/raftingvillegas.com\/#website"},"primaryImageOfPage":{"@id":"https:\/\/raftingvillegas.com\/producto\/seguro-de-cancelacion-cancela-tu-excursion-sin-perder-todo-el-valor\/#primaryimage"},"image":{"@id":"https:\/\/raftingvillegas.com\/producto\/seguro-de-cancelacion-cancela-tu-excursion-sin-perder-todo-el-valor\/#primaryimage"},"thumbnailUrl":"https:\/\/raftingvillegas.com\/wp-content\/uploads\/sites\/11\/2025\/08\/13-A-1.jpg","datePublished":"2025-08-18T17:23:22+00:00","dateModified":"2025-08-26T15:25:26+00:00","breadcrumb":{"@id":"https:\/\/raftingvillegas.com\/producto\/seguro-de-cancelacion-cancela-tu-excursion-sin-perder-todo-el-valor\/#breadcrumb"},"inLanguage":"pt-BR","potentialAction":[{"@type":"ReadAction","target":["https:\/\/raftingvillegas.com\/producto\/seguro-de-cancelacion-cancela-tu-excursion-sin-perder-todo-el-valor\/"]}]},{"@type":"ImageObject","inLanguage":"pt-BR","@id":"https:\/\/raftingvillegas.com\/producto\/seguro-de-cancelacion-cancela-tu-excursion-sin-perder-todo-el-valor\/#primaryimage","url":"https:\/\/raftingvillegas.com\/wp-content\/uploads\/sites\/11\/2025\/08\/13-A-1.jpg","contentUrl":"https:\/\/raftingvillegas.com\/wp-content\/uploads\/sites\/11\/2025\/08\/13-A-1.jpg","width":850,"height":1133},{"@type":"BreadcrumbList","@id":"https:\/\/raftingvillegas.com\/producto\/seguro-de-cancelacion-cancela-tu-excursion-sin-perder-todo-el-valor\/#breadcrumb","itemListElement":[{"@type":"ListItem","position":1,"name":"Portada","item":"https:\/\/raftingvillegas.com\/"},{"@type":"ListItem","position":2,"name":"Tienda","item":"https:\/\/raftingvillegas.com\/tienda\/"},{"@type":"ListItem","position":3,"name":"Seguro de Cancelaci\u00f3n \u2013 Cancel\u00e1 tu excursi\u00f3n sin perder todo el valor"}]},{"@type":"WebSite","@id":"https:\/\/raftingvillegas.com\/#website","url":"https:\/\/raftingvillegas.com\/","name":"Rafting em Villegas","description":"Entregue-se ao rio, ven\u00e7a as corredeiras: rafting seguro e emocionante.","potentialAction":[{"@type":"SearchAction","target":{"@type":"EntryPoint","urlTemplate":"https:\/\/raftingvillegas.com\/?s={search_term_string}"},"query-input":{"@type":"PropertyValueSpecification","valueRequired":true,"valueName":"search_term_string"}}],"inLanguage":"pt-BR"}]},"product_price_amount":"15000.00","product_price_currency":"ARS","og_availability":"instock","product_availability":"instock","product_condition":"new"},"_links":{"self":[{"href":"https:\/\/raftingvillegas.com\/pt\/wp-json\/wp\/v2\/product\/17","targetHints":{"allow":["GET"]}}],"collection":[{"href":"https:\/\/raftingvillegas.com\/pt\/wp-json\/wp\/v2\/product"}],"about":[{"href":"https:\/\/raftingvillegas.com\/pt\/wp-json\/wp\/v2\/types\/product"}],"replies":[{"embeddable":true,"href":"https:\/\/raftingvillegas.com\/pt\/wp-json\/wp\/v2\/comments?post=17"}],"wp:featuredmedia":[{"embeddable":true,"href":"https:\/\/raftingvillegas.com\/pt\/wp-json\/wp\/v2\/media\/202"}],"wp:attachment":[{"href":"https:\/\/raftingvillegas.com\/pt\/wp-json\/wp\/v2\/media?parent=17"}],"wp:term":[{"taxonomy":"product_brand","embeddable":true,"href":"https:\/\/raftingvillegas.com\/pt\/wp-json\/wp\/v2\/product_brand?post=17"},{"taxonomy":"product_cat","embeddable":true,"href":"https:\/\/raftingvillegas.com\/pt\/wp-json\/wp\/v2\/product_cat?post=17"},{"taxonomy":"product_tag","embeddable":true,"href":"https:\/\/raftingvillegas.com\/pt\/wp-json\/wp\/v2\/product_tag?post=17"}],"curies":[{"name":"wp","href":"https:\/\/api.w.org\/{rel}","templated":true}]}}