{"id":15,"date":"2025-08-18T19:22:57","date_gmt":"2025-08-18T17:22:57","guid":{"rendered":"https:\/\/raftingvillegas.com\/producto\/pack-de-reserva-flexible-viaja-con-tranquilidad-y-sin-preocupaciones\/"},"modified":"2025-08-26T17:24:04","modified_gmt":"2025-08-26T15:24:04","slug":"pack-de-reserva-flexible-viaja-con-tranquilidad-y-sin-preocupaciones","status":"publish","type":"product","link":"https:\/\/raftingvillegas.com\/pt\/produto\/pacote-de-reservas-flexivel-viaje-com-tranquilidade-e-sem-preocupacoes\/","title":{"rendered":"Pacote de reservas flex\u00edveis - Viaje com tranquilidade e sem preocupa\u00e7\u00f5es"},"content":{"rendered":"<h3 data-start=\"232\" data-end=\"273\">Adapte seus planos ao seu pr\u00f3prio ritmo<\/h3>\n<p data-start=\"275\" data-end=\"620\">Ao adicionar o Pacote de Reserva Flex\u00edvel, voc\u00ea pode planejar suas viagens em Bariloche sem estresse: qualquer imprevisto, voc\u00ea pode remarcar ou cancelar sua viagem de forma f\u00e1cil e r\u00e1pida. Esse servi\u00e7o combina o melhor do Seguro de Altera\u00e7\u00e3o de Data e do Seguro de Cancelamento, para que voc\u00ea tenha total liberdade em um \u00fanico produto.<\/p>\n<h3 data-start=\"627\" data-end=\"652\">O que h\u00e1 no pacote?<\/h3>\n<ul data-start=\"654\" data-end=\"1014\">\n<li data-start=\"654\" data-end=\"726\">\n<p data-start=\"656\" data-end=\"726\">Voc\u00ea pode alterar o dia sem custo adicional at\u00e9 o dia anterior \u00e0 experi\u00eancia.<\/p>\n<\/li>\n<li data-start=\"727\" data-end=\"797\">\n<p data-start=\"729\" data-end=\"797\">Cancelamento com reembolso parcial at\u00e9 as 19h do dia anterior.<\/p>\n<\/li>\n<li data-start=\"798\" data-end=\"870\">\n<p data-start=\"800\" data-end=\"870\">Voc\u00ea pode adicionar o pacote at\u00e9 30 minutos depois de gerar seu voucher.<\/p>\n<\/li>\n<li data-start=\"871\" data-end=\"930\">\n<p data-start=\"873\" data-end=\"930\">O pacote \u00e9 <strong data-start=\"893\" data-end=\"929\">por pessoa e por partida<\/strong>.<\/p>\n<\/li>\n<li data-start=\"931\" data-end=\"1014\">\n<p data-start=\"933\" data-end=\"1014\">Perfeito para viajar relaxado e resolver sem drama se surgir uma mudan\u00e7a inesperada.<\/p>\n<\/li>\n<\/ul>\n<h3 data-start=\"1021\" data-end=\"1048\">Principais fatos a serem considerados<\/h3>\n<ul data-start=\"1050\" data-end=\"1393\">\n<li data-start=\"1050\" data-end=\"1134\">\n<p data-start=\"1052\" data-end=\"1134\">O pacote \u00e9 individual: cobre um passageiro para cada atividade reservada.<\/p>\n<\/li>\n<li data-start=\"1135\" data-end=\"1236\">\n<p data-start=\"1137\" data-end=\"1236\">Voc\u00ea pode reserv\u00e1-lo junto com sua reserva ou at\u00e9 meia hora depois de imprimir o voucher.<\/p>\n<\/li>\n<li data-start=\"1237\" data-end=\"1317\">\n<p data-start=\"1239\" data-end=\"1317\">Ele funciona para quase todas as excurs\u00f5es (veja as exce\u00e7\u00f5es).<\/p>\n<\/li>\n<li data-start=\"1318\" data-end=\"1393\">\n<p data-start=\"1320\" data-end=\"1393\">O reembolso parcial em caso de cancelamento est\u00e1 de acordo com as regras atuais.<\/p>\n<\/li>\n<\/ul>\n<h3 data-start=\"1400\" data-end=\"1424\">Perguntas frequentes<\/h3>\n<p data-start=\"1426\" data-end=\"1565\"><strong data-start=\"1426\" data-end=\"1475\">Posso adicionar o pacote ap\u00f3s a reserva?<\/strong><br data-start=\"1475\" data-end=\"1478\" \/>\u00c9 claro que voc\u00ea pode. Voc\u00ea tem meia hora ap\u00f3s receber o voucher para adicion\u00e1-lo \u00e0 sua compra.<\/p>\n<p data-start=\"1567\" data-end=\"1731\"><strong data-start=\"1567\" data-end=\"1610\">Tenho que justificar meu cancelamento?<\/strong><br data-start=\"1610\" data-end=\"1613\" \/>N\u00e3o. Voc\u00ea cancela at\u00e9 as 19h do dia anterior, recebe um reembolso parcial e ningu\u00e9m pergunta o motivo.<\/p>\n<p data-start=\"1733\" data-end=\"1866\"><strong data-start=\"1733\" data-end=\"1781\">Posso alterar a data sem pagar a diferen\u00e7a?<\/strong><br data-start=\"1781\" data-end=\"1784\" \/>\u00c9 claro que sim. Voc\u00ea pode remarcar sua partida at\u00e9 o dia anterior, desde que haja espa\u00e7o dispon\u00edvel.<\/p>\n<p data-start=\"1868\" data-end=\"2032\"><strong data-start=\"1868\" data-end=\"1910\">Ele \u00e9 adequado para qualquer excurs\u00e3o?<\/strong><br data-start=\"1910\" data-end=\"1913\" \/>Ele est\u00e1 dispon\u00edvel para a maioria das experi\u00eancias, exceto aquelas detalhadas no momento da reserva.<\/p>","protected":false},"excerpt":{"rendered":"<p class=\"ai-optimize-6\">Reserva flex\u00edvel: ajuste ou cancele sua viagem por indiv\u00edduo e por experi\u00eancia, com reembolso parcial at\u00e9 o dia anterior. Viaje para Bariloche com tranquilidade.<\/p>","protected":false},"featured_media":201,"comment_status":"open","ping_status":"closed","template":"","meta":[],"product_brand":[],"product_cat":[15],"product_tag":[],"class_list":{"0":"post-15","1":"product","2":"type-product","3":"status-publish","4":"has-post-thumbnail","6":"product_cat-otros","8":"first","9":"instock","10":"sale","11":"virtual","12":"purchasable","13":"product-type-simple"},"booking_location":null,"booking_location_type":null,"booking_duration":null,"booking_duration_unit":null,"booking_buffer":null,"booking_cost":null,"booking_resources":null,"exclude_global_add_ons":[],"addons":[],"yoast_head":"<!-- This site is optimized with the Yoast SEO Premium plugin v25.2 (Yoast SEO v25.2) - https:\/\/yoast.com\/wordpress\/plugins\/seo\/ -->\n<title>Pack de Reserva Flexible \u2013 Viaj\u00e1 con tranquilidad y sin preocupaciones - Rafting Villegas<\/title>\n<meta name=\"robots\" content=\"index, follow, max-snippet:-1, max-image-preview:large, max-video-preview:-1\" \/>\n<link rel=\"canonical\" href=\"https:\/\/raftingvillegas.com\/pt\/produto\/pacote-de-reservas-flexivel-viaje-com-tranquilidade-e-sem-preocupacoes\/\" \/>\n<meta property=\"og:locale\" content=\"pt_BR\" \/>\n<meta property=\"og:type\" content=\"article\" \/>\n<meta property=\"og:title\" content=\"Pack de Reserva Flexible \u2013 Viaj\u00e1 con tranquilidad y sin preocupaciones\" \/>\n<meta property=\"og:description\" content=\"Reserva Flexible: ajust\u00e1 o anul\u00e1 tu paseo por individuo y por experiencia, con reintegro parcial hasta el d\u00eda previo. Viaj\u00e1 a Bariloche con mayor tranquilidad.\" \/>\n<meta property=\"og:url\" content=\"https:\/\/raftingvillegas.com\/pt\/produto\/pacote-de-reservas-flexivel-viaje-com-tranquilidade-e-sem-preocupacoes\/\" \/>\n<meta property=\"og:site_name\" content=\"Rafting Villegas\" \/>\n<meta property=\"article:modified_time\" content=\"2025-08-26T15:24:04+00:00\" \/>\n<meta property=\"og:image\" content=\"https:\/\/raftingvillegas.com\/wp-content\/uploads\/sites\/11\/2025\/08\/13-A.jpg\" \/>\n\t<meta property=\"og:image:width\" content=\"850\" \/>\n\t<meta property=\"og:image:height\" content=\"1133\" \/>\n\t<meta property=\"og:image:type\" content=\"image\/jpeg\" \/>\n<meta name=\"twitter:card\" content=\"summary_large_image\" \/>\n<meta name=\"twitter:label1\" content=\"Pre\u00e7o\" \/>\n\t<meta name=\"twitter:data1\" content=\"&#036;25,000.00\" \/>\n\t<meta name=\"twitter:label2\" content=\"Disponibilidade\" \/>\n\t<meta name=\"twitter:data2\" content=\"Em Estoque\" \/>\n<script type=\"application\/ld+json\" class=\"yoast-schema-graph\">{\"@context\":\"https:\/\/schema.org\",\"@graph\":[{\"@type\":[\"WebPage\",\"ItemPage\"],\"@id\":\"https:\/\/raftingvillegas.com\/producto\/pack-de-reserva-flexible-viaja-con-tranquilidad-y-sin-preocupaciones\/\",\"url\":\"https:\/\/raftingvillegas.com\/producto\/pack-de-reserva-flexible-viaja-con-tranquilidad-y-sin-preocupaciones\/\",\"name\":\"Pack de Reserva Flexible \u2013 Viaj\u00e1 con tranquilidad y sin preocupaciones - Rafting Villegas\",\"isPartOf\":{\"@id\":\"https:\/\/raftingvillegas.com\/#website\"},\"primaryImageOfPage\":{\"@id\":\"https:\/\/raftingvillegas.com\/producto\/pack-de-reserva-flexible-viaja-con-tranquilidad-y-sin-preocupaciones\/#primaryimage\"},\"image\":{\"@id\":\"https:\/\/raftingvillegas.com\/producto\/pack-de-reserva-flexible-viaja-con-tranquilidad-y-sin-preocupaciones\/#primaryimage\"},\"thumbnailUrl\":\"https:\/\/raftingvillegas.com\/wp-content\/uploads\/sites\/11\/2025\/08\/13-A.jpg\",\"datePublished\":\"2025-08-18T17:22:57+00:00\",\"dateModified\":\"2025-08-26T15:24:04+00:00\",\"breadcrumb\":{\"@id\":\"https:\/\/raftingvillegas.com\/producto\/pack-de-reserva-flexible-viaja-con-tranquilidad-y-sin-preocupaciones\/#breadcrumb\"},\"inLanguage\":\"pt-BR\",\"potentialAction\":[{\"@type\":\"ReadAction\",\"target\":[\"https:\/\/raftingvillegas.com\/producto\/pack-de-reserva-flexible-viaja-con-tranquilidad-y-sin-preocupaciones\/\"]}]},{\"@type\":\"ImageObject\",\"inLanguage\":\"pt-BR\",\"@id\":\"https:\/\/raftingvillegas.com\/producto\/pack-de-reserva-flexible-viaja-con-tranquilidad-y-sin-preocupaciones\/#primaryimage\",\"url\":\"https:\/\/raftingvillegas.com\/wp-content\/uploads\/sites\/11\/2025\/08\/13-A.jpg\",\"contentUrl\":\"https:\/\/raftingvillegas.com\/wp-content\/uploads\/sites\/11\/2025\/08\/13-A.jpg\",\"width\":850,\"height\":1133},{\"@type\":\"BreadcrumbList\",\"@id\":\"https:\/\/raftingvillegas.com\/producto\/pack-de-reserva-flexible-viaja-con-tranquilidad-y-sin-preocupaciones\/#breadcrumb\",\"itemListElement\":[{\"@type\":\"ListItem\",\"position\":1,\"name\":\"Portada\",\"item\":\"https:\/\/raftingvillegas.com\/\"},{\"@type\":\"ListItem\",\"position\":2,\"name\":\"Tienda\",\"item\":\"https:\/\/raftingvillegas.com\/tienda\/\"},{\"@type\":\"ListItem\",\"position\":3,\"name\":\"Pack de Reserva Flexible \u2013 Viaj\u00e1 con tranquilidad y sin preocupaciones\"}]},{\"@type\":\"WebSite\",\"@id\":\"https:\/\/raftingvillegas.com\/#website\",\"url\":\"https:\/\/raftingvillegas.com\/\",\"name\":\"Rafting Villegas\",\"description\":\"R\u00edndete al r\u00edo, conquista los r\u00e1pidos: rafting seguro y emocionante.\",\"potentialAction\":[{\"@type\":\"SearchAction\",\"target\":{\"@type\":\"EntryPoint\",\"urlTemplate\":\"https:\/\/raftingvillegas.com\/?s={search_term_string}\"},\"query-input\":{\"@type\":\"PropertyValueSpecification\",\"valueRequired\":true,\"valueName\":\"search_term_string\"}}],\"inLanguage\":\"pt-BR\"}]}<\/script>\n<meta property=\"product:price:amount\" content=\"25000.00\" \/>\n<meta property=\"product:price:currency\" content=\"ARS\" \/>\n<meta property=\"og:availability\" content=\"instock\" \/>\n<meta property=\"product:availability\" content=\"instock\" \/>\n<meta property=\"product:condition\" content=\"new\" \/>\n<!-- \/ Yoast SEO Premium plugin. -->","yoast_head_json":{"title":"Pacote de reservas flex\u00edveis - Viaje com tranquilidade - Rafting Villegas","robots":{"index":"index","follow":"follow","max-snippet":"max-snippet:-1","max-image-preview":"max-image-preview:large","max-video-preview":"max-video-preview:-1"},"canonical":"https:\/\/raftingvillegas.com\/pt\/produto\/pacote-de-reservas-flexivel-viaje-com-tranquilidade-e-sem-preocupacoes\/","og_locale":"pt_BR","og_type":"article","og_title":"Pack de Reserva Flexible \u2013 Viaj\u00e1 con tranquilidad y sin preocupaciones","og_description":"Reserva Flexible: ajust\u00e1 o anul\u00e1 tu paseo por individuo y por experiencia, con reintegro parcial hasta el d\u00eda previo. Viaj\u00e1 a Bariloche con mayor tranquilidad.","og_url":"https:\/\/raftingvillegas.com\/pt\/produto\/pacote-de-reservas-flexivel-viaje-com-tranquilidade-e-sem-preocupacoes\/","og_site_name":"Rafting Villegas","article_modified_time":"2025-08-26T15:24:04+00:00","og_image":[{"width":850,"height":1133,"url":"https:\/\/raftingvillegas.com\/wp-content\/uploads\/sites\/11\/2025\/08\/13-A.jpg","type":"image\/jpeg"}],"twitter_card":"summary_large_image","twitter_misc":{"Pre\u00e7o":"&#36;25,000.00","Disponibilidade":"Em Estoque"},"schema":{"@context":"https:\/\/schema.org","@graph":[{"@type":["WebPage","ItemPage"],"@id":"https:\/\/raftingvillegas.com\/producto\/pack-de-reserva-flexible-viaja-con-tranquilidad-y-sin-preocupaciones\/","url":"https:\/\/raftingvillegas.com\/producto\/pack-de-reserva-flexible-viaja-con-tranquilidad-y-sin-preocupaciones\/","name":"Pacote de reservas flex\u00edveis - Viaje com tranquilidade - Rafting Villegas","isPartOf":{"@id":"https:\/\/raftingvillegas.com\/#website"},"primaryImageOfPage":{"@id":"https:\/\/raftingvillegas.com\/producto\/pack-de-reserva-flexible-viaja-con-tranquilidad-y-sin-preocupaciones\/#primaryimage"},"image":{"@id":"https:\/\/raftingvillegas.com\/producto\/pack-de-reserva-flexible-viaja-con-tranquilidad-y-sin-preocupaciones\/#primaryimage"},"thumbnailUrl":"https:\/\/raftingvillegas.com\/wp-content\/uploads\/sites\/11\/2025\/08\/13-A.jpg","datePublished":"2025-08-18T17:22:57+00:00","dateModified":"2025-08-26T15:24:04+00:00","breadcrumb":{"@id":"https:\/\/raftingvillegas.com\/producto\/pack-de-reserva-flexible-viaja-con-tranquilidad-y-sin-preocupaciones\/#breadcrumb"},"inLanguage":"pt-BR","potentialAction":[{"@type":"ReadAction","target":["https:\/\/raftingvillegas.com\/producto\/pack-de-reserva-flexible-viaja-con-tranquilidad-y-sin-preocupaciones\/"]}]},{"@type":"ImageObject","inLanguage":"pt-BR","@id":"https:\/\/raftingvillegas.com\/producto\/pack-de-reserva-flexible-viaja-con-tranquilidad-y-sin-preocupaciones\/#primaryimage","url":"https:\/\/raftingvillegas.com\/wp-content\/uploads\/sites\/11\/2025\/08\/13-A.jpg","contentUrl":"https:\/\/raftingvillegas.com\/wp-content\/uploads\/sites\/11\/2025\/08\/13-A.jpg","width":850,"height":1133},{"@type":"BreadcrumbList","@id":"https:\/\/raftingvillegas.com\/producto\/pack-de-reserva-flexible-viaja-con-tranquilidad-y-sin-preocupaciones\/#breadcrumb","itemListElement":[{"@type":"ListItem","position":1,"name":"Portada","item":"https:\/\/raftingvillegas.com\/"},{"@type":"ListItem","position":2,"name":"Tienda","item":"https:\/\/raftingvillegas.com\/tienda\/"},{"@type":"ListItem","position":3,"name":"Pack de Reserva Flexible \u2013 Viaj\u00e1 con tranquilidad y sin preocupaciones"}]},{"@type":"WebSite","@id":"https:\/\/raftingvillegas.com\/#website","url":"https:\/\/raftingvillegas.com\/","name":"Rafting em Villegas","description":"Entregue-se ao rio, ven\u00e7a as corredeiras: rafting seguro e emocionante.","potentialAction":[{"@type":"SearchAction","target":{"@type":"EntryPoint","urlTemplate":"https:\/\/raftingvillegas.com\/?s={search_term_string}"},"query-input":{"@type":"PropertyValueSpecification","valueRequired":true,"valueName":"search_term_string"}}],"inLanguage":"pt-BR"}]},"product_price_amount":"25000.00","product_price_currency":"ARS","og_availability":"instock","product_availability":"instock","product_condition":"new"},"_links":{"self":[{"href":"https:\/\/raftingvillegas.com\/pt\/wp-json\/wp\/v2\/product\/15","targetHints":{"allow":["GET"]}}],"collection":[{"href":"https:\/\/raftingvillegas.com\/pt\/wp-json\/wp\/v2\/product"}],"about":[{"href":"https:\/\/raftingvillegas.com\/pt\/wp-json\/wp\/v2\/types\/product"}],"replies":[{"embeddable":true,"href":"https:\/\/raftingvillegas.com\/pt\/wp-json\/wp\/v2\/comments?post=15"}],"wp:featuredmedia":[{"embeddable":true,"href":"https:\/\/raftingvillegas.com\/pt\/wp-json\/wp\/v2\/media\/201"}],"wp:attachment":[{"href":"https:\/\/raftingvillegas.com\/pt\/wp-json\/wp\/v2\/media?parent=15"}],"wp:term":[{"taxonomy":"product_brand","embeddable":true,"href":"https:\/\/raftingvillegas.com\/pt\/wp-json\/wp\/v2\/product_brand?post=15"},{"taxonomy":"product_cat","embeddable":true,"href":"https:\/\/raftingvillegas.com\/pt\/wp-json\/wp\/v2\/product_cat?post=15"},{"taxonomy":"product_tag","embeddable":true,"href":"https:\/\/raftingvillegas.com\/pt\/wp-json\/wp\/v2\/product_tag?post=15"}],"curies":[{"name":"wp","href":"https:\/\/api.w.org\/{rel}","templated":true}]}}