{"id":43,"date":"2025-08-18T19:32:17","date_gmt":"2025-08-18T17:32:17","guid":{"rendered":"https:\/\/raftingvillegas.com\/producto\/puerto-blest-y-cascada-los-cantaros-lago-frias-sin-traslado\/"},"modified":"2026-04-04T15:37:36","modified_gmt":"2026-04-04T13:37:36","slug":"puerto-blest-cascada-cantaros-lago-frias-sin-traslado","status":"publish","type":"product","link":"https:\/\/raftingvillegas.com\/en\/product\/puerto-blest-waterfall-cantaros-lake-frias-without-transfer\/","title":{"rendered":"Puerto Blest and \u201cLos Cantaros\u201d Waterfall + Lake Frias without Transfer"},"content":{"rendered":"<h2 class=\"ai-optimize-24\">Let yourself be captivated by the calm of Puerto Blest and the Cascada de los C\u00e1ntaros.<\/h2>\n<p class=\"ai-optimize-25 ai-optimize-introduction\">I left from <strong>Puerto Pa\u00f1uelo<\/strong>, located just 25 km from <strong>San Carlos de Bariloche<\/strong>, and enjoy a unique experience traveling through the <strong>Nahuel Huapi Lake<\/strong>. Admire the <strong>Sentinel Islet<\/strong>, the resting place of the remains of the great <strong>Perito Moreno<\/strong>, and walk along incredible walkways that lead you directly to the imposing <strong>Los C\u00e1ntaros Waterfall<\/strong>, surrounded by huge walls of pure granite.<\/p>\n<h3 class=\"ai-optimize-26\">An experience that connects you with the purest<\/h3>\n<p class=\"ai-optimize-27\">During the trip, you will be treated to unforgettable postcards from the <strong>Andes mountain range<\/strong> and the islands that decorate this Patagonian dream landscape. At <strong>Puerto Blest<\/strong>, I felt the tranquility of his <strong>Bay<\/strong> and let yourself be dazzled by the green hues of the <strong>Lake Frias<\/strong>, tinged by the glaciers that descend from the <strong>Cerro Tronador<\/strong>.<\/p>\n<h3 class=\"ai-optimize-28\">Experiences for adventurers<\/h3>\n<ul>\n<li class=\"ai-optimize-29\"><strong>Guided tours<\/strong> through the Valdivian rainforest, a refuge for unique species and a natural environment that surprises at every step.<\/li>\n<li class=\"ai-optimize-30\"><strong>Trails<\/strong> for different ages and abilities, designed for everyone to enjoy the adventure in their own way.<\/li>\n<\/ul>\n<h2 class=\"ai-optimize-31\">Navigation and comfort options<\/h2>\n<p class=\"ai-optimize-32\">Your adventure ends by returning to <strong>Puerto Pa\u00f1uelo<\/strong> by the <strong>Blest Arm<\/strong>, while the <strong>Cerro Tronador<\/strong> give the gift of an unforgettable sunset postcard. If you choose the extension to the <strong>Lake Frias<\/strong>, add a short bus transfer of 3 km to <strong>Puerto Alegre<\/strong>, From there, you will set sail in a modern motorboat to contemplate the waters of another dreamed-of corner of the region.<\/p>\n<h3 class=\"ai-optimize-33\">Practical information<\/h3>\n<ul>\n<li class=\"ai-optimize-34\"><strong>Schedule:<\/strong> from 9:00 to 17:00 hs.<\/li>\n<li class=\"ai-optimize-35\"><strong>Includes:<\/strong> Guided boat ride, trekking through the forest and navigation on Lake Frias.<\/li>\n<li class=\"ai-optimize-36\"><strong>Does not include:<\/strong> Transfer to <strong>Puerto Pa\u00f1uelo<\/strong>, meals (there are lunch stops) and entrance fees to National Parks.<\/li>\n<\/ul>\n<h2 class=\"ai-optimize-37\">Frequently asked questions<\/h2>\n<ul>\n<li class=\"ai-optimize-38\"><strong>Where do I pay the park access and boarding fee?<\/strong><br \/>\nPaid upon arrival at <strong>Puerto Pa\u00f1uelo<\/strong>, The price is always in cash and in Argentine pesos, on the same day of the excursion. Residents of <strong>San Carlos de Bariloche<\/strong>, The disabled, people with disabilities, children under five years of age and retirees have a free pass.<\/li>\n<li class=\"ai-optimize-39\"><strong>Is the benefit for retirees only for those who have an Argentine ID card?<\/strong><br \/>\nExactly, the discount is exclusive for national retirees and the ID must be shown before boarding.<\/li>\n<li class=\"ai-optimize-40\"><strong>How long are the walks?<\/strong><br \/>\nAt <strong>Puerto Blest<\/strong> The hikes have different levels of difficulty. The ascent to the <strong>Los C\u00e1ntaros Waterfall<\/strong> It has about 700 steps, with viewpoints and unmissable areas to take a break.<\/li>\n<\/ul>","protected":false},"excerpt":{"rendered":"<p class=\"ai-optimize-6\">Adventure in Puerto Blest and \u00abLos C\u00e1ntaros\u00bb Waterfalls\u00bb<\/p>\n<p class=\"ai-optimize-7\">Shipment from <strong>Puerto Pa\u00f1uelo<\/strong> on an unforgettable journey towards the <strong>Los C\u00e1ntaros Waterfall<\/strong>, the calm waters of the <strong>Nahuel Huapi Lake<\/strong>. Long live the magic of the <strong>Lake Frias<\/strong> and travel the roads of the <strong>valdivian forest<\/strong>, framed by the breathtaking landscape of the <strong>Andes mountain range<\/strong>.<\/p>","protected":false},"featured_media":256,"comment_status":"open","ping_status":"closed","template":"","meta":[],"product_brand":[],"product_cat":[17,22,25,26,28,32,33,37],"product_tag":[],"class_list":{"0":"post-43","1":"product","2":"type-product","3":"status-publish","4":"has-post-thumbnail","6":"product_cat-adultos","7":"product_cat-familia","8":"product_cat-jubilados","9":"product_cat-lacustre","10":"product_cat-ninos","11":"product_cat-sin-comida","12":"product_cat-sin-traslado","13":"product_cat-todo-el-ano","15":"first","16":"instock","17":"virtual","18":"sold-individually","19":"purchasable","20":"product-type-booking"},"booking_location":"","booking_location_type":"","booking_duration":60,"booking_duration_unit":"minute","booking_buffer":0,"booking_cost":0,"booking_resources":[],"exclude_global_add_ons":false,"addons":[{"name":"ADU | Adult","type":"input_multiplier","position":0,"required":false,"title_format":"label","default":"","description_enable":false,"description":"","placeholder_enable":false,"placeholder":"","display":"select","restrictions_type":"any_text","adjust_price":true,"price":"190000","price_type":"quantity_based","restrictions":false,"min":"0","max":"0","options":[],"id":1773233364},{"name":"MEN512 | from 5 to 12","type":"input_multiplier","position":1,"required":false,"title_format":"label","default":"","description_enable":false,"description":"","placeholder_enable":false,"placeholder":"","display":"select","restrictions_type":"any_text","adjust_price":true,"price":"97000","price_type":"quantity_based","restrictions":false,"min":"0","max":"0","options":[],"id":1773233365},{"name":"ADUJ : Retired","type":"input_multiplier","position":2,"required":false,"title_format":"label","default":"","description_enable":false,"description":"","placeholder_enable":false,"placeholder":"","display":"select","restrictions_type":"any_text","adjust_price":true,"price":"97000","price_type":"quantity_based","restrictions":false,"min":"0","max":"0","options":[],"id":1773233366}],"yoast_head":"<!-- This site is optimized with the Yoast SEO Premium plugin v25.2 (Yoast SEO v25.2) - https:\/\/yoast.com\/wordpress\/plugins\/seo\/ -->\n<title>Puerto Blest y Cascada \u201cLos Cantaros\u201d + Lago Frias sin Traslado - Rafting Villegas<\/title>\n<meta name=\"description\" content=\"Excursi\u00f3n a Puerto Blest y Lago Fr\u00edas con visita a la Cascada Los C\u00e1ntaros. Naturaleza, bosques y paisajes \u00fanicos en Bariloche. \u00a1Reserv\u00e1 tu aventura ahora!\" \/>\n<meta name=\"robots\" content=\"index, follow, max-snippet:-1, max-image-preview:large, max-video-preview:-1\" \/>\n<link rel=\"canonical\" href=\"https:\/\/raftingvillegas.com\/en\/product\/puerto-blest-waterfall-cantaros-lake-frias-without-transfer\/\" \/>\n<meta property=\"og:locale\" content=\"en_US\" \/>\n<meta property=\"og:type\" content=\"article\" \/>\n<meta property=\"og:title\" content=\"Puerto Blest y Cascada \u201cLos Cantaros\u201d + Lago Frias sin Traslado\" \/>\n<meta property=\"og:description\" content=\"Excursi\u00f3n a Puerto Blest y Lago Fr\u00edas con visita a la Cascada Los C\u00e1ntaros. Naturaleza, bosques y paisajes \u00fanicos en Bariloche. \u00a1Reserv\u00e1 tu aventura ahora!\" \/>\n<meta property=\"og:url\" content=\"https:\/\/raftingvillegas.com\/en\/product\/puerto-blest-waterfall-cantaros-lake-frias-without-transfer\/\" \/>\n<meta property=\"og:site_name\" content=\"Rafting Villegas\" \/>\n<meta property=\"article:modified_time\" content=\"2026-04-04T13:37:36+00:00\" \/>\n<meta property=\"og:image\" content=\"https:\/\/raftingvillegas.com\/wp-content\/uploads\/sites\/11\/2025\/08\/13-B-492074012_1127476429410210_6517478401569008612_n.jpg\" \/>\n\t<meta property=\"og:image:width\" content=\"850\" \/>\n\t<meta property=\"og:image:height\" content=\"1133\" \/>\n\t<meta property=\"og:image:type\" content=\"image\/jpeg\" \/>\n<meta name=\"twitter:card\" content=\"summary_large_image\" \/>\n<meta name=\"twitter:label1\" content=\"Price\" \/>\n\t<meta name=\"twitter:data1\" content=\"&#036;190,000.00\" \/>\n\t<meta name=\"twitter:label2\" content=\"Availability\" \/>\n\t<meta name=\"twitter:data2\" content=\"In stock\" \/>\n<script type=\"application\/ld+json\" class=\"yoast-schema-graph\">{\"@context\":\"https:\/\/schema.org\",\"@graph\":[{\"@type\":[\"WebPage\",\"ItemPage\"],\"@id\":\"https:\/\/raftingvillegas.com\/producto\/puerto-blest-cascada-cantaros-lago-frias-sin-traslado\/\",\"url\":\"https:\/\/raftingvillegas.com\/producto\/puerto-blest-cascada-cantaros-lago-frias-sin-traslado\/\",\"name\":\"Puerto Blest y Cascada \u201cLos Cantaros\u201d + Lago Frias sin Traslado - Rafting Villegas\",\"isPartOf\":{\"@id\":\"https:\/\/raftingvillegas.com\/#website\"},\"primaryImageOfPage\":{\"@id\":\"https:\/\/raftingvillegas.com\/producto\/puerto-blest-cascada-cantaros-lago-frias-sin-traslado\/#primaryimage\"},\"image\":{\"@id\":\"https:\/\/raftingvillegas.com\/producto\/puerto-blest-cascada-cantaros-lago-frias-sin-traslado\/#primaryimage\"},\"thumbnailUrl\":\"https:\/\/raftingvillegas.com\/wp-content\/uploads\/sites\/11\/2025\/08\/13-B-492074012_1127476429410210_6517478401569008612_n.jpg\",\"datePublished\":\"2025-08-18T17:32:17+00:00\",\"dateModified\":\"2026-04-04T13:37:36+00:00\",\"description\":\"Excursi\u00f3n a Puerto Blest y Lago Fr\u00edas con visita a la Cascada Los C\u00e1ntaros. Naturaleza, bosques y paisajes \u00fanicos en Bariloche. \u00a1Reserv\u00e1 tu aventura ahora!\",\"breadcrumb\":{\"@id\":\"https:\/\/raftingvillegas.com\/producto\/puerto-blest-cascada-cantaros-lago-frias-sin-traslado\/#breadcrumb\"},\"inLanguage\":\"en-US\",\"potentialAction\":[{\"@type\":\"ReadAction\",\"target\":[\"https:\/\/raftingvillegas.com\/producto\/puerto-blest-cascada-cantaros-lago-frias-sin-traslado\/\"]}]},{\"@type\":\"ImageObject\",\"inLanguage\":\"en-US\",\"@id\":\"https:\/\/raftingvillegas.com\/producto\/puerto-blest-cascada-cantaros-lago-frias-sin-traslado\/#primaryimage\",\"url\":\"https:\/\/raftingvillegas.com\/wp-content\/uploads\/sites\/11\/2025\/08\/13-B-492074012_1127476429410210_6517478401569008612_n.jpg\",\"contentUrl\":\"https:\/\/raftingvillegas.com\/wp-content\/uploads\/sites\/11\/2025\/08\/13-B-492074012_1127476429410210_6517478401569008612_n.jpg\",\"width\":850,\"height\":1133},{\"@type\":\"BreadcrumbList\",\"@id\":\"https:\/\/raftingvillegas.com\/producto\/puerto-blest-cascada-cantaros-lago-frias-sin-traslado\/#breadcrumb\",\"itemListElement\":[{\"@type\":\"ListItem\",\"position\":1,\"name\":\"Portada\",\"item\":\"https:\/\/raftingvillegas.com\/\"},{\"@type\":\"ListItem\",\"position\":2,\"name\":\"Tienda\",\"item\":\"https:\/\/raftingvillegas.com\/tienda\/\"},{\"@type\":\"ListItem\",\"position\":3,\"name\":\"Puerto Blest y Cascada \u201cLos Cantaros\u201d + Lago Frias sin Traslado\"}]},{\"@type\":\"WebSite\",\"@id\":\"https:\/\/raftingvillegas.com\/#website\",\"url\":\"https:\/\/raftingvillegas.com\/\",\"name\":\"Rafting Villegas\",\"description\":\"R\u00edndete al r\u00edo, conquista los r\u00e1pidos: rafting seguro y emocionante.\",\"potentialAction\":[{\"@type\":\"SearchAction\",\"target\":{\"@type\":\"EntryPoint\",\"urlTemplate\":\"https:\/\/raftingvillegas.com\/?s={search_term_string}\"},\"query-input\":{\"@type\":\"PropertyValueSpecification\",\"valueRequired\":true,\"valueName\":\"search_term_string\"}}],\"inLanguage\":\"en-US\"}]}<\/script>\n<meta property=\"product:price:amount\" content=\"190000.00\" \/>\n<meta property=\"product:price:currency\" content=\"ARS\" \/>\n<meta property=\"og:availability\" content=\"instock\" \/>\n<meta property=\"product:availability\" content=\"instock\" \/>\n<meta property=\"product:retailer_item_id\" content=\"ADV2025PUBLYC33V7\" \/>\n<meta property=\"product:condition\" content=\"new\" \/>\n<!-- \/ Yoast SEO Premium plugin. -->","yoast_head_json":{"title":"Puerto Blest and \u201cLos Cantaros\u201d Waterfall + Frias Lake without Transfer - Rafting Villegas","description":"Excursion to Puerto Blest and Fr\u00edas Lake with a visit to Los C\u00e1ntaros Waterfall. Nature, forests and unique landscapes in Bariloche, book your adventure now!","robots":{"index":"index","follow":"follow","max-snippet":"max-snippet:-1","max-image-preview":"max-image-preview:large","max-video-preview":"max-video-preview:-1"},"canonical":"https:\/\/raftingvillegas.com\/en\/product\/puerto-blest-waterfall-cantaros-lake-frias-without-transfer\/","og_locale":"en_US","og_type":"article","og_title":"Puerto Blest y Cascada \u201cLos Cantaros\u201d + Lago Frias sin Traslado","og_description":"Excursi\u00f3n a Puerto Blest y Lago Fr\u00edas con visita a la Cascada Los C\u00e1ntaros. Naturaleza, bosques y paisajes \u00fanicos en Bariloche. \u00a1Reserv\u00e1 tu aventura ahora!","og_url":"https:\/\/raftingvillegas.com\/en\/product\/puerto-blest-waterfall-cantaros-lake-frias-without-transfer\/","og_site_name":"Rafting Villegas","article_modified_time":"2026-04-04T13:37:36+00:00","og_image":[{"width":850,"height":1133,"url":"https:\/\/raftingvillegas.com\/wp-content\/uploads\/sites\/11\/2025\/08\/13-B-492074012_1127476429410210_6517478401569008612_n.jpg","type":"image\/jpeg"}],"twitter_card":"summary_large_image","twitter_misc":{"Price":"&#36;190,000.00","Availability":"In stock"},"schema":{"@context":"https:\/\/schema.org","@graph":[{"@type":["WebPage","ItemPage"],"@id":"https:\/\/raftingvillegas.com\/producto\/puerto-blest-cascada-cantaros-lago-frias-sin-traslado\/","url":"https:\/\/raftingvillegas.com\/producto\/puerto-blest-cascada-cantaros-lago-frias-sin-traslado\/","name":"Puerto Blest and \u201cLos Cantaros\u201d Waterfall + Frias Lake without Transfer - Rafting Villegas","isPartOf":{"@id":"https:\/\/raftingvillegas.com\/#website"},"primaryImageOfPage":{"@id":"https:\/\/raftingvillegas.com\/producto\/puerto-blest-cascada-cantaros-lago-frias-sin-traslado\/#primaryimage"},"image":{"@id":"https:\/\/raftingvillegas.com\/producto\/puerto-blest-cascada-cantaros-lago-frias-sin-traslado\/#primaryimage"},"thumbnailUrl":"https:\/\/raftingvillegas.com\/wp-content\/uploads\/sites\/11\/2025\/08\/13-B-492074012_1127476429410210_6517478401569008612_n.jpg","datePublished":"2025-08-18T17:32:17+00:00","dateModified":"2026-04-04T13:37:36+00:00","description":"Excursion to Puerto Blest and Fr\u00edas Lake with a visit to Los C\u00e1ntaros Waterfall. Nature, forests and unique landscapes in Bariloche, book your adventure now!","breadcrumb":{"@id":"https:\/\/raftingvillegas.com\/producto\/puerto-blest-cascada-cantaros-lago-frias-sin-traslado\/#breadcrumb"},"inLanguage":"en-US","potentialAction":[{"@type":"ReadAction","target":["https:\/\/raftingvillegas.com\/producto\/puerto-blest-cascada-cantaros-lago-frias-sin-traslado\/"]}]},{"@type":"ImageObject","inLanguage":"en-US","@id":"https:\/\/raftingvillegas.com\/producto\/puerto-blest-cascada-cantaros-lago-frias-sin-traslado\/#primaryimage","url":"https:\/\/raftingvillegas.com\/wp-content\/uploads\/sites\/11\/2025\/08\/13-B-492074012_1127476429410210_6517478401569008612_n.jpg","contentUrl":"https:\/\/raftingvillegas.com\/wp-content\/uploads\/sites\/11\/2025\/08\/13-B-492074012_1127476429410210_6517478401569008612_n.jpg","width":850,"height":1133},{"@type":"BreadcrumbList","@id":"https:\/\/raftingvillegas.com\/producto\/puerto-blest-cascada-cantaros-lago-frias-sin-traslado\/#breadcrumb","itemListElement":[{"@type":"ListItem","position":1,"name":"Portada","item":"https:\/\/raftingvillegas.com\/"},{"@type":"ListItem","position":2,"name":"Tienda","item":"https:\/\/raftingvillegas.com\/tienda\/"},{"@type":"ListItem","position":3,"name":"Puerto Blest y Cascada \u201cLos Cantaros\u201d + Lago Frias sin Traslado"}]},{"@type":"WebSite","@id":"https:\/\/raftingvillegas.com\/#website","url":"https:\/\/raftingvillegas.com\/","name":"Rafting Villegas","description":"Surrender to the river, conquer the rapids: safe and exciting rafting.","potentialAction":[{"@type":"SearchAction","target":{"@type":"EntryPoint","urlTemplate":"https:\/\/raftingvillegas.com\/?s={search_term_string}"},"query-input":{"@type":"PropertyValueSpecification","valueRequired":true,"valueName":"search_term_string"}}],"inLanguage":"en-US"}]},"product_price_amount":"190000.00","product_price_currency":"ARS","og_availability":"instock","product_availability":"instock","product_retailer_item_id":"ADV2025PUBLYC33V7","product_condition":"new"},"_links":{"self":[{"href":"https:\/\/raftingvillegas.com\/en\/wp-json\/wp\/v2\/product\/43","targetHints":{"allow":["GET"]}}],"collection":[{"href":"https:\/\/raftingvillegas.com\/en\/wp-json\/wp\/v2\/product"}],"about":[{"href":"https:\/\/raftingvillegas.com\/en\/wp-json\/wp\/v2\/types\/product"}],"replies":[{"embeddable":true,"href":"https:\/\/raftingvillegas.com\/en\/wp-json\/wp\/v2\/comments?post=43"}],"wp:featuredmedia":[{"embeddable":true,"href":"https:\/\/raftingvillegas.com\/en\/wp-json\/wp\/v2\/media\/256"}],"wp:attachment":[{"href":"https:\/\/raftingvillegas.com\/en\/wp-json\/wp\/v2\/media?parent=43"}],"wp:term":[{"taxonomy":"product_brand","embeddable":true,"href":"https:\/\/raftingvillegas.com\/en\/wp-json\/wp\/v2\/product_brand?post=43"},{"taxonomy":"product_cat","embeddable":true,"href":"https:\/\/raftingvillegas.com\/en\/wp-json\/wp\/v2\/product_cat?post=43"},{"taxonomy":"product_tag","embeddable":true,"href":"https:\/\/raftingvillegas.com\/en\/wp-json\/wp\/v2\/product_tag?post=43"}],"curies":[{"name":"wp","href":"https:\/\/api.w.org\/{rel}","templated":true}]}}