{"id":42,"date":"2025-08-18T19:31:54","date_gmt":"2025-08-18T17:31:54","guid":{"rendered":"https:\/\/raftingvillegas.com\/producto\/puerto-blest-y-cascada-los-cantaros-sin-traslado\/"},"modified":"2026-04-04T15:37:55","modified_gmt":"2026-04-04T13:37:55","slug":"puerto-blest-cantaros-sin-traslado","status":"publish","type":"product","link":"https:\/\/raftingvillegas.com\/en\/product\/puerto-blest-cantaros-without-relocation\/","title":{"rendered":"Puerto Blest and \u201cLos Cantaros\u201d Waterfall No Transfer"},"content":{"rendered":"<h2 class=\"ai-optimize-22\">Experience Intact Nature in Puerto Blest<\/h2>\n<p class=\"ai-optimize-23 ai-optimize-introduction\">Immerse yourself in a memorable journey discovering <strong>Puerto Blest<\/strong> and the impressive <strong>Los C\u00e1ntaros Waterfall<\/strong>, a refuge where nature pulsates with genuine strength. This outing, without transfer included, is designed for those who enjoy organizing their arrival to <strong>Puerto Pa\u00f1uelo<\/strong>, located at <strong>Bustillo Avenue, Kilometer 25, San Carlos de Bariloche<\/strong>.<\/p>\n<h3 class=\"ai-optimize-24\">The Tour<\/h3>\n<ul>\n<li class=\"ai-optimize-25\"><strong>Catamaran ride:<\/strong> Navigate the calm waters of the <strong>Nahuel Huapi Lake<\/strong> surrounded by unique islands and breathtaking views, always escorted by the majestic <strong>Andes Mountains<\/strong>.<\/li>\n<li class=\"ai-optimize-26\"><strong>Exploration to Los C\u00e1ntaros Waterfall:<\/strong> I had close access to this incredible waterfall and felt the force of its fall, framed by granite walls shaped by millenary ice.<\/li>\n<li class=\"ai-optimize-27\"><strong>Accompanied walks:<\/strong> Walk along the trails that showcase the amazing biodiversity of the <strong>valdivian forest<\/strong> around <strong>Puerto Blest<\/strong>.<\/li>\n<\/ul>\n<h3 class=\"ai-optimize-28\">Information and Schedules<\/h3>\n<p class=\"ai-optimize-29\">The excursion takes place between <strong>9:00 a.m. and 5:30 p.m.<\/strong>, allowing you to take advantage of a whole day surrounded by living nature.<\/p>\n<ul>\n<li class=\"ai-optimize-30\"><strong>Included:<\/strong> Guided catamaran ride and educational walks through the forest.<\/li>\n<li class=\"ai-optimize-31\"><strong>Not included:<\/strong> Transfer to Puerto Pa\u00f1uelo, food and access to national parks.<\/li>\n<\/ul>\n<h3 class=\"ai-optimize-32\">Unforgettable Finale<\/h3>\n<p class=\"ai-optimize-33\">The experience closes with a majestic navigation through the <strong>Blest Arm<\/strong>, with the <strong>Cerro Tronador<\/strong> and a sunset that leaves you speechless, ideal for those looking for unique and unrepeatable moments.<\/p>\n<h3 class=\"ai-optimize-34\">Common Inquiries<\/h3>\n<ul>\n<li class=\"ai-optimize-35\"><strong>How do I get to Puerto Pa\u00f1uelo?<\/strong><br \/>\nYou have to go directly to Bustillo Avenue, Kilometer 25. It is best to move around in your own car or ask for a cab.<\/li>\n<li class=\"ai-optimize-36\"><strong>What clothing is recommended?<\/strong><br \/>\nThe ideal is to dress in layers, wear comfortable shoes and take warm clothes, as the Patagonian weather can change quickly.<\/li>\n<li class=\"ai-optimize-37\"><strong>Can I bring food?<\/strong><br \/>\nYes, you are allowed to bring a snack, but if you prefer, you can buy something tasty right there.<\/li>\n<\/ul>","protected":false},"excerpt":{"rendered":"<p class=\"ai-optimize-6\">Live a different journey exploring Puerto Blest and the imposing Cascada de Los C\u00e1ntaros. Relax during a pleasant catamaran trip and discover trails surrounded by Valdivian rainforest, taking advantage of every moment in the magical environment of the Argentine Patagonia.<\/p>","protected":false},"featured_media":254,"comment_status":"open","ping_status":"closed","template":"","meta":[],"product_brand":[],"product_cat":[17,22,25,26,28,32,33,37],"product_tag":[],"class_list":{"0":"post-42","1":"product","2":"type-product","3":"status-publish","4":"has-post-thumbnail","6":"product_cat-adultos","7":"product_cat-familia","8":"product_cat-jubilados","9":"product_cat-lacustre","10":"product_cat-ninos","11":"product_cat-sin-comida","12":"product_cat-sin-traslado","13":"product_cat-todo-el-ano","15":"first","16":"instock","17":"virtual","18":"sold-individually","19":"purchasable","20":"product-type-booking"},"booking_location":"","booking_location_type":"","booking_duration":60,"booking_duration_unit":"minute","booking_buffer":0,"booking_cost":0,"booking_resources":[],"exclude_global_add_ons":false,"addons":[{"name":"ADU | Adult","type":"input_multiplier","position":0,"required":false,"title_format":"label","default":"","description_enable":false,"description":"","placeholder_enable":false,"placeholder":"","display":"select","restrictions_type":"any_text","adjust_price":true,"price":"136000","price_type":"quantity_based","restrictions":false,"min":"0","max":"0","options":[],"id":1773233626},{"name":"MEN512 | from 5 to 12","type":"input_multiplier","position":1,"required":false,"title_format":"label","default":"","description_enable":false,"description":"","placeholder_enable":false,"placeholder":"","display":"select","restrictions_type":"any_text","adjust_price":true,"price":"70000","price_type":"quantity_based","restrictions":false,"min":"0","max":"0","options":[],"id":1773233627},{"name":"ADUJ : Retired","type":"input_multiplier","position":2,"required":false,"title_format":"label","default":"","description_enable":false,"description":"","placeholder_enable":false,"placeholder":"","display":"select","restrictions_type":"any_text","adjust_price":true,"price":"70000","price_type":"quantity_based","restrictions":false,"min":"0","max":"0","options":[],"id":1773233628}],"yoast_head":"<!-- This site is optimized with the Yoast SEO Premium plugin v25.2 (Yoast SEO v25.2) - https:\/\/yoast.com\/wordpress\/plugins\/seo\/ -->\n<title>uerto Blest y Los C\u00e1ntaros sin traslado | Rafting Villegas<\/title>\n<meta name=\"description\" content=\"Descubr\u00ed Puerto Blest y la Cascada Los C\u00e1ntaros. Versi\u00f3n sin traslado ideal para quienes llegan directo al Puerto Pa\u00f1uelo.\" \/>\n<meta name=\"robots\" content=\"index, follow, max-snippet:-1, max-image-preview:large, max-video-preview:-1\" \/>\n<link rel=\"canonical\" href=\"https:\/\/raftingvillegas.com\/en\/product\/puerto-blest-cantaros-without-relocation\/\" \/>\n<meta property=\"og:locale\" content=\"en_US\" \/>\n<meta property=\"og:type\" content=\"article\" \/>\n<meta property=\"og:title\" content=\"Puerto Blest y Cascada \u201cLos Cantaros\u201d Sin Traslado\" \/>\n<meta property=\"og:description\" content=\"Descubr\u00ed Puerto Blest y la Cascada Los C\u00e1ntaros. Versi\u00f3n sin traslado ideal para quienes llegan directo al Puerto Pa\u00f1uelo.\" \/>\n<meta property=\"og:url\" content=\"https:\/\/raftingvillegas.com\/en\/product\/puerto-blest-cantaros-without-relocation\/\" \/>\n<meta property=\"og:site_name\" content=\"Rafting Villegas\" \/>\n<meta property=\"article:modified_time\" content=\"2026-04-04T13:37:55+00:00\" \/>\n<meta property=\"og:image\" content=\"https:\/\/raftingvillegas.com\/wp-content\/uploads\/sites\/11\/2025\/08\/13-A-4.jpg\" \/>\n\t<meta property=\"og:image:width\" content=\"850\" \/>\n\t<meta property=\"og:image:height\" content=\"1133\" \/>\n\t<meta property=\"og:image:type\" content=\"image\/jpeg\" \/>\n<meta name=\"twitter:card\" content=\"summary_large_image\" \/>\n<meta name=\"twitter:label1\" content=\"Price\" \/>\n\t<meta name=\"twitter:data1\" content=\"&#036;136,000.00\" \/>\n\t<meta name=\"twitter:label2\" content=\"Availability\" \/>\n\t<meta name=\"twitter:data2\" content=\"In stock\" \/>\n<script type=\"application\/ld+json\" class=\"yoast-schema-graph\">{\"@context\":\"https:\/\/schema.org\",\"@graph\":[{\"@type\":[\"WebPage\",\"ItemPage\"],\"@id\":\"https:\/\/raftingvillegas.com\/producto\/puerto-blest-cantaros-sin-traslado\/\",\"url\":\"https:\/\/raftingvillegas.com\/producto\/puerto-blest-cantaros-sin-traslado\/\",\"name\":\"uerto Blest y Los C\u00e1ntaros sin traslado | Rafting Villegas\",\"isPartOf\":{\"@id\":\"https:\/\/raftingvillegas.com\/#website\"},\"primaryImageOfPage\":{\"@id\":\"https:\/\/raftingvillegas.com\/producto\/puerto-blest-cantaros-sin-traslado\/#primaryimage\"},\"image\":{\"@id\":\"https:\/\/raftingvillegas.com\/producto\/puerto-blest-cantaros-sin-traslado\/#primaryimage\"},\"thumbnailUrl\":\"https:\/\/raftingvillegas.com\/wp-content\/uploads\/sites\/11\/2025\/08\/13-A-4.jpg\",\"datePublished\":\"2025-08-18T17:31:54+00:00\",\"dateModified\":\"2026-04-04T13:37:55+00:00\",\"description\":\"Descubr\u00ed Puerto Blest y la Cascada Los C\u00e1ntaros. Versi\u00f3n sin traslado ideal para quienes llegan directo al Puerto Pa\u00f1uelo.\",\"breadcrumb\":{\"@id\":\"https:\/\/raftingvillegas.com\/producto\/puerto-blest-cantaros-sin-traslado\/#breadcrumb\"},\"inLanguage\":\"en-US\",\"potentialAction\":[{\"@type\":\"ReadAction\",\"target\":[\"https:\/\/raftingvillegas.com\/producto\/puerto-blest-cantaros-sin-traslado\/\"]}]},{\"@type\":\"ImageObject\",\"inLanguage\":\"en-US\",\"@id\":\"https:\/\/raftingvillegas.com\/producto\/puerto-blest-cantaros-sin-traslado\/#primaryimage\",\"url\":\"https:\/\/raftingvillegas.com\/wp-content\/uploads\/sites\/11\/2025\/08\/13-A-4.jpg\",\"contentUrl\":\"https:\/\/raftingvillegas.com\/wp-content\/uploads\/sites\/11\/2025\/08\/13-A-4.jpg\",\"width\":850,\"height\":1133},{\"@type\":\"BreadcrumbList\",\"@id\":\"https:\/\/raftingvillegas.com\/producto\/puerto-blest-cantaros-sin-traslado\/#breadcrumb\",\"itemListElement\":[{\"@type\":\"ListItem\",\"position\":1,\"name\":\"Portada\",\"item\":\"https:\/\/raftingvillegas.com\/\"},{\"@type\":\"ListItem\",\"position\":2,\"name\":\"Tienda\",\"item\":\"https:\/\/raftingvillegas.com\/tienda\/\"},{\"@type\":\"ListItem\",\"position\":3,\"name\":\"Puerto Blest y Cascada \u201cLos Cantaros\u201d Sin Traslado\"}]},{\"@type\":\"WebSite\",\"@id\":\"https:\/\/raftingvillegas.com\/#website\",\"url\":\"https:\/\/raftingvillegas.com\/\",\"name\":\"Rafting Villegas\",\"description\":\"R\u00edndete al r\u00edo, conquista los r\u00e1pidos: rafting seguro y emocionante.\",\"potentialAction\":[{\"@type\":\"SearchAction\",\"target\":{\"@type\":\"EntryPoint\",\"urlTemplate\":\"https:\/\/raftingvillegas.com\/?s={search_term_string}\"},\"query-input\":{\"@type\":\"PropertyValueSpecification\",\"valueRequired\":true,\"valueName\":\"search_term_string\"}}],\"inLanguage\":\"en-US\"}]}<\/script>\n<meta property=\"product:price:amount\" content=\"136000.00\" \/>\n<meta property=\"product:price:currency\" content=\"ARS\" \/>\n<meta property=\"og:availability\" content=\"instock\" \/>\n<meta property=\"product:availability\" content=\"instock\" \/>\n<meta property=\"product:retailer_item_id\" content=\"ADV2025PUBLYC297O\" \/>\n<meta property=\"product:condition\" content=\"new\" \/>\n<!-- \/ Yoast SEO Premium plugin. -->","yoast_head_json":{"title":"uerto Blest and Los C\u00e1ntaros without transfer : Rafting Villegas","description":"Discover Puerto Blest and Los C\u00e1ntaros Waterfall. Version without transfer ideal for those who arrive directly to Puerto Pa\u00f1uelo.","robots":{"index":"index","follow":"follow","max-snippet":"max-snippet:-1","max-image-preview":"max-image-preview:large","max-video-preview":"max-video-preview:-1"},"canonical":"https:\/\/raftingvillegas.com\/en\/product\/puerto-blest-cantaros-without-relocation\/","og_locale":"en_US","og_type":"article","og_title":"Puerto Blest y Cascada \u201cLos Cantaros\u201d Sin Traslado","og_description":"Descubr\u00ed Puerto Blest y la Cascada Los C\u00e1ntaros. Versi\u00f3n sin traslado ideal para quienes llegan directo al Puerto Pa\u00f1uelo.","og_url":"https:\/\/raftingvillegas.com\/en\/product\/puerto-blest-cantaros-without-relocation\/","og_site_name":"Rafting Villegas","article_modified_time":"2026-04-04T13:37:55+00:00","og_image":[{"width":850,"height":1133,"url":"https:\/\/raftingvillegas.com\/wp-content\/uploads\/sites\/11\/2025\/08\/13-A-4.jpg","type":"image\/jpeg"}],"twitter_card":"summary_large_image","twitter_misc":{"Price":"&#36;136,000.00","Availability":"In stock"},"schema":{"@context":"https:\/\/schema.org","@graph":[{"@type":["WebPage","ItemPage"],"@id":"https:\/\/raftingvillegas.com\/producto\/puerto-blest-cantaros-sin-traslado\/","url":"https:\/\/raftingvillegas.com\/producto\/puerto-blest-cantaros-sin-traslado\/","name":"uerto Blest and Los C\u00e1ntaros without transfer : Rafting Villegas","isPartOf":{"@id":"https:\/\/raftingvillegas.com\/#website"},"primaryImageOfPage":{"@id":"https:\/\/raftingvillegas.com\/producto\/puerto-blest-cantaros-sin-traslado\/#primaryimage"},"image":{"@id":"https:\/\/raftingvillegas.com\/producto\/puerto-blest-cantaros-sin-traslado\/#primaryimage"},"thumbnailUrl":"https:\/\/raftingvillegas.com\/wp-content\/uploads\/sites\/11\/2025\/08\/13-A-4.jpg","datePublished":"2025-08-18T17:31:54+00:00","dateModified":"2026-04-04T13:37:55+00:00","description":"Discover Puerto Blest and Los C\u00e1ntaros Waterfall. Version without transfer ideal for those who arrive directly to Puerto Pa\u00f1uelo.","breadcrumb":{"@id":"https:\/\/raftingvillegas.com\/producto\/puerto-blest-cantaros-sin-traslado\/#breadcrumb"},"inLanguage":"en-US","potentialAction":[{"@type":"ReadAction","target":["https:\/\/raftingvillegas.com\/producto\/puerto-blest-cantaros-sin-traslado\/"]}]},{"@type":"ImageObject","inLanguage":"en-US","@id":"https:\/\/raftingvillegas.com\/producto\/puerto-blest-cantaros-sin-traslado\/#primaryimage","url":"https:\/\/raftingvillegas.com\/wp-content\/uploads\/sites\/11\/2025\/08\/13-A-4.jpg","contentUrl":"https:\/\/raftingvillegas.com\/wp-content\/uploads\/sites\/11\/2025\/08\/13-A-4.jpg","width":850,"height":1133},{"@type":"BreadcrumbList","@id":"https:\/\/raftingvillegas.com\/producto\/puerto-blest-cantaros-sin-traslado\/#breadcrumb","itemListElement":[{"@type":"ListItem","position":1,"name":"Portada","item":"https:\/\/raftingvillegas.com\/"},{"@type":"ListItem","position":2,"name":"Tienda","item":"https:\/\/raftingvillegas.com\/tienda\/"},{"@type":"ListItem","position":3,"name":"Puerto Blest y Cascada \u201cLos Cantaros\u201d Sin Traslado"}]},{"@type":"WebSite","@id":"https:\/\/raftingvillegas.com\/#website","url":"https:\/\/raftingvillegas.com\/","name":"Rafting Villegas","description":"Surrender to the river, conquer the rapids: safe and exciting rafting.","potentialAction":[{"@type":"SearchAction","target":{"@type":"EntryPoint","urlTemplate":"https:\/\/raftingvillegas.com\/?s={search_term_string}"},"query-input":{"@type":"PropertyValueSpecification","valueRequired":true,"valueName":"search_term_string"}}],"inLanguage":"en-US"}]},"product_price_amount":"136000.00","product_price_currency":"ARS","og_availability":"instock","product_availability":"instock","product_retailer_item_id":"ADV2025PUBLYC297O","product_condition":"new"},"_links":{"self":[{"href":"https:\/\/raftingvillegas.com\/en\/wp-json\/wp\/v2\/product\/42","targetHints":{"allow":["GET"]}}],"collection":[{"href":"https:\/\/raftingvillegas.com\/en\/wp-json\/wp\/v2\/product"}],"about":[{"href":"https:\/\/raftingvillegas.com\/en\/wp-json\/wp\/v2\/types\/product"}],"replies":[{"embeddable":true,"href":"https:\/\/raftingvillegas.com\/en\/wp-json\/wp\/v2\/comments?post=42"}],"wp:featuredmedia":[{"embeddable":true,"href":"https:\/\/raftingvillegas.com\/en\/wp-json\/wp\/v2\/media\/254"}],"wp:attachment":[{"href":"https:\/\/raftingvillegas.com\/en\/wp-json\/wp\/v2\/media?parent=42"}],"wp:term":[{"taxonomy":"product_brand","embeddable":true,"href":"https:\/\/raftingvillegas.com\/en\/wp-json\/wp\/v2\/product_brand?post=42"},{"taxonomy":"product_cat","embeddable":true,"href":"https:\/\/raftingvillegas.com\/en\/wp-json\/wp\/v2\/product_cat?post=42"},{"taxonomy":"product_tag","embeddable":true,"href":"https:\/\/raftingvillegas.com\/en\/wp-json\/wp\/v2\/product_tag?post=42"}],"curies":[{"name":"wp","href":"https:\/\/api.w.org\/{rel}","templated":true}]}}