{"id":41,"date":"2025-08-18T19:31:34","date_gmt":"2025-08-18T17:31:34","guid":{"rendered":"https:\/\/raftingvillegas.com\/producto\/navegacion-por-nahuel-huapi-isla-victoria-y-bosque-de-arrayanes-sin-traslado\/"},"modified":"2026-04-04T15:38:02","modified_gmt":"2026-04-04T13:38:02","slug":"isla-victoria-arrayanes-sin-traslado","status":"publish","type":"product","link":"https:\/\/raftingvillegas.com\/en\/product\/victoria-arrayanes-island-without-relocation\/","title":{"rendered":"Nahuel Huapi Navigation: Victoria Island and Arrayanes Forest without transfer"},"content":{"rendered":"<h3 class=\"ai-optimize-21\" data-start=\"304\" data-end=\"381\">Experience the essence of Patagonia, with the support of Bariloche Excursiones.<\/h3>\n<p class=\"ai-optimize-22 ai-optimize-introduction\" data-start=\"383\" data-end=\"761\">Set sail on the Nahuel Huapi and get to know two unforgettable corners: the splendid Victoria Island and the enchanting Arrayanes Forest. It is the perfect alternative if you are already in Bariloche and you want to go directly to Puerto Pa\u00f1uelo, to travel at your own pace, but with our expert accompaniment that assures you a memorable experience.<\/p>\n<h3 class=\"ai-optimize-23\" data-start=\"763\" data-end=\"808\">Circuit and highlights<\/h3>\n<p class=\"ai-optimize-24\" data-start=\"810\" data-end=\"1136\">The journey begins at the <strong data-start=\"832\" data-end=\"850\">Puerto Pa\u00f1uelo<\/strong>, at km 25 of Bustillo Avenue. From there you board a glassy catamaran and sail surrounded by unique landscapes of the Nahuel Huapi. The first stop: <strong data-start=\"1006\" data-end=\"1032\">Quetrihu\u00e9 Peninsula<\/strong>, where you will walk among neat trails in the only myrtle forest on the planet.<\/p>\n<p class=\"ai-optimize-25\" data-start=\"1138\" data-end=\"1365\">Afterwards, the itinerary continues to <strong data-start=\"1166\" data-end=\"1183\">Victoria Island<\/strong>, a Patagonian paradise crossed by trails that lead you to the <strong data-start=\"1246\" data-end=\"1264\">El Toro Beach<\/strong>, The site is a striking site of volcanic sand and ancient cultural traces, such as cave paintings.<\/p>\n<h3 class=\"ai-optimize-26\" data-start=\"1367\" data-end=\"1387\">Practical information<\/h3>\n<ul data-start=\"1389\" data-end=\"1663\">\n<li class=\"ai-optimize-27\" data-start=\"1389\" data-end=\"1435\">\n<p class=\"ai-optimize-28\" data-start=\"1391\" data-end=\"1435\"><strong data-start=\"1391\" data-end=\"1412\">Approximate duration<\/strong>: from 13:00 to 18:30 hs.<\/p>\n<\/li>\n<li class=\"ai-optimize-29\" data-start=\"1436\" data-end=\"1521\">\n<p class=\"ai-optimize-30\" data-start=\"1438\" data-end=\"1521\"><strong data-start=\"1438\" data-end=\"1449\">Includes<\/strong>Catamaran ride and guide all the way.<\/p>\n<\/li>\n<li class=\"ai-optimize-31\" data-start=\"1522\" data-end=\"1663\">\n<p class=\"ai-optimize-32\" data-start=\"1524\" data-end=\"1663\"><strong data-start=\"1524\" data-end=\"1538\">Does not include<\/strong>Transfer to Puerto Pa\u00f1uelo, port taxes and tickets to the National Park, no meals (there are alternatives on board and on the island).<\/p>\n<\/li>\n<\/ul>\n<h3 class=\"ai-optimize-33\" data-start=\"1665\" data-end=\"1694\">How to go on your own<\/h3>\n<p class=\"ai-optimize-34\" data-start=\"1696\" data-end=\"1943\">Puerto Pa\u00f1uelo is only half an hour from downtown Bariloche, at km 25 of Bustillo Avenue. You can get there easily by car, remis or bus. When you confirm your reservation, we will give you all the information you need to get there without complications.<\/p>\n<h3 class=\"ai-optimize-35\" data-start=\"1950\" data-end=\"1974\">Frequently Asked Questions<\/h3>\n<p class=\"ai-optimize-36\" data-start=\"1976\" data-end=\"2212\"><strong data-start=\"1976\" data-end=\"2028\">How are the park and boarding fees paid?<\/strong><br data-start=\"2028\" data-end=\"2031\" \/>They are paid in cash on the same day, as soon as you arrive at Puerto Pa\u00f1uelo. Residents of Bariloche, people with disabilities, children under 6 years old and national retirees do not pay.<\/p>\n<p class=\"ai-optimize-37\" data-start=\"2214\" data-end=\"2368\"><strong data-start=\"2214\" data-end=\"2260\">Do foreign tourists have discounts?<\/strong><br data-start=\"2260\" data-end=\"2263\" \/>No, rate benefits are reserved for Argentine residents with valid supporting documentation.<\/p>\n<p class=\"ai-optimize-38\" data-start=\"2370\" data-end=\"2524\"><strong data-start=\"2370\" data-end=\"2402\">Which ship is conducting the excursion?<\/strong><br data-start=\"2402\" data-end=\"2405\" \/>Generally, the exit is made in the traditional <strong data-start=\"2457\" data-end=\"2477\">Modesta Victoria<\/strong>, The price may vary depending on availability.<\/p>\n<p class=\"ai-optimize-39\" data-start=\"2526\" data-end=\"2689\"><strong data-start=\"2526\" data-end=\"2587\">Can I bring my lunch or are there gastronomic proposals?<\/strong><br data-start=\"2587\" data-end=\"2590\" \/>If you wish, you can bring your own food or choose from the snacks and beverages available on the catamaran or on the island.<\/p>","protected":false},"excerpt":{"rendered":"<p class=\"ai-optimize-6\">I lived an unforgettable experience in the <strong>Victoria Island<\/strong> and the <strong>Arrayanes Forest<\/strong>, located in the heart of Patagonia. Discover the breathtaking beauty of the <strong>Nahuel Huapi Lake<\/strong> while you walk along trails surrounded by abundant flora and find traces of ancient cultures. Take advantage of this unique opportunity in a unique natural environment.<\/p>","protected":false},"featured_media":250,"comment_status":"open","ping_status":"closed","template":"","meta":[],"product_brand":[],"product_cat":[17,22,25,26,28,32,33,37],"product_tag":[],"class_list":{"0":"post-41","1":"product","2":"type-product","3":"status-publish","4":"has-post-thumbnail","6":"product_cat-adultos","7":"product_cat-familia","8":"product_cat-jubilados","9":"product_cat-lacustre","10":"product_cat-ninos","11":"product_cat-sin-comida","12":"product_cat-sin-traslado","13":"product_cat-todo-el-ano","15":"first","16":"instock","17":"virtual","18":"sold-individually","19":"purchasable","20":"product-type-booking"},"booking_location":"","booking_location_type":"","booking_duration":60,"booking_duration_unit":"minute","booking_buffer":0,"booking_cost":0,"booking_resources":[],"exclude_global_add_ons":false,"addons":[{"name":"ADU | Adult","type":"input_multiplier","position":0,"required":false,"title_format":"label","default":"","description_enable":false,"description":"","placeholder_enable":false,"placeholder":"","display":"select","restrictions_type":"any_text","adjust_price":true,"price":"136000","price_type":"quantity_based","restrictions":false,"min":"0","max":"0","options":[],"id":1773233738},{"name":"MEN512 | from 5 to 12","type":"input_multiplier","position":1,"required":false,"title_format":"label","default":"","description_enable":false,"description":"","placeholder_enable":false,"placeholder":"","display":"select","restrictions_type":"any_text","adjust_price":true,"price":"70000","price_type":"quantity_based","restrictions":false,"min":"0","max":"0","options":[],"id":1773233739},{"name":"ADUJ : Retired","type":"input_multiplier","position":2,"required":false,"title_format":"label","default":"","description_enable":false,"description":"","placeholder_enable":false,"placeholder":"","display":"select","restrictions_type":"any_text","adjust_price":true,"price":"70000","price_type":"quantity_based","restrictions":false,"min":"0","max":"0","options":[],"id":1773233740}],"yoast_head":"<!-- This site is optimized with the Yoast SEO Premium plugin v25.2 (Yoast SEO v25.2) - https:\/\/yoast.com\/wordpress\/plugins\/seo\/ -->\n<title>Isla Victoria y Arrayanes sin traslado | Rafting Villegas<\/title>\n<meta name=\"description\" content=\"Naveg\u00e1 por tu cuenta hasta Isla Victoria y el Bosque de Arrayanes. Una experiencia natural entre aguas cristalinas y senderos.\" \/>\n<meta name=\"robots\" content=\"index, follow, max-snippet:-1, max-image-preview:large, max-video-preview:-1\" \/>\n<link rel=\"canonical\" href=\"https:\/\/raftingvillegas.com\/en\/product\/victoria-arrayanes-island-without-relocation\/\" \/>\n<meta property=\"og:locale\" content=\"en_US\" \/>\n<meta property=\"og:type\" content=\"article\" \/>\n<meta property=\"og:title\" content=\"Navegaci\u00f3n por Nahuel Huapi: Isla Victoria y Bosque de Arrayanes sin traslado\" \/>\n<meta property=\"og:description\" content=\"Naveg\u00e1 por tu cuenta hasta Isla Victoria y el Bosque de Arrayanes. Una experiencia natural entre aguas cristalinas y senderos.\" \/>\n<meta property=\"og:url\" content=\"https:\/\/raftingvillegas.com\/en\/product\/victoria-arrayanes-island-without-relocation\/\" \/>\n<meta property=\"og:site_name\" content=\"Rafting Villegas\" \/>\n<meta property=\"article:modified_time\" content=\"2026-04-04T13:38:02+00:00\" \/>\n<meta property=\"og:image\" content=\"https:\/\/raftingvillegas.com\/wp-content\/uploads\/sites\/11\/2025\/08\/13-A-487507540_1113613250796528_7685061060503269278_n.jpg\" \/>\n\t<meta property=\"og:image:width\" content=\"850\" \/>\n\t<meta property=\"og:image:height\" content=\"1133\" \/>\n\t<meta property=\"og:image:type\" content=\"image\/jpeg\" \/>\n<meta name=\"twitter:card\" content=\"summary_large_image\" \/>\n<meta name=\"twitter:label1\" content=\"Price\" \/>\n\t<meta name=\"twitter:data1\" content=\"&#036;163,200.00\" \/>\n\t<meta name=\"twitter:label2\" content=\"Availability\" \/>\n\t<meta name=\"twitter:data2\" content=\"In stock\" \/>\n<script type=\"application\/ld+json\" class=\"yoast-schema-graph\">{\"@context\":\"https:\/\/schema.org\",\"@graph\":[{\"@type\":[\"WebPage\",\"ItemPage\"],\"@id\":\"https:\/\/raftingvillegas.com\/producto\/isla-victoria-arrayanes-sin-traslado\/\",\"url\":\"https:\/\/raftingvillegas.com\/producto\/isla-victoria-arrayanes-sin-traslado\/\",\"name\":\"Isla Victoria y Arrayanes sin traslado | Rafting Villegas\",\"isPartOf\":{\"@id\":\"https:\/\/raftingvillegas.com\/#website\"},\"primaryImageOfPage\":{\"@id\":\"https:\/\/raftingvillegas.com\/producto\/isla-victoria-arrayanes-sin-traslado\/#primaryimage\"},\"image\":{\"@id\":\"https:\/\/raftingvillegas.com\/producto\/isla-victoria-arrayanes-sin-traslado\/#primaryimage\"},\"thumbnailUrl\":\"https:\/\/raftingvillegas.com\/wp-content\/uploads\/sites\/11\/2025\/08\/13-A-487507540_1113613250796528_7685061060503269278_n.jpg\",\"datePublished\":\"2025-08-18T17:31:34+00:00\",\"dateModified\":\"2026-04-04T13:38:02+00:00\",\"description\":\"Naveg\u00e1 por tu cuenta hasta Isla Victoria y el Bosque de Arrayanes. Una experiencia natural entre aguas cristalinas y senderos.\",\"breadcrumb\":{\"@id\":\"https:\/\/raftingvillegas.com\/producto\/isla-victoria-arrayanes-sin-traslado\/#breadcrumb\"},\"inLanguage\":\"en-US\",\"potentialAction\":[{\"@type\":\"ReadAction\",\"target\":[\"https:\/\/raftingvillegas.com\/producto\/isla-victoria-arrayanes-sin-traslado\/\"]}]},{\"@type\":\"ImageObject\",\"inLanguage\":\"en-US\",\"@id\":\"https:\/\/raftingvillegas.com\/producto\/isla-victoria-arrayanes-sin-traslado\/#primaryimage\",\"url\":\"https:\/\/raftingvillegas.com\/wp-content\/uploads\/sites\/11\/2025\/08\/13-A-487507540_1113613250796528_7685061060503269278_n.jpg\",\"contentUrl\":\"https:\/\/raftingvillegas.com\/wp-content\/uploads\/sites\/11\/2025\/08\/13-A-487507540_1113613250796528_7685061060503269278_n.jpg\",\"width\":850,\"height\":1133},{\"@type\":\"BreadcrumbList\",\"@id\":\"https:\/\/raftingvillegas.com\/producto\/isla-victoria-arrayanes-sin-traslado\/#breadcrumb\",\"itemListElement\":[{\"@type\":\"ListItem\",\"position\":1,\"name\":\"Portada\",\"item\":\"https:\/\/raftingvillegas.com\/\"},{\"@type\":\"ListItem\",\"position\":2,\"name\":\"Tienda\",\"item\":\"https:\/\/raftingvillegas.com\/tienda\/\"},{\"@type\":\"ListItem\",\"position\":3,\"name\":\"Navegaci\u00f3n por Nahuel Huapi: Isla Victoria y Bosque de Arrayanes sin traslado\"}]},{\"@type\":\"WebSite\",\"@id\":\"https:\/\/raftingvillegas.com\/#website\",\"url\":\"https:\/\/raftingvillegas.com\/\",\"name\":\"Rafting Villegas\",\"description\":\"R\u00edndete al r\u00edo, conquista los r\u00e1pidos: rafting seguro y emocionante.\",\"potentialAction\":[{\"@type\":\"SearchAction\",\"target\":{\"@type\":\"EntryPoint\",\"urlTemplate\":\"https:\/\/raftingvillegas.com\/?s={search_term_string}\"},\"query-input\":{\"@type\":\"PropertyValueSpecification\",\"valueRequired\":true,\"valueName\":\"search_term_string\"}}],\"inLanguage\":\"en-US\"}]}<\/script>\n<meta property=\"product:price:amount\" content=\"163200.00\" \/>\n<meta property=\"product:price:currency\" content=\"ARS\" \/>\n<meta property=\"og:availability\" content=\"instock\" \/>\n<meta property=\"product:availability\" content=\"instock\" \/>\n<meta property=\"product:retailer_item_id\" content=\"ADV2025ISVIYB4A10\" \/>\n<meta property=\"product:condition\" content=\"new\" \/>\n<!-- \/ Yoast SEO Premium plugin. -->","yoast_head_json":{"title":"Isla Victoria and Arrayanes without transfer | Rafting Villegas","description":"Navigate on your own to Victoria Island and the Arrayanes Forest. A natural experience among crystalline waters and trails.","robots":{"index":"index","follow":"follow","max-snippet":"max-snippet:-1","max-image-preview":"max-image-preview:large","max-video-preview":"max-video-preview:-1"},"canonical":"https:\/\/raftingvillegas.com\/en\/product\/victoria-arrayanes-island-without-relocation\/","og_locale":"en_US","og_type":"article","og_title":"Navegaci\u00f3n por Nahuel Huapi: Isla Victoria y Bosque de Arrayanes sin traslado","og_description":"Naveg\u00e1 por tu cuenta hasta Isla Victoria y el Bosque de Arrayanes. Una experiencia natural entre aguas cristalinas y senderos.","og_url":"https:\/\/raftingvillegas.com\/en\/product\/victoria-arrayanes-island-without-relocation\/","og_site_name":"Rafting Villegas","article_modified_time":"2026-04-04T13:38:02+00:00","og_image":[{"width":850,"height":1133,"url":"https:\/\/raftingvillegas.com\/wp-content\/uploads\/sites\/11\/2025\/08\/13-A-487507540_1113613250796528_7685061060503269278_n.jpg","type":"image\/jpeg"}],"twitter_card":"summary_large_image","twitter_misc":{"Price":"&#36;163,200.00","Availability":"In stock"},"schema":{"@context":"https:\/\/schema.org","@graph":[{"@type":["WebPage","ItemPage"],"@id":"https:\/\/raftingvillegas.com\/producto\/isla-victoria-arrayanes-sin-traslado\/","url":"https:\/\/raftingvillegas.com\/producto\/isla-victoria-arrayanes-sin-traslado\/","name":"Isla Victoria and Arrayanes without transfer | Rafting Villegas","isPartOf":{"@id":"https:\/\/raftingvillegas.com\/#website"},"primaryImageOfPage":{"@id":"https:\/\/raftingvillegas.com\/producto\/isla-victoria-arrayanes-sin-traslado\/#primaryimage"},"image":{"@id":"https:\/\/raftingvillegas.com\/producto\/isla-victoria-arrayanes-sin-traslado\/#primaryimage"},"thumbnailUrl":"https:\/\/raftingvillegas.com\/wp-content\/uploads\/sites\/11\/2025\/08\/13-A-487507540_1113613250796528_7685061060503269278_n.jpg","datePublished":"2025-08-18T17:31:34+00:00","dateModified":"2026-04-04T13:38:02+00:00","description":"Navigate on your own to Victoria Island and the Arrayanes Forest. A natural experience among crystalline waters and trails.","breadcrumb":{"@id":"https:\/\/raftingvillegas.com\/producto\/isla-victoria-arrayanes-sin-traslado\/#breadcrumb"},"inLanguage":"en-US","potentialAction":[{"@type":"ReadAction","target":["https:\/\/raftingvillegas.com\/producto\/isla-victoria-arrayanes-sin-traslado\/"]}]},{"@type":"ImageObject","inLanguage":"en-US","@id":"https:\/\/raftingvillegas.com\/producto\/isla-victoria-arrayanes-sin-traslado\/#primaryimage","url":"https:\/\/raftingvillegas.com\/wp-content\/uploads\/sites\/11\/2025\/08\/13-A-487507540_1113613250796528_7685061060503269278_n.jpg","contentUrl":"https:\/\/raftingvillegas.com\/wp-content\/uploads\/sites\/11\/2025\/08\/13-A-487507540_1113613250796528_7685061060503269278_n.jpg","width":850,"height":1133},{"@type":"BreadcrumbList","@id":"https:\/\/raftingvillegas.com\/producto\/isla-victoria-arrayanes-sin-traslado\/#breadcrumb","itemListElement":[{"@type":"ListItem","position":1,"name":"Portada","item":"https:\/\/raftingvillegas.com\/"},{"@type":"ListItem","position":2,"name":"Tienda","item":"https:\/\/raftingvillegas.com\/tienda\/"},{"@type":"ListItem","position":3,"name":"Navegaci\u00f3n por Nahuel Huapi: Isla Victoria y Bosque de Arrayanes sin traslado"}]},{"@type":"WebSite","@id":"https:\/\/raftingvillegas.com\/#website","url":"https:\/\/raftingvillegas.com\/","name":"Rafting Villegas","description":"Surrender to the river, conquer the rapids: safe and exciting rafting.","potentialAction":[{"@type":"SearchAction","target":{"@type":"EntryPoint","urlTemplate":"https:\/\/raftingvillegas.com\/?s={search_term_string}"},"query-input":{"@type":"PropertyValueSpecification","valueRequired":true,"valueName":"search_term_string"}}],"inLanguage":"en-US"}]},"product_price_amount":"163200.00","product_price_currency":"ARS","og_availability":"instock","product_availability":"instock","product_retailer_item_id":"ADV2025ISVIYB4A10","product_condition":"new"},"_links":{"self":[{"href":"https:\/\/raftingvillegas.com\/en\/wp-json\/wp\/v2\/product\/41","targetHints":{"allow":["GET"]}}],"collection":[{"href":"https:\/\/raftingvillegas.com\/en\/wp-json\/wp\/v2\/product"}],"about":[{"href":"https:\/\/raftingvillegas.com\/en\/wp-json\/wp\/v2\/types\/product"}],"replies":[{"embeddable":true,"href":"https:\/\/raftingvillegas.com\/en\/wp-json\/wp\/v2\/comments?post=41"}],"wp:featuredmedia":[{"embeddable":true,"href":"https:\/\/raftingvillegas.com\/en\/wp-json\/wp\/v2\/media\/250"}],"wp:attachment":[{"href":"https:\/\/raftingvillegas.com\/en\/wp-json\/wp\/v2\/media?parent=41"}],"wp:term":[{"taxonomy":"product_brand","embeddable":true,"href":"https:\/\/raftingvillegas.com\/en\/wp-json\/wp\/v2\/product_brand?post=41"},{"taxonomy":"product_cat","embeddable":true,"href":"https:\/\/raftingvillegas.com\/en\/wp-json\/wp\/v2\/product_cat?post=41"},{"taxonomy":"product_tag","embeddable":true,"href":"https:\/\/raftingvillegas.com\/en\/wp-json\/wp\/v2\/product_tag?post=41"}],"curies":[{"name":"wp","href":"https:\/\/api.w.org\/{rel}","templated":true}]}}