{"id":37,"date":"2025-08-18T19:30:01","date_gmt":"2025-08-18T17:30:01","guid":{"rendered":"https:\/\/raftingvillegas.com\/producto\/paquete-promocional-de-3-dias-de-excursion\/"},"modified":"2026-04-02T05:06:36","modified_gmt":"2026-04-02T03:06:36","slug":"paquete-promocional-de-3-dias-de-excursion","status":"publish","type":"product","link":"https:\/\/raftingvillegas.com\/en\/product\/promotional-3-day-tour-package\/","title":{"rendered":"Promotional 3-day excursion package"},"content":{"rendered":"<h2>Experience authentic Patagonia in three days you will never forget.<\/h2>\n<p>Let yourself be carried away by a <strong>unique experience<\/strong> with our <strong>three-day excursion package<\/strong> exclusive. With a meticulous planning, this tour invites you to admire the most beautiful landscapes. <strong>of Argentina's Patagonia<\/strong>, The experience is a fusion of emotion, nature and maximum comfort.<\/p>\n<h3>What does this package include?<\/h3>\n<ul>\n<li><strong>Personalized itinerary:<\/strong><\/li>\n<li>Tour through <strong>San Martin de los Andes<\/strong> and the mythical <strong>Route of the 7 Lakes<\/strong>, with departure at 08:00 hs.<\/li>\n<li>Excursion to the imposing <strong>Cerro Tronador<\/strong> and the fascinating <strong>Ventisquero Negro Glacier<\/strong> with departure at 09:00 hs.<\/li>\n<li>Tour of the <strong>Small Circuit<\/strong> with postcard landscapes, departing at 08:30 am.<\/li>\n<\/ul>\n<p>Adjusting your schedule as you wish, this tour provides you with <strong>autonomy<\/strong> to enjoy every moment your way.<\/p>\n<h3>Details on the route<\/h3>\n<ul>\n<li><strong>Destinations:<\/strong> San Mart\u00edn de los Andes, Circuito Chico and Cerro Tronador are included.<\/li>\n<li><strong>Outputs:<\/strong> Check available schedules for each day.<\/li>\n<\/ul>\n<h3>Services included<\/h3>\n<ul>\n<li><strong>Transfer by vehicle:<\/strong> Travel in modern, comfortable and safe units.<\/li>\n<li><strong>Expert companion:<\/strong> English speaking guide, bilingual option with additional charge.<\/li>\n<\/ul>\n<p><strong>Keep in mind:<\/strong> Meals are not part of the package. However, you will find <strong>regional flavors<\/strong> at different stops along the way.<\/p>\n<h3>This is your chance to live the adventure!<\/h3>\n<p>Access this <strong>special program<\/strong> only available during the summer season, don't miss out on seeing Patagonia as you've always dreamed of!<\/p>\n<h3>Frequently Asked Questions<\/h3>\n<ul>\n<li><strong>Can I change the selected tours?<\/strong><br \/>\nYes, the order of the excursions can be adapted according to your tastes and needs.<\/li>\n<li><strong>Do you have alternatives for vegetarians or vegans?<\/strong><br \/>\nThe establishments where we stop usually have menus designed for various food preferences.<\/li>\n<li><strong>Is it necessary to wear special clothing for the walks?<\/strong><br \/>\nWe suggest wearing comfortable clothing appropriate for hiking and outdoor activities, as well as sun protection.<\/li>\n<\/ul>","protected":false},"excerpt":{"rendered":"<p class=\"ai-optimize-6\">Live a unique experience in Patagonia with this 3-day excursion package. Admire the beauty of San Martin de los Andes, travel the emblematic 7 Lakes Route, get to know the immensity of Cerro Tronador and discover the famous Circuito Chico. Take advantage of a personalized itinerary in a truly exclusive environment.<\/p>","protected":false},"featured_media":243,"comment_status":"open","ping_status":"closed","template":"","meta":[],"product_brand":[],"product_cat":[17,21,22,28,31,32,35,37],"product_tag":[],"class_list":{"0":"post-37","1":"product","2":"type-product","3":"status-publish","4":"has-post-thumbnail","6":"product_cat-adultos","7":"product_cat-con-traslado","8":"product_cat-familia","9":"product_cat-ninos","10":"product_cat-promos","11":"product_cat-sin-comida","12":"product_cat-terrestre","13":"product_cat-todo-el-ano","15":"first","16":"instock","17":"virtual","18":"sold-individually","19":"purchasable","20":"product-type-booking"},"booking_location":"","booking_location_type":"","booking_duration":1,"booking_duration_unit":"hour","booking_buffer":0,"booking_cost":0,"booking_resources":[],"exclude_global_add_ons":false,"addons":[{"name":"STD | Passengers","type":"input_multiplier","position":0,"required":false,"title_format":"label","default":"","description_enable":false,"description":"","placeholder_enable":false,"placeholder":"","display":"select","restrictions_type":"any_text","adjust_price":true,"price":"156000","price_type":"quantity_based","restrictions":false,"min":"0","max":"0","options":[],"id":1773234688}],"yoast_head":"<!-- This site is optimized with the Yoast SEO Premium plugin v25.2 (Yoast SEO v25.2) - https:\/\/yoast.com\/wordpress\/plugins\/seo\/ -->\n<title>Paquete promocional de 3 d\u00edas de excursi\u00f3n - Rafting Villegas<\/title>\n<meta name=\"robots\" content=\"index, follow, max-snippet:-1, max-image-preview:large, max-video-preview:-1\" \/>\n<link rel=\"canonical\" href=\"https:\/\/raftingvillegas.com\/en\/product\/promotional-3-day-tour-package\/\" \/>\n<meta property=\"og:locale\" content=\"en_US\" \/>\n<meta property=\"og:type\" content=\"article\" \/>\n<meta property=\"og:title\" content=\"Paquete promocional de 3 d\u00edas de excursi\u00f3n\" \/>\n<meta property=\"og:description\" content=\"Viv\u00ed una experiencia \u00fanica en la Patagonia con este paquete de excursiones de 3 d\u00edas. Admir\u00e1 la belleza de San Mart\u00edn de los Andes, recorr\u00e9 la emblem\u00e1tica Ruta de los 7 Lagos, conoc\u00e9 la inmensidad del Cerro Tronador y descubr\u00ed el famoso Circuito Chico. Aprovech\u00e1 un itinerario personalizado en un ambiente de verdadera exclusividad.\" \/>\n<meta property=\"og:url\" content=\"https:\/\/raftingvillegas.com\/en\/product\/promotional-3-day-tour-package\/\" \/>\n<meta property=\"og:site_name\" content=\"Rafting Villegas\" \/>\n<meta property=\"article:modified_time\" content=\"2026-04-02T03:06:36+00:00\" \/>\n<meta property=\"og:image\" content=\"https:\/\/raftingvillegas.com\/wp-content\/uploads\/sites\/11\/2025\/08\/13-A-DSC_0808.jpg\" \/>\n\t<meta property=\"og:image:width\" content=\"850\" \/>\n\t<meta property=\"og:image:height\" content=\"1133\" \/>\n\t<meta property=\"og:image:type\" content=\"image\/jpeg\" \/>\n<meta name=\"twitter:card\" content=\"summary_large_image\" \/>\n<meta name=\"twitter:label1\" content=\"Price\" \/>\n\t<meta name=\"twitter:data1\" content=\"&#036;156,000.00\" \/>\n\t<meta name=\"twitter:label2\" content=\"Availability\" \/>\n\t<meta name=\"twitter:data2\" content=\"In stock\" \/>\n<script type=\"application\/ld+json\" class=\"yoast-schema-graph\">{\"@context\":\"https:\/\/schema.org\",\"@graph\":[{\"@type\":[\"WebPage\",\"ItemPage\"],\"@id\":\"https:\/\/raftingvillegas.com\/producto\/paquete-promocional-de-3-dias-de-excursion\/\",\"url\":\"https:\/\/raftingvillegas.com\/producto\/paquete-promocional-de-3-dias-de-excursion\/\",\"name\":\"Paquete promocional de 3 d\u00edas de excursi\u00f3n - Rafting Villegas\",\"isPartOf\":{\"@id\":\"https:\/\/raftingvillegas.com\/#website\"},\"primaryImageOfPage\":{\"@id\":\"https:\/\/raftingvillegas.com\/producto\/paquete-promocional-de-3-dias-de-excursion\/#primaryimage\"},\"image\":{\"@id\":\"https:\/\/raftingvillegas.com\/producto\/paquete-promocional-de-3-dias-de-excursion\/#primaryimage\"},\"thumbnailUrl\":\"https:\/\/raftingvillegas.com\/wp-content\/uploads\/sites\/11\/2025\/08\/13-A-DSC_0808.jpg\",\"datePublished\":\"2025-08-18T17:30:01+00:00\",\"dateModified\":\"2026-04-02T03:06:36+00:00\",\"breadcrumb\":{\"@id\":\"https:\/\/raftingvillegas.com\/producto\/paquete-promocional-de-3-dias-de-excursion\/#breadcrumb\"},\"inLanguage\":\"en-US\",\"potentialAction\":[{\"@type\":\"ReadAction\",\"target\":[\"https:\/\/raftingvillegas.com\/producto\/paquete-promocional-de-3-dias-de-excursion\/\"]}]},{\"@type\":\"ImageObject\",\"inLanguage\":\"en-US\",\"@id\":\"https:\/\/raftingvillegas.com\/producto\/paquete-promocional-de-3-dias-de-excursion\/#primaryimage\",\"url\":\"https:\/\/raftingvillegas.com\/wp-content\/uploads\/sites\/11\/2025\/08\/13-A-DSC_0808.jpg\",\"contentUrl\":\"https:\/\/raftingvillegas.com\/wp-content\/uploads\/sites\/11\/2025\/08\/13-A-DSC_0808.jpg\",\"width\":850,\"height\":1133},{\"@type\":\"BreadcrumbList\",\"@id\":\"https:\/\/raftingvillegas.com\/producto\/paquete-promocional-de-3-dias-de-excursion\/#breadcrumb\",\"itemListElement\":[{\"@type\":\"ListItem\",\"position\":1,\"name\":\"Portada\",\"item\":\"https:\/\/raftingvillegas.com\/\"},{\"@type\":\"ListItem\",\"position\":2,\"name\":\"Tienda\",\"item\":\"https:\/\/raftingvillegas.com\/tienda\/\"},{\"@type\":\"ListItem\",\"position\":3,\"name\":\"Paquete promocional de 3 d\u00edas de excursi\u00f3n\"}]},{\"@type\":\"WebSite\",\"@id\":\"https:\/\/raftingvillegas.com\/#website\",\"url\":\"https:\/\/raftingvillegas.com\/\",\"name\":\"Rafting Villegas\",\"description\":\"R\u00edndete al r\u00edo, conquista los r\u00e1pidos: rafting seguro y emocionante.\",\"potentialAction\":[{\"@type\":\"SearchAction\",\"target\":{\"@type\":\"EntryPoint\",\"urlTemplate\":\"https:\/\/raftingvillegas.com\/?s={search_term_string}\"},\"query-input\":{\"@type\":\"PropertyValueSpecification\",\"valueRequired\":true,\"valueName\":\"search_term_string\"}}],\"inLanguage\":\"en-US\"}]}<\/script>\n<meta property=\"product:price:amount\" content=\"156000.00\" \/>\n<meta property=\"product:price:currency\" content=\"ARS\" \/>\n<meta property=\"og:availability\" content=\"instock\" \/>\n<meta property=\"product:availability\" content=\"instock\" \/>\n<meta property=\"product:retailer_item_id\" content=\"ADV2025PAPRDE20W5\" \/>\n<meta property=\"product:condition\" content=\"new\" \/>\n<!-- \/ Yoast SEO Premium plugin. -->","yoast_head_json":{"title":"Promotional 3-day excursion package - Rafting Villegas","robots":{"index":"index","follow":"follow","max-snippet":"max-snippet:-1","max-image-preview":"max-image-preview:large","max-video-preview":"max-video-preview:-1"},"canonical":"https:\/\/raftingvillegas.com\/en\/product\/promotional-3-day-tour-package\/","og_locale":"en_US","og_type":"article","og_title":"Paquete promocional de 3 d\u00edas de excursi\u00f3n","og_description":"Viv\u00ed una experiencia \u00fanica en la Patagonia con este paquete de excursiones de 3 d\u00edas. Admir\u00e1 la belleza de San Mart\u00edn de los Andes, recorr\u00e9 la emblem\u00e1tica Ruta de los 7 Lagos, conoc\u00e9 la inmensidad del Cerro Tronador y descubr\u00ed el famoso Circuito Chico. Aprovech\u00e1 un itinerario personalizado en un ambiente de verdadera exclusividad.","og_url":"https:\/\/raftingvillegas.com\/en\/product\/promotional-3-day-tour-package\/","og_site_name":"Rafting Villegas","article_modified_time":"2026-04-02T03:06:36+00:00","og_image":[{"width":850,"height":1133,"url":"https:\/\/raftingvillegas.com\/wp-content\/uploads\/sites\/11\/2025\/08\/13-A-DSC_0808.jpg","type":"image\/jpeg"}],"twitter_card":"summary_large_image","twitter_misc":{"Price":"&#36;156,000.00","Availability":"In stock"},"schema":{"@context":"https:\/\/schema.org","@graph":[{"@type":["WebPage","ItemPage"],"@id":"https:\/\/raftingvillegas.com\/producto\/paquete-promocional-de-3-dias-de-excursion\/","url":"https:\/\/raftingvillegas.com\/producto\/paquete-promocional-de-3-dias-de-excursion\/","name":"Promotional 3-day excursion package - Rafting Villegas","isPartOf":{"@id":"https:\/\/raftingvillegas.com\/#website"},"primaryImageOfPage":{"@id":"https:\/\/raftingvillegas.com\/producto\/paquete-promocional-de-3-dias-de-excursion\/#primaryimage"},"image":{"@id":"https:\/\/raftingvillegas.com\/producto\/paquete-promocional-de-3-dias-de-excursion\/#primaryimage"},"thumbnailUrl":"https:\/\/raftingvillegas.com\/wp-content\/uploads\/sites\/11\/2025\/08\/13-A-DSC_0808.jpg","datePublished":"2025-08-18T17:30:01+00:00","dateModified":"2026-04-02T03:06:36+00:00","breadcrumb":{"@id":"https:\/\/raftingvillegas.com\/producto\/paquete-promocional-de-3-dias-de-excursion\/#breadcrumb"},"inLanguage":"en-US","potentialAction":[{"@type":"ReadAction","target":["https:\/\/raftingvillegas.com\/producto\/paquete-promocional-de-3-dias-de-excursion\/"]}]},{"@type":"ImageObject","inLanguage":"en-US","@id":"https:\/\/raftingvillegas.com\/producto\/paquete-promocional-de-3-dias-de-excursion\/#primaryimage","url":"https:\/\/raftingvillegas.com\/wp-content\/uploads\/sites\/11\/2025\/08\/13-A-DSC_0808.jpg","contentUrl":"https:\/\/raftingvillegas.com\/wp-content\/uploads\/sites\/11\/2025\/08\/13-A-DSC_0808.jpg","width":850,"height":1133},{"@type":"BreadcrumbList","@id":"https:\/\/raftingvillegas.com\/producto\/paquete-promocional-de-3-dias-de-excursion\/#breadcrumb","itemListElement":[{"@type":"ListItem","position":1,"name":"Portada","item":"https:\/\/raftingvillegas.com\/"},{"@type":"ListItem","position":2,"name":"Tienda","item":"https:\/\/raftingvillegas.com\/tienda\/"},{"@type":"ListItem","position":3,"name":"Paquete promocional de 3 d\u00edas de excursi\u00f3n"}]},{"@type":"WebSite","@id":"https:\/\/raftingvillegas.com\/#website","url":"https:\/\/raftingvillegas.com\/","name":"Rafting Villegas","description":"Surrender to the river, conquer the rapids: safe and exciting rafting.","potentialAction":[{"@type":"SearchAction","target":{"@type":"EntryPoint","urlTemplate":"https:\/\/raftingvillegas.com\/?s={search_term_string}"},"query-input":{"@type":"PropertyValueSpecification","valueRequired":true,"valueName":"search_term_string"}}],"inLanguage":"en-US"}]},"product_price_amount":"156000.00","product_price_currency":"ARS","og_availability":"instock","product_availability":"instock","product_retailer_item_id":"ADV2025PAPRDE20W5","product_condition":"new"},"_links":{"self":[{"href":"https:\/\/raftingvillegas.com\/en\/wp-json\/wp\/v2\/product\/37","targetHints":{"allow":["GET"]}}],"collection":[{"href":"https:\/\/raftingvillegas.com\/en\/wp-json\/wp\/v2\/product"}],"about":[{"href":"https:\/\/raftingvillegas.com\/en\/wp-json\/wp\/v2\/types\/product"}],"replies":[{"embeddable":true,"href":"https:\/\/raftingvillegas.com\/en\/wp-json\/wp\/v2\/comments?post=37"}],"wp:featuredmedia":[{"embeddable":true,"href":"https:\/\/raftingvillegas.com\/en\/wp-json\/wp\/v2\/media\/243"}],"wp:attachment":[{"href":"https:\/\/raftingvillegas.com\/en\/wp-json\/wp\/v2\/media?parent=37"}],"wp:term":[{"taxonomy":"product_brand","embeddable":true,"href":"https:\/\/raftingvillegas.com\/en\/wp-json\/wp\/v2\/product_brand?post=37"},{"taxonomy":"product_cat","embeddable":true,"href":"https:\/\/raftingvillegas.com\/en\/wp-json\/wp\/v2\/product_cat?post=37"},{"taxonomy":"product_tag","embeddable":true,"href":"https:\/\/raftingvillegas.com\/en\/wp-json\/wp\/v2\/product_tag?post=37"}],"curies":[{"name":"wp","href":"https:\/\/api.w.org\/{rel}","templated":true}]}}