{"id":345,"date":"2025-10-11T16:20:57","date_gmt":"2025-10-11T14:20:57","guid":{"rendered":"https:\/\/raftingvillegas.com\/?post_type=product&#038;p=345"},"modified":"2026-03-31T17:08:54","modified_gmt":"2026-03-31T15:08:54","slug":"traslado-cerveceria-patagonia-cerveza-artesanal-y-vistas-unicas","status":"publish","type":"product","link":"https:\/\/raftingvillegas.com\/en\/product\/transfer-brewery-patagonia-craft-beer-and-unique-views\/","title":{"rendered":"Transfer to Cervecer\u00eda Patagonia Brewery: Craft beer and unique views"},"content":{"rendered":"<p class=\"ai-optimize-26 ai-optimize-introduction\" data-start=\"411\" data-end=\"497\"><strong data-start=\"414\" data-end=\"495\">Transfer to Patagonia Bariloche Brewery: beer, flavors and incredible views<\/strong><\/p>\n<p class=\"ai-optimize-27\" data-start=\"499\" data-end=\"729\">Live a unique experience with our <strong data-start=\"538\" data-end=\"583\">transfer to Cervecer\u00eda Patagonia Bariloche<\/strong>, A comfortable and safe service to and from the center of the city. Enjoy without worrying about driving and dedicate yourself only to have a good time.<\/p>\n<p class=\"ai-optimize-28\" data-start=\"731\" data-end=\"987\">The <strong data-start=\"734\" data-end=\"758\">Patagonia Brewery<\/strong>, The nationally and internationally renowned restaurant, awaits you with its craft beers of different styles, signature Patagonian dishes and one of the most spectacular views of the <strong data-start=\"936\" data-end=\"951\">Moreno Lake<\/strong> and the <strong data-start=\"957\" data-end=\"984\">Andes Mountains<\/strong>.<\/p>\n<p class=\"ai-optimize-29\" data-start=\"989\" data-end=\"1187\">This transfer is designed for you to enjoy at your own pace: walk through the gardens, take pictures of the scenery and relax while enjoying a well-drawn beer in an incomparable natural environment.<\/p>\n<p class=\"ai-optimize-30\" data-start=\"1189\" data-end=\"1347\">Ideal for couples, groups of friends and travelers looking for a different plan in Bariloche, combining gastronomy, beer culture and unforgettable landscapes.<\/p>\n<h3 class=\"ai-optimize-31\" data-start=\"1354\" data-end=\"1381\">\u00a0Departure times<\/h3>\n<p class=\"ai-optimize-32\"><em data-start=\"1445\" data-end=\"1480\">(Available Wednesdays and Sundays).<\/em><\/p>\n<ul data-start=\"1382\" data-end=\"1482\">\n<li class=\"ai-optimize-33\" data-start=\"1382\" data-end=\"1402\">\n<p class=\"ai-optimize-34\" data-start=\"1384\" data-end=\"1402\">11:00 a.m. to 3:00 p.m.<\/p>\n<\/li>\n<li class=\"ai-optimize-35\" data-start=\"1403\" data-end=\"1423\">\n<p class=\"ai-optimize-36\" data-start=\"1405\" data-end=\"1423\">13:00 to 17:00 hs.<\/p>\n<\/li>\n<li class=\"ai-optimize-37\" data-start=\"1424\" data-end=\"1482\">\n<p class=\"ai-optimize-38\" data-start=\"1426\" data-end=\"1482\">16:00 to 20:00 hs.<\/p>\n<\/li>\n<\/ul>\n<h3 class=\"ai-optimize-39\" data-start=\"1489\" data-end=\"1516\">\u00a0Meeting point<\/h3>\n<p class=\"ai-optimize-40\" data-start=\"1517\" data-end=\"1741\">Transfers depart from meeting points coordinated between the <strong data-start=\"1584\" data-end=\"1607\">downtown Bariloche<\/strong> and up to <strong data-start=\"1619\" data-end=\"1659\">km 25 of Bustillo Av. or Pioneros Av.<\/strong>. At the time of booking we will confirm the location closest to your accommodation.<\/p>\n<h3 class=\"ai-optimize-41\" data-start=\"1748\" data-end=\"1763\">\u00a0Includes<\/h3>\n<ul data-start=\"1764\" data-end=\"1825\">\n<li class=\"ai-optimize-42\" data-start=\"1764\" data-end=\"1825\">\n<p class=\"ai-optimize-43\" data-start=\"1766\" data-end=\"1825\">Roundtrip transportation in authorized tourist units.<\/p>\n<\/li>\n<\/ul>\n<h3 class=\"ai-optimize-44\" data-start=\"1832\" data-end=\"1850\">\u00a0Does not include<\/h3>\n<ul data-start=\"1851\" data-end=\"1937\">\n<li class=\"ai-optimize-45\" data-start=\"1851\" data-end=\"1884\">\n<p class=\"ai-optimize-46\" data-start=\"1853\" data-end=\"1884\">Consumption of food or beverages.<\/p>\n<\/li>\n<li class=\"ai-optimize-47\" data-start=\"1885\" data-end=\"1937\">\n<p class=\"ai-optimize-48\" data-start=\"1887\" data-end=\"1937\">Additional activities within the brewery.<\/p>\n<\/li>\n<\/ul>","protected":false},"excerpt":{"rendered":"<p class=\"ai-optimize-23 ai-optimize-introduction\">Round trip transfer from Bariloche to Cervecer\u00eda Patagonia. Enjoy craft beers, typical dishes and a unique view of the Moreno Lake and the Cordillera.<\/p>","protected":false},"featured_media":359,"comment_status":"open","ping_status":"closed","template":"","meta":[],"product_brand":[],"product_cat":[17,21,22,28,32,35,37],"product_tag":[],"class_list":{"0":"post-345","1":"product","2":"type-product","3":"status-publish","4":"has-post-thumbnail","6":"product_cat-adultos","7":"product_cat-con-traslado","8":"product_cat-familia","9":"product_cat-ninos","10":"product_cat-sin-comida","11":"product_cat-terrestre","12":"product_cat-todo-el-ano","14":"first","15":"instock","16":"virtual","17":"sold-individually","18":"purchasable","19":"product-type-booking"},"booking_location":"","booking_location_type":"","booking_duration":1,"booking_duration_unit":"hour","booking_buffer":0,"booking_cost":0,"booking_resources":[],"exclude_global_add_ons":false,"addons":[{"name":"STD | Passengers","type":"input_multiplier","position":0,"required":false,"title_format":"label","default":"","description_enable":false,"description":"","placeholder_enable":false,"placeholder":"","display":"select","restrictions_type":"any_text","adjust_price":true,"price":"31200","price_type":"quantity_based","restrictions":false,"min":"0","max":"0","options":[],"id":1773231934}],"yoast_head":"<!-- This site is optimized with the Yoast SEO Premium plugin v25.2 (Yoast SEO v25.2) - https:\/\/yoast.com\/wordpress\/plugins\/seo\/ -->\n<title>Traslado Cervecer\u00eda Patagonia: Cerveza artesanal y vistas \u00fanicas - Rafting Villegas<\/title>\n<meta name=\"description\" content=\"Disfrut\u00e1 la experiencia Cervecer\u00eda Patagonia con traslado ida y vuelta, cerveza artesanal, vistas al Lago Moreno y relax total sin manejar.\" \/>\n<meta name=\"robots\" content=\"index, follow, max-snippet:-1, max-image-preview:large, max-video-preview:-1\" \/>\n<link rel=\"canonical\" href=\"https:\/\/raftingvillegas.com\/en\/product\/transfer-brewery-patagonia-craft-beer-and-unique-views\/\" \/>\n<meta property=\"og:locale\" content=\"en_US\" \/>\n<meta property=\"og:type\" content=\"article\" \/>\n<meta property=\"og:title\" content=\"Traslado Cervecer\u00eda Patagonia: Cerveza artesanal y vistas \u00fanicas\" \/>\n<meta property=\"og:description\" content=\"Disfrut\u00e1 la experiencia Cervecer\u00eda Patagonia con traslado ida y vuelta, cerveza artesanal, vistas al Lago Moreno y relax total sin manejar.\" \/>\n<meta property=\"og:url\" content=\"https:\/\/raftingvillegas.com\/en\/product\/transfer-brewery-patagonia-craft-beer-and-unique-views\/\" \/>\n<meta property=\"og:site_name\" content=\"Rafting Villegas\" \/>\n<meta property=\"article:modified_time\" content=\"2026-03-31T15:08:54+00:00\" \/>\n<meta property=\"og:image\" content=\"https:\/\/raftingvillegas.com\/wp-content\/uploads\/sites\/11\/2025\/10\/1-B-464368450_910869367645702_4621702521702425434_n-1.jpg\" \/>\n\t<meta property=\"og:image:width\" content=\"768\" \/>\n\t<meta property=\"og:image:height\" content=\"1024\" \/>\n\t<meta property=\"og:image:type\" content=\"image\/jpeg\" \/>\n<meta name=\"twitter:card\" content=\"summary_large_image\" \/>\n<meta name=\"twitter:label1\" content=\"Price\" \/>\n\t<meta name=\"twitter:data1\" content=\"&#036;31,200.00\" \/>\n\t<meta name=\"twitter:label2\" content=\"Availability\" \/>\n\t<meta name=\"twitter:data2\" content=\"In stock\" \/>\n<script type=\"application\/ld+json\" class=\"yoast-schema-graph\">{\"@context\":\"https:\/\/schema.org\",\"@graph\":[{\"@type\":[\"WebPage\",\"ItemPage\"],\"@id\":\"https:\/\/raftingvillegas.com\/producto\/traslado-cerveceria-patagonia-cerveza-artesanal-y-vistas-unicas\/\",\"url\":\"https:\/\/raftingvillegas.com\/producto\/traslado-cerveceria-patagonia-cerveza-artesanal-y-vistas-unicas\/\",\"name\":\"Traslado Cervecer\u00eda Patagonia: Cerveza artesanal y vistas \u00fanicas - Rafting Villegas\",\"isPartOf\":{\"@id\":\"https:\/\/raftingvillegas.com\/#website\"},\"primaryImageOfPage\":{\"@id\":\"https:\/\/raftingvillegas.com\/producto\/traslado-cerveceria-patagonia-cerveza-artesanal-y-vistas-unicas\/#primaryimage\"},\"image\":{\"@id\":\"https:\/\/raftingvillegas.com\/producto\/traslado-cerveceria-patagonia-cerveza-artesanal-y-vistas-unicas\/#primaryimage\"},\"thumbnailUrl\":\"https:\/\/raftingvillegas.com\/wp-content\/uploads\/sites\/11\/2025\/10\/1-B-464368450_910869367645702_4621702521702425434_n-1.jpg\",\"datePublished\":\"2025-10-11T14:20:57+00:00\",\"dateModified\":\"2026-03-31T15:08:54+00:00\",\"description\":\"Disfrut\u00e1 la experiencia Cervecer\u00eda Patagonia con traslado ida y vuelta, cerveza artesanal, vistas al Lago Moreno y relax total sin manejar.\",\"breadcrumb\":{\"@id\":\"https:\/\/raftingvillegas.com\/producto\/traslado-cerveceria-patagonia-cerveza-artesanal-y-vistas-unicas\/#breadcrumb\"},\"inLanguage\":\"en-US\",\"potentialAction\":[{\"@type\":\"ReadAction\",\"target\":[\"https:\/\/raftingvillegas.com\/producto\/traslado-cerveceria-patagonia-cerveza-artesanal-y-vistas-unicas\/\"]}]},{\"@type\":\"ImageObject\",\"inLanguage\":\"en-US\",\"@id\":\"https:\/\/raftingvillegas.com\/producto\/traslado-cerveceria-patagonia-cerveza-artesanal-y-vistas-unicas\/#primaryimage\",\"url\":\"https:\/\/raftingvillegas.com\/wp-content\/uploads\/sites\/11\/2025\/10\/1-B-464368450_910869367645702_4621702521702425434_n-1.jpg\",\"contentUrl\":\"https:\/\/raftingvillegas.com\/wp-content\/uploads\/sites\/11\/2025\/10\/1-B-464368450_910869367645702_4621702521702425434_n-1.jpg\",\"width\":768,\"height\":1024},{\"@type\":\"BreadcrumbList\",\"@id\":\"https:\/\/raftingvillegas.com\/producto\/traslado-cerveceria-patagonia-cerveza-artesanal-y-vistas-unicas\/#breadcrumb\",\"itemListElement\":[{\"@type\":\"ListItem\",\"position\":1,\"name\":\"Portada\",\"item\":\"https:\/\/raftingvillegas.com\/\"},{\"@type\":\"ListItem\",\"position\":2,\"name\":\"Tienda\",\"item\":\"https:\/\/raftingvillegas.com\/tienda\/\"},{\"@type\":\"ListItem\",\"position\":3,\"name\":\"Traslado Cervecer\u00eda Patagonia: Cerveza artesanal y vistas \u00fanicas\"}]},{\"@type\":\"WebSite\",\"@id\":\"https:\/\/raftingvillegas.com\/#website\",\"url\":\"https:\/\/raftingvillegas.com\/\",\"name\":\"Rafting Villegas\",\"description\":\"R\u00edndete al r\u00edo, conquista los r\u00e1pidos: rafting seguro y emocionante.\",\"potentialAction\":[{\"@type\":\"SearchAction\",\"target\":{\"@type\":\"EntryPoint\",\"urlTemplate\":\"https:\/\/raftingvillegas.com\/?s={search_term_string}\"},\"query-input\":{\"@type\":\"PropertyValueSpecification\",\"valueRequired\":true,\"valueName\":\"search_term_string\"}}],\"inLanguage\":\"en-US\"}]}<\/script>\n<meta property=\"product:price:amount\" content=\"31200.00\" \/>\n<meta property=\"product:price:currency\" content=\"ARS\" \/>\n<meta property=\"og:availability\" content=\"instock\" \/>\n<meta property=\"product:availability\" content=\"instock\" \/>\n<meta property=\"product:retailer_item_id\" content=\"ADV2025TRACEPM4Z8\" \/>\n<meta property=\"product:condition\" content=\"new\" \/>\n<!-- \/ Yoast SEO Premium plugin. -->","yoast_head_json":{"title":"Transfer to Patagonia Brewery: Craft beer and unique views - Rafting Villegas","description":"Enjoy the Patagonia Brewery experience with round trip transfer, craft beer, views of Moreno Lake and total relaxation without driving.","robots":{"index":"index","follow":"follow","max-snippet":"max-snippet:-1","max-image-preview":"max-image-preview:large","max-video-preview":"max-video-preview:-1"},"canonical":"https:\/\/raftingvillegas.com\/en\/product\/transfer-brewery-patagonia-craft-beer-and-unique-views\/","og_locale":"en_US","og_type":"article","og_title":"Traslado Cervecer\u00eda Patagonia: Cerveza artesanal y vistas \u00fanicas","og_description":"Disfrut\u00e1 la experiencia Cervecer\u00eda Patagonia con traslado ida y vuelta, cerveza artesanal, vistas al Lago Moreno y relax total sin manejar.","og_url":"https:\/\/raftingvillegas.com\/en\/product\/transfer-brewery-patagonia-craft-beer-and-unique-views\/","og_site_name":"Rafting Villegas","article_modified_time":"2026-03-31T15:08:54+00:00","og_image":[{"width":768,"height":1024,"url":"https:\/\/raftingvillegas.com\/wp-content\/uploads\/sites\/11\/2025\/10\/1-B-464368450_910869367645702_4621702521702425434_n-1.jpg","type":"image\/jpeg"}],"twitter_card":"summary_large_image","twitter_misc":{"Price":"&#36;31,200.00","Availability":"In stock"},"schema":{"@context":"https:\/\/schema.org","@graph":[{"@type":["WebPage","ItemPage"],"@id":"https:\/\/raftingvillegas.com\/producto\/traslado-cerveceria-patagonia-cerveza-artesanal-y-vistas-unicas\/","url":"https:\/\/raftingvillegas.com\/producto\/traslado-cerveceria-patagonia-cerveza-artesanal-y-vistas-unicas\/","name":"Transfer to Patagonia Brewery: Craft beer and unique views - Rafting Villegas","isPartOf":{"@id":"https:\/\/raftingvillegas.com\/#website"},"primaryImageOfPage":{"@id":"https:\/\/raftingvillegas.com\/producto\/traslado-cerveceria-patagonia-cerveza-artesanal-y-vistas-unicas\/#primaryimage"},"image":{"@id":"https:\/\/raftingvillegas.com\/producto\/traslado-cerveceria-patagonia-cerveza-artesanal-y-vistas-unicas\/#primaryimage"},"thumbnailUrl":"https:\/\/raftingvillegas.com\/wp-content\/uploads\/sites\/11\/2025\/10\/1-B-464368450_910869367645702_4621702521702425434_n-1.jpg","datePublished":"2025-10-11T14:20:57+00:00","dateModified":"2026-03-31T15:08:54+00:00","description":"Enjoy the Patagonia Brewery experience with round trip transfer, craft beer, views of Moreno Lake and total relaxation without driving.","breadcrumb":{"@id":"https:\/\/raftingvillegas.com\/producto\/traslado-cerveceria-patagonia-cerveza-artesanal-y-vistas-unicas\/#breadcrumb"},"inLanguage":"en-US","potentialAction":[{"@type":"ReadAction","target":["https:\/\/raftingvillegas.com\/producto\/traslado-cerveceria-patagonia-cerveza-artesanal-y-vistas-unicas\/"]}]},{"@type":"ImageObject","inLanguage":"en-US","@id":"https:\/\/raftingvillegas.com\/producto\/traslado-cerveceria-patagonia-cerveza-artesanal-y-vistas-unicas\/#primaryimage","url":"https:\/\/raftingvillegas.com\/wp-content\/uploads\/sites\/11\/2025\/10\/1-B-464368450_910869367645702_4621702521702425434_n-1.jpg","contentUrl":"https:\/\/raftingvillegas.com\/wp-content\/uploads\/sites\/11\/2025\/10\/1-B-464368450_910869367645702_4621702521702425434_n-1.jpg","width":768,"height":1024},{"@type":"BreadcrumbList","@id":"https:\/\/raftingvillegas.com\/producto\/traslado-cerveceria-patagonia-cerveza-artesanal-y-vistas-unicas\/#breadcrumb","itemListElement":[{"@type":"ListItem","position":1,"name":"Portada","item":"https:\/\/raftingvillegas.com\/"},{"@type":"ListItem","position":2,"name":"Tienda","item":"https:\/\/raftingvillegas.com\/tienda\/"},{"@type":"ListItem","position":3,"name":"Traslado Cervecer\u00eda Patagonia: Cerveza artesanal y vistas \u00fanicas"}]},{"@type":"WebSite","@id":"https:\/\/raftingvillegas.com\/#website","url":"https:\/\/raftingvillegas.com\/","name":"Rafting Villegas","description":"Surrender to the river, conquer the rapids: safe and exciting rafting.","potentialAction":[{"@type":"SearchAction","target":{"@type":"EntryPoint","urlTemplate":"https:\/\/raftingvillegas.com\/?s={search_term_string}"},"query-input":{"@type":"PropertyValueSpecification","valueRequired":true,"valueName":"search_term_string"}}],"inLanguage":"en-US"}]},"product_price_amount":"31200.00","product_price_currency":"ARS","og_availability":"instock","product_availability":"instock","product_retailer_item_id":"ADV2025TRACEPM4Z8","product_condition":"new"},"_links":{"self":[{"href":"https:\/\/raftingvillegas.com\/en\/wp-json\/wp\/v2\/product\/345","targetHints":{"allow":["GET"]}}],"collection":[{"href":"https:\/\/raftingvillegas.com\/en\/wp-json\/wp\/v2\/product"}],"about":[{"href":"https:\/\/raftingvillegas.com\/en\/wp-json\/wp\/v2\/types\/product"}],"replies":[{"embeddable":true,"href":"https:\/\/raftingvillegas.com\/en\/wp-json\/wp\/v2\/comments?post=345"}],"wp:featuredmedia":[{"embeddable":true,"href":"https:\/\/raftingvillegas.com\/en\/wp-json\/wp\/v2\/media\/359"}],"wp:attachment":[{"href":"https:\/\/raftingvillegas.com\/en\/wp-json\/wp\/v2\/media?parent=345"}],"wp:term":[{"taxonomy":"product_brand","embeddable":true,"href":"https:\/\/raftingvillegas.com\/en\/wp-json\/wp\/v2\/product_brand?post=345"},{"taxonomy":"product_cat","embeddable":true,"href":"https:\/\/raftingvillegas.com\/en\/wp-json\/wp\/v2\/product_cat?post=345"},{"taxonomy":"product_tag","embeddable":true,"href":"https:\/\/raftingvillegas.com\/en\/wp-json\/wp\/v2\/product_tag?post=345"}],"curies":[{"name":"wp","href":"https:\/\/api.w.org\/{rel}","templated":true}]}}