{"id":343,"date":"2025-10-11T15:59:49","date_gmt":"2025-10-11T13:59:49","guid":{"rendered":"https:\/\/raftingvillegas.com\/?post_type=product&#038;p=343"},"modified":"2026-04-02T05:06:36","modified_gmt":"2026-04-02T03:06:36","slug":"circuito-grande-descubri-la-ruta-de-los-lagos-y-la-magia-cordillerana","status":"publish","type":"product","link":"https:\/\/raftingvillegas.com\/en\/product\/large-circuit-discover-the-route-of-the-lakes-and-the-magic-of-the-mountains\/","title":{"rendered":"Circuito Grande: discover the Route of the Lakes and the magic of the mountain ranges"},"content":{"rendered":"<h3 class=\"ai-optimize-22\">Endless landscapes, mountain villages and the most scenic route in Patagonia.<\/h3>\n<p class=\"ai-optimize-23 ai-optimize-introduction\" data-start=\"539\" data-end=\"785\">Experience a full day tour of approximately 240 to 300 km, passing through some of the most iconic landscapes of the region. The <strong data-start=\"672\" data-end=\"691\">Large Circuit<\/strong> is ideal for those who wish to combine nature, culture and adventure in a single excursion.<\/p>\n<p class=\"ai-optimize-24\" data-start=\"787\" data-end=\"1057\">Departure is from meeting points between downtown and km 8 of Bustillo Av. or Pioneros Av. From there, the trip begins heading northeast, bordering the <strong data-start=\"953\" data-end=\"970\">\u00d1ireco creek<\/strong> and the <strong data-start=\"976\" data-end=\"989\">Limay river<\/strong>, which marks the boundary between the provinces of R\u00edo Negro and Neuqu\u00e9n.<\/p>\n<p class=\"ai-optimize-25\" data-start=\"1059\" data-end=\"1328\">The tour continues to the <strong data-start=\"1090\" data-end=\"1109\">Enchanted Valley<\/strong> and the <strong data-start=\"1115\" data-end=\"1129\">Amphitheater<\/strong>, We will visit unique natural sceneries that seem to have been sculpted by the hand of time. Then we will visit the mountain village <strong data-start=\"1244\" data-end=\"1260\">Villa Traful<\/strong>, famous for its wooded setting and views of the lake of the same name.<\/p>\n<p class=\"ai-optimize-26\" data-start=\"1330\" data-end=\"1573\">The journey culminates at the picturesque <strong data-start=\"1367\" data-end=\"1389\">Villa La Angostura<\/strong>, through the emblematic <strong data-start=\"1418\" data-end=\"1441\">Route of the 7 Lakes<\/strong>, One of the most impressive panoramic stretches of Patagonia. The return to Bariloche is done by the <strong data-start=\"1550\" data-end=\"1570\">National Route 40<\/strong>.<\/p>\n<p class=\"ai-optimize-27\" data-start=\"1575\" data-end=\"1627\"><strong data-start=\"1578\" data-end=\"1601\">Departure times:<\/strong> 08:30 to 18:00 hs approx.<\/p>\n<p class=\"ai-optimize-28\" data-start=\"1634\" data-end=\"1655\"><strong data-start=\"1634\" data-end=\"1653\">What it includes:<\/strong><\/p>\n<ul data-start=\"1656\" data-end=\"1734\">\n<li class=\"ai-optimize-29\" data-start=\"1656\" data-end=\"1682\">\n<p class=\"ai-optimize-30\" data-start=\"1658\" data-end=\"1682\">Guided land tour.<\/p>\n<\/li>\n<li class=\"ai-optimize-31\" data-start=\"1683\" data-end=\"1734\">\n<p class=\"ai-optimize-32\" data-start=\"1685\" data-end=\"1734\">Transfer to and from meeting points.<\/p>\n<\/li>\n<\/ul>\n<p class=\"ai-optimize-33\" data-start=\"1736\" data-end=\"1760\"><strong data-start=\"1736\" data-end=\"1758\">What it does not include:<\/strong><\/p>\n<ul data-start=\"1761\" data-end=\"1815\">\n<li class=\"ai-optimize-34\" data-start=\"1761\" data-end=\"1815\">\n<p class=\"ai-optimize-35\" data-start=\"1763\" data-end=\"1815\">Meals (there are gastronomic inns along the way).<\/p>\n<p data-start=\"2100\" data-end=\"2224\">\n<\/li>\n<\/ul>\n<h3 class=\"ai-optimize-36\" data-start=\"1763\" data-end=\"1815\"><strong data-start=\"1822\" data-end=\"1846\">Frequently asked questions<\/strong><\/h3>\n<p class=\"ai-optimize-37\" data-start=\"1850\" data-end=\"1967\"><strong><em data-start=\"1852\" data-end=\"1892\">Is the course physically demanding?<\/em><\/strong><br data-start=\"1892\" data-end=\"1895\" \/>No, it is a bus\/minivan ride with photo and rest stops.<\/p>\n<p class=\"ai-optimize-38\" data-start=\"1969\" data-end=\"2098\"><strong><em data-start=\"1971\" data-end=\"1992\">Where do you have lunch?<\/em><\/strong><br data-start=\"1992\" data-end=\"1995\" \/>In Villa Traful or Villa La Angostura, in regional restaurants and inns (optional, not included).<\/p>\n<p class=\"ai-optimize-39\" data-start=\"2100\" data-end=\"2224\"><strong><em data-start=\"2102\" data-end=\"2127\">Is it suspended due to weather?<\/em><\/strong><br data-start=\"2127\" data-end=\"2130\" \/>No, the route can be used in all conditions, except for exceptional road closures.<\/p>","protected":false},"excerpt":{"rendered":"<p class=\"ai-optimize-42\">Discover Patagonia on a full day trip through the Circuito Grande. Valle Encantado, Villa Traful and Villa La Angostura, returning along the 7 Lakes Route.<\/p>","protected":false},"featured_media":347,"comment_status":"open","ping_status":"closed","template":"","meta":[],"product_brand":[],"product_cat":[17,21,22,28,32,35,37],"product_tag":[],"class_list":{"0":"post-343","1":"product","2":"type-product","3":"status-publish","4":"has-post-thumbnail","6":"product_cat-adultos","7":"product_cat-con-traslado","8":"product_cat-familia","9":"product_cat-ninos","10":"product_cat-sin-comida","11":"product_cat-terrestre","12":"product_cat-todo-el-ano","14":"first","15":"instock","16":"virtual","17":"sold-individually","18":"purchasable","19":"product-type-booking"},"booking_location":"","booking_location_type":"","booking_duration":1,"booking_duration_unit":"hour","booking_buffer":0,"booking_cost":0,"booking_resources":[],"exclude_global_add_ons":false,"addons":[{"name":"STD | Passengers","type":"input_multiplier","position":0,"required":false,"title_format":"label","default":"","description_enable":false,"description":"","placeholder_enable":false,"placeholder":"","display":"select","restrictions_type":"any_text","adjust_price":true,"price":"71400","price_type":"quantity_based","restrictions":false,"min":"0","max":"0","options":[],"id":1773231728}],"yoast_head":"<!-- This site is optimized with the Yoast SEO Premium plugin v25.2 (Yoast SEO v25.2) - https:\/\/yoast.com\/wordpress\/plugins\/seo\/ -->\n<title>Circuito Grande por los 7 lagos - Rafting Villegas<\/title>\n<meta name=\"description\" content=\"Descubr\u00ed los paisajes m\u00e1s emblem\u00e1ticos de la Patagonia: valles, lagos y pueblos de monta\u00f1a en un tour esc\u00e9nico de d\u00eda completo desde Bariloche.\" \/>\n<meta name=\"robots\" content=\"index, follow, max-snippet:-1, max-image-preview:large, max-video-preview:-1\" \/>\n<link rel=\"canonical\" href=\"https:\/\/raftingvillegas.com\/en\/product\/large-circuit-discover-the-route-of-the-lakes-and-the-magic-of-the-mountains\/\" \/>\n<meta property=\"og:locale\" content=\"en_US\" \/>\n<meta property=\"og:type\" content=\"article\" \/>\n<meta property=\"og:title\" content=\"Circuito Grande: descubr\u00ed la Ruta de los Lagos y la magia cordillerana\" \/>\n<meta property=\"og:description\" content=\"Descubr\u00ed los paisajes m\u00e1s emblem\u00e1ticos de la Patagonia: valles, lagos y pueblos de monta\u00f1a en un tour esc\u00e9nico de d\u00eda completo desde Bariloche.\" \/>\n<meta property=\"og:url\" content=\"https:\/\/raftingvillegas.com\/en\/product\/large-circuit-discover-the-route-of-the-lakes-and-the-magic-of-the-mountains\/\" \/>\n<meta property=\"og:site_name\" content=\"Rafting Villegas\" \/>\n<meta property=\"article:modified_time\" content=\"2026-04-02T03:06:36+00:00\" \/>\n<meta property=\"og:image\" content=\"https:\/\/raftingvillegas.com\/wp-content\/uploads\/sites\/11\/2025\/10\/1-B-Airbrush-Image-Enhancer-1757772029116-1-1.jpg\" \/>\n\t<meta property=\"og:image:width\" content=\"768\" \/>\n\t<meta property=\"og:image:height\" content=\"1024\" \/>\n\t<meta property=\"og:image:type\" content=\"image\/jpeg\" \/>\n<meta name=\"twitter:card\" content=\"summary_large_image\" \/>\n<meta name=\"twitter:label1\" content=\"Price\" \/>\n\t<meta name=\"twitter:data1\" content=\"&#036;71,400.00\" \/>\n\t<meta name=\"twitter:label2\" content=\"Availability\" \/>\n\t<meta name=\"twitter:data2\" content=\"In stock\" \/>\n<script type=\"application\/ld+json\" class=\"yoast-schema-graph\">{\"@context\":\"https:\/\/schema.org\",\"@graph\":[{\"@type\":[\"WebPage\",\"ItemPage\"],\"@id\":\"https:\/\/raftingvillegas.com\/producto\/circuito-grande-descubri-la-ruta-de-los-lagos-y-la-magia-cordillerana\/\",\"url\":\"https:\/\/raftingvillegas.com\/producto\/circuito-grande-descubri-la-ruta-de-los-lagos-y-la-magia-cordillerana\/\",\"name\":\"Circuito Grande por los 7 lagos - Rafting Villegas\",\"isPartOf\":{\"@id\":\"https:\/\/raftingvillegas.com\/#website\"},\"primaryImageOfPage\":{\"@id\":\"https:\/\/raftingvillegas.com\/producto\/circuito-grande-descubri-la-ruta-de-los-lagos-y-la-magia-cordillerana\/#primaryimage\"},\"image\":{\"@id\":\"https:\/\/raftingvillegas.com\/producto\/circuito-grande-descubri-la-ruta-de-los-lagos-y-la-magia-cordillerana\/#primaryimage\"},\"thumbnailUrl\":\"https:\/\/raftingvillegas.com\/wp-content\/uploads\/sites\/11\/2025\/10\/1-B-Airbrush-Image-Enhancer-1757772029116-1-1.jpg\",\"datePublished\":\"2025-10-11T13:59:49+00:00\",\"dateModified\":\"2026-04-02T03:06:36+00:00\",\"description\":\"Descubr\u00ed los paisajes m\u00e1s emblem\u00e1ticos de la Patagonia: valles, lagos y pueblos de monta\u00f1a en un tour esc\u00e9nico de d\u00eda completo desde Bariloche.\",\"breadcrumb\":{\"@id\":\"https:\/\/raftingvillegas.com\/producto\/circuito-grande-descubri-la-ruta-de-los-lagos-y-la-magia-cordillerana\/#breadcrumb\"},\"inLanguage\":\"en-US\",\"potentialAction\":[{\"@type\":\"ReadAction\",\"target\":[\"https:\/\/raftingvillegas.com\/producto\/circuito-grande-descubri-la-ruta-de-los-lagos-y-la-magia-cordillerana\/\"]}]},{\"@type\":\"ImageObject\",\"inLanguage\":\"en-US\",\"@id\":\"https:\/\/raftingvillegas.com\/producto\/circuito-grande-descubri-la-ruta-de-los-lagos-y-la-magia-cordillerana\/#primaryimage\",\"url\":\"https:\/\/raftingvillegas.com\/wp-content\/uploads\/sites\/11\/2025\/10\/1-B-Airbrush-Image-Enhancer-1757772029116-1-1.jpg\",\"contentUrl\":\"https:\/\/raftingvillegas.com\/wp-content\/uploads\/sites\/11\/2025\/10\/1-B-Airbrush-Image-Enhancer-1757772029116-1-1.jpg\",\"width\":768,\"height\":1024},{\"@type\":\"BreadcrumbList\",\"@id\":\"https:\/\/raftingvillegas.com\/producto\/circuito-grande-descubri-la-ruta-de-los-lagos-y-la-magia-cordillerana\/#breadcrumb\",\"itemListElement\":[{\"@type\":\"ListItem\",\"position\":1,\"name\":\"Portada\",\"item\":\"https:\/\/raftingvillegas.com\/\"},{\"@type\":\"ListItem\",\"position\":2,\"name\":\"Tienda\",\"item\":\"https:\/\/raftingvillegas.com\/tienda\/\"},{\"@type\":\"ListItem\",\"position\":3,\"name\":\"Circuito Grande: descubr\u00ed la Ruta de los Lagos y la magia cordillerana\"}]},{\"@type\":\"WebSite\",\"@id\":\"https:\/\/raftingvillegas.com\/#website\",\"url\":\"https:\/\/raftingvillegas.com\/\",\"name\":\"Rafting Villegas\",\"description\":\"R\u00edndete al r\u00edo, conquista los r\u00e1pidos: rafting seguro y emocionante.\",\"potentialAction\":[{\"@type\":\"SearchAction\",\"target\":{\"@type\":\"EntryPoint\",\"urlTemplate\":\"https:\/\/raftingvillegas.com\/?s={search_term_string}\"},\"query-input\":{\"@type\":\"PropertyValueSpecification\",\"valueRequired\":true,\"valueName\":\"search_term_string\"}}],\"inLanguage\":\"en-US\"}]}<\/script>\n<meta property=\"product:price:amount\" content=\"71400.00\" \/>\n<meta property=\"product:price:currency\" content=\"ARS\" \/>\n<meta property=\"og:availability\" content=\"instock\" \/>\n<meta property=\"product:availability\" content=\"instock\" \/>\n<meta property=\"product:retailer_item_id\" content=\"ADV2025CIGRX9T2\" \/>\n<meta property=\"product:condition\" content=\"new\" \/>\n<!-- \/ Yoast SEO Premium plugin. -->","yoast_head_json":{"title":"Big Circuit through the 7 lakes - Rafting Villegas","description":"Discover the most emblematic landscapes of Patagonia: valleys, lakes and mountain villages on a full day scenic tour from Bariloche.","robots":{"index":"index","follow":"follow","max-snippet":"max-snippet:-1","max-image-preview":"max-image-preview:large","max-video-preview":"max-video-preview:-1"},"canonical":"https:\/\/raftingvillegas.com\/en\/product\/large-circuit-discover-the-route-of-the-lakes-and-the-magic-of-the-mountains\/","og_locale":"en_US","og_type":"article","og_title":"Circuito Grande: descubr\u00ed la Ruta de los Lagos y la magia cordillerana","og_description":"Descubr\u00ed los paisajes m\u00e1s emblem\u00e1ticos de la Patagonia: valles, lagos y pueblos de monta\u00f1a en un tour esc\u00e9nico de d\u00eda completo desde Bariloche.","og_url":"https:\/\/raftingvillegas.com\/en\/product\/large-circuit-discover-the-route-of-the-lakes-and-the-magic-of-the-mountains\/","og_site_name":"Rafting Villegas","article_modified_time":"2026-04-02T03:06:36+00:00","og_image":[{"width":768,"height":1024,"url":"https:\/\/raftingvillegas.com\/wp-content\/uploads\/sites\/11\/2025\/10\/1-B-Airbrush-Image-Enhancer-1757772029116-1-1.jpg","type":"image\/jpeg"}],"twitter_card":"summary_large_image","twitter_misc":{"Price":"&#36;71,400.00","Availability":"In stock"},"schema":{"@context":"https:\/\/schema.org","@graph":[{"@type":["WebPage","ItemPage"],"@id":"https:\/\/raftingvillegas.com\/producto\/circuito-grande-descubri-la-ruta-de-los-lagos-y-la-magia-cordillerana\/","url":"https:\/\/raftingvillegas.com\/producto\/circuito-grande-descubri-la-ruta-de-los-lagos-y-la-magia-cordillerana\/","name":"Big Circuit through the 7 lakes - Rafting Villegas","isPartOf":{"@id":"https:\/\/raftingvillegas.com\/#website"},"primaryImageOfPage":{"@id":"https:\/\/raftingvillegas.com\/producto\/circuito-grande-descubri-la-ruta-de-los-lagos-y-la-magia-cordillerana\/#primaryimage"},"image":{"@id":"https:\/\/raftingvillegas.com\/producto\/circuito-grande-descubri-la-ruta-de-los-lagos-y-la-magia-cordillerana\/#primaryimage"},"thumbnailUrl":"https:\/\/raftingvillegas.com\/wp-content\/uploads\/sites\/11\/2025\/10\/1-B-Airbrush-Image-Enhancer-1757772029116-1-1.jpg","datePublished":"2025-10-11T13:59:49+00:00","dateModified":"2026-04-02T03:06:36+00:00","description":"Discover the most emblematic landscapes of Patagonia: valleys, lakes and mountain villages on a full day scenic tour from Bariloche.","breadcrumb":{"@id":"https:\/\/raftingvillegas.com\/producto\/circuito-grande-descubri-la-ruta-de-los-lagos-y-la-magia-cordillerana\/#breadcrumb"},"inLanguage":"en-US","potentialAction":[{"@type":"ReadAction","target":["https:\/\/raftingvillegas.com\/producto\/circuito-grande-descubri-la-ruta-de-los-lagos-y-la-magia-cordillerana\/"]}]},{"@type":"ImageObject","inLanguage":"en-US","@id":"https:\/\/raftingvillegas.com\/producto\/circuito-grande-descubri-la-ruta-de-los-lagos-y-la-magia-cordillerana\/#primaryimage","url":"https:\/\/raftingvillegas.com\/wp-content\/uploads\/sites\/11\/2025\/10\/1-B-Airbrush-Image-Enhancer-1757772029116-1-1.jpg","contentUrl":"https:\/\/raftingvillegas.com\/wp-content\/uploads\/sites\/11\/2025\/10\/1-B-Airbrush-Image-Enhancer-1757772029116-1-1.jpg","width":768,"height":1024},{"@type":"BreadcrumbList","@id":"https:\/\/raftingvillegas.com\/producto\/circuito-grande-descubri-la-ruta-de-los-lagos-y-la-magia-cordillerana\/#breadcrumb","itemListElement":[{"@type":"ListItem","position":1,"name":"Portada","item":"https:\/\/raftingvillegas.com\/"},{"@type":"ListItem","position":2,"name":"Tienda","item":"https:\/\/raftingvillegas.com\/tienda\/"},{"@type":"ListItem","position":3,"name":"Circuito Grande: descubr\u00ed la Ruta de los Lagos y la magia cordillerana"}]},{"@type":"WebSite","@id":"https:\/\/raftingvillegas.com\/#website","url":"https:\/\/raftingvillegas.com\/","name":"Rafting Villegas","description":"Surrender to the river, conquer the rapids: safe and exciting rafting.","potentialAction":[{"@type":"SearchAction","target":{"@type":"EntryPoint","urlTemplate":"https:\/\/raftingvillegas.com\/?s={search_term_string}"},"query-input":{"@type":"PropertyValueSpecification","valueRequired":true,"valueName":"search_term_string"}}],"inLanguage":"en-US"}]},"product_price_amount":"71400.00","product_price_currency":"ARS","og_availability":"instock","product_availability":"instock","product_retailer_item_id":"ADV2025CIGRX9T2","product_condition":"new"},"_links":{"self":[{"href":"https:\/\/raftingvillegas.com\/en\/wp-json\/wp\/v2\/product\/343","targetHints":{"allow":["GET"]}}],"collection":[{"href":"https:\/\/raftingvillegas.com\/en\/wp-json\/wp\/v2\/product"}],"about":[{"href":"https:\/\/raftingvillegas.com\/en\/wp-json\/wp\/v2\/types\/product"}],"replies":[{"embeddable":true,"href":"https:\/\/raftingvillegas.com\/en\/wp-json\/wp\/v2\/comments?post=343"}],"wp:featuredmedia":[{"embeddable":true,"href":"https:\/\/raftingvillegas.com\/en\/wp-json\/wp\/v2\/media\/347"}],"wp:attachment":[{"href":"https:\/\/raftingvillegas.com\/en\/wp-json\/wp\/v2\/media?parent=343"}],"wp:term":[{"taxonomy":"product_brand","embeddable":true,"href":"https:\/\/raftingvillegas.com\/en\/wp-json\/wp\/v2\/product_brand?post=343"},{"taxonomy":"product_cat","embeddable":true,"href":"https:\/\/raftingvillegas.com\/en\/wp-json\/wp\/v2\/product_cat?post=343"},{"taxonomy":"product_tag","embeddable":true,"href":"https:\/\/raftingvillegas.com\/en\/wp-json\/wp\/v2\/product_tag?post=343"}],"curies":[{"name":"wp","href":"https:\/\/api.w.org\/{rel}","templated":true}]}}