{"id":32,"date":"2025-08-18T19:27:59","date_gmt":"2025-08-18T17:27:59","guid":{"rendered":"https:\/\/raftingvillegas.com\/producto\/rafting-al-limite-con-chile-sin-traslado\/"},"modified":"2026-04-02T05:06:36","modified_gmt":"2026-04-02T03:06:36","slug":"rafting-al-limite-con-chile-sin-traslado","status":"publish","type":"product","link":"https:\/\/raftingvillegas.com\/en\/product\/rafting-to-the-chilean-border-without-transfer\/","title":{"rendered":"Rafting to the border with Chile No transfer"},"content":{"rendered":"<h2 class=\"ai-optimize-6\">River Adventure on the Border with Chile<\/h2>\n<p class=\"ai-optimize-7 ai-optimize-introduction\">Let yourself be surprised by a <strong>unforgettable rafting experience<\/strong> that brings you closer to the Patagonian essence. You will travel through the imposing beauty of the Manso River, where the rapids class <strong>3 y 4<\/strong> are the protagonists and the challenge reaches the international border with Chile.<\/p>\n<h3 class=\"ai-optimize-8\">Start of the proposal<\/h3>\n<p class=\"ai-optimize-9\">The day starts at our established reception point. Before embarking on the adventure, our specialized guides will provide you with all the necessary equipment: wetsuits, helmets and life jackets. Safety always comes first.<\/p>\n<h3 class=\"ai-optimize-10\">Paddling in the Manso River<\/h3>\n<ul>\n<li class=\"ai-optimize-11\"><strong>Route:<\/strong> A journey of <strong>10 km<\/strong> navigating the Manso River for a few <strong>2 hours<\/strong> full of emotions.<\/li>\n<li class=\"ai-optimize-12\"><strong>Difficulty:<\/strong> Paddle and feel the adrenaline of the rapids category. <strong>III\/IV<\/strong>.<\/li>\n<li class=\"ai-optimize-13\">Upon arrival at the border with Chile, we will be waiting for you with the transfer back to the initial refuge.<\/li>\n<\/ul>\n<h3 class=\"ai-optimize-14\">Delights on return<\/h3>\n<p class=\"ai-optimize-15\">After the paddling, there is the possibility to have lunch at the parador. The service is not part of the package, but you can ask for it. <strong>barbecue<\/strong>, <strong>pasta<\/strong> or a salad, options available at a separate cost.<\/p>\n<h3 class=\"ai-optimize-16\">Useful recommendations<\/h3>\n<ul>\n<li class=\"ai-optimize-17\">Proposal oriented to <strong>adolescents and adults<\/strong> from the <strong>14 years<\/strong>.<\/li>\n<li class=\"ai-optimize-18\">Go to <strong>towel<\/strong> and a change of comfortable clothes for later.<\/li>\n<\/ul>\n<h3 class=\"ai-optimize-19\">Data for the No Relocation option<\/h3>\n<p class=\"ai-optimize-20\">If you choose to come on your own, the meeting point is our refuge, located at the <strong data-start=\"372\" data-end=\"389\">Villegas Base<\/strong>, on the <strong data-start=\"400\" data-end=\"417\">Route 83, Km 1, San Carlos de Bariloche, R\u00edo Negro.<\/strong>.<br data-start=\"418\" data-end=\"421\" \/>See the location here: <a class=\"\" href=\"https:\/\/maps.app.goo.gl\/NqbsUN6VB5Fnt7hVA\" target=\"_new\" rel=\"noopener\" data-start=\"449\" data-end=\"535\">https:\/\/maps.app.goo.gl\/NqbsUN6VB5Fnt7hVA<\/a><\/p>\n<h3 class=\"ai-optimize-21\">Key data for your experience<\/h3>\n<ul>\n<li class=\"ai-optimize-22\"><strong>Duration:<\/strong> From <strong>9:00 a.m. to 6:00 p.m.<\/strong>, approximately.<\/li>\n<li class=\"ai-optimize-23\"><strong>Includes:<\/strong> Rafting activity and all equipment: wetsuit, vest, waterproof jacket, neoprene boots, paddle and helmet.<\/li>\n<li class=\"ai-optimize-24\"><strong>Does not include:<\/strong> Transfers, pick up at your accommodation, breakfast and lunch.<\/li>\n<\/ul>\n<h2 class=\"ai-optimize-25\">Frequently asked questions<\/h2>\n<ul>\n<li class=\"ai-optimize-26\"><strong>What is the minimum age requirement?<\/strong><br \/>\nThe proposal is designed for people over 14 years of age.<\/li>\n<li class=\"ai-optimize-27\"><strong>What technical equipment do you deliver?<\/strong><br \/>\nWe provide you with wetsuit, life jacket, helmet, boots and paddle.<\/li>\n<li class=\"ai-optimize-28\"><strong>Is lunch included?<\/strong><br \/>\nLunch is not included; you can add it and choose your favorite combination, paying separately.<\/li>\n<li class=\"ai-optimize-29\"><strong>Where should I apply if I do not choose to transfer?<\/strong><br \/>\nFor the modality without transfer, we will be waiting for you at the <strong data-start=\"372\" data-end=\"389\">Villegas Base<\/strong>, on the <strong data-start=\"400\" data-end=\"417\">Route 83, Km 1, San Carlos de Bariloche, R\u00edo Negro.<br \/>\nSee the location on Google Maps: <a class=\"\" href=\"https:\/\/maps.app.goo.gl\/NqbsUN6VB5Fnt7hVA\" target=\"_new\" rel=\"noopener\" data-start=\"449\" data-end=\"535\">https:\/\/maps.app.goo.gl\/NqbsUN6VB5Fnt7hVA<\/a><br \/>\n<\/strong><\/li>\n<\/ul>","protected":false},"excerpt":{"rendered":"<p class=\"ai-optimize-6\">Enjoy the experience of running the Manso River without worrying about transfers. Dive into class III\/IV rapids and start the day with a hearty breakfast. Perfect for ages 14 and up, this ride ensures fun, excitement and breathtaking views.<\/p>","protected":false},"featured_media":231,"comment_status":"open","ping_status":"closed","template":"","meta":[],"product_brand":[],"product_cat":[17,19,22,29,30,32,33,38],"product_tag":[],"class_list":{"0":"post-32","1":"product","2":"type-product","3":"status-publish","4":"has-post-thumbnail","6":"product_cat-adultos","7":"product_cat-aventura","8":"product_cat-familia","9":"product_cat-otono","10":"product_cat-primavera","11":"product_cat-sin-comida","12":"product_cat-sin-traslado","13":"product_cat-verano","15":"first","16":"instock","17":"virtual","18":"sold-individually","19":"purchasable","20":"product-type-booking"},"booking_location":"","booking_location_type":"","booking_duration":1,"booking_duration_unit":"hour","booking_buffer":0,"booking_cost":0,"booking_resources":[],"exclude_global_add_ons":false,"addons":[{"name":"ADU | Adult","type":"input_multiplier","position":0,"required":false,"title_format":"label","default":"","description_enable":false,"description":"","placeholder_enable":false,"placeholder":"","display":"select","restrictions_type":"any_text","adjust_price":true,"price":"140400","price_type":"quantity_based","restrictions":false,"min":"0","max":"0","options":[],"id":1773236380},{"name":"EXTRA | Companion","type":"input_multiplier","position":1,"required":false,"title_format":"label","default":"","description_enable":false,"description":"","placeholder_enable":false,"placeholder":"","display":"select","restrictions_type":"any_text","adjust_price":true,"price":"70200","price_type":"quantity_based","restrictions":false,"min":"0","max":"0","options":[],"id":1773236381},{"name":"MEN1418 | from 14 to 18","type":"input_multiplier","position":2,"required":false,"title_format":"label","default":"","description_enable":false,"description":"","placeholder_enable":false,"placeholder":"","display":"select","restrictions_type":"any_text","adjust_price":true,"price":"140400","price_type":"quantity_based","restrictions":false,"min":"0","max":"0","options":[],"id":1773236382}],"yoast_head":"<!-- This site is optimized with the Yoast SEO Premium plugin v25.2 (Yoast SEO v25.2) - https:\/\/yoast.com\/wordpress\/plugins\/seo\/ -->\n<title>Rafting en Bariloche | Aventura hasta la frontera con Chile - Rafting Villegas<\/title>\n<meta name=\"description\" content=\"Viv\u00ed la experiencia de rafting en Bariloche hasta la frontera con Chile. R\u00e1pidos grado III y IV, gu\u00edas expertos y pura adrenalina en la Patagonia.\" \/>\n<meta name=\"robots\" content=\"index, follow, max-snippet:-1, max-image-preview:large, max-video-preview:-1\" \/>\n<link rel=\"canonical\" href=\"https:\/\/raftingvillegas.com\/en\/product\/rafting-to-the-chilean-border-without-transfer\/\" \/>\n<meta property=\"og:locale\" content=\"en_US\" \/>\n<meta property=\"og:type\" content=\"article\" \/>\n<meta property=\"og:title\" content=\"Rafting al l\u00edmite con Chile Sin traslado\" \/>\n<meta property=\"og:description\" content=\"Viv\u00ed la experiencia de rafting en Bariloche hasta la frontera con Chile. R\u00e1pidos grado III y IV, gu\u00edas expertos y pura adrenalina en la Patagonia.\" \/>\n<meta property=\"og:url\" content=\"https:\/\/raftingvillegas.com\/en\/product\/rafting-to-the-chilean-border-without-transfer\/\" \/>\n<meta property=\"og:site_name\" content=\"Rafting Villegas\" \/>\n<meta property=\"article:modified_time\" content=\"2026-04-02T03:06:36+00:00\" \/>\n<meta property=\"og:image\" content=\"https:\/\/raftingvillegas.com\/wp-content\/uploads\/sites\/11\/2025\/08\/13-A-el-rafting-es-una-actividad.jpg\" \/>\n\t<meta property=\"og:image:width\" content=\"850\" \/>\n\t<meta property=\"og:image:height\" content=\"1133\" \/>\n\t<meta property=\"og:image:type\" content=\"image\/jpeg\" \/>\n<meta name=\"twitter:card\" content=\"summary_large_image\" \/>\n<meta name=\"twitter:label1\" content=\"Price\" \/>\n\t<meta name=\"twitter:data1\" content=\"&#036;140,400.00\" \/>\n\t<meta name=\"twitter:label2\" content=\"Availability\" \/>\n\t<meta name=\"twitter:data2\" content=\"In stock\" \/>\n<script type=\"application\/ld+json\" class=\"yoast-schema-graph\">{\"@context\":\"https:\/\/schema.org\",\"@graph\":[{\"@type\":[\"WebPage\",\"ItemPage\"],\"@id\":\"https:\/\/raftingvillegas.com\/producto\/rafting-al-limite-con-chile-sin-traslado\/\",\"url\":\"https:\/\/raftingvillegas.com\/producto\/rafting-al-limite-con-chile-sin-traslado\/\",\"name\":\"Rafting en Bariloche | Aventura hasta la frontera con Chile - Rafting Villegas\",\"isPartOf\":{\"@id\":\"https:\/\/raftingvillegas.com\/#website\"},\"primaryImageOfPage\":{\"@id\":\"https:\/\/raftingvillegas.com\/producto\/rafting-al-limite-con-chile-sin-traslado\/#primaryimage\"},\"image\":{\"@id\":\"https:\/\/raftingvillegas.com\/producto\/rafting-al-limite-con-chile-sin-traslado\/#primaryimage\"},\"thumbnailUrl\":\"https:\/\/raftingvillegas.com\/wp-content\/uploads\/sites\/11\/2025\/08\/13-A-el-rafting-es-una-actividad.jpg\",\"datePublished\":\"2025-08-18T17:27:59+00:00\",\"dateModified\":\"2026-04-02T03:06:36+00:00\",\"description\":\"Viv\u00ed la experiencia de rafting en Bariloche hasta la frontera con Chile. R\u00e1pidos grado III y IV, gu\u00edas expertos y pura adrenalina en la Patagonia.\",\"breadcrumb\":{\"@id\":\"https:\/\/raftingvillegas.com\/producto\/rafting-al-limite-con-chile-sin-traslado\/#breadcrumb\"},\"inLanguage\":\"en-US\",\"potentialAction\":[{\"@type\":\"ReadAction\",\"target\":[\"https:\/\/raftingvillegas.com\/producto\/rafting-al-limite-con-chile-sin-traslado\/\"]}]},{\"@type\":\"ImageObject\",\"inLanguage\":\"en-US\",\"@id\":\"https:\/\/raftingvillegas.com\/producto\/rafting-al-limite-con-chile-sin-traslado\/#primaryimage\",\"url\":\"https:\/\/raftingvillegas.com\/wp-content\/uploads\/sites\/11\/2025\/08\/13-A-el-rafting-es-una-actividad.jpg\",\"contentUrl\":\"https:\/\/raftingvillegas.com\/wp-content\/uploads\/sites\/11\/2025\/08\/13-A-el-rafting-es-una-actividad.jpg\",\"width\":850,\"height\":1133},{\"@type\":\"BreadcrumbList\",\"@id\":\"https:\/\/raftingvillegas.com\/producto\/rafting-al-limite-con-chile-sin-traslado\/#breadcrumb\",\"itemListElement\":[{\"@type\":\"ListItem\",\"position\":1,\"name\":\"Portada\",\"item\":\"https:\/\/raftingvillegas.com\/\"},{\"@type\":\"ListItem\",\"position\":2,\"name\":\"Tienda\",\"item\":\"https:\/\/raftingvillegas.com\/tienda\/\"},{\"@type\":\"ListItem\",\"position\":3,\"name\":\"Rafting al l\u00edmite con Chile Sin traslado\"}]},{\"@type\":\"WebSite\",\"@id\":\"https:\/\/raftingvillegas.com\/#website\",\"url\":\"https:\/\/raftingvillegas.com\/\",\"name\":\"Rafting Villegas\",\"description\":\"R\u00edndete al r\u00edo, conquista los r\u00e1pidos: rafting seguro y emocionante.\",\"potentialAction\":[{\"@type\":\"SearchAction\",\"target\":{\"@type\":\"EntryPoint\",\"urlTemplate\":\"https:\/\/raftingvillegas.com\/?s={search_term_string}\"},\"query-input\":{\"@type\":\"PropertyValueSpecification\",\"valueRequired\":true,\"valueName\":\"search_term_string\"}}],\"inLanguage\":\"en-US\"}]}<\/script>\n<meta property=\"product:price:amount\" content=\"140400.00\" \/>\n<meta property=\"product:price:currency\" content=\"ARS\" \/>\n<meta property=\"og:availability\" content=\"instock\" \/>\n<meta property=\"product:availability\" content=\"instock\" \/>\n<meta property=\"product:retailer_item_id\" content=\"ADV2025RAALL\u00cd530P\" \/>\n<meta property=\"product:condition\" content=\"new\" \/>\n<!-- \/ Yoast SEO Premium plugin. -->","yoast_head_json":{"title":"Rafting in Bariloche | Adventure to the Chilean border - Rafting Villegas","description":"Live the experience of rafting in Bariloche to the border with Chile. Grade III and IV rapids, expert guides and pure adrenaline in Patagonia.","robots":{"index":"index","follow":"follow","max-snippet":"max-snippet:-1","max-image-preview":"max-image-preview:large","max-video-preview":"max-video-preview:-1"},"canonical":"https:\/\/raftingvillegas.com\/en\/product\/rafting-to-the-chilean-border-without-transfer\/","og_locale":"en_US","og_type":"article","og_title":"Rafting al l\u00edmite con Chile Sin traslado","og_description":"Viv\u00ed la experiencia de rafting en Bariloche hasta la frontera con Chile. R\u00e1pidos grado III y IV, gu\u00edas expertos y pura adrenalina en la Patagonia.","og_url":"https:\/\/raftingvillegas.com\/en\/product\/rafting-to-the-chilean-border-without-transfer\/","og_site_name":"Rafting Villegas","article_modified_time":"2026-04-02T03:06:36+00:00","og_image":[{"width":850,"height":1133,"url":"https:\/\/raftingvillegas.com\/wp-content\/uploads\/sites\/11\/2025\/08\/13-A-el-rafting-es-una-actividad.jpg","type":"image\/jpeg"}],"twitter_card":"summary_large_image","twitter_misc":{"Price":"&#36;140,400.00","Availability":"In stock"},"schema":{"@context":"https:\/\/schema.org","@graph":[{"@type":["WebPage","ItemPage"],"@id":"https:\/\/raftingvillegas.com\/producto\/rafting-al-limite-con-chile-sin-traslado\/","url":"https:\/\/raftingvillegas.com\/producto\/rafting-al-limite-con-chile-sin-traslado\/","name":"Rafting in Bariloche | Adventure to the Chilean border - Rafting Villegas","isPartOf":{"@id":"https:\/\/raftingvillegas.com\/#website"},"primaryImageOfPage":{"@id":"https:\/\/raftingvillegas.com\/producto\/rafting-al-limite-con-chile-sin-traslado\/#primaryimage"},"image":{"@id":"https:\/\/raftingvillegas.com\/producto\/rafting-al-limite-con-chile-sin-traslado\/#primaryimage"},"thumbnailUrl":"https:\/\/raftingvillegas.com\/wp-content\/uploads\/sites\/11\/2025\/08\/13-A-el-rafting-es-una-actividad.jpg","datePublished":"2025-08-18T17:27:59+00:00","dateModified":"2026-04-02T03:06:36+00:00","description":"Live the experience of rafting in Bariloche to the border with Chile. Grade III and IV rapids, expert guides and pure adrenaline in Patagonia.","breadcrumb":{"@id":"https:\/\/raftingvillegas.com\/producto\/rafting-al-limite-con-chile-sin-traslado\/#breadcrumb"},"inLanguage":"en-US","potentialAction":[{"@type":"ReadAction","target":["https:\/\/raftingvillegas.com\/producto\/rafting-al-limite-con-chile-sin-traslado\/"]}]},{"@type":"ImageObject","inLanguage":"en-US","@id":"https:\/\/raftingvillegas.com\/producto\/rafting-al-limite-con-chile-sin-traslado\/#primaryimage","url":"https:\/\/raftingvillegas.com\/wp-content\/uploads\/sites\/11\/2025\/08\/13-A-el-rafting-es-una-actividad.jpg","contentUrl":"https:\/\/raftingvillegas.com\/wp-content\/uploads\/sites\/11\/2025\/08\/13-A-el-rafting-es-una-actividad.jpg","width":850,"height":1133},{"@type":"BreadcrumbList","@id":"https:\/\/raftingvillegas.com\/producto\/rafting-al-limite-con-chile-sin-traslado\/#breadcrumb","itemListElement":[{"@type":"ListItem","position":1,"name":"Portada","item":"https:\/\/raftingvillegas.com\/"},{"@type":"ListItem","position":2,"name":"Tienda","item":"https:\/\/raftingvillegas.com\/tienda\/"},{"@type":"ListItem","position":3,"name":"Rafting al l\u00edmite con Chile Sin traslado"}]},{"@type":"WebSite","@id":"https:\/\/raftingvillegas.com\/#website","url":"https:\/\/raftingvillegas.com\/","name":"Rafting Villegas","description":"Surrender to the river, conquer the rapids: safe and exciting rafting.","potentialAction":[{"@type":"SearchAction","target":{"@type":"EntryPoint","urlTemplate":"https:\/\/raftingvillegas.com\/?s={search_term_string}"},"query-input":{"@type":"PropertyValueSpecification","valueRequired":true,"valueName":"search_term_string"}}],"inLanguage":"en-US"}]},"product_price_amount":"140400.00","product_price_currency":"ARS","og_availability":"instock","product_availability":"instock","product_retailer_item_id":"ADV2025RAALL\u00cd530P","product_condition":"new"},"_links":{"self":[{"href":"https:\/\/raftingvillegas.com\/en\/wp-json\/wp\/v2\/product\/32","targetHints":{"allow":["GET"]}}],"collection":[{"href":"https:\/\/raftingvillegas.com\/en\/wp-json\/wp\/v2\/product"}],"about":[{"href":"https:\/\/raftingvillegas.com\/en\/wp-json\/wp\/v2\/types\/product"}],"replies":[{"embeddable":true,"href":"https:\/\/raftingvillegas.com\/en\/wp-json\/wp\/v2\/comments?post=32"}],"wp:featuredmedia":[{"embeddable":true,"href":"https:\/\/raftingvillegas.com\/en\/wp-json\/wp\/v2\/media\/231"}],"wp:attachment":[{"href":"https:\/\/raftingvillegas.com\/en\/wp-json\/wp\/v2\/media?parent=32"}],"wp:term":[{"taxonomy":"product_brand","embeddable":true,"href":"https:\/\/raftingvillegas.com\/en\/wp-json\/wp\/v2\/product_brand?post=32"},{"taxonomy":"product_cat","embeddable":true,"href":"https:\/\/raftingvillegas.com\/en\/wp-json\/wp\/v2\/product_cat?post=32"},{"taxonomy":"product_tag","embeddable":true,"href":"https:\/\/raftingvillegas.com\/en\/wp-json\/wp\/v2\/product_tag?post=32"}],"curies":[{"name":"wp","href":"https:\/\/api.w.org\/{rel}","templated":true}]}}