{"id":31,"date":"2025-08-18T19:27:28","date_gmt":"2025-08-18T17:27:28","guid":{"rendered":"https:\/\/raftingvillegas.com\/producto\/rafting-al-limite-con-chile-con-traslado\/"},"modified":"2026-04-02T05:06:36","modified_gmt":"2026-04-02T03:06:36","slug":"rafting-rio-manso-bariloche","status":"publish","type":"product","link":"https:\/\/raftingvillegas.com\/en\/product\/manso-river-rafting-bariloche\/","title":{"rendered":"Rafting to the Chilean border with transfer"},"content":{"rendered":"<h2 class=\"ai-optimize-6\">Live the Adventure of Rafting in the Manso River<\/h2>\n<p class=\"ai-optimize-7 ai-optimize-introduction\">Immerse yourself in the <strong>more intense rafting experience<\/strong> the astonishing Manso River, a scenery full of <strong>striking nature<\/strong> and vibrant challenges. This rafting route, with grade 3 and 4 rapids, goes all the way down to the <strong>border with Chile<\/strong>, This is an unrepeatable experience full of adrenaline and unique postcards.<\/p>\n<h3 class=\"ai-optimize-8\">Activity Plan<\/h3>\n<ul>\n<li class=\"ai-optimize-9\"><strong>Start of the day:<\/strong> The tour starts at 8:00 a.m. from downtown San Carlos de Bariloche.<\/li>\n<li class=\"ai-optimize-10\"><strong>Delivery of clothing:<\/strong> You will be prepared with neoprene suits, helmets and life jackets, always under the supervision of our professional team.<\/li>\n<li class=\"ai-optimize-11\"><strong>Extension of the descent:<\/strong> Challenge the rapids in a stretch of 11 km, with an estimated time of 2 hours of pure action.<\/li>\n<li class=\"ai-optimize-12\"><strong>Lunch as an extra:<\/strong> At the end of the rafting, you have the chance to add a barbecue or fresh salads, at an additional cost.<\/li>\n<li class=\"ai-optimize-13\"><strong>Safety first:<\/strong> You will have the permanent company of support kayakers for added confidence.<\/li>\n<\/ul>\n<h3 class=\"ai-optimize-14\">Essential Information<\/h3>\n<ul>\n<li class=\"ai-optimize-15\"><strong>Helpful hints:<\/strong> Don't forget to bring a towel and an extra change of clothes.<\/li>\n<li class=\"ai-optimize-16\"><strong>Minimum age:<\/strong> It is recommended for people from 14 years of age.<\/li>\n<\/ul>\n<h3 class=\"ai-optimize-17\">Schedules<\/h3>\n<p class=\"ai-optimize-18\">The schedule runs from 9:00 am to approximately 6:00 pm.<\/p>\n<h3 class=\"ai-optimize-19\">Includes<\/h3>\n<ul>\n<li class=\"ai-optimize-20\">Complete rafting excursion.<\/li>\n<li class=\"ai-optimize-22\">Technical equipment: wetsuit, life jacket, waterproof jacket, neoprene boots, paddles and helmets.<\/li>\n<\/ul>\n<h3 class=\"ai-optimize-23\">Frequently Asked Questions<\/h3>\n<h4 class=\"ai-optimize-24\">Is it possible to arrive on one's own?<\/h4>\n<p class=\"ai-optimize-25\">If you prefer to drive, you must be at our stop where the rafting excursion takes place at the Villegas Base, Route 83 Km 1. <a class=\"theme markdown__link\" href=\"https:\/\/maps.app.goo.gl\/NqbsUN6VB5Fnt7hVA\" target=\"_blank\" rel=\"noopener noreferrer\">https:\/\/maps.app.goo.gl\/NqbsUN6VB5Fnt7hVA<\/a> this is the link to the location of the parador.<\/p>\n<h4 class=\"ai-optimize-26\">Can accompanying persons who do not participate in the activity go with me?<\/h4>\n<p class=\"ai-optimize-27\">Of course, the companions have the possibility to enjoy the day by the river paying only 50% of the value, without the need to participate in the rafting.<\/p>","protected":false},"excerpt":{"rendered":"<p class=\"ai-optimize-6\">Viva una <strong>unique rafting experience<\/strong> on the border with Chile. Dare to ride the thrilling rapids of the <strong>Manso River<\/strong>, The tour includes an energetic breakfast, all the required elements and the peace of mind of having the protection of professional kayakers. Ideal for those who wish to be deeply connected with nature.<\/p>","protected":false},"featured_media":232,"comment_status":"open","ping_status":"closed","template":"","meta":[],"product_brand":[],"product_cat":[17,19,21,22,29,30,32,38],"product_tag":[],"class_list":{"0":"post-31","1":"product","2":"type-product","3":"status-publish","4":"has-post-thumbnail","6":"product_cat-adultos","7":"product_cat-aventura","8":"product_cat-con-traslado","9":"product_cat-familia","10":"product_cat-otono","11":"product_cat-primavera","12":"product_cat-sin-comida","13":"product_cat-verano","15":"first","16":"instock","17":"virtual","18":"sold-individually","19":"purchasable","20":"product-type-booking"},"booking_location":"","booking_location_type":"","booking_duration":1,"booking_duration_unit":"hour","booking_buffer":0,"booking_cost":0,"booking_resources":[],"exclude_global_add_ons":false,"addons":[{"name":"ADU | Adult","type":"input_multiplier","position":0,"required":false,"title_format":"label","default":"","description_enable":false,"description":"","placeholder_enable":false,"placeholder":"","display":"select","restrictions_type":"any_text","adjust_price":true,"price":"155400","price_type":"quantity_based","restrictions":false,"min":"0","max":"0","options":[],"id":1773236614},{"name":"EXTRA | Companion","type":"input_multiplier","position":1,"required":false,"title_format":"label","default":"","description_enable":false,"description":"","placeholder_enable":false,"placeholder":"","display":"select","restrictions_type":"any_text","adjust_price":true,"price":"77700","price_type":"quantity_based","restrictions":false,"min":"0","max":"0","options":[],"id":1773236615},{"name":"MEN1418 | from 14 to 18","type":"input_multiplier","position":2,"required":false,"title_format":"label","default":"","description_enable":false,"description":"","placeholder_enable":false,"placeholder":"","display":"select","restrictions_type":"any_text","adjust_price":true,"price":"155400","price_type":"quantity_based","restrictions":false,"min":"0","max":"0","options":[],"id":1773236616}],"yoast_head":"<!-- This site is optimized with the Yoast SEO Premium plugin v25.2 (Yoast SEO v25.2) - https:\/\/yoast.com\/wordpress\/plugins\/seo\/ -->\n<title>Rafting hasta el L\u00edmite con Chile | - Rafting Villegas<\/title>\n<meta name=\"description\" content=\"Viv\u00ed la emoci\u00f3n del rafting en el R\u00edo Manso Bariloche. R\u00e1pidos clase 3 y 4, paisaje patag\u00f3nico y equipo profesional. Reserv\u00e1 tu aventura.\" \/>\n<meta name=\"robots\" content=\"index, follow, max-snippet:-1, max-image-preview:large, max-video-preview:-1\" \/>\n<link rel=\"canonical\" href=\"https:\/\/raftingvillegas.com\/en\/product\/manso-river-rafting-bariloche\/\" \/>\n<meta property=\"og:locale\" content=\"en_US\" \/>\n<meta property=\"og:type\" content=\"article\" \/>\n<meta property=\"og:title\" content=\"Rafting al l\u00edmite con Chile con traslado\" \/>\n<meta property=\"og:description\" content=\"Viv\u00ed la emoci\u00f3n del rafting en el R\u00edo Manso Bariloche. R\u00e1pidos clase 3 y 4, paisaje patag\u00f3nico y equipo profesional. Reserv\u00e1 tu aventura.\" \/>\n<meta property=\"og:url\" content=\"https:\/\/raftingvillegas.com\/en\/product\/manso-river-rafting-bariloche\/\" \/>\n<meta property=\"og:site_name\" content=\"Rafting Villegas\" \/>\n<meta property=\"article:modified_time\" content=\"2026-04-02T03:06:36+00:00\" \/>\n<meta property=\"og:image\" content=\"https:\/\/raftingvillegas.com\/wp-content\/uploads\/sites\/11\/2025\/08\/13-B-para-que-puedas-se.jpg\" \/>\n\t<meta property=\"og:image:width\" content=\"850\" \/>\n\t<meta property=\"og:image:height\" content=\"1133\" \/>\n\t<meta property=\"og:image:type\" content=\"image\/jpeg\" \/>\n<meta name=\"twitter:card\" content=\"summary_large_image\" \/>\n<meta name=\"twitter:label1\" content=\"Price\" \/>\n\t<meta name=\"twitter:data1\" content=\"&#036;155,400.00\" \/>\n\t<meta name=\"twitter:label2\" content=\"Availability\" \/>\n\t<meta name=\"twitter:data2\" content=\"In stock\" \/>\n<script type=\"application\/ld+json\" class=\"yoast-schema-graph\">{\"@context\":\"https:\/\/schema.org\",\"@graph\":[{\"@type\":[\"WebPage\",\"ItemPage\"],\"@id\":\"https:\/\/raftingvillegas.com\/producto\/rafting-rio-manso-bariloche\/\",\"url\":\"https:\/\/raftingvillegas.com\/producto\/rafting-rio-manso-bariloche\/\",\"name\":\"Rafting hasta el L\u00edmite con Chile | - Rafting Villegas\",\"isPartOf\":{\"@id\":\"https:\/\/raftingvillegas.com\/#website\"},\"primaryImageOfPage\":{\"@id\":\"https:\/\/raftingvillegas.com\/producto\/rafting-rio-manso-bariloche\/#primaryimage\"},\"image\":{\"@id\":\"https:\/\/raftingvillegas.com\/producto\/rafting-rio-manso-bariloche\/#primaryimage\"},\"thumbnailUrl\":\"https:\/\/raftingvillegas.com\/wp-content\/uploads\/sites\/11\/2025\/08\/13-B-para-que-puedas-se.jpg\",\"datePublished\":\"2025-08-18T17:27:28+00:00\",\"dateModified\":\"2026-04-02T03:06:36+00:00\",\"description\":\"Viv\u00ed la emoci\u00f3n del rafting en el R\u00edo Manso Bariloche. R\u00e1pidos clase 3 y 4, paisaje patag\u00f3nico y equipo profesional. Reserv\u00e1 tu aventura.\",\"breadcrumb\":{\"@id\":\"https:\/\/raftingvillegas.com\/producto\/rafting-rio-manso-bariloche\/#breadcrumb\"},\"inLanguage\":\"en-US\",\"potentialAction\":[{\"@type\":\"ReadAction\",\"target\":[\"https:\/\/raftingvillegas.com\/producto\/rafting-rio-manso-bariloche\/\"]}]},{\"@type\":\"ImageObject\",\"inLanguage\":\"en-US\",\"@id\":\"https:\/\/raftingvillegas.com\/producto\/rafting-rio-manso-bariloche\/#primaryimage\",\"url\":\"https:\/\/raftingvillegas.com\/wp-content\/uploads\/sites\/11\/2025\/08\/13-B-para-que-puedas-se.jpg\",\"contentUrl\":\"https:\/\/raftingvillegas.com\/wp-content\/uploads\/sites\/11\/2025\/08\/13-B-para-que-puedas-se.jpg\",\"width\":850,\"height\":1133},{\"@type\":\"BreadcrumbList\",\"@id\":\"https:\/\/raftingvillegas.com\/producto\/rafting-rio-manso-bariloche\/#breadcrumb\",\"itemListElement\":[{\"@type\":\"ListItem\",\"position\":1,\"name\":\"Portada\",\"item\":\"https:\/\/raftingvillegas.com\/\"},{\"@type\":\"ListItem\",\"position\":2,\"name\":\"Tienda\",\"item\":\"https:\/\/raftingvillegas.com\/tienda\/\"},{\"@type\":\"ListItem\",\"position\":3,\"name\":\"Rafting al l\u00edmite con Chile con traslado\"}]},{\"@type\":\"WebSite\",\"@id\":\"https:\/\/raftingvillegas.com\/#website\",\"url\":\"https:\/\/raftingvillegas.com\/\",\"name\":\"Rafting Villegas\",\"description\":\"R\u00edndete al r\u00edo, conquista los r\u00e1pidos: rafting seguro y emocionante.\",\"potentialAction\":[{\"@type\":\"SearchAction\",\"target\":{\"@type\":\"EntryPoint\",\"urlTemplate\":\"https:\/\/raftingvillegas.com\/?s={search_term_string}\"},\"query-input\":{\"@type\":\"PropertyValueSpecification\",\"valueRequired\":true,\"valueName\":\"search_term_string\"}}],\"inLanguage\":\"en-US\"}]}<\/script>\n<meta property=\"product:price:amount\" content=\"155400.00\" \/>\n<meta property=\"product:price:currency\" content=\"ARS\" \/>\n<meta property=\"og:availability\" content=\"instock\" \/>\n<meta property=\"product:availability\" content=\"instock\" \/>\n<meta property=\"product:retailer_item_id\" content=\"ADV2025RAALL\u00cd7HIR\" \/>\n<meta property=\"product:condition\" content=\"new\" \/>\n<!-- \/ Yoast SEO Premium plugin. -->","yoast_head_json":{"title":"Rafting up to the Chilean border - Rafting Villegas","description":"Experience the thrill of rafting on the Manso Bariloche River. Class 3 and 4 rapids, Patagonian scenery and professional equipment. Book your adventure.","robots":{"index":"index","follow":"follow","max-snippet":"max-snippet:-1","max-image-preview":"max-image-preview:large","max-video-preview":"max-video-preview:-1"},"canonical":"https:\/\/raftingvillegas.com\/en\/product\/manso-river-rafting-bariloche\/","og_locale":"en_US","og_type":"article","og_title":"Rafting al l\u00edmite con Chile con traslado","og_description":"Viv\u00ed la emoci\u00f3n del rafting en el R\u00edo Manso Bariloche. R\u00e1pidos clase 3 y 4, paisaje patag\u00f3nico y equipo profesional. Reserv\u00e1 tu aventura.","og_url":"https:\/\/raftingvillegas.com\/en\/product\/manso-river-rafting-bariloche\/","og_site_name":"Rafting Villegas","article_modified_time":"2026-04-02T03:06:36+00:00","og_image":[{"width":850,"height":1133,"url":"https:\/\/raftingvillegas.com\/wp-content\/uploads\/sites\/11\/2025\/08\/13-B-para-que-puedas-se.jpg","type":"image\/jpeg"}],"twitter_card":"summary_large_image","twitter_misc":{"Price":"&#36;155,400.00","Availability":"In stock"},"schema":{"@context":"https:\/\/schema.org","@graph":[{"@type":["WebPage","ItemPage"],"@id":"https:\/\/raftingvillegas.com\/producto\/rafting-rio-manso-bariloche\/","url":"https:\/\/raftingvillegas.com\/producto\/rafting-rio-manso-bariloche\/","name":"Rafting up to the Chilean border - Rafting Villegas","isPartOf":{"@id":"https:\/\/raftingvillegas.com\/#website"},"primaryImageOfPage":{"@id":"https:\/\/raftingvillegas.com\/producto\/rafting-rio-manso-bariloche\/#primaryimage"},"image":{"@id":"https:\/\/raftingvillegas.com\/producto\/rafting-rio-manso-bariloche\/#primaryimage"},"thumbnailUrl":"https:\/\/raftingvillegas.com\/wp-content\/uploads\/sites\/11\/2025\/08\/13-B-para-que-puedas-se.jpg","datePublished":"2025-08-18T17:27:28+00:00","dateModified":"2026-04-02T03:06:36+00:00","description":"Experience the thrill of rafting on the Manso Bariloche River. Class 3 and 4 rapids, Patagonian scenery and professional equipment. Book your adventure.","breadcrumb":{"@id":"https:\/\/raftingvillegas.com\/producto\/rafting-rio-manso-bariloche\/#breadcrumb"},"inLanguage":"en-US","potentialAction":[{"@type":"ReadAction","target":["https:\/\/raftingvillegas.com\/producto\/rafting-rio-manso-bariloche\/"]}]},{"@type":"ImageObject","inLanguage":"en-US","@id":"https:\/\/raftingvillegas.com\/producto\/rafting-rio-manso-bariloche\/#primaryimage","url":"https:\/\/raftingvillegas.com\/wp-content\/uploads\/sites\/11\/2025\/08\/13-B-para-que-puedas-se.jpg","contentUrl":"https:\/\/raftingvillegas.com\/wp-content\/uploads\/sites\/11\/2025\/08\/13-B-para-que-puedas-se.jpg","width":850,"height":1133},{"@type":"BreadcrumbList","@id":"https:\/\/raftingvillegas.com\/producto\/rafting-rio-manso-bariloche\/#breadcrumb","itemListElement":[{"@type":"ListItem","position":1,"name":"Portada","item":"https:\/\/raftingvillegas.com\/"},{"@type":"ListItem","position":2,"name":"Tienda","item":"https:\/\/raftingvillegas.com\/tienda\/"},{"@type":"ListItem","position":3,"name":"Rafting al l\u00edmite con Chile con traslado"}]},{"@type":"WebSite","@id":"https:\/\/raftingvillegas.com\/#website","url":"https:\/\/raftingvillegas.com\/","name":"Rafting Villegas","description":"Surrender to the river, conquer the rapids: safe and exciting rafting.","potentialAction":[{"@type":"SearchAction","target":{"@type":"EntryPoint","urlTemplate":"https:\/\/raftingvillegas.com\/?s={search_term_string}"},"query-input":{"@type":"PropertyValueSpecification","valueRequired":true,"valueName":"search_term_string"}}],"inLanguage":"en-US"}]},"product_price_amount":"155400.00","product_price_currency":"ARS","og_availability":"instock","product_availability":"instock","product_retailer_item_id":"ADV2025RAALL\u00cd7HIR","product_condition":"new"},"_links":{"self":[{"href":"https:\/\/raftingvillegas.com\/en\/wp-json\/wp\/v2\/product\/31","targetHints":{"allow":["GET"]}}],"collection":[{"href":"https:\/\/raftingvillegas.com\/en\/wp-json\/wp\/v2\/product"}],"about":[{"href":"https:\/\/raftingvillegas.com\/en\/wp-json\/wp\/v2\/types\/product"}],"replies":[{"embeddable":true,"href":"https:\/\/raftingvillegas.com\/en\/wp-json\/wp\/v2\/comments?post=31"}],"wp:featuredmedia":[{"embeddable":true,"href":"https:\/\/raftingvillegas.com\/en\/wp-json\/wp\/v2\/media\/232"}],"wp:attachment":[{"href":"https:\/\/raftingvillegas.com\/en\/wp-json\/wp\/v2\/media?parent=31"}],"wp:term":[{"taxonomy":"product_brand","embeddable":true,"href":"https:\/\/raftingvillegas.com\/en\/wp-json\/wp\/v2\/product_brand?post=31"},{"taxonomy":"product_cat","embeddable":true,"href":"https:\/\/raftingvillegas.com\/en\/wp-json\/wp\/v2\/product_cat?post=31"},{"taxonomy":"product_tag","embeddable":true,"href":"https:\/\/raftingvillegas.com\/en\/wp-json\/wp\/v2\/product_tag?post=31"}],"curies":[{"name":"wp","href":"https:\/\/api.w.org\/{rel}","templated":true}]}}