{"id":28,"date":"2025-08-18T19:26:25","date_gmt":"2025-08-18T17:26:25","guid":{"rendered":"https:\/\/raftingvillegas.com\/producto\/circuito-chico-y-cerro-campanario-explora-bariloche-como-nunca-antes\/"},"modified":"2026-04-02T05:06:36","modified_gmt":"2026-04-02T03:06:36","slug":"circuito-chico-cerro-campanario","status":"publish","type":"product","link":"https:\/\/raftingvillegas.com\/en\/product\/cerro-campanario-small-circuit\/","title":{"rendered":"Circuito Chico and Cerro Campanario: explore Bariloche like never before"},"content":{"rendered":"<h3 class=\"ai-optimize-22\" data-start=\"417\" data-end=\"500\"><strong data-start=\"421\" data-end=\"500\">Dream landscapes, emblematic roads and postcards that will move you.<\/strong><\/h3>\n<p class=\"ai-optimize-23\" data-start=\"502\" data-end=\"756\">Come and discover in only half a day the main points of Bariloche with this ideal proposal for those who are looking for a mix of nature, living history and panoramic views that will remain engraved in your memory. The <strong data-start=\"677\" data-end=\"695\">Small Circuit<\/strong> is the perfect excursion to start your Patagonian experience.<\/p>\n<p class=\"ai-optimize-24\" data-start=\"758\" data-end=\"1088\">The trip starts from meeting points between downtown and km 8 of Bustillo Av. or Pioneros Av. During the trip, you will ride along the <strong data-start=\"910\" data-end=\"931\">Nahuel Huapi Lake<\/strong>, appreciate the elegance of the <strong data-start=\"957\" data-end=\"976\">Hotel Llao Llao<\/strong>, the picturesque <strong data-start=\"993\" data-end=\"1016\">St. Edward's Chapel<\/strong> and the <strong data-start=\"1022\" data-end=\"1040\">Puerto Pa\u00f1uelo<\/strong>, The classic starting point for navigating the lakes.<\/p>\n<p class=\"ai-optimize-25\" data-start=\"1090\" data-end=\"1241\">Also waiting for you are stops in places such as <strong data-start=\"1125\" data-end=\"1140\">Villa Tacul<\/strong>, the <strong data-start=\"1145\" data-end=\"1163\">Hidden Lake<\/strong> and the <strong data-start=\"1169\" data-end=\"1184\">Cerro Lopez<\/strong>, with moments designed for photos and to experience nature up close.<\/p>\n<p class=\"ai-optimize-26\" data-start=\"1243\" data-end=\"1484\">The tour ends at the <strong data-start=\"1272\" data-end=\"1292\">Cerro Campanario<\/strong>, where you can choose to take a chairlift to one of the most imposing viewpoints on the planet. From the summit, the view of mountains, lakes and valleys offers unforgettable sensations.<\/p>\n<p class=\"ai-optimize-27\" data-start=\"1486\" data-end=\"1665\">Departure is from 8:30 am to 12:30 pm or from 3:00 pm to 7:00 pm. Includes transfer and professional guide in Spanish (there is a bilingual option). It does not include the cost of chairlift or meals.<\/p>\n<h3 class=\"ai-optimize-28\" data-start=\"1672\" data-end=\"1700\"><strong data-start=\"1676\" data-end=\"1700\">Frequently asked questions<\/strong><\/h3>\n<p class=\"ai-optimize-29\" data-start=\"1702\" data-end=\"1844\"><strong data-start=\"1702\" data-end=\"1746\">Can I combine this tour with another tour?<\/strong><br data-start=\"1746\" data-end=\"1749\" \/>Of course, it's perfect for adding a visit to the <strong data-start=\"1787\" data-end=\"1805\">Cerro Catedral<\/strong> or cross to the <strong data-start=\"1813\" data-end=\"1830\">Victoria Island<\/strong> in the afternoon.<\/p>\n<p class=\"ai-optimize-30\" data-start=\"1846\" data-end=\"1951\"><strong data-start=\"1846\" data-end=\"1878\">Is the chairlift included?<\/strong><br data-start=\"1878\" data-end=\"1881\" \/>The ascent to Cerro Campanario is optional and is paid on site.<\/p>\n<p class=\"ai-optimize-31\" data-start=\"1953\" data-end=\"2056\"><strong data-start=\"1953\" data-end=\"1986\">Can I enter the Llao Llao Llao Hotel?<\/strong><br data-start=\"1986\" data-end=\"1989\" \/>No. The stop contemplates the exterior view and the natural environment.<\/p>\n<p class=\"ai-optimize-32\" data-start=\"2058\" data-end=\"2192\"><strong data-start=\"2058\" data-end=\"2082\">Is it a physical walk?<\/strong><br data-start=\"2082\" data-end=\"2085\" \/>No physical effort is required. It is accessible for all ages and highly recommended if it is your first time in Bariloche.<\/p>","protected":false},"excerpt":{"rendered":"<p class=\"ai-optimize-6\">Explore Bariloche by taking the Circuito Chico and climbing Cerro Campanario. Stroll along the picturesque Bustillo Avenue, contemplate the majestic Llao Llao Hotel and ascend the Cerro Campanario to enjoy unique panoramic views. An experience that combines scenery, comfort and adventure, ideal for those seeking the best of the region.<\/p>","protected":false},"featured_media":224,"comment_status":"open","ping_status":"closed","template":"","meta":[],"product_brand":[],"product_cat":[17,21,22,28,32,35,37],"product_tag":[],"class_list":{"0":"post-28","1":"product","2":"type-product","3":"status-publish","4":"has-post-thumbnail","6":"product_cat-adultos","7":"product_cat-con-traslado","8":"product_cat-familia","9":"product_cat-ninos","10":"product_cat-sin-comida","11":"product_cat-terrestre","12":"product_cat-todo-el-ano","14":"first","15":"instock","16":"virtual","17":"sold-individually","18":"purchasable","19":"product-type-booking"},"booking_location":"","booking_location_type":"","booking_duration":1,"booking_duration_unit":"hour","booking_buffer":0,"booking_cost":0,"booking_resources":[],"exclude_global_add_ons":false,"addons":[{"name":"STD | Passengers","type":"input_multiplier","position":0,"required":false,"title_format":"label","default":"","description_enable":false,"description":"","placeholder_enable":false,"placeholder":"","display":"select","restrictions_type":"any_text","adjust_price":true,"price":"23400","price_type":"flat_fee","restrictions":false,"min":"0","max":"0","options":[],"id":1773236982}],"yoast_head":"<!-- This site is optimized with the Yoast SEO Premium plugin v25.2 (Yoast SEO v25.2) - https:\/\/yoast.com\/wordpress\/plugins\/seo\/ -->\n<title>Circuito Chico y cerro Campanario - Rafting Villegas<\/title>\n<meta name=\"description\" content=\"Excursi\u00f3n Circuito Chico y Cerro Campanario en Bariloche. Paisajes, lagos y miradores en un paseo ideal para toda la familia.\" \/>\n<meta name=\"robots\" content=\"index, follow, max-snippet:-1, max-image-preview:large, max-video-preview:-1\" \/>\n<link rel=\"canonical\" href=\"https:\/\/raftingvillegas.com\/en\/product\/cerro-campanario-small-circuit\/\" \/>\n<meta property=\"og:locale\" content=\"en_US\" \/>\n<meta property=\"og:type\" content=\"article\" \/>\n<meta property=\"og:title\" content=\"Circuito Chico y Cerro Campanario: explor\u00e1 Bariloche como nunca antes\" \/>\n<meta property=\"og:description\" content=\"Excursi\u00f3n Circuito Chico y Cerro Campanario en Bariloche. Paisajes, lagos y miradores en un paseo ideal para toda la familia.\" \/>\n<meta property=\"og:url\" content=\"https:\/\/raftingvillegas.com\/en\/product\/cerro-campanario-small-circuit\/\" \/>\n<meta property=\"og:site_name\" content=\"Rafting Villegas\" \/>\n<meta property=\"article:modified_time\" content=\"2026-04-02T03:06:36+00:00\" \/>\n<meta property=\"og:image\" content=\"https:\/\/raftingvillegas.com\/wp-content\/uploads\/sites\/11\/2025\/08\/13-B-IMG_4453.jpg\" \/>\n\t<meta property=\"og:image:width\" content=\"850\" \/>\n\t<meta property=\"og:image:height\" content=\"1133\" \/>\n\t<meta property=\"og:image:type\" content=\"image\/jpeg\" \/>\n<meta name=\"twitter:card\" content=\"summary_large_image\" \/>\n<meta name=\"twitter:label1\" content=\"Price\" \/>\n\t<meta name=\"twitter:data1\" content=\"&#036;23,400.00\" \/>\n\t<meta name=\"twitter:label2\" content=\"Availability\" \/>\n\t<meta name=\"twitter:data2\" content=\"In stock\" \/>\n<script type=\"application\/ld+json\" class=\"yoast-schema-graph\">{\"@context\":\"https:\/\/schema.org\",\"@graph\":[{\"@type\":[\"WebPage\",\"ItemPage\"],\"@id\":\"https:\/\/raftingvillegas.com\/producto\/circuito-chico-cerro-campanario\/\",\"url\":\"https:\/\/raftingvillegas.com\/producto\/circuito-chico-cerro-campanario\/\",\"name\":\"Circuito Chico y cerro Campanario - Rafting Villegas\",\"isPartOf\":{\"@id\":\"https:\/\/raftingvillegas.com\/#website\"},\"primaryImageOfPage\":{\"@id\":\"https:\/\/raftingvillegas.com\/producto\/circuito-chico-cerro-campanario\/#primaryimage\"},\"image\":{\"@id\":\"https:\/\/raftingvillegas.com\/producto\/circuito-chico-cerro-campanario\/#primaryimage\"},\"thumbnailUrl\":\"https:\/\/raftingvillegas.com\/wp-content\/uploads\/sites\/11\/2025\/08\/13-B-IMG_4453.jpg\",\"datePublished\":\"2025-08-18T17:26:25+00:00\",\"dateModified\":\"2026-04-02T03:06:36+00:00\",\"description\":\"Excursi\u00f3n Circuito Chico y Cerro Campanario en Bariloche. Paisajes, lagos y miradores en un paseo ideal para toda la familia.\",\"breadcrumb\":{\"@id\":\"https:\/\/raftingvillegas.com\/producto\/circuito-chico-cerro-campanario\/#breadcrumb\"},\"inLanguage\":\"en-US\",\"potentialAction\":[{\"@type\":\"ReadAction\",\"target\":[\"https:\/\/raftingvillegas.com\/producto\/circuito-chico-cerro-campanario\/\"]}]},{\"@type\":\"ImageObject\",\"inLanguage\":\"en-US\",\"@id\":\"https:\/\/raftingvillegas.com\/producto\/circuito-chico-cerro-campanario\/#primaryimage\",\"url\":\"https:\/\/raftingvillegas.com\/wp-content\/uploads\/sites\/11\/2025\/08\/13-B-IMG_4453.jpg\",\"contentUrl\":\"https:\/\/raftingvillegas.com\/wp-content\/uploads\/sites\/11\/2025\/08\/13-B-IMG_4453.jpg\",\"width\":850,\"height\":1133},{\"@type\":\"BreadcrumbList\",\"@id\":\"https:\/\/raftingvillegas.com\/producto\/circuito-chico-cerro-campanario\/#breadcrumb\",\"itemListElement\":[{\"@type\":\"ListItem\",\"position\":1,\"name\":\"Portada\",\"item\":\"https:\/\/raftingvillegas.com\/\"},{\"@type\":\"ListItem\",\"position\":2,\"name\":\"Tienda\",\"item\":\"https:\/\/raftingvillegas.com\/tienda\/\"},{\"@type\":\"ListItem\",\"position\":3,\"name\":\"Circuito Chico y Cerro Campanario: explor\u00e1 Bariloche como nunca antes\"}]},{\"@type\":\"WebSite\",\"@id\":\"https:\/\/raftingvillegas.com\/#website\",\"url\":\"https:\/\/raftingvillegas.com\/\",\"name\":\"Rafting Villegas\",\"description\":\"R\u00edndete al r\u00edo, conquista los r\u00e1pidos: rafting seguro y emocionante.\",\"potentialAction\":[{\"@type\":\"SearchAction\",\"target\":{\"@type\":\"EntryPoint\",\"urlTemplate\":\"https:\/\/raftingvillegas.com\/?s={search_term_string}\"},\"query-input\":{\"@type\":\"PropertyValueSpecification\",\"valueRequired\":true,\"valueName\":\"search_term_string\"}}],\"inLanguage\":\"en-US\"}]}<\/script>\n<meta property=\"product:price:amount\" content=\"23400.00\" \/>\n<meta property=\"product:price:currency\" content=\"ARS\" \/>\n<meta property=\"og:availability\" content=\"instock\" \/>\n<meta property=\"product:availability\" content=\"instock\" \/>\n<meta property=\"product:retailer_item_id\" content=\"ADV2025CICHYC1KOR\" \/>\n<meta property=\"product:condition\" content=\"new\" \/>\n<!-- \/ Yoast SEO Premium plugin. -->","yoast_head_json":{"title":"Circuito Chico and Campanario Hill - Rafting Villegas","description":"Circuito Chico and Cerro Campanario Excursion in Bariloche. Landscapes, lakes and viewpoints in an ideal tour for the whole family.","robots":{"index":"index","follow":"follow","max-snippet":"max-snippet:-1","max-image-preview":"max-image-preview:large","max-video-preview":"max-video-preview:-1"},"canonical":"https:\/\/raftingvillegas.com\/en\/product\/cerro-campanario-small-circuit\/","og_locale":"en_US","og_type":"article","og_title":"Circuito Chico y Cerro Campanario: explor\u00e1 Bariloche como nunca antes","og_description":"Excursi\u00f3n Circuito Chico y Cerro Campanario en Bariloche. Paisajes, lagos y miradores en un paseo ideal para toda la familia.","og_url":"https:\/\/raftingvillegas.com\/en\/product\/cerro-campanario-small-circuit\/","og_site_name":"Rafting Villegas","article_modified_time":"2026-04-02T03:06:36+00:00","og_image":[{"width":850,"height":1133,"url":"https:\/\/raftingvillegas.com\/wp-content\/uploads\/sites\/11\/2025\/08\/13-B-IMG_4453.jpg","type":"image\/jpeg"}],"twitter_card":"summary_large_image","twitter_misc":{"Price":"&#36;23,400.00","Availability":"In stock"},"schema":{"@context":"https:\/\/schema.org","@graph":[{"@type":["WebPage","ItemPage"],"@id":"https:\/\/raftingvillegas.com\/producto\/circuito-chico-cerro-campanario\/","url":"https:\/\/raftingvillegas.com\/producto\/circuito-chico-cerro-campanario\/","name":"Circuito Chico and Campanario Hill - Rafting Villegas","isPartOf":{"@id":"https:\/\/raftingvillegas.com\/#website"},"primaryImageOfPage":{"@id":"https:\/\/raftingvillegas.com\/producto\/circuito-chico-cerro-campanario\/#primaryimage"},"image":{"@id":"https:\/\/raftingvillegas.com\/producto\/circuito-chico-cerro-campanario\/#primaryimage"},"thumbnailUrl":"https:\/\/raftingvillegas.com\/wp-content\/uploads\/sites\/11\/2025\/08\/13-B-IMG_4453.jpg","datePublished":"2025-08-18T17:26:25+00:00","dateModified":"2026-04-02T03:06:36+00:00","description":"Circuito Chico and Cerro Campanario Excursion in Bariloche. Landscapes, lakes and viewpoints in an ideal tour for the whole family.","breadcrumb":{"@id":"https:\/\/raftingvillegas.com\/producto\/circuito-chico-cerro-campanario\/#breadcrumb"},"inLanguage":"en-US","potentialAction":[{"@type":"ReadAction","target":["https:\/\/raftingvillegas.com\/producto\/circuito-chico-cerro-campanario\/"]}]},{"@type":"ImageObject","inLanguage":"en-US","@id":"https:\/\/raftingvillegas.com\/producto\/circuito-chico-cerro-campanario\/#primaryimage","url":"https:\/\/raftingvillegas.com\/wp-content\/uploads\/sites\/11\/2025\/08\/13-B-IMG_4453.jpg","contentUrl":"https:\/\/raftingvillegas.com\/wp-content\/uploads\/sites\/11\/2025\/08\/13-B-IMG_4453.jpg","width":850,"height":1133},{"@type":"BreadcrumbList","@id":"https:\/\/raftingvillegas.com\/producto\/circuito-chico-cerro-campanario\/#breadcrumb","itemListElement":[{"@type":"ListItem","position":1,"name":"Portada","item":"https:\/\/raftingvillegas.com\/"},{"@type":"ListItem","position":2,"name":"Tienda","item":"https:\/\/raftingvillegas.com\/tienda\/"},{"@type":"ListItem","position":3,"name":"Circuito Chico y Cerro Campanario: explor\u00e1 Bariloche como nunca antes"}]},{"@type":"WebSite","@id":"https:\/\/raftingvillegas.com\/#website","url":"https:\/\/raftingvillegas.com\/","name":"Rafting Villegas","description":"Surrender to the river, conquer the rapids: safe and exciting rafting.","potentialAction":[{"@type":"SearchAction","target":{"@type":"EntryPoint","urlTemplate":"https:\/\/raftingvillegas.com\/?s={search_term_string}"},"query-input":{"@type":"PropertyValueSpecification","valueRequired":true,"valueName":"search_term_string"}}],"inLanguage":"en-US"}]},"product_price_amount":"23400.00","product_price_currency":"ARS","og_availability":"instock","product_availability":"instock","product_retailer_item_id":"ADV2025CICHYC1KOR","product_condition":"new"},"_links":{"self":[{"href":"https:\/\/raftingvillegas.com\/en\/wp-json\/wp\/v2\/product\/28","targetHints":{"allow":["GET"]}}],"collection":[{"href":"https:\/\/raftingvillegas.com\/en\/wp-json\/wp\/v2\/product"}],"about":[{"href":"https:\/\/raftingvillegas.com\/en\/wp-json\/wp\/v2\/types\/product"}],"replies":[{"embeddable":true,"href":"https:\/\/raftingvillegas.com\/en\/wp-json\/wp\/v2\/comments?post=28"}],"wp:featuredmedia":[{"embeddable":true,"href":"https:\/\/raftingvillegas.com\/en\/wp-json\/wp\/v2\/media\/224"}],"wp:attachment":[{"href":"https:\/\/raftingvillegas.com\/en\/wp-json\/wp\/v2\/media?parent=28"}],"wp:term":[{"taxonomy":"product_brand","embeddable":true,"href":"https:\/\/raftingvillegas.com\/en\/wp-json\/wp\/v2\/product_brand?post=28"},{"taxonomy":"product_cat","embeddable":true,"href":"https:\/\/raftingvillegas.com\/en\/wp-json\/wp\/v2\/product_cat?post=28"},{"taxonomy":"product_tag","embeddable":true,"href":"https:\/\/raftingvillegas.com\/en\/wp-json\/wp\/v2\/product_tag?post=28"}],"curies":[{"name":"wp","href":"https:\/\/api.w.org\/{rel}","templated":true}]}}