{"id":27,"date":"2025-08-18T19:26:07","date_gmt":"2025-08-18T17:26:07","guid":{"rendered":"https:\/\/raftingvillegas.com\/producto\/san-martin-de-los-andes-por-los-7-lagos-naturaleza-miradores-y-postales-unicas-de-la-patagonia\/"},"modified":"2026-03-31T17:08:55","modified_gmt":"2026-03-31T15:08:55","slug":"san-martin-de-los-andes-por-7-lagos","status":"publish","type":"product","link":"https:\/\/raftingvillegas.com\/en\/product\/san-martin-de-los-andes-by-7-lakes\/","title":{"rendered":"San Mart\u00edn de los Andes by the 7 Lakes: Nature, Viewpoints and Unique Postcards of Patagonia"},"content":{"rendered":"<h2 class=\"ai-optimize-22\">See the fascinating journey from Bariloche to San Mart\u00edn de los Andes<\/h2>\n<p class=\"ai-optimize-23 ai-optimize-introduction\">Live an unforgettable adventure that starts in Bariloche and takes you to the charming San Mart\u00edn de los Andes. Traveling through the <strong>National Route 40<\/strong>, you will find dreamlike sceneries: from the peaceful <strong>Dina Huapi<\/strong>, crossing the imposing river <strong>Limay<\/strong>, and entering into the majesty of the <strong>Nahuel Huapi National Park<\/strong>.<\/p>\n<h3 class=\"ai-optimize-24\">An unrepeatable natural show<\/h3>\n<p class=\"ai-optimize-25\">Along the way, magical landscapes await you, from the <strong>lakes Espejo, Correntoso, Escondido, Villarino, Falkner, Mach\u00f3nico<\/strong> and the extraordinary <strong>Lake L\u00e1car<\/strong>, the central jewel of the <strong>Lan\u00edn National Park<\/strong>. Each stop adds a dose of pure nature and moments that will remain engraved in your memory.<\/p>\n<h3 class=\"ai-optimize-26\">San Mart\u00edn de los Andes, the essence of Patagonia<\/h3>\n<p class=\"ai-optimize-27\">When you arrive in San Mart\u00edn de los Andes, you will discover a special place, surrounded by imposing mountains and crystal-clear lakes. Take a walk through its charming streets, browse the craft stores or treat yourself to a coffee with <strong>a breathtaking view<\/strong> to Lake L\u00e1car.<\/p>\n<h3 class=\"ai-optimize-28\">Tour information<\/h3>\n<ul>\n<li class=\"ai-optimize-29\"><strong>Walk:<\/strong> Guided minibus excursion through Villa La Angostura and the 7 Lakes Route.<\/li>\n<li class=\"ai-optimize-30\"><strong>Duration:<\/strong> From 8:00 am to approximately 6:30 pm.<\/li>\n<li class=\"ai-optimize-31\"><strong>Includes:<\/strong> Transfer and guide in Spanish (bilingual option available at additional cost).<\/li>\n<li class=\"ai-optimize-32\"><strong>Does not include:<\/strong> Meals (there are inns available along the route).<\/li>\n<\/ul>\n<p class=\"ai-optimize-33\">Do not miss this unique opportunity to discover Patagonia in its maximum splendor.<\/p>\n<h2 class=\"ai-optimize-34\">Frequently Asked Questions<\/h2>\n<ul>\n<li class=\"ai-optimize-35\"><strong>What if it rains or snows during the activity?<\/strong><br \/>\nThe experience remains the same even if there is rain or snow, as these are normal phenomena in the Patagonian area.<\/li>\n<li class=\"ai-optimize-36\"><strong>Does it include a boat ride?<\/strong><br \/>\nNo, the tour is completely overland aboard a minibus, with stops to take pictures and tour San Martin de los Andes and Villa La Angostura.<\/li>\n<li class=\"ai-optimize-37\"><strong>Will there be stops along the way?<\/strong><br \/>\nOf course, there are stops during the trip and a main stop in San Martin de los Andes to have lunch and explore the place.<\/li>\n<li class=\"ai-optimize-38\"><strong>Can I finish the tour at another location?<\/strong><br \/>\nYou can choose to finish the tour in Villa La Angostura or San Mart\u00edn de los Andes, taking your luggage with you.<\/li>\n<li class=\"ai-optimize-39\"><strong>Can I come back the next day?<\/strong><br \/>\nDeparture is for the day only. If you plan to stay longer, you will need to arrange and pay for the return trip separately.<\/li>\n<\/ul>","protected":false},"excerpt":{"rendered":"<h2 class=\"ai-optimize-6\">A memorable adventure awaits you<\/h2>\n<p class=\"ai-optimize-7\">Let the natural environment dazzle you as you travel through the <strong>Route of the 7 Lakes<\/strong> heading to San Mart\u00edn de los Andes. Discover amazing sceneries and visit a captivating town surrounded by pure nature. Book now and enjoy this unique experience!<\/p>","protected":false},"featured_media":219,"comment_status":"open","ping_status":"closed","template":"","meta":[],"product_brand":[],"product_cat":[17,21,22,28,32,35,37],"product_tag":[],"class_list":{"0":"post-27","1":"product","2":"type-product","3":"status-publish","4":"has-post-thumbnail","6":"product_cat-adultos","7":"product_cat-con-traslado","8":"product_cat-familia","9":"product_cat-ninos","10":"product_cat-sin-comida","11":"product_cat-terrestre","12":"product_cat-todo-el-ano","14":"first","15":"instock","16":"virtual","17":"sold-individually","18":"purchasable","19":"product-type-booking"},"booking_location":"","booking_location_type":"","booking_duration":1,"booking_duration_unit":"hour","booking_buffer":0,"booking_cost":0,"booking_resources":[],"exclude_global_add_ons":false,"addons":[{"name":"STD | Passengers","type":"input_multiplier","position":0,"required":false,"title_format":"label","default":"","description_enable":false,"description":"","placeholder_enable":false,"placeholder":"","display":"select","restrictions_type":"any_text","adjust_price":true,"price":"71400","price_type":"flat_fee","restrictions":false,"min":"0","max":"0","options":[],"id":1773237111}],"yoast_head":"<!-- This site is optimized with the Yoast SEO Premium plugin v25.2 (Yoast SEO v25.2) - https:\/\/yoast.com\/wordpress\/plugins\/seo\/ -->\n<title>San Mart\u00edn por el camino de los 7 Lagos - Rafting Villegas<\/title>\n<meta name=\"description\" content=\"Excursi\u00f3n a San Mart\u00edn de los Andes por la Ruta de los 7 Lagos. Lagos, monta\u00f1as y Villa La Angostura en un d\u00eda completo.\" \/>\n<meta name=\"robots\" content=\"index, follow, max-snippet:-1, max-image-preview:large, max-video-preview:-1\" \/>\n<link rel=\"canonical\" href=\"https:\/\/raftingvillegas.com\/en\/product\/san-martin-de-los-andes-by-7-lakes\/\" \/>\n<meta property=\"og:locale\" content=\"en_US\" \/>\n<meta property=\"og:type\" content=\"article\" \/>\n<meta property=\"og:title\" content=\"San Mart\u00edn de los Andes por los 7 Lagos: Naturaleza, Miradores y Postales \u00danicas de la Patagonia\" \/>\n<meta property=\"og:description\" content=\"Excursi\u00f3n a San Mart\u00edn de los Andes por la Ruta de los 7 Lagos. Lagos, monta\u00f1as y Villa La Angostura en un d\u00eda completo.\" \/>\n<meta property=\"og:url\" content=\"https:\/\/raftingvillegas.com\/en\/product\/san-martin-de-los-andes-by-7-lakes\/\" \/>\n<meta property=\"og:site_name\" content=\"Rafting Villegas\" \/>\n<meta property=\"article:modified_time\" content=\"2026-03-31T15:08:55+00:00\" \/>\n<meta property=\"og:image\" content=\"https:\/\/raftingvillegas.com\/wp-content\/uploads\/sites\/11\/2025\/08\/13-A-IMG_087.jpg\" \/>\n\t<meta property=\"og:image:width\" content=\"850\" \/>\n\t<meta property=\"og:image:height\" content=\"1133\" \/>\n\t<meta property=\"og:image:type\" content=\"image\/jpeg\" \/>\n<meta name=\"twitter:card\" content=\"summary_large_image\" \/>\n<meta name=\"twitter:label1\" content=\"Price\" \/>\n\t<meta name=\"twitter:data1\" content=\"&#036;71,400.00\" \/>\n\t<meta name=\"twitter:label2\" content=\"Availability\" \/>\n\t<meta name=\"twitter:data2\" content=\"In stock\" \/>\n<script type=\"application\/ld+json\" class=\"yoast-schema-graph\">{\"@context\":\"https:\/\/schema.org\",\"@graph\":[{\"@type\":[\"WebPage\",\"ItemPage\"],\"@id\":\"https:\/\/raftingvillegas.com\/producto\/san-martin-de-los-andes-por-7-lagos\/\",\"url\":\"https:\/\/raftingvillegas.com\/producto\/san-martin-de-los-andes-por-7-lagos\/\",\"name\":\"San Mart\u00edn por el camino de los 7 Lagos - Rafting Villegas\",\"isPartOf\":{\"@id\":\"https:\/\/raftingvillegas.com\/#website\"},\"primaryImageOfPage\":{\"@id\":\"https:\/\/raftingvillegas.com\/producto\/san-martin-de-los-andes-por-7-lagos\/#primaryimage\"},\"image\":{\"@id\":\"https:\/\/raftingvillegas.com\/producto\/san-martin-de-los-andes-por-7-lagos\/#primaryimage\"},\"thumbnailUrl\":\"https:\/\/raftingvillegas.com\/wp-content\/uploads\/sites\/11\/2025\/08\/13-A-IMG_087.jpg\",\"datePublished\":\"2025-08-18T17:26:07+00:00\",\"dateModified\":\"2026-03-31T15:08:55+00:00\",\"description\":\"Excursi\u00f3n a San Mart\u00edn de los Andes por la Ruta de los 7 Lagos. Lagos, monta\u00f1as y Villa La Angostura en un d\u00eda completo.\",\"breadcrumb\":{\"@id\":\"https:\/\/raftingvillegas.com\/producto\/san-martin-de-los-andes-por-7-lagos\/#breadcrumb\"},\"inLanguage\":\"en-US\",\"potentialAction\":[{\"@type\":\"ReadAction\",\"target\":[\"https:\/\/raftingvillegas.com\/producto\/san-martin-de-los-andes-por-7-lagos\/\"]}]},{\"@type\":\"ImageObject\",\"inLanguage\":\"en-US\",\"@id\":\"https:\/\/raftingvillegas.com\/producto\/san-martin-de-los-andes-por-7-lagos\/#primaryimage\",\"url\":\"https:\/\/raftingvillegas.com\/wp-content\/uploads\/sites\/11\/2025\/08\/13-A-IMG_087.jpg\",\"contentUrl\":\"https:\/\/raftingvillegas.com\/wp-content\/uploads\/sites\/11\/2025\/08\/13-A-IMG_087.jpg\",\"width\":850,\"height\":1133},{\"@type\":\"BreadcrumbList\",\"@id\":\"https:\/\/raftingvillegas.com\/producto\/san-martin-de-los-andes-por-7-lagos\/#breadcrumb\",\"itemListElement\":[{\"@type\":\"ListItem\",\"position\":1,\"name\":\"Portada\",\"item\":\"https:\/\/raftingvillegas.com\/\"},{\"@type\":\"ListItem\",\"position\":2,\"name\":\"Tienda\",\"item\":\"https:\/\/raftingvillegas.com\/tienda\/\"},{\"@type\":\"ListItem\",\"position\":3,\"name\":\"San Mart\u00edn de los Andes por los 7 Lagos: Naturaleza, Miradores y Postales \u00danicas de la Patagonia\"}]},{\"@type\":\"WebSite\",\"@id\":\"https:\/\/raftingvillegas.com\/#website\",\"url\":\"https:\/\/raftingvillegas.com\/\",\"name\":\"Rafting Villegas\",\"description\":\"R\u00edndete al r\u00edo, conquista los r\u00e1pidos: rafting seguro y emocionante.\",\"potentialAction\":[{\"@type\":\"SearchAction\",\"target\":{\"@type\":\"EntryPoint\",\"urlTemplate\":\"https:\/\/raftingvillegas.com\/?s={search_term_string}\"},\"query-input\":{\"@type\":\"PropertyValueSpecification\",\"valueRequired\":true,\"valueName\":\"search_term_string\"}}],\"inLanguage\":\"en-US\"}]}<\/script>\n<meta property=\"product:price:amount\" content=\"71400.00\" \/>\n<meta property=\"product:price:currency\" content=\"ARS\" \/>\n<meta property=\"og:availability\" content=\"instock\" \/>\n<meta property=\"product:availability\" content=\"instock\" \/>\n<meta property=\"product:retailer_item_id\" content=\"ADV2025SAMADEQ219\" \/>\n<meta property=\"product:condition\" content=\"new\" \/>\n<!-- \/ Yoast SEO Premium plugin. -->","yoast_head_json":{"title":"San Mart\u00edn along the 7 Lakes Road - Rafting Villegas","description":"Excursion to San Martin de los Andes along the 7 Lakes Route. Lakes, mountains and Villa La Angostura in a full day.","robots":{"index":"index","follow":"follow","max-snippet":"max-snippet:-1","max-image-preview":"max-image-preview:large","max-video-preview":"max-video-preview:-1"},"canonical":"https:\/\/raftingvillegas.com\/en\/product\/san-martin-de-los-andes-by-7-lakes\/","og_locale":"en_US","og_type":"article","og_title":"San Mart\u00edn de los Andes por los 7 Lagos: Naturaleza, Miradores y Postales \u00danicas de la Patagonia","og_description":"Excursi\u00f3n a San Mart\u00edn de los Andes por la Ruta de los 7 Lagos. Lagos, monta\u00f1as y Villa La Angostura en un d\u00eda completo.","og_url":"https:\/\/raftingvillegas.com\/en\/product\/san-martin-de-los-andes-by-7-lakes\/","og_site_name":"Rafting Villegas","article_modified_time":"2026-03-31T15:08:55+00:00","og_image":[{"width":850,"height":1133,"url":"https:\/\/raftingvillegas.com\/wp-content\/uploads\/sites\/11\/2025\/08\/13-A-IMG_087.jpg","type":"image\/jpeg"}],"twitter_card":"summary_large_image","twitter_misc":{"Price":"&#36;71,400.00","Availability":"In stock"},"schema":{"@context":"https:\/\/schema.org","@graph":[{"@type":["WebPage","ItemPage"],"@id":"https:\/\/raftingvillegas.com\/producto\/san-martin-de-los-andes-por-7-lagos\/","url":"https:\/\/raftingvillegas.com\/producto\/san-martin-de-los-andes-por-7-lagos\/","name":"San Mart\u00edn along the 7 Lakes Road - Rafting Villegas","isPartOf":{"@id":"https:\/\/raftingvillegas.com\/#website"},"primaryImageOfPage":{"@id":"https:\/\/raftingvillegas.com\/producto\/san-martin-de-los-andes-por-7-lagos\/#primaryimage"},"image":{"@id":"https:\/\/raftingvillegas.com\/producto\/san-martin-de-los-andes-por-7-lagos\/#primaryimage"},"thumbnailUrl":"https:\/\/raftingvillegas.com\/wp-content\/uploads\/sites\/11\/2025\/08\/13-A-IMG_087.jpg","datePublished":"2025-08-18T17:26:07+00:00","dateModified":"2026-03-31T15:08:55+00:00","description":"Excursion to San Martin de los Andes along the 7 Lakes Route. Lakes, mountains and Villa La Angostura in a full day.","breadcrumb":{"@id":"https:\/\/raftingvillegas.com\/producto\/san-martin-de-los-andes-por-7-lagos\/#breadcrumb"},"inLanguage":"en-US","potentialAction":[{"@type":"ReadAction","target":["https:\/\/raftingvillegas.com\/producto\/san-martin-de-los-andes-por-7-lagos\/"]}]},{"@type":"ImageObject","inLanguage":"en-US","@id":"https:\/\/raftingvillegas.com\/producto\/san-martin-de-los-andes-por-7-lagos\/#primaryimage","url":"https:\/\/raftingvillegas.com\/wp-content\/uploads\/sites\/11\/2025\/08\/13-A-IMG_087.jpg","contentUrl":"https:\/\/raftingvillegas.com\/wp-content\/uploads\/sites\/11\/2025\/08\/13-A-IMG_087.jpg","width":850,"height":1133},{"@type":"BreadcrumbList","@id":"https:\/\/raftingvillegas.com\/producto\/san-martin-de-los-andes-por-7-lagos\/#breadcrumb","itemListElement":[{"@type":"ListItem","position":1,"name":"Portada","item":"https:\/\/raftingvillegas.com\/"},{"@type":"ListItem","position":2,"name":"Tienda","item":"https:\/\/raftingvillegas.com\/tienda\/"},{"@type":"ListItem","position":3,"name":"San Mart\u00edn de los Andes por los 7 Lagos: Naturaleza, Miradores y Postales \u00danicas de la Patagonia"}]},{"@type":"WebSite","@id":"https:\/\/raftingvillegas.com\/#website","url":"https:\/\/raftingvillegas.com\/","name":"Rafting Villegas","description":"Surrender to the river, conquer the rapids: safe and exciting rafting.","potentialAction":[{"@type":"SearchAction","target":{"@type":"EntryPoint","urlTemplate":"https:\/\/raftingvillegas.com\/?s={search_term_string}"},"query-input":{"@type":"PropertyValueSpecification","valueRequired":true,"valueName":"search_term_string"}}],"inLanguage":"en-US"}]},"product_price_amount":"71400.00","product_price_currency":"ARS","og_availability":"instock","product_availability":"instock","product_retailer_item_id":"ADV2025SAMADEQ219","product_condition":"new"},"_links":{"self":[{"href":"https:\/\/raftingvillegas.com\/en\/wp-json\/wp\/v2\/product\/27","targetHints":{"allow":["GET"]}}],"collection":[{"href":"https:\/\/raftingvillegas.com\/en\/wp-json\/wp\/v2\/product"}],"about":[{"href":"https:\/\/raftingvillegas.com\/en\/wp-json\/wp\/v2\/types\/product"}],"replies":[{"embeddable":true,"href":"https:\/\/raftingvillegas.com\/en\/wp-json\/wp\/v2\/comments?post=27"}],"wp:featuredmedia":[{"embeddable":true,"href":"https:\/\/raftingvillegas.com\/en\/wp-json\/wp\/v2\/media\/219"}],"wp:attachment":[{"href":"https:\/\/raftingvillegas.com\/en\/wp-json\/wp\/v2\/media?parent=27"}],"wp:term":[{"taxonomy":"product_brand","embeddable":true,"href":"https:\/\/raftingvillegas.com\/en\/wp-json\/wp\/v2\/product_brand?post=27"},{"taxonomy":"product_cat","embeddable":true,"href":"https:\/\/raftingvillegas.com\/en\/wp-json\/wp\/v2\/product_cat?post=27"},{"taxonomy":"product_tag","embeddable":true,"href":"https:\/\/raftingvillegas.com\/en\/wp-json\/wp\/v2\/product_tag?post=27"}],"curies":[{"name":"wp","href":"https:\/\/api.w.org\/{rel}","templated":true}]}}