{"id":26,"date":"2025-08-18T19:25:42","date_gmt":"2025-08-18T17:25:42","guid":{"rendered":"https:\/\/raftingvillegas.com\/producto\/cerro-tronador-y-ventisquero-negro-exploracion-total-en-el-corazon-de-la-patagonia\/"},"modified":"2026-04-02T05:08:21","modified_gmt":"2026-04-02T03:08:21","slug":"cerro-tronador-y-ventisquero-negro","status":"publish","type":"product","link":"https:\/\/raftingvillegas.com\/en\/product\/cerro-tronador-and-ventisquero-negro\/","title":{"rendered":"Cerro Tronador and Ventisquero Negro: full exploration in the heart of Patagonia"},"content":{"rendered":"<h3 class=\"ai-optimize-22\" data-start=\"470\" data-end=\"552\"><strong data-start=\"474\" data-end=\"552\">An adventure that awakens all your senses among the most amazing sceneries of the Patagonian Andes.<\/strong><\/h3>\n<p class=\"ai-optimize-23 ai-optimize-introduction\" data-start=\"554\" data-end=\"888\">This outing proposes to explore one of the most impressive landscapes of the Nahuel Huapi National Park. The <strong data-start=\"666\" data-end=\"684\">Cerro Tronador<\/strong>, famous for its perpetual snow and active glaciers, represents a Patagonian emblem and an irresistible magnet for those seeking intense experiences and nature in its purest state.<\/p>\n<p class=\"ai-optimize-24\" data-start=\"890\" data-end=\"1248\">The itinerary starts from points within Bariloche (downtown and km 8 on Bustillo Av. or Pioneros Av.), following the route that winds along the Gutierrez and Mascardi lakes. During the day, you will take pictures in unique places such as <strong data-start=\"1147\" data-end=\"1162\">Black Beach<\/strong> and the safety pin <strong data-start=\"1168\" data-end=\"1198\">Heart Island viewpoint<\/strong>, and a stop at Los R\u00e1pidos camping site.<\/p>\n<p class=\"ai-optimize-25\" data-start=\"1250\" data-end=\"1591\">Then, the excitement builds towards the <strong data-start=\"1287\" data-end=\"1308\">Black Snowdrift<\/strong>, a moving glacier that descends imposingly from Cerro Tronador. There you will contemplate the amazing visual contrast between the dark ice and the snow-capped peaks. At <strong data-start=\"1490\" data-end=\"1505\">Pampa Linda<\/strong>, You will have free time to eat in the local bars and enjoy the surroundings.<\/p>\n<p class=\"ai-optimize-26\" data-start=\"1593\" data-end=\"1835\">The experience is enjoyed from 9:00 a.m. to 6:30 p.m. (approximate), including transfers, Spanish speaking guide and selected stops to fully experience this natural spectacle. Meals and entrance to the National Park are not included and are paid at the time.<\/p>\n<h3 class=\"ai-optimize-27\" data-start=\"1842\" data-end=\"1870\"><strong data-start=\"1846\" data-end=\"1870\">Frequently Asked Questions<\/strong><\/h3>\n<p class=\"ai-optimize-28\" data-start=\"1872\" data-end=\"2010\"><strong data-start=\"1872\" data-end=\"1908\">Do you need to be in shape?<\/strong><br data-start=\"1908\" data-end=\"1911\" \/>No, it is a vehicle ride with short stops to walk in viewpoints. It is ideal for all ages.<\/p>\n<p class=\"ai-optimize-29\" data-start=\"2012\" data-end=\"2124\"><strong data-start=\"2012\" data-end=\"2038\">Where to have lunch?<\/strong><br data-start=\"2038\" data-end=\"2041\" \/>In Pampa Linda you will find inns where you can choose regional dishes and fresh drinks.<\/p>\n<p class=\"ai-optimize-30\" data-start=\"2126\" data-end=\"2290\"><strong data-start=\"2126\" data-end=\"2160\">What to bring?<\/strong><br data-start=\"2160\" data-end=\"2163\" \/>Comfortable and warm clothing, appropriate walking shoes, sunscreen, hydration, and cash for admission and food.<\/p>\n<p class=\"ai-optimize-31\" data-start=\"2292\" data-end=\"2476\"><strong data-start=\"2292\" data-end=\"2322\">What is included?<\/strong><br data-start=\"2322\" data-end=\"2325\" \/>Full transfers from the meeting points, guide during the whole day and planned tour. It does not include lunch or access to Nahuel Huapi National Park.<\/p>","protected":false},"excerpt":{"rendered":"<p class=\"ai-optimize-6\">Live a unique experience exploring the Nahuel Huapi National Park, where you will be amazed by the imposing presence of Cerro Tronador and the impressive Ventisquero Negro Glacier. An ideal combination of natural landscapes, adventure and comfort.<\/p>","protected":false},"featured_media":218,"comment_status":"open","ping_status":"closed","template":"","meta":[],"product_brand":[],"product_cat":[17,21,22,28,32,35,37],"product_tag":[],"class_list":{"0":"post-26","1":"product","2":"type-product","3":"status-publish","4":"has-post-thumbnail","6":"product_cat-adultos","7":"product_cat-con-traslado","8":"product_cat-familia","9":"product_cat-ninos","10":"product_cat-sin-comida","11":"product_cat-terrestre","12":"product_cat-todo-el-ano","14":"first","15":"instock","16":"virtual","17":"sold-individually","18":"purchasable","19":"product-type-booking"},"booking_location":"","booking_location_type":"","booking_duration":1,"booking_duration_unit":"hour","booking_buffer":0,"booking_cost":0,"booking_resources":[],"exclude_global_add_ons":false,"addons":[{"name":"STD | Passengers","type":"input_multiplier","position":0,"required":false,"title_format":"label","default":"","description_enable":false,"description":"","placeholder_enable":false,"placeholder":"","display":"select","restrictions_type":"any_text","adjust_price":true,"price":"59400","price_type":"quantity_based","restrictions":false,"min":"0","max":"0","options":[],"id":1773237140}],"yoast_head":"<!-- This site is optimized with the Yoast SEO Premium plugin v25.2 (Yoast SEO v25.2) - https:\/\/yoast.com\/wordpress\/plugins\/seo\/ -->\n<title>Cerro Tronador y Ventisquero Negro - Rafting Villegas<\/title>\n<meta name=\"description\" content=\"Excursi\u00f3n al Cerro Tronador y Ventisquero Negro desde Bariloche. Naturaleza, glaciares y paisajes \u00fanicos en un paseo imperdible.\" \/>\n<meta name=\"robots\" content=\"index, follow, max-snippet:-1, max-image-preview:large, max-video-preview:-1\" \/>\n<link rel=\"canonical\" href=\"https:\/\/raftingvillegas.com\/en\/product\/cerro-tronador-and-ventisquero-negro\/\" \/>\n<meta property=\"og:locale\" content=\"en_US\" \/>\n<meta property=\"og:type\" content=\"article\" \/>\n<meta property=\"og:title\" content=\"Cerro Tronador y Ventisquero Negro: exploraci\u00f3n total en el coraz\u00f3n de la Patagonia\" \/>\n<meta property=\"og:description\" content=\"Excursi\u00f3n al Cerro Tronador y Ventisquero Negro desde Bariloche. Naturaleza, glaciares y paisajes \u00fanicos en un paseo imperdible.\" \/>\n<meta property=\"og:url\" content=\"https:\/\/raftingvillegas.com\/en\/product\/cerro-tronador-and-ventisquero-negro\/\" \/>\n<meta property=\"og:site_name\" content=\"Rafting Villegas\" \/>\n<meta property=\"article:modified_time\" content=\"2026-04-02T03:08:21+00:00\" \/>\n<meta property=\"og:image\" content=\"https:\/\/raftingvillegas.com\/wp-content\/uploads\/sites\/11\/2025\/08\/13-D-IMG_9150.jpg\" \/>\n\t<meta property=\"og:image:width\" content=\"850\" \/>\n\t<meta property=\"og:image:height\" content=\"1133\" \/>\n\t<meta property=\"og:image:type\" content=\"image\/jpeg\" \/>\n<meta name=\"twitter:card\" content=\"summary_large_image\" \/>\n<meta name=\"twitter:label1\" content=\"Price\" \/>\n\t<meta name=\"twitter:data1\" content=\"&#036;59,400.00\" \/>\n\t<meta name=\"twitter:label2\" content=\"Availability\" \/>\n\t<meta name=\"twitter:data2\" content=\"In stock\" \/>\n<script type=\"application\/ld+json\" class=\"yoast-schema-graph\">{\"@context\":\"https:\/\/schema.org\",\"@graph\":[{\"@type\":[\"WebPage\",\"ItemPage\"],\"@id\":\"https:\/\/raftingvillegas.com\/producto\/cerro-tronador-y-ventisquero-negro\/\",\"url\":\"https:\/\/raftingvillegas.com\/producto\/cerro-tronador-y-ventisquero-negro\/\",\"name\":\"Cerro Tronador y Ventisquero Negro - Rafting Villegas\",\"isPartOf\":{\"@id\":\"https:\/\/raftingvillegas.com\/#website\"},\"primaryImageOfPage\":{\"@id\":\"https:\/\/raftingvillegas.com\/producto\/cerro-tronador-y-ventisquero-negro\/#primaryimage\"},\"image\":{\"@id\":\"https:\/\/raftingvillegas.com\/producto\/cerro-tronador-y-ventisquero-negro\/#primaryimage\"},\"thumbnailUrl\":\"https:\/\/raftingvillegas.com\/wp-content\/uploads\/sites\/11\/2025\/08\/13-D-IMG_9150.jpg\",\"datePublished\":\"2025-08-18T17:25:42+00:00\",\"dateModified\":\"2026-04-02T03:08:21+00:00\",\"description\":\"Excursi\u00f3n al Cerro Tronador y Ventisquero Negro desde Bariloche. Naturaleza, glaciares y paisajes \u00fanicos en un paseo imperdible.\",\"breadcrumb\":{\"@id\":\"https:\/\/raftingvillegas.com\/producto\/cerro-tronador-y-ventisquero-negro\/#breadcrumb\"},\"inLanguage\":\"en-US\",\"potentialAction\":[{\"@type\":\"ReadAction\",\"target\":[\"https:\/\/raftingvillegas.com\/producto\/cerro-tronador-y-ventisquero-negro\/\"]}]},{\"@type\":\"ImageObject\",\"inLanguage\":\"en-US\",\"@id\":\"https:\/\/raftingvillegas.com\/producto\/cerro-tronador-y-ventisquero-negro\/#primaryimage\",\"url\":\"https:\/\/raftingvillegas.com\/wp-content\/uploads\/sites\/11\/2025\/08\/13-D-IMG_9150.jpg\",\"contentUrl\":\"https:\/\/raftingvillegas.com\/wp-content\/uploads\/sites\/11\/2025\/08\/13-D-IMG_9150.jpg\",\"width\":850,\"height\":1133},{\"@type\":\"BreadcrumbList\",\"@id\":\"https:\/\/raftingvillegas.com\/producto\/cerro-tronador-y-ventisquero-negro\/#breadcrumb\",\"itemListElement\":[{\"@type\":\"ListItem\",\"position\":1,\"name\":\"Portada\",\"item\":\"https:\/\/raftingvillegas.com\/\"},{\"@type\":\"ListItem\",\"position\":2,\"name\":\"Tienda\",\"item\":\"https:\/\/raftingvillegas.com\/tienda\/\"},{\"@type\":\"ListItem\",\"position\":3,\"name\":\"Cerro Tronador y Ventisquero Negro: exploraci\u00f3n total en el coraz\u00f3n de la Patagonia\"}]},{\"@type\":\"WebSite\",\"@id\":\"https:\/\/raftingvillegas.com\/#website\",\"url\":\"https:\/\/raftingvillegas.com\/\",\"name\":\"Rafting Villegas\",\"description\":\"R\u00edndete al r\u00edo, conquista los r\u00e1pidos: rafting seguro y emocionante.\",\"potentialAction\":[{\"@type\":\"SearchAction\",\"target\":{\"@type\":\"EntryPoint\",\"urlTemplate\":\"https:\/\/raftingvillegas.com\/?s={search_term_string}\"},\"query-input\":{\"@type\":\"PropertyValueSpecification\",\"valueRequired\":true,\"valueName\":\"search_term_string\"}}],\"inLanguage\":\"en-US\"}]}<\/script>\n<meta property=\"product:price:amount\" content=\"59400.00\" \/>\n<meta property=\"product:price:currency\" content=\"ARS\" \/>\n<meta property=\"og:availability\" content=\"instock\" \/>\n<meta property=\"product:availability\" content=\"instock\" \/>\n<meta property=\"product:retailer_item_id\" content=\"ADV2025CETRYVHMNO\" \/>\n<meta property=\"product:condition\" content=\"new\" \/>\n<!-- \/ Yoast SEO Premium plugin. -->","yoast_head_json":{"title":"Cerro Tronador and Ventisquero Negro - Rafting Villegas","description":"Excursion to Cerro Tronador and Ventisquero Negro from Bariloche. Nature, glaciers and unique landscapes in an unforgettable trip.","robots":{"index":"index","follow":"follow","max-snippet":"max-snippet:-1","max-image-preview":"max-image-preview:large","max-video-preview":"max-video-preview:-1"},"canonical":"https:\/\/raftingvillegas.com\/en\/product\/cerro-tronador-and-ventisquero-negro\/","og_locale":"en_US","og_type":"article","og_title":"Cerro Tronador y Ventisquero Negro: exploraci\u00f3n total en el coraz\u00f3n de la Patagonia","og_description":"Excursi\u00f3n al Cerro Tronador y Ventisquero Negro desde Bariloche. Naturaleza, glaciares y paisajes \u00fanicos en un paseo imperdible.","og_url":"https:\/\/raftingvillegas.com\/en\/product\/cerro-tronador-and-ventisquero-negro\/","og_site_name":"Rafting Villegas","article_modified_time":"2026-04-02T03:08:21+00:00","og_image":[{"width":850,"height":1133,"url":"https:\/\/raftingvillegas.com\/wp-content\/uploads\/sites\/11\/2025\/08\/13-D-IMG_9150.jpg","type":"image\/jpeg"}],"twitter_card":"summary_large_image","twitter_misc":{"Price":"&#36;59,400.00","Availability":"In stock"},"schema":{"@context":"https:\/\/schema.org","@graph":[{"@type":["WebPage","ItemPage"],"@id":"https:\/\/raftingvillegas.com\/producto\/cerro-tronador-y-ventisquero-negro\/","url":"https:\/\/raftingvillegas.com\/producto\/cerro-tronador-y-ventisquero-negro\/","name":"Cerro Tronador and Ventisquero Negro - Rafting Villegas","isPartOf":{"@id":"https:\/\/raftingvillegas.com\/#website"},"primaryImageOfPage":{"@id":"https:\/\/raftingvillegas.com\/producto\/cerro-tronador-y-ventisquero-negro\/#primaryimage"},"image":{"@id":"https:\/\/raftingvillegas.com\/producto\/cerro-tronador-y-ventisquero-negro\/#primaryimage"},"thumbnailUrl":"https:\/\/raftingvillegas.com\/wp-content\/uploads\/sites\/11\/2025\/08\/13-D-IMG_9150.jpg","datePublished":"2025-08-18T17:25:42+00:00","dateModified":"2026-04-02T03:08:21+00:00","description":"Excursion to Cerro Tronador and Ventisquero Negro from Bariloche. Nature, glaciers and unique landscapes in an unforgettable trip.","breadcrumb":{"@id":"https:\/\/raftingvillegas.com\/producto\/cerro-tronador-y-ventisquero-negro\/#breadcrumb"},"inLanguage":"en-US","potentialAction":[{"@type":"ReadAction","target":["https:\/\/raftingvillegas.com\/producto\/cerro-tronador-y-ventisquero-negro\/"]}]},{"@type":"ImageObject","inLanguage":"en-US","@id":"https:\/\/raftingvillegas.com\/producto\/cerro-tronador-y-ventisquero-negro\/#primaryimage","url":"https:\/\/raftingvillegas.com\/wp-content\/uploads\/sites\/11\/2025\/08\/13-D-IMG_9150.jpg","contentUrl":"https:\/\/raftingvillegas.com\/wp-content\/uploads\/sites\/11\/2025\/08\/13-D-IMG_9150.jpg","width":850,"height":1133},{"@type":"BreadcrumbList","@id":"https:\/\/raftingvillegas.com\/producto\/cerro-tronador-y-ventisquero-negro\/#breadcrumb","itemListElement":[{"@type":"ListItem","position":1,"name":"Portada","item":"https:\/\/raftingvillegas.com\/"},{"@type":"ListItem","position":2,"name":"Tienda","item":"https:\/\/raftingvillegas.com\/tienda\/"},{"@type":"ListItem","position":3,"name":"Cerro Tronador y Ventisquero Negro: exploraci\u00f3n total en el coraz\u00f3n de la Patagonia"}]},{"@type":"WebSite","@id":"https:\/\/raftingvillegas.com\/#website","url":"https:\/\/raftingvillegas.com\/","name":"Rafting Villegas","description":"Surrender to the river, conquer the rapids: safe and exciting rafting.","potentialAction":[{"@type":"SearchAction","target":{"@type":"EntryPoint","urlTemplate":"https:\/\/raftingvillegas.com\/?s={search_term_string}"},"query-input":{"@type":"PropertyValueSpecification","valueRequired":true,"valueName":"search_term_string"}}],"inLanguage":"en-US"}]},"product_price_amount":"59400.00","product_price_currency":"ARS","og_availability":"instock","product_availability":"instock","product_retailer_item_id":"ADV2025CETRYVHMNO","product_condition":"new"},"_links":{"self":[{"href":"https:\/\/raftingvillegas.com\/en\/wp-json\/wp\/v2\/product\/26","targetHints":{"allow":["GET"]}}],"collection":[{"href":"https:\/\/raftingvillegas.com\/en\/wp-json\/wp\/v2\/product"}],"about":[{"href":"https:\/\/raftingvillegas.com\/en\/wp-json\/wp\/v2\/types\/product"}],"replies":[{"embeddable":true,"href":"https:\/\/raftingvillegas.com\/en\/wp-json\/wp\/v2\/comments?post=26"}],"wp:featuredmedia":[{"embeddable":true,"href":"https:\/\/raftingvillegas.com\/en\/wp-json\/wp\/v2\/media\/218"}],"wp:attachment":[{"href":"https:\/\/raftingvillegas.com\/en\/wp-json\/wp\/v2\/media?parent=26"}],"wp:term":[{"taxonomy":"product_brand","embeddable":true,"href":"https:\/\/raftingvillegas.com\/en\/wp-json\/wp\/v2\/product_brand?post=26"},{"taxonomy":"product_cat","embeddable":true,"href":"https:\/\/raftingvillegas.com\/en\/wp-json\/wp\/v2\/product_cat?post=26"},{"taxonomy":"product_tag","embeddable":true,"href":"https:\/\/raftingvillegas.com\/en\/wp-json\/wp\/v2\/product_tag?post=26"}],"curies":[{"name":"wp","href":"https:\/\/api.w.org\/{rel}","templated":true}]}}