{"id":25,"date":"2025-08-18T19:25:20","date_gmt":"2025-08-18T17:25:20","guid":{"rendered":"https:\/\/raftingvillegas.com\/producto\/el-bolson-y-lago-puelo-ruta-escenica-cultura-artesanal-y-naturaleza-viva\/"},"modified":"2026-04-02T05:08:21","modified_gmt":"2026-04-02T03:08:21","slug":"bolson-y-lago-puelo","status":"publish","type":"product","link":"https:\/\/raftingvillegas.com\/en\/product\/bolson-and-lago-puelo\/","title":{"rendered":"El Bols\u00f3n and Lago Puelo: scenic route, handicraft culture and living nature"},"content":{"rendered":"<h2 class=\"ai-optimize-22\">Live the Magic of El Bols\u00f3n and Lago Puelo<\/h2>\n<p class=\"ai-optimize-23 ai-optimize-introduction\">Take a different adventure from the iconic city of San Carlos de Bariloche, epicenter of Patagonian charm. Taking the emblematic National Route 40, the journey immerses you in breathtaking panoramas, passing by the dazzling Gutierrez, Mascardi and Guillelmo lakes. Each section of the journey is a moving postcard, offering you the opportunity to connect deeply with the nature of southern Argentina.<\/p>\n<h3 class=\"ai-optimize-24\">El Bols\u00f3n: Tradition and Landscapes<\/h3>\n<p class=\"ai-optimize-25\"><strong>El Bolson<\/strong> stands out for its special microclimate, ideal for the growth of fine fruits and the cultivation of hops. Don't miss the renowned <strong>Artisans Fair<\/strong>, a meeting point where local creativity flourishes. Watch live how the artisans shape their unique pieces in metal, ceramics and fabrics, transmitting part of their history in each creation.<\/p>\n<h3 class=\"ai-optimize-26\">Tour around Lago Puelo National Park<\/h3>\n<p class=\"ai-optimize-27\">The <strong>Lago Puelo National Park<\/strong> is the next station, famous for its turquoise waters and incomparable panoramic views. Located just 26 km from El Bols\u00f3n, this natural sanctuary marks the crossroads between R\u00edo Negro and Chubut. The return trip guarantees an unforgettable sunset between mountains and water mirrors, a perfect moment to take back unrepeatable memories.<\/p>\n<h2 class=\"ai-optimize-28\">Useful Experience Data<\/h2>\n<ul>\n<li class=\"ai-optimize-29\"><strong>Route:<\/strong> Overland crossing through Nahuel Huapi National Park, making stops in El Bols\u00f3n and Lago Puelo.<\/li>\n<li class=\"ai-optimize-30\"><strong>Estimated time:<\/strong> From 8:30 am to approximately 6:30 pm.<\/li>\n<li class=\"ai-optimize-31\"><strong>Included:<\/strong> Transfers and professional guide (available in Spanish or bilingual for an additional fee).<\/li>\n<li class=\"ai-optimize-32\"><strong>Does not include:<\/strong> Lunch during the excursion and at the entrance to the national parks.<\/li>\n<\/ul>\n<h2 class=\"ai-optimize-33\">Frequently Asked Questions (FAQ)<\/h2>\n<h3 class=\"ai-optimize-34\">Is the departure suspended due to bad weather?<\/h3>\n<p class=\"ai-optimize-35\">No, the activity takes place whether it rains or snows. Remember that Patagonian weather can be unpredictable and diverse.<\/p>\n<h3 class=\"ai-optimize-36\">How much does it cost to enter the national park?<\/h3>\n<p class=\"ai-optimize-37\">The entrance fee to Lago Puelo National Park is not included in the price of the excursion and must be paid at the park entrance.<\/p>","protected":false},"excerpt":{"rendered":"<p class=\"ai-optimize-6\">Live an unforgettable experience from Bariloche to the charming Bolson and Lago Puelo. Enjoy breathtaking views, artisanal products of the region and all the authenticity of Patagonia in this unique proposal.<\/p>","protected":false},"featured_media":207,"comment_status":"open","ping_status":"closed","template":"","meta":[],"product_brand":[],"product_cat":[17,21,22,28,32,35,37],"product_tag":[],"class_list":{"0":"post-25","1":"product","2":"type-product","3":"status-publish","4":"has-post-thumbnail","6":"product_cat-adultos","7":"product_cat-con-traslado","8":"product_cat-familia","9":"product_cat-ninos","10":"product_cat-sin-comida","11":"product_cat-terrestre","12":"product_cat-todo-el-ano","14":"first","15":"instock","16":"virtual","17":"sold-individually","18":"purchasable","19":"product-type-booking"},"booking_location":"","booking_location_type":"","booking_duration":1,"booking_duration_unit":"hour","booking_buffer":0,"booking_cost":0,"booking_resources":[],"exclude_global_add_ons":false,"addons":[{"name":"STD | Passengers","type":"input_multiplier","position":0,"required":false,"title_format":"label","default":"","description_enable":false,"description":"","placeholder_enable":false,"placeholder":"","display":"select","restrictions_type":"any_text","adjust_price":true,"price":"59400","price_type":"flat_fee","restrictions":false,"min":"0","max":"0","options":[],"id":1773237174}],"yoast_head":"<!-- This site is optimized with the Yoast SEO Premium plugin v25.2 (Yoast SEO v25.2) - https:\/\/yoast.com\/wordpress\/plugins\/seo\/ -->\n<title>El Bols\u00f3n y Lago Puelo desde Bariloche - Rafting Villegas<\/title>\n<meta name=\"description\" content=\"Conoc\u00e9 El Bols\u00f3n y Lago Puelo en una excursi\u00f3n desde Bariloche. Ruta esc\u00e9nica, cultura artesanal y naturaleza patag\u00f3nica.\" \/>\n<meta name=\"robots\" content=\"index, follow, max-snippet:-1, max-image-preview:large, max-video-preview:-1\" \/>\n<link rel=\"canonical\" href=\"https:\/\/raftingvillegas.com\/en\/product\/bolson-and-lago-puelo\/\" \/>\n<meta property=\"og:locale\" content=\"en_US\" \/>\n<meta property=\"og:type\" content=\"article\" \/>\n<meta property=\"og:title\" content=\"El Bols\u00f3n y Lago Puelo: ruta esc\u00e9nica, cultura artesanal y naturaleza viva\" \/>\n<meta property=\"og:description\" content=\"Conoc\u00e9 El Bols\u00f3n y Lago Puelo en una excursi\u00f3n desde Bariloche. Ruta esc\u00e9nica, cultura artesanal y naturaleza patag\u00f3nica.\" \/>\n<meta property=\"og:url\" content=\"https:\/\/raftingvillegas.com\/en\/product\/bolson-and-lago-puelo\/\" \/>\n<meta property=\"og:site_name\" content=\"Rafting Villegas\" \/>\n<meta property=\"article:modified_time\" content=\"2026-04-02T03:08:21+00:00\" \/>\n<meta property=\"og:image\" content=\"https:\/\/raftingvillegas.com\/wp-content\/uploads\/sites\/11\/2025\/08\/13-B-Things-to-do-El-Bolson-Argentina-24-768x512-1.jpg\" \/>\n\t<meta property=\"og:image:width\" content=\"850\" \/>\n\t<meta property=\"og:image:height\" content=\"1133\" \/>\n\t<meta property=\"og:image:type\" content=\"image\/jpeg\" \/>\n<meta name=\"twitter:card\" content=\"summary_large_image\" \/>\n<meta name=\"twitter:label1\" content=\"Price\" \/>\n\t<meta name=\"twitter:data1\" content=\"&#036;59,400.00\" \/>\n\t<meta name=\"twitter:label2\" content=\"Availability\" \/>\n\t<meta name=\"twitter:data2\" content=\"In stock\" \/>\n<script type=\"application\/ld+json\" class=\"yoast-schema-graph\">{\"@context\":\"https:\/\/schema.org\",\"@graph\":[{\"@type\":[\"WebPage\",\"ItemPage\"],\"@id\":\"https:\/\/raftingvillegas.com\/producto\/bolson-y-lago-puelo\/\",\"url\":\"https:\/\/raftingvillegas.com\/producto\/bolson-y-lago-puelo\/\",\"name\":\"El Bols\u00f3n y Lago Puelo desde Bariloche - Rafting Villegas\",\"isPartOf\":{\"@id\":\"https:\/\/raftingvillegas.com\/#website\"},\"primaryImageOfPage\":{\"@id\":\"https:\/\/raftingvillegas.com\/producto\/bolson-y-lago-puelo\/#primaryimage\"},\"image\":{\"@id\":\"https:\/\/raftingvillegas.com\/producto\/bolson-y-lago-puelo\/#primaryimage\"},\"thumbnailUrl\":\"https:\/\/raftingvillegas.com\/wp-content\/uploads\/sites\/11\/2025\/08\/13-B-Things-to-do-El-Bolson-Argentina-24-768x512-1.jpg\",\"datePublished\":\"2025-08-18T17:25:20+00:00\",\"dateModified\":\"2026-04-02T03:08:21+00:00\",\"description\":\"Conoc\u00e9 El Bols\u00f3n y Lago Puelo en una excursi\u00f3n desde Bariloche. Ruta esc\u00e9nica, cultura artesanal y naturaleza patag\u00f3nica.\",\"breadcrumb\":{\"@id\":\"https:\/\/raftingvillegas.com\/producto\/bolson-y-lago-puelo\/#breadcrumb\"},\"inLanguage\":\"en-US\",\"potentialAction\":[{\"@type\":\"ReadAction\",\"target\":[\"https:\/\/raftingvillegas.com\/producto\/bolson-y-lago-puelo\/\"]}]},{\"@type\":\"ImageObject\",\"inLanguage\":\"en-US\",\"@id\":\"https:\/\/raftingvillegas.com\/producto\/bolson-y-lago-puelo\/#primaryimage\",\"url\":\"https:\/\/raftingvillegas.com\/wp-content\/uploads\/sites\/11\/2025\/08\/13-B-Things-to-do-El-Bolson-Argentina-24-768x512-1.jpg\",\"contentUrl\":\"https:\/\/raftingvillegas.com\/wp-content\/uploads\/sites\/11\/2025\/08\/13-B-Things-to-do-El-Bolson-Argentina-24-768x512-1.jpg\",\"width\":850,\"height\":1133},{\"@type\":\"BreadcrumbList\",\"@id\":\"https:\/\/raftingvillegas.com\/producto\/bolson-y-lago-puelo\/#breadcrumb\",\"itemListElement\":[{\"@type\":\"ListItem\",\"position\":1,\"name\":\"Portada\",\"item\":\"https:\/\/raftingvillegas.com\/\"},{\"@type\":\"ListItem\",\"position\":2,\"name\":\"Tienda\",\"item\":\"https:\/\/raftingvillegas.com\/tienda\/\"},{\"@type\":\"ListItem\",\"position\":3,\"name\":\"El Bols\u00f3n y Lago Puelo: ruta esc\u00e9nica, cultura artesanal y naturaleza viva\"}]},{\"@type\":\"WebSite\",\"@id\":\"https:\/\/raftingvillegas.com\/#website\",\"url\":\"https:\/\/raftingvillegas.com\/\",\"name\":\"Rafting Villegas\",\"description\":\"R\u00edndete al r\u00edo, conquista los r\u00e1pidos: rafting seguro y emocionante.\",\"potentialAction\":[{\"@type\":\"SearchAction\",\"target\":{\"@type\":\"EntryPoint\",\"urlTemplate\":\"https:\/\/raftingvillegas.com\/?s={search_term_string}\"},\"query-input\":{\"@type\":\"PropertyValueSpecification\",\"valueRequired\":true,\"valueName\":\"search_term_string\"}}],\"inLanguage\":\"en-US\"}]}<\/script>\n<meta property=\"product:price:amount\" content=\"59400.00\" \/>\n<meta property=\"product:price:currency\" content=\"ARS\" \/>\n<meta property=\"og:availability\" content=\"instock\" \/>\n<meta property=\"product:availability\" content=\"instock\" \/>\n<meta property=\"product:retailer_item_id\" content=\"ADV2025BOYLAPYFHS\" \/>\n<meta property=\"product:condition\" content=\"new\" \/>\n<!-- \/ Yoast SEO Premium plugin. -->","yoast_head_json":{"title":"El Bols\u00f3n and Lago Puelo from Bariloche - Rafting Villegas","description":"Visit El Bols\u00f3n and Lago Puelo on an excursion from Bariloche. Scenic route, artisan culture and Patagonian nature.","robots":{"index":"index","follow":"follow","max-snippet":"max-snippet:-1","max-image-preview":"max-image-preview:large","max-video-preview":"max-video-preview:-1"},"canonical":"https:\/\/raftingvillegas.com\/en\/product\/bolson-and-lago-puelo\/","og_locale":"en_US","og_type":"article","og_title":"El Bols\u00f3n y Lago Puelo: ruta esc\u00e9nica, cultura artesanal y naturaleza viva","og_description":"Conoc\u00e9 El Bols\u00f3n y Lago Puelo en una excursi\u00f3n desde Bariloche. Ruta esc\u00e9nica, cultura artesanal y naturaleza patag\u00f3nica.","og_url":"https:\/\/raftingvillegas.com\/en\/product\/bolson-and-lago-puelo\/","og_site_name":"Rafting Villegas","article_modified_time":"2026-04-02T03:08:21+00:00","og_image":[{"width":850,"height":1133,"url":"https:\/\/raftingvillegas.com\/wp-content\/uploads\/sites\/11\/2025\/08\/13-B-Things-to-do-El-Bolson-Argentina-24-768x512-1.jpg","type":"image\/jpeg"}],"twitter_card":"summary_large_image","twitter_misc":{"Price":"&#36;59,400.00","Availability":"In stock"},"schema":{"@context":"https:\/\/schema.org","@graph":[{"@type":["WebPage","ItemPage"],"@id":"https:\/\/raftingvillegas.com\/producto\/bolson-y-lago-puelo\/","url":"https:\/\/raftingvillegas.com\/producto\/bolson-y-lago-puelo\/","name":"El Bols\u00f3n and Lago Puelo from Bariloche - Rafting Villegas","isPartOf":{"@id":"https:\/\/raftingvillegas.com\/#website"},"primaryImageOfPage":{"@id":"https:\/\/raftingvillegas.com\/producto\/bolson-y-lago-puelo\/#primaryimage"},"image":{"@id":"https:\/\/raftingvillegas.com\/producto\/bolson-y-lago-puelo\/#primaryimage"},"thumbnailUrl":"https:\/\/raftingvillegas.com\/wp-content\/uploads\/sites\/11\/2025\/08\/13-B-Things-to-do-El-Bolson-Argentina-24-768x512-1.jpg","datePublished":"2025-08-18T17:25:20+00:00","dateModified":"2026-04-02T03:08:21+00:00","description":"Visit El Bols\u00f3n and Lago Puelo on an excursion from Bariloche. Scenic route, artisan culture and Patagonian nature.","breadcrumb":{"@id":"https:\/\/raftingvillegas.com\/producto\/bolson-y-lago-puelo\/#breadcrumb"},"inLanguage":"en-US","potentialAction":[{"@type":"ReadAction","target":["https:\/\/raftingvillegas.com\/producto\/bolson-y-lago-puelo\/"]}]},{"@type":"ImageObject","inLanguage":"en-US","@id":"https:\/\/raftingvillegas.com\/producto\/bolson-y-lago-puelo\/#primaryimage","url":"https:\/\/raftingvillegas.com\/wp-content\/uploads\/sites\/11\/2025\/08\/13-B-Things-to-do-El-Bolson-Argentina-24-768x512-1.jpg","contentUrl":"https:\/\/raftingvillegas.com\/wp-content\/uploads\/sites\/11\/2025\/08\/13-B-Things-to-do-El-Bolson-Argentina-24-768x512-1.jpg","width":850,"height":1133},{"@type":"BreadcrumbList","@id":"https:\/\/raftingvillegas.com\/producto\/bolson-y-lago-puelo\/#breadcrumb","itemListElement":[{"@type":"ListItem","position":1,"name":"Portada","item":"https:\/\/raftingvillegas.com\/"},{"@type":"ListItem","position":2,"name":"Tienda","item":"https:\/\/raftingvillegas.com\/tienda\/"},{"@type":"ListItem","position":3,"name":"El Bols\u00f3n y Lago Puelo: ruta esc\u00e9nica, cultura artesanal y naturaleza viva"}]},{"@type":"WebSite","@id":"https:\/\/raftingvillegas.com\/#website","url":"https:\/\/raftingvillegas.com\/","name":"Rafting Villegas","description":"Surrender to the river, conquer the rapids: safe and exciting rafting.","potentialAction":[{"@type":"SearchAction","target":{"@type":"EntryPoint","urlTemplate":"https:\/\/raftingvillegas.com\/?s={search_term_string}"},"query-input":{"@type":"PropertyValueSpecification","valueRequired":true,"valueName":"search_term_string"}}],"inLanguage":"en-US"}]},"product_price_amount":"59400.00","product_price_currency":"ARS","og_availability":"instock","product_availability":"instock","product_retailer_item_id":"ADV2025BOYLAPYFHS","product_condition":"new"},"_links":{"self":[{"href":"https:\/\/raftingvillegas.com\/en\/wp-json\/wp\/v2\/product\/25","targetHints":{"allow":["GET"]}}],"collection":[{"href":"https:\/\/raftingvillegas.com\/en\/wp-json\/wp\/v2\/product"}],"about":[{"href":"https:\/\/raftingvillegas.com\/en\/wp-json\/wp\/v2\/types\/product"}],"replies":[{"embeddable":true,"href":"https:\/\/raftingvillegas.com\/en\/wp-json\/wp\/v2\/comments?post=25"}],"wp:featuredmedia":[{"embeddable":true,"href":"https:\/\/raftingvillegas.com\/en\/wp-json\/wp\/v2\/media\/207"}],"wp:attachment":[{"href":"https:\/\/raftingvillegas.com\/en\/wp-json\/wp\/v2\/media?parent=25"}],"wp:term":[{"taxonomy":"product_brand","embeddable":true,"href":"https:\/\/raftingvillegas.com\/en\/wp-json\/wp\/v2\/product_brand?post=25"},{"taxonomy":"product_cat","embeddable":true,"href":"https:\/\/raftingvillegas.com\/en\/wp-json\/wp\/v2\/product_cat?post=25"},{"taxonomy":"product_tag","embeddable":true,"href":"https:\/\/raftingvillegas.com\/en\/wp-json\/wp\/v2\/product_tag?post=25"}],"curies":[{"name":"wp","href":"https:\/\/api.w.org\/{rel}","templated":true}]}}