{"id":14,"date":"2025-08-18T19:22:36","date_gmt":"2025-08-18T17:22:36","guid":{"rendered":"https:\/\/raftingvillegas.com\/producto\/rafting-en-rio-limay-desde-bariloche-naturaleza-aventura-y-estepa-patagonica\/"},"modified":"2026-04-28T15:45:39","modified_gmt":"2026-04-28T13:45:39","slug":"rafting-rio-limay-desde-bariloche","status":"publish","type":"product","link":"https:\/\/raftingvillegas.com\/en\/product\/rafting-limay-river-from-bariloche\/","title":{"rendered":"Rafting on Limay River from Bariloche: Nature, Adventure and Patagonian Steppe"},"content":{"rendered":"<h2 class=\"ai-optimize-6\">Live an Exceptional Adventure in Patagonia<\/h2>\n<p class=\"ai-optimize-7 ai-optimize-introduction\">Get to know the unique beauty of the Limay River by embarking on a low-demanding rafting trip. This proposal is ideal for those who are looking for adventure, comfort and the adrenaline of discovering unique Patagonian corners. Perfect for groups, families and those who are new to rafting, with the support of a safe and fascinating environment.<\/p>\n<h3 class=\"ai-optimize-8\">Main Benefits<\/h3>\n<ul>\n<li class=\"ai-optimize-9\"><strong>Safe and Suitable for All:<\/strong> Class I\/II rapids, recommended from 3 years of age.<\/li>\n<li class=\"ai-optimize-10\"><strong>All Inclusive and Transfer:<\/strong> Vest, paddles, transfer, and coordinated meeting point provided.<\/li>\n<li class=\"ai-optimize-11\"><strong>Punctuality Guaranteed:<\/strong> Departure is at 13:00, assuring you a day full of fun and relaxation.<\/li>\n<li class=\"ai-optimize-12\"><strong>Charge Energy to the Maximum:<\/strong> It includes breakfast or a snack, essential to face the experience with renewed batteries.<\/li>\n<\/ul>\n<h3 class=\"ai-optimize-13\">Comfort and Nature in a Different Proposal<\/h3>\n<p class=\"ai-optimize-14\">Enjoy an excursion that balances the calm of the current and the excitement of the smooth rapids of the Limay. Every moment is designed to leave you with unforgettable memories, combining the splendor of Patagonia with the exclusivity of an adventure where the main focus is your well-being and enjoyment.<\/p>\n<h3 class=\"ai-optimize-15\">Frequently Asked Questions (FAQ)<\/h3>\n<ul>\n<li class=\"ai-optimize-16\"><strong>What does the experience cover?<\/strong>It includes transportation to the meeting, complete equipment (vest and paddles), and breakfast or snack, providing a carefree experience.<\/li>\n<li class=\"ai-optimize-17\"><strong>Is it recommended for children and families?<\/strong>Of course, the proposal is aimed at everyone, suitable for children from 3 years old, ideal for those who are looking for a memorable family day.<\/li>\n<li class=\"ai-optimize-18\"><strong>How demanding is the itinerary?<\/strong>The trip is done in Class I\/II rapids, which provides an accessible and safe option for those who want to take their first steps in rafting.<\/li>\n<li class=\"ai-optimize-19\"><strong>Is previous rafting experience necessary?<\/strong>No, no experience is necessary. It is designed for those who want to feel the thrill of rafting, enjoying a protected and entertaining environment.<\/li>\n<\/ul>\n<p class=\"ai-optimize-25\"><strong>Important Notice<\/strong>This tour is now available for pre-booking. Departures operate from April 30 to September 30, subject to seasonal calendar.<\/p>","protected":false},"excerpt":{"rendered":"<p class=\"ai-optimize-6\">Experience the Limay River with a quiet rafting trip, designed to provide protection and privacy in a unique natural landscape. Perfect for family groups and those who are new to the adventure.<\/p>","protected":false},"featured_media":368,"comment_status":"open","ping_status":"closed","template":"","meta":[],"product_brand":[],"product_cat":[17,19,21,22,24,26,28,29,32],"product_tag":[],"class_list":{"0":"post-14","1":"product","2":"type-product","3":"status-publish","4":"has-post-thumbnail","6":"product_cat-adultos","7":"product_cat-aventura","8":"product_cat-con-traslado","9":"product_cat-familia","10":"product_cat-invierno","11":"product_cat-lacustre","12":"product_cat-ninos","13":"product_cat-otono","14":"product_cat-sin-comida","16":"first","17":"instock","18":"virtual","19":"sold-individually","20":"purchasable","21":"product-type-booking"},"booking_location":"","booking_location_type":"","booking_duration":1,"booking_duration_unit":"hour","booking_buffer":0,"booking_cost":0,"booking_resources":[],"exclude_global_add_ons":false,"addons":[{"name":"ADU | Adult","type":"input_multiplier","position":0,"required":false,"title_format":"label","default":"","description_enable":false,"description":"","placeholder_enable":false,"placeholder":"","display":"select","restrictions_type":"any_text","adjust_price":true,"price":"99500","price_type":"quantity_based","restrictions":false,"min":"0","max":"0","options":[],"id":1777391129}],"yoast_head":"<!-- This site is optimized with the Yoast SEO Premium plugin v25.2 (Yoast SEO v25.2) - https:\/\/yoast.com\/wordpress\/plugins\/seo\/ -->\n<title>Rafting R\u00edo Limay desde Bariloche - Rafting Villegas<\/title>\n<meta name=\"description\" content=\"Viv\u00ed una experiencia segura de rafting en el R\u00edo Limay. Naturaleza, diversi\u00f3n y relax en paisajes patag\u00f3nicos \u00fanicos, ideal para toda la familia.\" \/>\n<meta name=\"robots\" content=\"index, follow, max-snippet:-1, max-image-preview:large, max-video-preview:-1\" \/>\n<link rel=\"canonical\" href=\"https:\/\/raftingvillegas.com\/en\/product\/rafting-limay-river-from-bariloche\/\" \/>\n<meta property=\"og:locale\" content=\"en_US\" \/>\n<meta property=\"og:type\" content=\"article\" \/>\n<meta property=\"og:title\" content=\"Rafting en R\u00edo Limay desde Bariloche: Naturaleza, Aventura y Estepa Patag\u00f3nica\" \/>\n<meta property=\"og:description\" content=\"Viv\u00ed una experiencia segura de rafting en el R\u00edo Limay. Naturaleza, diversi\u00f3n y relax en paisajes patag\u00f3nicos \u00fanicos, ideal para toda la familia.\" \/>\n<meta property=\"og:url\" content=\"https:\/\/raftingvillegas.com\/en\/product\/rafting-limay-river-from-bariloche\/\" \/>\n<meta property=\"og:site_name\" content=\"Rafting Villegas\" \/>\n<meta property=\"article:modified_time\" content=\"2026-04-28T13:45:39+00:00\" \/>\n<meta property=\"og:image\" content=\"https:\/\/raftingvillegas.com\/wp-content\/uploads\/sites\/11\/2025\/08\/10-D-Rafting-light-rio-Manso-8-1.jpg\" \/>\n\t<meta property=\"og:image:width\" content=\"850\" \/>\n\t<meta property=\"og:image:height\" content=\"1133\" \/>\n\t<meta property=\"og:image:type\" content=\"image\/jpeg\" \/>\n<meta name=\"twitter:card\" content=\"summary_large_image\" \/>\n<meta name=\"twitter:label1\" content=\"Price\" \/>\n\t<meta name=\"twitter:data1\" content=\"&#036;99,500.00\" \/>\n\t<meta name=\"twitter:label2\" content=\"Availability\" \/>\n\t<meta name=\"twitter:data2\" content=\"In stock\" \/>\n<script type=\"application\/ld+json\" class=\"yoast-schema-graph\">{\"@context\":\"https:\/\/schema.org\",\"@graph\":[{\"@type\":[\"WebPage\",\"ItemPage\"],\"@id\":\"https:\/\/raftingvillegas.com\/producto\/rafting-rio-limay-desde-bariloche\/\",\"url\":\"https:\/\/raftingvillegas.com\/producto\/rafting-rio-limay-desde-bariloche\/\",\"name\":\"Rafting R\u00edo Limay desde Bariloche - Rafting Villegas\",\"isPartOf\":{\"@id\":\"https:\/\/raftingvillegas.com\/#website\"},\"primaryImageOfPage\":{\"@id\":\"https:\/\/raftingvillegas.com\/producto\/rafting-rio-limay-desde-bariloche\/#primaryimage\"},\"image\":{\"@id\":\"https:\/\/raftingvillegas.com\/producto\/rafting-rio-limay-desde-bariloche\/#primaryimage\"},\"thumbnailUrl\":\"https:\/\/raftingvillegas.com\/wp-content\/uploads\/sites\/11\/2025\/08\/10-D-Rafting-light-rio-Manso-8-1.jpg\",\"datePublished\":\"2025-08-18T17:22:36+00:00\",\"dateModified\":\"2026-04-28T13:45:39+00:00\",\"description\":\"Viv\u00ed una experiencia segura de rafting en el R\u00edo Limay. Naturaleza, diversi\u00f3n y relax en paisajes patag\u00f3nicos \u00fanicos, ideal para toda la familia.\",\"breadcrumb\":{\"@id\":\"https:\/\/raftingvillegas.com\/producto\/rafting-rio-limay-desde-bariloche\/#breadcrumb\"},\"inLanguage\":\"en-US\",\"potentialAction\":[{\"@type\":\"ReadAction\",\"target\":[\"https:\/\/raftingvillegas.com\/producto\/rafting-rio-limay-desde-bariloche\/\"]}]},{\"@type\":\"ImageObject\",\"inLanguage\":\"en-US\",\"@id\":\"https:\/\/raftingvillegas.com\/producto\/rafting-rio-limay-desde-bariloche\/#primaryimage\",\"url\":\"https:\/\/raftingvillegas.com\/wp-content\/uploads\/sites\/11\/2025\/08\/10-D-Rafting-light-rio-Manso-8-1.jpg\",\"contentUrl\":\"https:\/\/raftingvillegas.com\/wp-content\/uploads\/sites\/11\/2025\/08\/10-D-Rafting-light-rio-Manso-8-1.jpg\",\"width\":850,\"height\":1133},{\"@type\":\"BreadcrumbList\",\"@id\":\"https:\/\/raftingvillegas.com\/producto\/rafting-rio-limay-desde-bariloche\/#breadcrumb\",\"itemListElement\":[{\"@type\":\"ListItem\",\"position\":1,\"name\":\"Portada\",\"item\":\"https:\/\/raftingvillegas.com\/\"},{\"@type\":\"ListItem\",\"position\":2,\"name\":\"Tienda\",\"item\":\"https:\/\/raftingvillegas.com\/tienda\/\"},{\"@type\":\"ListItem\",\"position\":3,\"name\":\"Rafting en R\u00edo Limay desde Bariloche: Naturaleza, Aventura y Estepa Patag\u00f3nica\"}]},{\"@type\":\"WebSite\",\"@id\":\"https:\/\/raftingvillegas.com\/#website\",\"url\":\"https:\/\/raftingvillegas.com\/\",\"name\":\"Rafting Villegas\",\"description\":\"R\u00edndete al r\u00edo, conquista los r\u00e1pidos: rafting seguro y emocionante.\",\"potentialAction\":[{\"@type\":\"SearchAction\",\"target\":{\"@type\":\"EntryPoint\",\"urlTemplate\":\"https:\/\/raftingvillegas.com\/?s={search_term_string}\"},\"query-input\":{\"@type\":\"PropertyValueSpecification\",\"valueRequired\":true,\"valueName\":\"search_term_string\"}}],\"inLanguage\":\"en-US\"}]}<\/script>\n<meta property=\"product:price:amount\" content=\"99500.00\" \/>\n<meta property=\"product:price:currency\" content=\"ARS\" \/>\n<meta property=\"og:availability\" content=\"instock\" \/>\n<meta property=\"product:availability\" content=\"instock\" \/>\n<meta property=\"product:retailer_item_id\" content=\"ADV2025RALIPO7XQ4\" \/>\n<meta property=\"product:condition\" content=\"new\" \/>\n<!-- \/ Yoast SEO Premium plugin. -->","yoast_head_json":{"title":"Rafting Limay River from Bariloche - Rafting Villegas","description":"Live a safe rafting experience on the Limay River. Nature, fun and relaxation in unique Patagonian landscapes, ideal for the whole family.","robots":{"index":"index","follow":"follow","max-snippet":"max-snippet:-1","max-image-preview":"max-image-preview:large","max-video-preview":"max-video-preview:-1"},"canonical":"https:\/\/raftingvillegas.com\/en\/product\/rafting-limay-river-from-bariloche\/","og_locale":"en_US","og_type":"article","og_title":"Rafting en R\u00edo Limay desde Bariloche: Naturaleza, Aventura y Estepa Patag\u00f3nica","og_description":"Viv\u00ed una experiencia segura de rafting en el R\u00edo Limay. Naturaleza, diversi\u00f3n y relax en paisajes patag\u00f3nicos \u00fanicos, ideal para toda la familia.","og_url":"https:\/\/raftingvillegas.com\/en\/product\/rafting-limay-river-from-bariloche\/","og_site_name":"Rafting Villegas","article_modified_time":"2026-04-28T13:45:39+00:00","og_image":[{"width":850,"height":1133,"url":"https:\/\/raftingvillegas.com\/wp-content\/uploads\/sites\/11\/2025\/08\/10-D-Rafting-light-rio-Manso-8-1.jpg","type":"image\/jpeg"}],"twitter_card":"summary_large_image","twitter_misc":{"Price":"&#36;99,500.00","Availability":"In stock"},"schema":{"@context":"https:\/\/schema.org","@graph":[{"@type":["WebPage","ItemPage"],"@id":"https:\/\/raftingvillegas.com\/producto\/rafting-rio-limay-desde-bariloche\/","url":"https:\/\/raftingvillegas.com\/producto\/rafting-rio-limay-desde-bariloche\/","name":"Rafting Limay River from Bariloche - Rafting Villegas","isPartOf":{"@id":"https:\/\/raftingvillegas.com\/#website"},"primaryImageOfPage":{"@id":"https:\/\/raftingvillegas.com\/producto\/rafting-rio-limay-desde-bariloche\/#primaryimage"},"image":{"@id":"https:\/\/raftingvillegas.com\/producto\/rafting-rio-limay-desde-bariloche\/#primaryimage"},"thumbnailUrl":"https:\/\/raftingvillegas.com\/wp-content\/uploads\/sites\/11\/2025\/08\/10-D-Rafting-light-rio-Manso-8-1.jpg","datePublished":"2025-08-18T17:22:36+00:00","dateModified":"2026-04-28T13:45:39+00:00","description":"Live a safe rafting experience on the Limay River. Nature, fun and relaxation in unique Patagonian landscapes, ideal for the whole family.","breadcrumb":{"@id":"https:\/\/raftingvillegas.com\/producto\/rafting-rio-limay-desde-bariloche\/#breadcrumb"},"inLanguage":"en-US","potentialAction":[{"@type":"ReadAction","target":["https:\/\/raftingvillegas.com\/producto\/rafting-rio-limay-desde-bariloche\/"]}]},{"@type":"ImageObject","inLanguage":"en-US","@id":"https:\/\/raftingvillegas.com\/producto\/rafting-rio-limay-desde-bariloche\/#primaryimage","url":"https:\/\/raftingvillegas.com\/wp-content\/uploads\/sites\/11\/2025\/08\/10-D-Rafting-light-rio-Manso-8-1.jpg","contentUrl":"https:\/\/raftingvillegas.com\/wp-content\/uploads\/sites\/11\/2025\/08\/10-D-Rafting-light-rio-Manso-8-1.jpg","width":850,"height":1133},{"@type":"BreadcrumbList","@id":"https:\/\/raftingvillegas.com\/producto\/rafting-rio-limay-desde-bariloche\/#breadcrumb","itemListElement":[{"@type":"ListItem","position":1,"name":"Portada","item":"https:\/\/raftingvillegas.com\/"},{"@type":"ListItem","position":2,"name":"Tienda","item":"https:\/\/raftingvillegas.com\/tienda\/"},{"@type":"ListItem","position":3,"name":"Rafting en R\u00edo Limay desde Bariloche: Naturaleza, Aventura y Estepa Patag\u00f3nica"}]},{"@type":"WebSite","@id":"https:\/\/raftingvillegas.com\/#website","url":"https:\/\/raftingvillegas.com\/","name":"Rafting Villegas","description":"Surrender to the river, conquer the rapids: safe and exciting rafting.","potentialAction":[{"@type":"SearchAction","target":{"@type":"EntryPoint","urlTemplate":"https:\/\/raftingvillegas.com\/?s={search_term_string}"},"query-input":{"@type":"PropertyValueSpecification","valueRequired":true,"valueName":"search_term_string"}}],"inLanguage":"en-US"}]},"product_price_amount":"99500.00","product_price_currency":"ARS","og_availability":"instock","product_availability":"instock","product_retailer_item_id":"ADV2025RALIPO7XQ4","product_condition":"new"},"_links":{"self":[{"href":"https:\/\/raftingvillegas.com\/en\/wp-json\/wp\/v2\/product\/14","targetHints":{"allow":["GET"]}}],"collection":[{"href":"https:\/\/raftingvillegas.com\/en\/wp-json\/wp\/v2\/product"}],"about":[{"href":"https:\/\/raftingvillegas.com\/en\/wp-json\/wp\/v2\/types\/product"}],"replies":[{"embeddable":true,"href":"https:\/\/raftingvillegas.com\/en\/wp-json\/wp\/v2\/comments?post=14"}],"wp:featuredmedia":[{"embeddable":true,"href":"https:\/\/raftingvillegas.com\/en\/wp-json\/wp\/v2\/media\/368"}],"wp:attachment":[{"href":"https:\/\/raftingvillegas.com\/en\/wp-json\/wp\/v2\/media?parent=14"}],"wp:term":[{"taxonomy":"product_brand","embeddable":true,"href":"https:\/\/raftingvillegas.com\/en\/wp-json\/wp\/v2\/product_brand?post=14"},{"taxonomy":"product_cat","embeddable":true,"href":"https:\/\/raftingvillegas.com\/en\/wp-json\/wp\/v2\/product_cat?post=14"},{"taxonomy":"product_tag","embeddable":true,"href":"https:\/\/raftingvillegas.com\/en\/wp-json\/wp\/v2\/product_tag?post=14"}],"curies":[{"name":"wp","href":"https:\/\/api.w.org\/{rel}","templated":true}]}}